{"id":14076,"date":"2023-06-26T20:14:08","date_gmt":"2023-06-26T20:14:08","guid":{"rendered":"https:\/\/cursodepnl.com\/exitosq\/?page_id=14076"},"modified":"2026-03-04T20:30:47","modified_gmt":"2026-03-04T20:30:47","slug":"cursodepnltnhome","status":"publish","type":"page","link":"https:\/\/cursodepnl.com\/exitosq\/cursodepnltnhome\/","title":{"rendered":"cursodepnltnhome"},"content":{"rendered":"<p>NO ESPERES M\u00c1S PARA EMPEZAR A VIVIR EL CAMBIO QUE DESEAS PARA TU VIDA!<\/p>\n<h2>Curso de PNL &amp; Superaci\u00f3n personal<\/h2>\n<p>Las m\u00e1s efectivas, mejores y probadas t\u00e9cnicas para mejorar tu vida radicalmente.<\/p>\n<p>Mejorar la autoestima, las relaciones personales y laborales, el liderazgo, la comunicaci\u00f3n, la memoria, la meditaci\u00f3n, dormir mejor y mucho m\u00e1s<\/p>\n<h2>Aprende desde hoy PNL y comienza a usar el poder de tu mente para vivir una vida extraordinaria.<br \/>\nEs muy simple si aprendes las t\u00e9cnicas correctas!<\/p>\n<p>La Programaci\u00f3n Neuroling\u00fc\u00edstica tiene miles de beneficios y aplicaciones: tantos que podr\u00edamos llenar cientos de p\u00e1ginas con ellas.<\/h2>\n<p><img decoding=\"async\"  class=\"op3-element__image op3-element-image__image\" src=\"https:\/\/cursodepnl.com\/exitosq\/wp-content\/uploads\/2023\/03\/features-1.png\" alt=\"\" title=\"features (1)\" width=\"828\" height=\"361\" data-op3-attachment-id=\"1867\" loading=\"lazy\" \/><\/p>\n<h2>&nbsp;QUIERO AYUDARTE A T\u00cd TAMBI\u00c9N A QUE PUEDAS CONSEGUIR COSAS&nbsp;QUE ANTES CRE\u00cdAS IMPOSIBLE!<\/h2>\n<p>Y con nuestro sistema de ense\u00f1anza (\u00fanico de habla hispana) con m\u00e1s de 18 a\u00f1os de antig\u00fcedad y m\u00e1s de<br \/>\n32 mil alumnos, TE GARANTIZAMOS que en la primer clase ya estar\u00e1s sinti\u00e9ndote (mental y f\u00edsicamente)<br \/>\nmuch\u00edsimo mejor que antes de empezar!<br \/>\nTe ense\u00f1amos PNL practic\u00e1ndola. Y as\u00ed aprendes desde el primer minuto, la aplicas en ti y en otros,<br \/>\ny te superas constantemente!<br \/>\nPor eso, si ELIGES EMPEZAR HOY\u2026 entonces hoy mismo dar\u00e1s tu primer \u00absalto de calidad SUPERIOR\u00bb en tu vida!<\/p>\n<h2>\u00bfQu\u00e9 incluye HOY tu Acceso al curso?<\/h2>\n<h4>Gu\u00edas de Acci\u00f3n y Clases<\/h4>\n<p>Accedes a 24 clases completas, con explicaciones f\u00e1ciles y pr\u00e1cticas para que pongas en acci\u00f3n y disfrutes de los beneficios de cada t\u00e9cnica y estrategua en tu vida, r\u00e1pidamente!<\/p>\n<h4>&nbsp;3 AUDIOS BINAURALES DE REGALO PARA:<\/h4>\n<p>1. Fortalecer la AUTOESTIMA Y Confianza Interior<br \/>\n2. Incentivar el Pensamiento Positivo3. Atraer el \u00c9xito a tu vida en lo que emprendas<\/p>\n<h4>Soporte y Certificado<\/h4>\n<p>Tutor para lo que necesites durante la cursada y certificado a tu nombre al finalizar el curso SIN costo adicional!<\/p>\n<p><img decoding=\"async\"  class=\"op3-element__image op3-element-image__image\" src=\"https:\/\/cursodepnl.com\/exitosq\/wp-content\/uploads\/2024\/06\/mentepnl.jpg\" alt=\"\" title=\"mentepnl\" width=\"477\" height=\"421\" data-op3-attachment-id=\"17884\" loading=\"lazy\" \/><\/p>\n<h2>Estos son los temas que aprender\u00e1s en este Curso de PNL:<\/h2>\n<p>Quiero ayudarte a ti tambi\u00e9n a lograr cosas que pensabas imposibles! Y ver\u00e1s que NO hay nada m\u00e1gico ni milagroso, sino CIENCIA de la mente y del cuerpo, aplicada!<\/p>\n<p>A continuaci\u00f3n te cuento S\u00d3LO ALGUNOS:<\/p>\n<h4>Tener una Memoria Destacada<\/h4>\n<p>y una mayor Capacidad Intelectual, de concentraci\u00f3n, usando simples t\u00e9cnicas para disfrutar de una super-memoria.<\/p>\n<h4>Vencer Fobias y Vicios<\/h4>\n<p>Aprender a Liberarte de los miedos y vicios que quieras<\/p>\n<h4>Mejorar la Autoestima&nbsp;<\/h4>\n<p>&nbsp;Mejorar r\u00e1pidamente tu autoestima para vivir mejores relaciones y disfrutar de todos los eventos sociales<\/p>\n<h4>No dejar que tu pasado te condicione<\/h4>\n<p>Aprende c\u00f3mo elegir qu\u00e9 recuerdos de tu pasado usar\u00e1s para tu \u00e9xito futuro y c\u00f3mo \u201crecrear\u201d tu memoria de acuerdo a tus necesidades.<\/p>\n<h4>Lograr tu \u00e9xito personal<\/h4>\n<p>Utilizando la t\u00e9cnica<br \/>\ndel \u201cNi\u00f1o Interior\u201d que est\u00e1 junto a ti, desde siempre, y para siempre y sabiendo cu\u00e1l<br \/>\nes la diferencia que hay entre \u00e9xito y fracaso y los 2 secretos del triunfo.<\/p>\n<h4>Elegir c\u00f3mo sentirte en diferentes situaciones<\/h4>\n<p>Domina tus estados a voluntad, sintiendo lo que quieras (bienestar, seguridad, alegr\u00eda, etc) en 60 segundos o menos!<\/p>\n<h4>Supermemoria y aprendizaje acelerado<\/h4>\n<p>con t\u00e9cnicas \u00fanicas y simpl\u00edsimas para tener una super-memoria y recordar a voluntad.<\/p>\n<h4>Viviendo SIN Vicios para Siempre<\/h4>\n<p>Lib\u00e9rate de las cadenas de cualquier vicio que fastidie tu vida e incremente tu energ\u00eda instant\u00e1neamente usando la simple t\u00e9cnica de \u201cRC\u201d<\/p>\n<h4>Dominando Situaciones a Voluntad<\/h4>\n<p>aprender c\u00f3mo manejar cualquier momento dif\u00edcil y evitar que te tomen por sorpresa. Incluye, sin cargo, \u201cGu\u00eda para mejorar tu salud y energ\u00eda corporal\u201c.<\/p>\n<h4>C\u00f3mo actuar como un l\u00edder&nbsp;<\/h4>\n<p>los secretos mejor guardados de los l\u00edderes carism\u00e1ticos y sus t\u00e9cnicas de negociaci\u00f3n, para que las apliques mediante la Inteligencia Emocional.<\/p>\n<h4>Aprender las mejores t\u00e9cnicas de Persuasi\u00f3n para la vida diaria<\/h4>\n<p>las t\u00e9cnicas que siempre quisiste saber o que otros usan y no nos damos cuenta. Incluye, sin cargo, la \u201cGu\u00eda Completa para Manejo Exitoso de Discusiones\u201d para lograr siempre resultados positivos.<\/p>\n<h4>Tu cuerpo Ideal, salud integral.<\/h4>\n<p>Aprende a reprogramarte en menos de 3 minutos para tener el peso ideal que siempre deseaste, sin esfuerzo y de forma natural.<\/p>\n<h4>C\u00f3mo Motivarte cuando lo necesites<\/h4>\n<p>c\u00f3mo mejorar tu confianza y autoestima, motiv\u00e1ndote donde quieras, cuando quieras, en 5 minutos\u201d Incluye: \u201cEnergizando a los dem\u00e1s y el Poder del Halago\u201c.<\/p>\n<h4>Vivir de forma saludable<\/h4>\n<p>aumenta tu buena salud, la fortaleza f\u00edsica, alivia el dolor voluntaria y naturalmente. Incluye Gu\u00eda para librarte de dolores de cabeza.<\/p>\n<h4>Mejorar tu productividad eligiendo mejor<\/h4>\n<p>ten una productividad fuera de lo com\u00fan y aprovecha mejor el tiempo<\/p>\n<h4>Abundante-Mente<\/h4>\n<p>vive Abundantemente gracias a t\u00e9cnicas y secretos de Visualizaci\u00f3n Creativa Incluye \u201cGu\u00eda para armar tu Plan de Acci\u00f3n Exitoso\u201c<\/p>\n<h4>Visualizando Tu \u00e9xito<\/h4>\n<p>aplica las mejores t\u00e9cnicas de visualizaci\u00f3n para tu \u00e9xito econ\u00f3mico y prosperidad. Incluye \u201cGu\u00eda para usar la visualizaci\u00f3n creativa para atraer dinero a tu vida\u201c<\/p>\n<h4>Reducir el estr\u00e9s<\/h4>\n<p>elimina el estr\u00e9s y aumenta tu concentraci\u00f3n, naturalmente.<br \/>\nIncluye \u201cGu\u00eda para Aprender a Meditar Efectivamente\u201c<\/p>\n<h4>Ser m\u00e1s creativo para resolver todo tipo de conflictos y aprovechar oportunidades<\/h4>\n<p>aumenta tu creatividad y aprender c\u00f3mo potenciar el incre\u00edble poder de tu hemisferio cerebral derecho.<\/p>\n<h4>Cambiar la perspectiva para cambiar la realidad<\/h4>\n<p>Aprender a transformar creencias limitantes en exitosas.<\/p>\n<h4>Aprender a lidiar sanamente con grupos, a la familia, amigos<\/h4>\n<p>aprende c\u00f3mo un experto a gestionar equipos y liderar hacia el \u00e9xito, incluso en los ambientes m\u00e1s dif\u00edciles<\/p>\n<h4>Mirada positiva<\/h4>\n<p>elimina la negatividad, los miedos y las culpas y potenciar tu autoestima, en un abrir y cerrar de ojos.<\/p>\n<h4>Mejorar las relaciones<\/h4>\n<p>aprende a escuchar, entender e interactuar exitosamente con tu entorno para beneficio de todos.<\/p>\n<h4>Aprender a usar la Intuici\u00f3n natural<\/h4>\n<p>usa las mejores t\u00e1cticas para conectarte con tu lado m\u00e1s humano: las sensaciones f\u00edsicas, y apl\u00edcalas para el \u00e9xito<\/p>\n<h4>Cambiar emociones y creencias para cambiar tus acciones positivamente<\/h4>\n<p>descubre c\u00f3mo cambiar tus emociones y creencias para afectar tus decisiones y tus acciones y as\u00ed conseguir el \u00e9xito en cualquier meta que persigas.<\/p>\n<h4>T\u00e9cnicas para recordar listados y nombres de forma r\u00e1pida&nbsp;<\/h4>\n<p>m\u00e1s t\u00e9cnicas para recordar y aprender r\u00e1pidamente, incluso mientras duermes.<\/p>\n<h4>PNL Aplicada a tu \u00c9xito<\/h4>\n<p>descubre c\u00f3mo usar la Programaci\u00f3n Neuroling\u00fc\u00edstica para tu \u00e9xito presente y futuro.<\/p>\n<h2><a href=\"https:\/\/cursodepnl.com\/exitosq\/suscribirse-pnl-desc-regalos-mob\/\" style=\"color: rgb(247, 241, 236);\">Y muchos otros temas dentro de las 24 clases completas que recibes con este curso.&nbsp;&nbsp;<\/a><\/h2>\n<p><a href=\"#pagar\" class=\"op3-link op3-background-ancestor\" target=\"_self\"  data-op-action=\"jumpToElement\" data-op3-smooth-scroll=\"0\" data-op-effect-style=\"\" data-op-effect-style-hover=\"\" data-op-courseaction=\"\">ACCEDER AL CURSO!<\/a><\/p>\n<h2>Curso a distancia:<\/h2>\n<p>Aprendes a tus tiempos, cuando quieras, y con acceso a demanda.&nbsp;Sin tener que trasladarte a ning\u00fan lado, sino que lo haces desde la comodidad de tu hogar.Tambi\u00e9n puedes acceder desde un m\u00f3vil, tablet. computadora, etc.<img decoding=\"async\"  class=\"op3-element__image op3-element-image__image\" src=\"https:\/\/cursodepnl.com\/exitosq\/wp-content\/uploads\/2023\/03\/testimonios-de-alumnos.png\" alt=\"\" title=\"web-design-900w\" width=\"899\" height=\"1132\" data-op3-attachment-id=\"\" loading=\"lazy\" \/><img decoding=\"async\"  class=\"op3-element__image op3-element-image__image\" src=\"https:\/\/cursodepnl.com\/exitosq\/wp-content\/uploads\/2023\/03\/certipnl-1.jpg\" alt=\"\" title=\"certipnl (1)\" width=\"561\" height=\"403\" data-op3-attachment-id=\"983\" loading=\"lazy\" \/><\/p>\n<h2>Certificado a Tu Nombre<\/h2>\n<p>Terminas la cursada y te enviamos el certificado.Sin ning\u00fan costo extra para ti<\/p>\n<h2>Garant\u00eda TOTAL sin Riesgos<\/h2>\n<p>Comprobar\u00e1s Cambios y Beneficios positivos desde la Primera Clase, Garantizado!Aprender\u00e1s habilidades que tienes con tu cuerpo y tu mente en CADA entrega, garantizado!Podr\u00e1s Aplicar estas \u00abnuevas y positivas habilidades\u00bb no s\u00f3lo en ti, sino para ayudar a otros &#8211; Garantizado!18 a\u00f1os de trayectoria y Miles de alumnos que hicieron y hacen este curso son la mejor demostraci\u00f3n de su \u00e9xito!<\/p>\n<h2>S\u00e9 t\u00fa tambi\u00e9n uno m\u00e1s de cientos de testimonios de alumnos, como \u00e9stos:<\/h2>\n<p><img decoding=\"async\"  class=\"op3-element__image op3-element-image__image\" src=\"https:\/\/cursodepnl.com\/exitosq\/wp-content\/uploads\/2023\/03\/testuru-300x230-1.jpg\" alt=\"choose your image\" title=\"\" width=\"512\" height=\"256\" data-op3-attachment-id=\"\" loading=\"lazy\" \/><img decoding=\"async\"  class=\"op3-element__image op3-element-image__image\" src=\"https:\/\/cursodepnl.com\/exitosq\/wp-content\/uploads\/2023\/03\/testpnlnew-300x221-1.jpg\" alt=\"choose your image\" title=\"\" width=\"300\" height=\"230\" data-op3-attachment-id=\"\" loading=\"lazy\" \/><img decoding=\"async\"  class=\"op3-element__image op3-element-image__image\" src=\"https:\/\/cursodepnl.com\/exitosq\/wp-content\/uploads\/2023\/03\/testuy2-300x221-1.jpg\" alt=\"choose your image\" title=\"\" width=\"300\" height=\"221\" data-op3-attachment-id=\"\" loading=\"lazy\" \/><img decoding=\"async\"  class=\"op3-element__image op3-element-image__image\" src=\"https:\/\/cursodepnl.com\/exitosq\/wp-content\/uploads\/2023\/03\/nuevotetipnl-300x242-1.jpg\" alt=\"choose your image\" title=\"\" width=\"300\" height=\"221\" data-op3-attachment-id=\"\" loading=\"lazy\" \/><img decoding=\"async\"  class=\"op3-element__image op3-element-image__image\" src=\"https:\/\/cursodepnl.com\/exitosq\/wp-content\/uploads\/2023\/03\/testi78.jpg\" alt=\"choose your image\" title=\"\" width=\"564\" height=\"400\" data-op3-attachment-id=\"\" loading=\"lazy\" \/><img decoding=\"async\"  class=\"op3-element__image op3-element-image__image\" src=\"https:\/\/cursodepnl.com\/exitosq\/wp-content\/uploads\/2023\/03\/inesg.jpg\" alt=\"choose your image\" title=\"\" width=\"456\" height=\"314\" data-op3-attachment-id=\"\" loading=\"lazy\" \/><img decoding=\"async\"  class=\"op3-element__image op3-element-image__image\" src=\"https:\/\/cursodepnl.com\/exitosq\/wp-content\/uploads\/2024\/05\/pnln2023.jpg\" alt=\"\" title=\"pnln2023\" width=\"788\" height=\"413\" data-op3-attachment-id=\"1788\" loading=\"lazy\" \/><\/p>\n<h2>Ten Acceso INMEDIATO al Curso Completo&nbsp;de PNL<\/h2>\n<h2>Y disfruta, DESDE HOY, de TODOS los beneficios de la PNL para tu vida y la de otros:<\/h2>\n<p>Curso con CertificadoLos Audios binaurales relajantes&nbsp;<a name=\"pagos\"><\/a><\/p>\n<h2>recibes tambi\u00e9n estos cursos de regalo anot\u00e1ndote hoy!&nbsp;Curso intensivo sobre: ELIMINAR H\u00c1BITOS NEGATIVOS &nbsp;(costo: 27 usd. De regalo con tu inscripci\u00f3n hoy)<\/h2>\n<p><img decoding=\"async\"  class=\"op3-element__image op3-element-image__image\" src=\"https:\/\/cursodepnl.com\/exitosq\/wp-content\/uploads\/2024\/05\/habitos.jpg\" alt=\"\" title=\"habitos\" width=\"445\" height=\"383\" data-op3-attachment-id=\"14502\" loading=\"lazy\" \/><a name=\"pagos\"><\/a><\/p>\n<h2>CURSO: IDENTIFICAR Y ELIMINAR EL AUTOSABOTAJE.<\/h2>\n<p><a name=\"pagos\"><\/a><\/p>\n<h2>Descubrir en qu\u00e9 momentos tu cerebro te est\u00e1 frenando para lograr lo que quieres y programarlo para que sea tu aliado.Incluye audio para fortalecer la confianza interior&nbsp;(costo: 37 usd. De regalo con tu inscripci\u00f3n hoy)<\/h2>\n<p><img decoding=\"async\"  class=\"op3-element__image op3-element-image__image\" src=\"https:\/\/cursodepnl.com\/exitosq\/wp-content\/uploads\/2024\/05\/material-completo-auto.png\" alt=\"\" title=\"material-completo-auto\" width=\"900\" height=\"500\" data-op3-attachment-id=\"14548\" loading=\"lazy\" \/><a name=\"pagos\"><\/a><\/p>\n<h2>AUDIO PENSAMIENTO POSITIVO LAS 24 HS. DEL D\u00cdA!(costo: 12 usd. De regalo con tu inscripci\u00f3n hoy)<\/h2>\n<p><img decoding=\"async\"  class=\"op3-element__image op3-element-image__image\" src=\"https:\/\/cursodepnl.com\/exitosq\/wp-content\/uploads\/2024\/05\/pensapo.jpg\" alt=\"\" title=\"pensapo\" width=\"650\" height=\"446\" data-op3-attachment-id=\"12440\" loading=\"lazy\" \/><a name=\"pagos\"><\/a><\/p>\n<h2>AUDIO para dormir mejor(costo: 12 usd. De regalo con tu inscripci\u00f3n hoy)<\/h2>\n<p><img decoding=\"async\"  class=\"op3-element__image op3-element-image__image\" src=\"https:\/\/cursodepnl.com\/exitosq\/wp-content\/uploads\/2023\/07\/audiodormir.jpg\" alt=\"\" title=\"audiodormir\" width=\"575\" height=\"338\" data-op3-attachment-id=\"14261\" loading=\"lazy\" \/><a name=\"pagos\"><\/a><\/p>\n<h2>Y UN MES DE ACCESO COMPLETO GRATIS A LA MEMBRES\u00cdA EXITOSMENTE!<\/h2>\n<p><a name=\"pagar\"><\/a><\/p>\n<p>&nbsp; ACCEDE AHORA AL POR EL CURSO COMPLETO Y COMIENZA A SENTIR LOS CAMBIOS QUE QUIERES!&nbsp;&nbsp;<\/p>\n<p>ARGENTINA&nbsp;189900&nbsp;s\u00f3lo 77.900 $ ARG \u00f3 3 pagos de 29.000&nbsp;$AR<\/p>\n<p>OPCI\u00d3N 1: TARJETAS o EFECTIVO: UN PAGO de 189.900 s\u00f3lo 77.900 $ AR HOY!<\/p>\n<p>OPCI\u00d3N 2: TRES PAGOS DE 99.900 s\u00f3lo 29.000 $ AR !<br \/>\n<a href=\"https:\/\/www.mercadopago.com.ar\/subscriptions\/checkout?preapproval_plan_id=44ad20aab0704fb1aa638041b8c26ec2\"><img decoding=\"async\"  src=\"https:\/\/cursodepnl.com\/exitosq\/wp-content\/uploads\/2025\/12\/suscribir-arg.jpeg\" loading=\"lazy\"><br \/>\n<\/a><\/p>\n","protected":false},"excerpt":{"rendered":"<p>NO ESPERES M\u00c1S PARA EMPEZAR A VIVIR EL CAMBIO QUE DESEAS PARA TU VIDA! Curso de PNL &amp; Superaci\u00f3n personal Las m\u00e1s efectivas, mejores y probadas t\u00e9cnicas para mejorar tu vida radicalmente. Mejorar la autoestima, las relaciones personales y laborales, el liderazgo, la comunicaci\u00f3n, la memoria, la meditaci\u00f3n, dormir mejor y mucho m\u00e1s Aprende desde [&hellip;]<\/p>\n","protected":false},"author":1,"featured_media":0,"parent":0,"menu_order":0,"comment_status":"closed","ping_status":"closed","template":"op_builder_full_width","meta":{"_joinchat":[],"footnotes":""},"class_list":["post-14076","page","type-page","status-publish","hentry"],"yoast_head":"<!-- This site is optimized with the Yoast SEO plugin v25.4 - https:\/\/yoast.com\/wordpress\/plugins\/seo\/ -->\n<title>cursodepnltnhome - Exitosamente Sq<\/title>\n<meta name=\"robots\" content=\"index, follow, max-snippet:-1, max-image-preview:large, max-video-preview:-1\" \/>\n<link rel=\"canonical\" href=\"https:\/\/cursodepnl.com\/exitosq\/cursodepnltnhome\/\" \/>\n<meta property=\"og:locale\" content=\"es_ES\" \/>\n<meta property=\"og:type\" content=\"article\" \/>\n<meta property=\"og:title\" content=\"cursodepnltnhome - Exitosamente Sq\" \/>\n<meta property=\"og:description\" content=\"NO ESPERES M\u00c1S PARA EMPEZAR A VIVIR EL CAMBIO QUE DESEAS PARA TU VIDA! Curso de PNL &amp; Superaci\u00f3n personal Las m\u00e1s efectivas, mejores y probadas t\u00e9cnicas para mejorar tu vida radicalmente. Mejorar la autoestima, las relaciones personales y laborales, el liderazgo, la comunicaci\u00f3n, la memoria, la meditaci\u00f3n, dormir mejor y mucho m\u00e1s Aprende desde [&hellip;]\" \/>\n<meta property=\"og:url\" content=\"https:\/\/cursodepnl.com\/exitosq\/cursodepnltnhome\/\" \/>\n<meta property=\"og:site_name\" content=\"Exitosamente Sq\" \/>\n<meta property=\"article:publisher\" content=\"http:\/\/facebook.com\/pnlonline\" \/>\n<meta property=\"article:modified_time\" content=\"2026-03-04T20:30:47+00:00\" \/>\n<meta property=\"og:image\" content=\"https:\/\/cursodepnl.com\/exitosq\/wp-content\/uploads\/2023\/03\/features-1.png\" \/>\n<meta name=\"twitter:card\" content=\"summary_large_image\" \/>\n<meta name=\"twitter:label1\" content=\"Tiempo de lectura\" \/>\n\t<meta name=\"twitter:data1\" content=\"15 minutos\" \/>\n<script type=\"application\/ld+json\" class=\"yoast-schema-graph\">{\"@context\":\"https:\/\/schema.org\",\"@graph\":[{\"@type\":\"WebPage\",\"@id\":\"https:\/\/cursodepnl.com\/exitosq\/cursodepnltnhome\/\",\"url\":\"https:\/\/cursodepnl.com\/exitosq\/cursodepnltnhome\/\",\"name\":\"cursodepnltnhome - Exitosamente Sq\",\"isPartOf\":{\"@id\":\"https:\/\/cursodepnl.com\/exitosq\/#website\"},\"primaryImageOfPage\":{\"@id\":\"https:\/\/cursodepnl.com\/exitosq\/cursodepnltnhome\/#primaryimage\"},\"image\":{\"@id\":\"https:\/\/cursodepnl.com\/exitosq\/cursodepnltnhome\/#primaryimage\"},\"thumbnailUrl\":\"https:\/\/cursodepnl.com\/exitosq\/wp-content\/uploads\/2023\/03\/features-1.png\",\"datePublished\":\"2023-06-26T20:14:08+00:00\",\"dateModified\":\"2026-03-04T20:30:47+00:00\",\"breadcrumb\":{\"@id\":\"https:\/\/cursodepnl.com\/exitosq\/cursodepnltnhome\/#breadcrumb\"},\"inLanguage\":\"es\",\"potentialAction\":[{\"@type\":\"ReadAction\",\"target\":[\"https:\/\/cursodepnl.com\/exitosq\/cursodepnltnhome\/\"]}]},{\"@type\":\"ImageObject\",\"inLanguage\":\"es\",\"@id\":\"https:\/\/cursodepnl.com\/exitosq\/cursodepnltnhome\/#primaryimage\",\"url\":\"https:\/\/cursodepnl.com\/exitosq\/wp-content\/uploads\/2023\/03\/features-1.png\",\"contentUrl\":\"https:\/\/cursodepnl.com\/exitosq\/wp-content\/uploads\/2023\/03\/features-1.png\",\"width\":828,\"height\":361},{\"@type\":\"BreadcrumbList\",\"@id\":\"https:\/\/cursodepnl.com\/exitosq\/cursodepnltnhome\/#breadcrumb\",\"itemListElement\":[{\"@type\":\"ListItem\",\"position\":1,\"name\":\"Portada\",\"item\":\"https:\/\/cursodepnl.com\/exitosq\/\"},{\"@type\":\"ListItem\",\"position\":2,\"name\":\"cursodepnltnhome\"}]},{\"@type\":\"WebSite\",\"@id\":\"https:\/\/cursodepnl.com\/exitosq\/#website\",\"url\":\"https:\/\/cursodepnl.com\/exitosq\/\",\"name\":\"Exitosamente Sq\",\"description\":\"Exitosamente de Curso De PNL.com\",\"potentialAction\":[{\"@type\":\"SearchAction\",\"target\":{\"@type\":\"EntryPoint\",\"urlTemplate\":\"https:\/\/cursodepnl.com\/exitosq\/?s={search_term_string}\"},\"query-input\":{\"@type\":\"PropertyValueSpecification\",\"valueRequired\":true,\"valueName\":\"search_term_string\"}}],\"inLanguage\":\"es\"}]}<\/script>\n<!-- \/ Yoast SEO plugin. -->","yoast_head_json":{"title":"cursodepnltnhome - Exitosamente Sq","robots":{"index":"index","follow":"follow","max-snippet":"max-snippet:-1","max-image-preview":"max-image-preview:large","max-video-preview":"max-video-preview:-1"},"canonical":"https:\/\/cursodepnl.com\/exitosq\/cursodepnltnhome\/","og_locale":"es_ES","og_type":"article","og_title":"cursodepnltnhome - Exitosamente Sq","og_description":"NO ESPERES M\u00c1S PARA EMPEZAR A VIVIR EL CAMBIO QUE DESEAS PARA TU VIDA! Curso de PNL &amp; Superaci\u00f3n personal Las m\u00e1s efectivas, mejores y probadas t\u00e9cnicas para mejorar tu vida radicalmente. Mejorar la autoestima, las relaciones personales y laborales, el liderazgo, la comunicaci\u00f3n, la memoria, la meditaci\u00f3n, dormir mejor y mucho m\u00e1s Aprende desde [&hellip;]","og_url":"https:\/\/cursodepnl.com\/exitosq\/cursodepnltnhome\/","og_site_name":"Exitosamente Sq","article_publisher":"http:\/\/facebook.com\/pnlonline","article_modified_time":"2026-03-04T20:30:47+00:00","og_image":[{"url":"https:\/\/cursodepnl.com\/exitosq\/wp-content\/uploads\/2023\/03\/features-1.png","type":"","width":"","height":""}],"twitter_card":"summary_large_image","twitter_misc":{"Tiempo de lectura":"15 minutos"},"schema":{"@context":"https:\/\/schema.org","@graph":[{"@type":"WebPage","@id":"https:\/\/cursodepnl.com\/exitosq\/cursodepnltnhome\/","url":"https:\/\/cursodepnl.com\/exitosq\/cursodepnltnhome\/","name":"cursodepnltnhome - Exitosamente Sq","isPartOf":{"@id":"https:\/\/cursodepnl.com\/exitosq\/#website"},"primaryImageOfPage":{"@id":"https:\/\/cursodepnl.com\/exitosq\/cursodepnltnhome\/#primaryimage"},"image":{"@id":"https:\/\/cursodepnl.com\/exitosq\/cursodepnltnhome\/#primaryimage"},"thumbnailUrl":"https:\/\/cursodepnl.com\/exitosq\/wp-content\/uploads\/2023\/03\/features-1.png","datePublished":"2023-06-26T20:14:08+00:00","dateModified":"2026-03-04T20:30:47+00:00","breadcrumb":{"@id":"https:\/\/cursodepnl.com\/exitosq\/cursodepnltnhome\/#breadcrumb"},"inLanguage":"es","potentialAction":[{"@type":"ReadAction","target":["https:\/\/cursodepnl.com\/exitosq\/cursodepnltnhome\/"]}]},{"@type":"ImageObject","inLanguage":"es","@id":"https:\/\/cursodepnl.com\/exitosq\/cursodepnltnhome\/#primaryimage","url":"https:\/\/cursodepnl.com\/exitosq\/wp-content\/uploads\/2023\/03\/features-1.png","contentUrl":"https:\/\/cursodepnl.com\/exitosq\/wp-content\/uploads\/2023\/03\/features-1.png","width":828,"height":361},{"@type":"BreadcrumbList","@id":"https:\/\/cursodepnl.com\/exitosq\/cursodepnltnhome\/#breadcrumb","itemListElement":[{"@type":"ListItem","position":1,"name":"Portada","item":"https:\/\/cursodepnl.com\/exitosq\/"},{"@type":"ListItem","position":2,"name":"cursodepnltnhome"}]},{"@type":"WebSite","@id":"https:\/\/cursodepnl.com\/exitosq\/#website","url":"https:\/\/cursodepnl.com\/exitosq\/","name":"Exitosamente Sq","description":"Exitosamente de Curso De PNL.com","potentialAction":[{"@type":"SearchAction","target":{"@type":"EntryPoint","urlTemplate":"https:\/\/cursodepnl.com\/exitosq\/?s={search_term_string}"},"query-input":{"@type":"PropertyValueSpecification","valueRequired":true,"valueName":"search_term_string"}}],"inLanguage":"es"}]}},"_links":{"self":[{"href":"https:\/\/cursodepnl.com\/exitosq\/wp-json\/wp\/v2\/pages\/14076","targetHints":{"allow":["GET"]}}],"collection":[{"href":"https:\/\/cursodepnl.com\/exitosq\/wp-json\/wp\/v2\/pages"}],"about":[{"href":"https:\/\/cursodepnl.com\/exitosq\/wp-json\/wp\/v2\/types\/page"}],"author":[{"embeddable":true,"href":"https:\/\/cursodepnl.com\/exitosq\/wp-json\/wp\/v2\/users\/1"}],"replies":[{"embeddable":true,"href":"https:\/\/cursodepnl.com\/exitosq\/wp-json\/wp\/v2\/comments?post=14076"}],"version-history":[{"count":41,"href":"https:\/\/cursodepnl.com\/exitosq\/wp-json\/wp\/v2\/pages\/14076\/revisions"}],"predecessor-version":[{"id":22604,"href":"https:\/\/cursodepnl.com\/exitosq\/wp-json\/wp\/v2\/pages\/14076\/revisions\/22604"}],"wp:attachment":[{"href":"https:\/\/cursodepnl.com\/exitosq\/wp-json\/wp\/v2\/media?parent=14076"}],"curies":[{"name":"wp","href":"https:\/\/api.w.org\/{rel}","templated":true}]}}