{"id":14095,"date":"2023-06-27T19:59:43","date_gmt":"2023-06-27T19:59:43","guid":{"rendered":"https:\/\/cursodepnl.com\/exitosq\/?page_id=14095"},"modified":"2026-02-16T15:26:29","modified_gmt":"2026-02-16T15:26:29","slug":"exitosamenteparaalumnos","status":"publish","type":"page","link":"https:\/\/cursodepnl.com\/exitosq\/exitosamenteparaalumnos\/","title":{"rendered":"ExitosaMente Alumnos"},"content":{"rendered":"<p>Activa aqu\u00ed tu membres\u00eda VIP sin cargo!<\/p>\n<h2>Por ser alumna\/o de Sofia Conti, tienes acceso gratis HOY a la Membres\u00eda de Exitosamente&nbsp;Y A UN CURSO DE REGALO A ELECCI\u00d3N<\/h2>\n<p>La \u00fanica comunidad en espa\u00f1ol que combina PNL,<br \/>\ndesarrollo personal y acompa\u00f1amiento para un cambio real<br \/>\ny para vivir en equilibrio y plenitud.<\/p>\n<p><img decoding=\"async\"  class=\"op3-element__image op3-element-image__image\" src=\"https:\/\/cursodepnl.com\/exitosq\/wp-content\/uploads\/2025\/02\/mujer-pnl-y-superacion.jpg\" alt=\"\" title=\"\" width=\"1024\" height=\"1024\" data-op3-attachment-id=\"21189\" loading=\"lazy\" \/><\/p>\n<h3>Tu cuerpo y tu energ\u00eda.<\/h3>\n<p>&nbsp;Con recursos para cuidarte, sentirte mejor f\u00edsicamente y tener m\u00e1s vitalidad.<\/p>\n<h3>Tus emociones y tu mundo interior<\/h3>\n<p>Te ayudamos a gestionar lo que sientes, superar bloqueos y fortalecer tu autoestima.<\/p>\n<h3>Tu vida personal y tus v\u00ednculos<\/h3>\n<p>Herramientas para mejorar tus relaciones, poner l\u00edmites sanos y crear un entorno que te nutra.<\/p>\n<h3>Tu crecimiento espiritual y econ\u00f3mico<\/h3>\n<p>Porque tu bienestar tambi\u00e9n incluye conectar con lo trascendente y construir estabilidad material.<\/p>\n<h2>\u00bfQu\u00e9 obtienes dentro de Exitosamente?<\/h2>\n<p>No es solo informaci\u00f3n, es transformaci\u00f3n acompa\u00f1ada.&nbsp;Aqu\u00ed no est\u00e1s sola. Te guiamos paso a paso para aplicar lo que aprendes y lograr cambios reales.Un enfoque integral para una vida equilibrada.Cada mes trabajamos en tu bienestar f\u00edsico, emocional, espiritual, econ\u00f3mico y familiar. Porque todo est\u00e1 conectado.Contenido corto, claro y aplicable.&nbsp;Con solo unos minutos al d\u00eda, accedes a herramientas pr\u00e1cticas que realmente funcionan.Acompa\u00f1amiento real.&nbsp;Puedes hacer consultas, recibir orientaci\u00f3n y compartir el camino con una comunidad que tambi\u00e9n quiere crecer.Accesible y completo.Por menos de una salida al mes, tienes acceso a cursos con certificado, recursos, gu\u00eda y mucho m\u00e1s.<img decoding=\"async\"  class=\"op3-element__image op3-element-image__image\" src=\"https:\/\/cursodepnl.com\/exitosq\/wp-content\/uploads\/2025\/06\/mujerpens1__opdb-op684430ac44eed3-84849982-300x293.jpg\" alt=\"\" title=\"mujerpens1__opdb-op684430ac44eed3-84849982\" width=\"300\" height=\"293\" data-op3-attachment-id=\"20953\" loading=\"lazy\" \/><\/p>\n<h2>Cada mes, un nuevo impulso para avanzar<\/h2>\n<p>Nos enfocamos en los desaf\u00edos que te impiden avanzar o tener la calidad de vida que buscas:<\/p>\n<p>Creencias limitantes que afectan tu autoestima, tus ingresos y tu forma de relacionarte.Procrastinaci\u00f3n y falta de motivaci\u00f3n, para que finalmente hagas lo que sabes que tienes que hacerRelaciones personales y comunicaci\u00f3n, para construir v\u00ednculos sanos y aut\u00e9nticos.Mentalidad financiera, para liberarte de bloqueos y atraer m\u00e1s abundancia a tu vidaGesti\u00f3n de emociones y manejo del estr\u00e9s, para que la ansiedad y el autosabotaje no te frenen m\u00e1sH\u00e1bitos saludables y bienestar, porque cuerpo y mente trabajan juntos en tu transformaci\u00f3n.<\/p>\n<h2>Exitosamente te brinda una experiencia de transformaci\u00f3n, acompa\u00f1amiento y aprendizaje continuo en una \u00fanica plataforma.<\/h2>\n<p><a href=\"#pagar\" class=\"op3-link op3-background-ancestor\" target=\"_self\"  data-op-action=\"jumpToElement\" data-op3-smooth-scroll=\"\" data-op-effect-style=\"\" data-op-effect-style-hover=\"\" data-op-courseaction=\"\">S\u00cd, QUIERO EMpezarEN EXITOSAMENTE AHORA!<\/a><img decoding=\"async\"  class=\"op3-element__image op3-element-image__image\" src=\"https:\/\/cursodepnl.com\/exitosq\/wp-content\/uploads\/2025\/07\/charlas-300x181.jpg\" alt=\"\" title=\"charlas\" width=\"300\" height=\"181\" data-op3-attachment-id=\"21629\" loading=\"lazy\" \/><img decoding=\"async\"  class=\"op3-element__image op3-element-image__image\" src=\"https:\/\/cursodepnl.com\/exitosq\/wp-content\/uploads\/2025\/07\/cursosex-300x185.jpg\" alt=\"\" title=\"cursosex\" width=\"300\" height=\"185\" data-op3-attachment-id=\"21633\" loading=\"lazy\" \/><img decoding=\"async\"  class=\"op3-element__image op3-element-image__image\" src=\"https:\/\/cursodepnl.com\/exitosq\/wp-content\/uploads\/2025\/07\/audiosex-300x182.jpg\" alt=\"\" title=\"audiosex\" width=\"300\" height=\"182\" data-op3-attachment-id=\"21631\" loading=\"lazy\" \/><\/p>\n<h2>Los temas son:<\/h2>\n<p>H\u00e1bitos de \u00c9xito: Alcanza tus metas y transforma tu vida. De la procrastinaci\u00f3n a la acci\u00f3n efectivaRompe el Ciclo del Autosabotaje. Identifica, enfrenta y supera tus barreras internasPotencia tu Autoestima: La clave para relaciones exitosasConstruye seguridad interna y mejora todas las \u00e1reas de tu vidaGestiona tus Emociones: De la ansiedad a la calma. T\u00e9cnicas pr\u00e1cticas para el manejo efectivo del estr\u00e9s, enojo y mucho m\u00e1s.Oratoria Sin Miedo: Cautiva a tu audienciaConvi\u00e9rtete en un comunicador confiado y persuasivoEl Lenguaje Silencioso: Descifra el comportamiento no verbalLee entre l\u00edneas y mejora tu inteligencia socialEl Arte de la Influencia Positiva. Inspira, persuade y lidera con integridadAtrae Abundancia: M\u00e1s all\u00e1 de los mitos. Estrategias pr\u00e1cticas para una prosperidad real y duraderaMemoria Extraordinaria: T\u00e9cnicas simples, resultados sorprendentesPotencia tu mente y mejora tu rendimiento diarioMotivaci\u00f3n Sostenible: Enciende tu motor interno.&nbsp;Descubre c\u00f3mo mantener la motivaci\u00f3n a largo plazo<img decoding=\"async\"  class=\"op3-element__image op3-element-image__image\" src=\"https:\/\/cursodepnl.com\/exitosq\/wp-content\/uploads\/2025\/03\/cursosex-1__opdb-op67d5ac983e0271-42681174.jpg\" alt=\"\" title=\"cursosex (1)\" width=\"840\" height=\"660\" data-op3-attachment-id=\"14056\" loading=\"lazy\" \/><img decoding=\"async\"  class=\"op3-element__image op3-element-image__image\" src=\"https:\/\/cursodepnl.com\/exitosq\/wp-content\/uploads\/2025\/03\/materialexito-opdb-op6304f82ddb6c75-35812310__opdb-op67d5ac983e0271-42681174.jpg\" alt=\"\" title=\"materialexito\" width=\"627\" height=\"488\" data-op3-attachment-id=\"12662\" loading=\"lazy\" \/><img decoding=\"async\"  class=\"op3-element__image op3-element-image__image\" src=\"https:\/\/cursodepnl.com\/exitosq\/wp-content\/uploads\/2025\/03\/cursosexitosamente2-1__opdb-op67d5ac983e0271-42681174.jpg\" alt=\"\" title=\"cursosexitosamente2 (1)\" width=\"894\" height=\"754\" data-op3-attachment-id=\"14067\" loading=\"lazy\" \/>EFT: Libera tu Potencial EmocionalDescubre y elimina bloqueos ocultos para alcanzar tus metasSalud : Tu Cuerpo, Tu Mejor AliadoT\u00e9cnicas de respiraci\u00f3n y relajaci\u00f3n para un bienestar integralPNL en Ventas: El Arte de la Persuasi\u00f3n \u00c9tica. Potencia tus habilidades comerciales con t\u00e9cnicas avanzadasL\u00edmites Saludables: La Clave para Relaciones Positivas.Neurobics: Gimnasia Cerebral para una Mente \u00c1gilEjercita tu cerebro y mejora tu rendimiento cognitivoEl Poder del Pensamiento Positivo. Transforma tu mente y tu realidad con optimismo pr\u00e1cticoAdi\u00f3s a los Miedos IrracionalesHerramientas efectivas para una vida libre y en pazContra el Bullying: S\u00e9 el CambioEstrategias pr\u00e1cticas para prevenir y combatir el acoso<\/p>\n<h2>y TODOS con&nbsp;CERTIFICADO A TU NOMBRE!<\/h2>\n<p><img decoding=\"async\"  class=\"op3-element__image op3-element-image__image\" src=\"https:\/\/cursodepnl.com\/exitosq\/wp-content\/uploads\/2025\/03\/ertificado__opdb-op67d5ac983e0271-42681174.png\" alt=\"\" title=\"ertificado\" width=\"370\" height=\"286\" data-op3-attachment-id=\"14069\" loading=\"lazy\" \/><img decoding=\"async\"  class=\"op3-element__image op3-element-image__image\" src=\"https:\/\/cursodepnl.com\/exitosq\/wp-content\/uploads\/2025\/03\/certificadomujer__opdb-op67d5ac983e0271-42681174.jpg\" alt=\"\" title=\"certificadomujer\" width=\"470\" height=\"349\" data-op3-attachment-id=\"16378\" loading=\"lazy\" \/><\/p>\n<h2>Tambi\u00e9n accedes a nuestra biblioteca de audios binaurales para cada aspectos de tu vida, desde el primer d\u00eda:<\/h2>\n<p><img decoding=\"async\"  class=\"op3-element__image op3-element-image__image\" src=\"https:\/\/cursodepnl.com\/exitosq\/wp-content\/uploads\/2025\/07\/6-300x300-1.png\" alt=\"\" title=\"6\" width=\"300\" height=\"300\" data-op3-attachment-id=\"21116\" loading=\"lazy\" \/><img decoding=\"async\"  class=\"op3-element__image op3-element-image__image\" src=\"https:\/\/cursodepnl.com\/exitosq\/wp-content\/uploads\/2025\/07\/5-300x300-1.png\" alt=\"\" title=\"5\" width=\"300\" height=\"300\" data-op3-attachment-id=\"21115\" loading=\"lazy\" \/><img decoding=\"async\"  class=\"op3-element__image op3-element-image__image\" src=\"https:\/\/cursodepnl.com\/exitosq\/wp-content\/uploads\/2025\/07\/4-300x300-1.png\" alt=\"\" title=\"4\" width=\"300\" height=\"300\" data-op3-attachment-id=\"21114\" loading=\"lazy\" \/><img decoding=\"async\"  class=\"op3-element__image op3-element-image__image\" src=\"https:\/\/cursodepnl.com\/exitosq\/wp-content\/uploads\/2025\/07\/3-300x300-1.png\" alt=\"\" title=\"3\" width=\"300\" height=\"300\" data-op3-attachment-id=\"21113\" loading=\"lazy\" \/><img decoding=\"async\"  class=\"op3-element__image op3-element-image__image\" src=\"https:\/\/cursodepnl.com\/exitosq\/wp-content\/uploads\/2025\/07\/2-300x300-1.png\" alt=\"\" title=\"2\" width=\"300\" height=\"300\" data-op3-attachment-id=\"21112\" loading=\"lazy\" \/><img decoding=\"async\"  class=\"op3-element__image op3-element-image__image\" src=\"https:\/\/cursodepnl.com\/exitosq\/wp-content\/uploads\/2025\/07\/1-300x300-1.png\" alt=\"\" title=\"1\" width=\"300\" height=\"300\" data-op3-attachment-id=\"21111\" loading=\"lazy\" \/><img decoding=\"async\"  class=\"op3-element__image op3-element-image__image\" src=\"https:\/\/cursodepnl.com\/exitosq\/wp-content\/uploads\/2025\/07\/8-300x300-1.png\" alt=\"\" title=\"8\" width=\"300\" height=\"300\" data-op3-attachment-id=\"21110\" loading=\"lazy\" \/><img decoding=\"async\"  class=\"op3-element__image op3-element-image__image\" src=\"https:\/\/cursodepnl.com\/exitosq\/wp-content\/uploads\/2025\/07\/7-300x300-1.png\" alt=\"\" title=\"7\" width=\"300\" height=\"300\" data-op3-attachment-id=\"21109\" loading=\"lazy\" \/><img decoding=\"async\"  class=\"op3-element__image op3-element-image__image\" src=\"https:\/\/cursodepnl.com\/exitosq\/wp-content\/uploads\/2025\/07\/audiosexito.jpg\" alt=\"\" title=\"audiosexito\" width=\"600\" height=\"240\" data-op3-attachment-id=\"14061\" loading=\"lazy\" \/><img decoding=\"async\"  class=\"op3-element__image op3-element-image__image\" src=\"https:\/\/cursodepnl.com\/exitosq\/wp-content\/uploads\/2025\/07\/fotos.jpg\" alt=\"\" title=\"fotos\" width=\"653\" height=\"352\" data-op3-attachment-id=\"14062\" loading=\"lazy\" \/><\/p>\n<h2>Y tambi\u00e9n puedes hacer Consultas a un Coach de forma personalizada<\/h2>\n<p>Vas a tener la opci\u00f3n de acceder de manera directa y personalizada a la asistencia y ayuda de un coach, para que te ayude, oriente y asista a lograr lo que sea que est\u00e9s buscado (acceso opcional).<\/p>\n<p><a href=\"#pagar\" class=\"op3-link op3-background-ancestor\" target=\"_self\"  data-op-action=\"jumpToElement\" data-op3-smooth-scroll=\"\" data-op-effect-style=\"\" data-op-effect-style-hover=\"\" data-op-courseaction=\"\">S\u00cd, QUIERO EMPEZAR AHORA!<\/a><img decoding=\"async\"  class=\"op3-element__image op3-element-image__image\" src=\"https:\/\/cursodepnl.com\/exitosq\/wp-content\/uploads\/2025\/06\/mee-1-286x300.jpg\" alt=\"\" title=\"mee (1)\" width=\"286\" height=\"300\" data-op3-attachment-id=\"21043\" loading=\"lazy\" \/><\/p>\n<h2>&nbsp;En Exitosamente, creemos que cada vida es una obra maestra en construcci\u00f3n,&nbsp;y t\u00fa eres tanto el arquitecto como el constructor. \u00bfListo\/a para crear tu obra m\u00e1s importante?&nbsp;<\/h2>\n<p><img decoding=\"async\"  class=\"op3-element__image op3-element-image__image\" src=\"https:\/\/cursodepnl.com\/exitosq\/wp-content\/uploads\/2025\/03\/mjerc__opdb-op67d5ac983e0271-42681174.jpg\" alt=\"\" title=\"mjerc\" width=\"512\" height=\"256\" data-op3-attachment-id=\"16276\" loading=\"lazy\" \/><\/p>\n<p>\u00abLa PNL nos ense\u00f1a a serarquitectos de nuestra propia realidad, construyendo puentes hacia el \u00e9xito y el crecimiento personal.\u00bb<\/p>\n<p>\u00abCon la PNL, podemos&nbsp;&nbsp;reescribir el guion de nuestra mente, transformando limitaciones en oportunidades y potenciando nuestro bienestar.\u00bb<\/p>\n<p><a name=\"pagar\"><\/a><\/p>\n<h2>Activa aqui la membres\u00eda, el primer mes no pagas nada!Recibes el acceso inmediato y el curso de regalo que elijas!<\/h2>\n<p>Quiero que lo pruebes y luego elijas si quieres continuar<\/p>\n<p>.Te inscribes ahora haciendo clic en tu pa\u00eds.&nbsp;Dejas tus datos pero no pagas nada..Recibes acceso inmediato por email..Disfrutas de tu material, cursos y comunidad..Cada mes, sigues creciendo con nuevo contenido..Te das de baja cuando quieras, s\u00f3lo mand\u00e1ndonos un email.<\/p>\n<p><a name=\"pagos\"><\/a><\/p>\n<p>ARGENTINA primer mes GRATIS y despu\u00e9s s\u00f3lo 9700 $ ARG&nbsp;<\/p>\n<p>Suscribite en este boton de pago, el primer mes no pagas nada. <strong><br \/>\n<\/strong><\/p>\n<p><strong>OPCI\u00d3N 1: Un mes Gratis y luego s\u00f3lo 9700 $<br \/>\n<a href=\"https:\/\/www.mercadopago.com.ar\/subscriptions\/checkout?preapproval_plan_id=2c9380849469a4a101946bb573c50145\" name=\"MP-payButton\" class=\"blue-ar-l-rn-none\"><img decoding=\"async\"  src=\"https:\/\/cursodepnl.com\/exitosq\/wp-content\/uploads\/2025\/12\/suscribir-arg.webp\" loading=\"lazy\"><\/a><\/p>\n<p>OPCI\u00d3N 2: Un solo pago con gran descuento: 63.700 $ por acceso anual<br \/>\n<a href=\"https:\/\/www.mercadopago.com.ar\/subscriptions\/checkout?preapproval_plan_id=2c9380848e60bfe0018e614156b50056\" name=\"MP-payButton\" class=\"blue-ar-l-rn-none\"><\/p>\n","protected":false},"excerpt":{"rendered":"<p>Activa aqu\u00ed tu membres\u00eda VIP sin cargo! Por ser alumna\/o de Sofia Conti, tienes acceso gratis HOY a la Membres\u00eda de Exitosamente&nbsp;Y A UN CURSO DE REGALO A ELECCI\u00d3N La \u00fanica comunidad en espa\u00f1ol que combina PNL, desarrollo personal y acompa\u00f1amiento para un cambio real y para vivir en equilibrio y plenitud. Tu cuerpo y [&hellip;]<\/p>\n","protected":false},"author":1,"featured_media":0,"parent":0,"menu_order":0,"comment_status":"open","ping_status":"open","template":"op_builder_full_width","meta":{"_joinchat":[],"footnotes":""},"class_list":["post-14095","page","type-page","status-publish","hentry"],"yoast_head":"<!-- This site is optimized with the Yoast SEO plugin v25.4 - https:\/\/yoast.com\/wordpress\/plugins\/seo\/ -->\n<title>ExitosaMente Alumnos - Exitosamente Sq<\/title>\n<meta name=\"robots\" content=\"index, follow, max-snippet:-1, max-image-preview:large, max-video-preview:-1\" \/>\n<link rel=\"canonical\" href=\"https:\/\/cursodepnl.com\/exitosq\/exitosamenteparaalumnos\/\" \/>\n<meta property=\"og:locale\" content=\"es_ES\" \/>\n<meta property=\"og:type\" content=\"article\" \/>\n<meta property=\"og:title\" content=\"ExitosaMente Alumnos - Exitosamente Sq\" \/>\n<meta property=\"og:description\" content=\"Activa aqu\u00ed tu membres\u00eda VIP sin cargo! Por ser alumna\/o de Sofia Conti, tienes acceso gratis HOY a la Membres\u00eda de Exitosamente&nbsp;Y A UN CURSO DE REGALO A ELECCI\u00d3N La \u00fanica comunidad en espa\u00f1ol que combina PNL, desarrollo personal y acompa\u00f1amiento para un cambio real y para vivir en equilibrio y plenitud. Tu cuerpo y [&hellip;]\" \/>\n<meta property=\"og:url\" content=\"https:\/\/cursodepnl.com\/exitosq\/exitosamenteparaalumnos\/\" \/>\n<meta property=\"og:site_name\" content=\"Exitosamente Sq\" \/>\n<meta property=\"article:publisher\" content=\"http:\/\/facebook.com\/pnlonline\" \/>\n<meta property=\"article:modified_time\" content=\"2026-02-16T15:26:29+00:00\" \/>\n<meta property=\"og:image\" content=\"https:\/\/cursodepnl.com\/exitosq\/wp-content\/uploads\/2025\/02\/mujer-pnl-y-superacion.jpg\" \/>\n<meta name=\"twitter:card\" content=\"summary_large_image\" \/>\n<meta name=\"twitter:label1\" content=\"Tiempo de lectura\" \/>\n\t<meta name=\"twitter:data1\" content=\"15 minutos\" \/>\n<script type=\"application\/ld+json\" class=\"yoast-schema-graph\">{\"@context\":\"https:\/\/schema.org\",\"@graph\":[{\"@type\":\"WebPage\",\"@id\":\"https:\/\/cursodepnl.com\/exitosq\/exitosamenteparaalumnos\/\",\"url\":\"https:\/\/cursodepnl.com\/exitosq\/exitosamenteparaalumnos\/\",\"name\":\"ExitosaMente Alumnos - Exitosamente Sq\",\"isPartOf\":{\"@id\":\"https:\/\/cursodepnl.com\/exitosq\/#website\"},\"primaryImageOfPage\":{\"@id\":\"https:\/\/cursodepnl.com\/exitosq\/exitosamenteparaalumnos\/#primaryimage\"},\"image\":{\"@id\":\"https:\/\/cursodepnl.com\/exitosq\/exitosamenteparaalumnos\/#primaryimage\"},\"thumbnailUrl\":\"https:\/\/cursodepnl.com\/exitosq\/wp-content\/uploads\/2025\/02\/mujer-pnl-y-superacion.jpg\",\"datePublished\":\"2023-06-27T19:59:43+00:00\",\"dateModified\":\"2026-02-16T15:26:29+00:00\",\"breadcrumb\":{\"@id\":\"https:\/\/cursodepnl.com\/exitosq\/exitosamenteparaalumnos\/#breadcrumb\"},\"inLanguage\":\"es\",\"potentialAction\":[{\"@type\":\"ReadAction\",\"target\":[\"https:\/\/cursodepnl.com\/exitosq\/exitosamenteparaalumnos\/\"]}]},{\"@type\":\"ImageObject\",\"inLanguage\":\"es\",\"@id\":\"https:\/\/cursodepnl.com\/exitosq\/exitosamenteparaalumnos\/#primaryimage\",\"url\":\"https:\/\/cursodepnl.com\/exitosq\/wp-content\/uploads\/2025\/02\/mujer-pnl-y-superacion.jpg\",\"contentUrl\":\"https:\/\/cursodepnl.com\/exitosq\/wp-content\/uploads\/2025\/02\/mujer-pnl-y-superacion.jpg\",\"width\":1024,\"height\":1024},{\"@type\":\"BreadcrumbList\",\"@id\":\"https:\/\/cursodepnl.com\/exitosq\/exitosamenteparaalumnos\/#breadcrumb\",\"itemListElement\":[{\"@type\":\"ListItem\",\"position\":1,\"name\":\"Portada\",\"item\":\"https:\/\/cursodepnl.com\/exitosq\/\"},{\"@type\":\"ListItem\",\"position\":2,\"name\":\"ExitosaMente Alumnos\"}]},{\"@type\":\"WebSite\",\"@id\":\"https:\/\/cursodepnl.com\/exitosq\/#website\",\"url\":\"https:\/\/cursodepnl.com\/exitosq\/\",\"name\":\"Exitosamente Sq\",\"description\":\"Exitosamente de Curso De PNL.com\",\"potentialAction\":[{\"@type\":\"SearchAction\",\"target\":{\"@type\":\"EntryPoint\",\"urlTemplate\":\"https:\/\/cursodepnl.com\/exitosq\/?s={search_term_string}\"},\"query-input\":{\"@type\":\"PropertyValueSpecification\",\"valueRequired\":true,\"valueName\":\"search_term_string\"}}],\"inLanguage\":\"es\"}]}<\/script>\n<!-- \/ Yoast SEO plugin. -->","yoast_head_json":{"title":"ExitosaMente Alumnos - Exitosamente Sq","robots":{"index":"index","follow":"follow","max-snippet":"max-snippet:-1","max-image-preview":"max-image-preview:large","max-video-preview":"max-video-preview:-1"},"canonical":"https:\/\/cursodepnl.com\/exitosq\/exitosamenteparaalumnos\/","og_locale":"es_ES","og_type":"article","og_title":"ExitosaMente Alumnos - Exitosamente Sq","og_description":"Activa aqu\u00ed tu membres\u00eda VIP sin cargo! Por ser alumna\/o de Sofia Conti, tienes acceso gratis HOY a la Membres\u00eda de Exitosamente&nbsp;Y A UN CURSO DE REGALO A ELECCI\u00d3N La \u00fanica comunidad en espa\u00f1ol que combina PNL, desarrollo personal y acompa\u00f1amiento para un cambio real y para vivir en equilibrio y plenitud. Tu cuerpo y [&hellip;]","og_url":"https:\/\/cursodepnl.com\/exitosq\/exitosamenteparaalumnos\/","og_site_name":"Exitosamente Sq","article_publisher":"http:\/\/facebook.com\/pnlonline","article_modified_time":"2026-02-16T15:26:29+00:00","og_image":[{"url":"https:\/\/cursodepnl.com\/exitosq\/wp-content\/uploads\/2025\/02\/mujer-pnl-y-superacion.jpg","type":"","width":"","height":""}],"twitter_card":"summary_large_image","twitter_misc":{"Tiempo de lectura":"15 minutos"},"schema":{"@context":"https:\/\/schema.org","@graph":[{"@type":"WebPage","@id":"https:\/\/cursodepnl.com\/exitosq\/exitosamenteparaalumnos\/","url":"https:\/\/cursodepnl.com\/exitosq\/exitosamenteparaalumnos\/","name":"ExitosaMente Alumnos - Exitosamente Sq","isPartOf":{"@id":"https:\/\/cursodepnl.com\/exitosq\/#website"},"primaryImageOfPage":{"@id":"https:\/\/cursodepnl.com\/exitosq\/exitosamenteparaalumnos\/#primaryimage"},"image":{"@id":"https:\/\/cursodepnl.com\/exitosq\/exitosamenteparaalumnos\/#primaryimage"},"thumbnailUrl":"https:\/\/cursodepnl.com\/exitosq\/wp-content\/uploads\/2025\/02\/mujer-pnl-y-superacion.jpg","datePublished":"2023-06-27T19:59:43+00:00","dateModified":"2026-02-16T15:26:29+00:00","breadcrumb":{"@id":"https:\/\/cursodepnl.com\/exitosq\/exitosamenteparaalumnos\/#breadcrumb"},"inLanguage":"es","potentialAction":[{"@type":"ReadAction","target":["https:\/\/cursodepnl.com\/exitosq\/exitosamenteparaalumnos\/"]}]},{"@type":"ImageObject","inLanguage":"es","@id":"https:\/\/cursodepnl.com\/exitosq\/exitosamenteparaalumnos\/#primaryimage","url":"https:\/\/cursodepnl.com\/exitosq\/wp-content\/uploads\/2025\/02\/mujer-pnl-y-superacion.jpg","contentUrl":"https:\/\/cursodepnl.com\/exitosq\/wp-content\/uploads\/2025\/02\/mujer-pnl-y-superacion.jpg","width":1024,"height":1024},{"@type":"BreadcrumbList","@id":"https:\/\/cursodepnl.com\/exitosq\/exitosamenteparaalumnos\/#breadcrumb","itemListElement":[{"@type":"ListItem","position":1,"name":"Portada","item":"https:\/\/cursodepnl.com\/exitosq\/"},{"@type":"ListItem","position":2,"name":"ExitosaMente Alumnos"}]},{"@type":"WebSite","@id":"https:\/\/cursodepnl.com\/exitosq\/#website","url":"https:\/\/cursodepnl.com\/exitosq\/","name":"Exitosamente Sq","description":"Exitosamente de Curso De PNL.com","potentialAction":[{"@type":"SearchAction","target":{"@type":"EntryPoint","urlTemplate":"https:\/\/cursodepnl.com\/exitosq\/?s={search_term_string}"},"query-input":{"@type":"PropertyValueSpecification","valueRequired":true,"valueName":"search_term_string"}}],"inLanguage":"es"}]}},"_links":{"self":[{"href":"https:\/\/cursodepnl.com\/exitosq\/wp-json\/wp\/v2\/pages\/14095","targetHints":{"allow":["GET"]}}],"collection":[{"href":"https:\/\/cursodepnl.com\/exitosq\/wp-json\/wp\/v2\/pages"}],"about":[{"href":"https:\/\/cursodepnl.com\/exitosq\/wp-json\/wp\/v2\/types\/page"}],"author":[{"embeddable":true,"href":"https:\/\/cursodepnl.com\/exitosq\/wp-json\/wp\/v2\/users\/1"}],"replies":[{"embeddable":true,"href":"https:\/\/cursodepnl.com\/exitosq\/wp-json\/wp\/v2\/comments?post=14095"}],"version-history":[{"count":68,"href":"https:\/\/cursodepnl.com\/exitosq\/wp-json\/wp\/v2\/pages\/14095\/revisions"}],"predecessor-version":[{"id":22570,"href":"https:\/\/cursodepnl.com\/exitosq\/wp-json\/wp\/v2\/pages\/14095\/revisions\/22570"}],"wp:attachment":[{"href":"https:\/\/cursodepnl.com\/exitosq\/wp-json\/wp\/v2\/media?parent=14095"}],"curies":[{"name":"wp","href":"https:\/\/api.w.org\/{rel}","templated":true}]}}