{"id":14978,"date":"2023-11-09T18:25:39","date_gmt":"2023-11-09T18:25:39","guid":{"rendered":"https:\/\/cursodepnl.com\/exitosq\/?page_id=14978"},"modified":"2025-09-23T11:49:45","modified_gmt":"2025-09-23T11:49:45","slug":"leyatr","status":"publish","type":"page","link":"https:\/\/cursodepnl.com\/exitosq\/leyatr\/","title":{"rendered":"La verdadera ley de atracci\u00f3n"},"content":{"rendered":"<h2>Cambiar la realidad con el pensamiento: \u00bfEs posible? Descubre los pasos (desde un punto de vista cient\u00edfico y neurol\u00f3gico).<\/h2>\n<h2>Dinos d\u00f3nde quieres recibir esta informaci\u00f3n SIN CARGO HOY:<\/h2>\n<p><a href=\"#\" class=\"op3-background-ancestor\" target=\"_self\" data-op-action=\"link\" data-op-animation-trigger=\"none\" data-op-animation-style=\"\" data-op-animation-loop=\"0\" data-op-timer-minutes=\"0\" data-op-timer-seconds=\"0\" data-op3-smooth-scroll=\"0\" data-op-effect-style=\"\" data-op-effect-style-hover=\"\" data-op-courseaction=\"\" rel=\"noopener\">ENVIAR<\/a><br \/>\n<a href=\"http:\/\/cursodepnl.com\">Curso Pr\u00e1ctico de PNL a distancia<\/a> \u00a9 2007- 2023. Todos los derechos reservados.<br \/>\n<a href=\"https:\/\/cursodepnl.com\/exitosq\/contacto-pnl\/\">Contacto | <\/a> <a href=\"http:\/\/cursodepnl.com\/contacto\/privacidad\">Privacidad |<\/a> <a href=\"http:\/\/cursodepnl.com\/contacto\/terminos-legales\">T\u00e9rminos Legales |<\/a> <a href=\"http:\/\/cursodepnl.com\/contacto\/antispam\">Antispam |<\/a> <a href=\"http:\/\/cursodepnl.com\/contacto\/responsabilidad\">Responsabilidad<\/a><\/p>\n","protected":false},"excerpt":{"rendered":"<p>Cambiar la realidad con el pensamiento: \u00bfEs posible? Descubre los pasos (desde un punto de vista cient\u00edfico y neurol\u00f3gico). Dinos d\u00f3nde quieres recibir esta informaci\u00f3n SIN CARGO HOY: ENVIAR Curso Pr\u00e1ctico de PNL a distancia \u00a9 2007- 2023. Todos los derechos reservados. Contacto | Privacidad | T\u00e9rminos Legales | Antispam | Responsabilidad<\/p>\n","protected":false},"author":1,"featured_media":0,"parent":0,"menu_order":0,"comment_status":"closed","ping_status":"closed","template":"op_builder_blank","meta":{"_joinchat":[],"footnotes":""},"class_list":["post-14978","page","type-page","status-publish","hentry"],"yoast_head":"<!-- This site is optimized with the Yoast SEO plugin v25.4 - https:\/\/yoast.com\/wordpress\/plugins\/seo\/ -->\n<title>La verdadera ley de atracci\u00f3n - Exitosamente Sq<\/title>\n<meta name=\"robots\" content=\"index, follow, max-snippet:-1, max-image-preview:large, max-video-preview:-1\" \/>\n<link rel=\"canonical\" href=\"https:\/\/cursodepnl.com\/exitosq\/leyatr\/\" \/>\n<meta property=\"og:locale\" content=\"es_ES\" \/>\n<meta property=\"og:type\" content=\"article\" \/>\n<meta property=\"og:title\" content=\"La verdadera ley de atracci\u00f3n - Exitosamente Sq\" \/>\n<meta property=\"og:description\" content=\"Cambiar la realidad con el pensamiento: \u00bfEs posible? Descubre los pasos (desde un punto de vista cient\u00edfico y neurol\u00f3gico). Dinos d\u00f3nde quieres recibir esta informaci\u00f3n SIN CARGO HOY: ENVIAR Curso Pr\u00e1ctico de PNL a distancia \u00a9 2007- 2023. Todos los derechos reservados. Contacto | Privacidad | T\u00e9rminos Legales | Antispam | Responsabilidad\" \/>\n<meta property=\"og:url\" content=\"https:\/\/cursodepnl.com\/exitosq\/leyatr\/\" \/>\n<meta property=\"og:site_name\" content=\"Exitosamente Sq\" \/>\n<meta property=\"article:publisher\" content=\"http:\/\/facebook.com\/pnlonline\" \/>\n<meta property=\"article:modified_time\" content=\"2025-09-23T11:49:45+00:00\" \/>\n<meta name=\"twitter:card\" content=\"summary_large_image\" \/>\n<meta name=\"twitter:label1\" content=\"Tiempo de lectura\" \/>\n\t<meta name=\"twitter:data1\" content=\"1 minuto\" \/>\n<script type=\"application\/ld+json\" class=\"yoast-schema-graph\">{\"@context\":\"https:\/\/schema.org\",\"@graph\":[{\"@type\":\"WebPage\",\"@id\":\"https:\/\/cursodepnl.com\/exitosq\/leyatr\/\",\"url\":\"https:\/\/cursodepnl.com\/exitosq\/leyatr\/\",\"name\":\"La verdadera ley de atracci\u00f3n - Exitosamente Sq\",\"isPartOf\":{\"@id\":\"https:\/\/cursodepnl.com\/exitosq\/#website\"},\"datePublished\":\"2023-11-09T18:25:39+00:00\",\"dateModified\":\"2025-09-23T11:49:45+00:00\",\"breadcrumb\":{\"@id\":\"https:\/\/cursodepnl.com\/exitosq\/leyatr\/#breadcrumb\"},\"inLanguage\":\"es\",\"potentialAction\":[{\"@type\":\"ReadAction\",\"target\":[\"https:\/\/cursodepnl.com\/exitosq\/leyatr\/\"]}]},{\"@type\":\"BreadcrumbList\",\"@id\":\"https:\/\/cursodepnl.com\/exitosq\/leyatr\/#breadcrumb\",\"itemListElement\":[{\"@type\":\"ListItem\",\"position\":1,\"name\":\"Portada\",\"item\":\"https:\/\/cursodepnl.com\/exitosq\/\"},{\"@type\":\"ListItem\",\"position\":2,\"name\":\"La verdadera ley de atracci\u00f3n\"}]},{\"@type\":\"WebSite\",\"@id\":\"https:\/\/cursodepnl.com\/exitosq\/#website\",\"url\":\"https:\/\/cursodepnl.com\/exitosq\/\",\"name\":\"Exitosamente Sq\",\"description\":\"Exitosamente de Curso De PNL.com\",\"potentialAction\":[{\"@type\":\"SearchAction\",\"target\":{\"@type\":\"EntryPoint\",\"urlTemplate\":\"https:\/\/cursodepnl.com\/exitosq\/?s={search_term_string}\"},\"query-input\":{\"@type\":\"PropertyValueSpecification\",\"valueRequired\":true,\"valueName\":\"search_term_string\"}}],\"inLanguage\":\"es\"}]}<\/script>\n<!-- \/ Yoast SEO plugin. -->","yoast_head_json":{"title":"La verdadera ley de atracci\u00f3n - Exitosamente Sq","robots":{"index":"index","follow":"follow","max-snippet":"max-snippet:-1","max-image-preview":"max-image-preview:large","max-video-preview":"max-video-preview:-1"},"canonical":"https:\/\/cursodepnl.com\/exitosq\/leyatr\/","og_locale":"es_ES","og_type":"article","og_title":"La verdadera ley de atracci\u00f3n - Exitosamente Sq","og_description":"Cambiar la realidad con el pensamiento: \u00bfEs posible? Descubre los pasos (desde un punto de vista cient\u00edfico y neurol\u00f3gico). Dinos d\u00f3nde quieres recibir esta informaci\u00f3n SIN CARGO HOY: ENVIAR Curso Pr\u00e1ctico de PNL a distancia \u00a9 2007- 2023. Todos los derechos reservados. Contacto | Privacidad | T\u00e9rminos Legales | Antispam | Responsabilidad","og_url":"https:\/\/cursodepnl.com\/exitosq\/leyatr\/","og_site_name":"Exitosamente Sq","article_publisher":"http:\/\/facebook.com\/pnlonline","article_modified_time":"2025-09-23T11:49:45+00:00","twitter_card":"summary_large_image","twitter_misc":{"Tiempo de lectura":"1 minuto"},"schema":{"@context":"https:\/\/schema.org","@graph":[{"@type":"WebPage","@id":"https:\/\/cursodepnl.com\/exitosq\/leyatr\/","url":"https:\/\/cursodepnl.com\/exitosq\/leyatr\/","name":"La verdadera ley de atracci\u00f3n - Exitosamente Sq","isPartOf":{"@id":"https:\/\/cursodepnl.com\/exitosq\/#website"},"datePublished":"2023-11-09T18:25:39+00:00","dateModified":"2025-09-23T11:49:45+00:00","breadcrumb":{"@id":"https:\/\/cursodepnl.com\/exitosq\/leyatr\/#breadcrumb"},"inLanguage":"es","potentialAction":[{"@type":"ReadAction","target":["https:\/\/cursodepnl.com\/exitosq\/leyatr\/"]}]},{"@type":"BreadcrumbList","@id":"https:\/\/cursodepnl.com\/exitosq\/leyatr\/#breadcrumb","itemListElement":[{"@type":"ListItem","position":1,"name":"Portada","item":"https:\/\/cursodepnl.com\/exitosq\/"},{"@type":"ListItem","position":2,"name":"La verdadera ley de atracci\u00f3n"}]},{"@type":"WebSite","@id":"https:\/\/cursodepnl.com\/exitosq\/#website","url":"https:\/\/cursodepnl.com\/exitosq\/","name":"Exitosamente Sq","description":"Exitosamente de Curso De PNL.com","potentialAction":[{"@type":"SearchAction","target":{"@type":"EntryPoint","urlTemplate":"https:\/\/cursodepnl.com\/exitosq\/?s={search_term_string}"},"query-input":{"@type":"PropertyValueSpecification","valueRequired":true,"valueName":"search_term_string"}}],"inLanguage":"es"}]}},"_links":{"self":[{"href":"https:\/\/cursodepnl.com\/exitosq\/wp-json\/wp\/v2\/pages\/14978","targetHints":{"allow":["GET"]}}],"collection":[{"href":"https:\/\/cursodepnl.com\/exitosq\/wp-json\/wp\/v2\/pages"}],"about":[{"href":"https:\/\/cursodepnl.com\/exitosq\/wp-json\/wp\/v2\/types\/page"}],"author":[{"embeddable":true,"href":"https:\/\/cursodepnl.com\/exitosq\/wp-json\/wp\/v2\/users\/1"}],"replies":[{"embeddable":true,"href":"https:\/\/cursodepnl.com\/exitosq\/wp-json\/wp\/v2\/comments?post=14978"}],"version-history":[{"count":7,"href":"https:\/\/cursodepnl.com\/exitosq\/wp-json\/wp\/v2\/pages\/14978\/revisions"}],"predecessor-version":[{"id":15148,"href":"https:\/\/cursodepnl.com\/exitosq\/wp-json\/wp\/v2\/pages\/14978\/revisions\/15148"}],"wp:attachment":[{"href":"https:\/\/cursodepnl.com\/exitosq\/wp-json\/wp\/v2\/media?parent=14978"}],"curies":[{"name":"wp","href":"https:\/\/api.w.org\/{rel}","templated":true}]}}