{"id":15351,"date":"2023-12-07T14:45:01","date_gmt":"2023-12-07T14:45:01","guid":{"rendered":"https:\/\/cursodepnl.com\/exitosq\/?page_id=15351"},"modified":"2025-09-20T11:26:43","modified_gmt":"2025-09-20T11:26:43","slug":"cursos-principales","status":"publish","type":"page","link":"https:\/\/cursodepnl.com\/exitosq\/cursos-principales\/","title":{"rendered":"Nuestros Principales Cursos"},"content":{"rendered":"<h2>NUESTROS PRINCIPALES CURSOS &#8211; 80% MENOS-y espectaculares regalos para tu crecimiento personal!<\/h2>\n<h2><\/h2>\n<h2>\u00abLa PNL nos ense\u00f1a a ser arquitectos de nuestra propia realidad, construyendo puentes hacia el \u00e9xito y el crecimiento personal.\u00bb<\/h2>\n<h2>&nbsp;Elige los cursos que quieras,porque AQU\u00cd EST\u00c1N todos con un 80% de descuentoy regalos, por tiempo limitado!<\/h2>\n<p><a class=\"op3-element__link op3-element-image__link op3-link\" href=\"https:\/\/cursodepnl.com\/exitosq\/curso-pensamientos-creadores\/\" target=\"_blank\" data-op-action=\"link\" data-op3-smooth-scroll=\"0\" rel=\"noopener\"><img decoding=\"async\" class=\"op3-element__image op3-element-image__image\" src=\"https:\/\/cursodepnl.com\/exitosq\/wp-content\/uploads\/2023\/12\/penscr-e1701959584449.jpg\" alt=\"\" title=\"penscr\" width=\"404\" height=\"373\" data-op3-attachment-id=\"15368\" loading=\"lazy\" \/><\/a><\/p>\n<h3>PENSAMIENTOS CREADORES<\/h3>\n<p>\u00bfES POSIBLE ATRAER Y MANIFESTAR LO QUE<br \/>\nQUEREMOS CON EL PENSAMIENTO?<br \/>\nDescubre c\u00f3mo, a trav\u00e9s de la neurociencia, podemos atraer lo que deseamos a nuestra vida<\/p>\n<p><a href=\"https:\/\/cursodepnl.com\/exitosq\/curso-pensamientos-creadores\/\" class=\"op3-link op3-background-ancestor\" target=\"_self\" data-op-action=\"link\" data-op3-smooth-scroll=\"0\" data-op-effect-style=\"\" data-op-effect-style-hover=\"\" data-op-courseaction=\"\" rel=\"noopener\">M\u00c1S INFO Y\/O ANOTARME!<\/a><a class=\"op3-element__link op3-element-image__link op3-link\" href=\"https:\/\/cursodepnl.com\/exitosq\/curso-coaching-pnl\/\" target=\"_self\" data-op-action=\"link\" data-op3-smooth-scroll=\"0\" rel=\"noopener\"><img decoding=\"async\" class=\"op3-element__image op3-element-image__image\" src=\"https:\/\/cursodepnl.com\/exitosq\/wp-content\/uploads\/2023\/12\/coachypnlp.jpg\" alt=\"\" title=\"coachypnlp\" width=\"463\" height=\"449\" data-op3-attachment-id=\"15371\" loading=\"lazy\" \/><\/a><\/p>\n<h3>COACHING Y PNL APLICADO<\/h3>\n<p>Usando el Poder de la mente para Transformar la Vida<br \/>\n&#8211; Curso de 10 semanas:Aprende las mejores y m\u00e1s efectivas t\u00e9cnicas de<br \/>\nPNL y Coaching para lograr lo que te propongas<\/p>\n<p><a href=\"https:\/\/cursodepnl.com\/exitosq\/curso-coaching-pnl\/\" class=\"op3-link op3-background-ancestor\" target=\"_self\" data-op-action=\"link\" data-op3-smooth-scroll=\"0\" data-op-effect-style=\"\" data-op-effect-style-hover=\"\" data-op-courseaction=\"\" rel=\"noopener\">M\u00c1S INFO Y\/O ANOTARME!<\/a><a class=\"op3-element__link op3-element-image__link op3-link\" href=\"https:\/\/aprendeoratoria.com\/sl\/curso-de-oratoria-online-con-super-descuento\/\" target=\"_self\" data-op-action=\"link\" data-op3-smooth-scroll=\"0\" rel=\"noopener\"><img decoding=\"async\" class=\"op3-element__image op3-element-image__image\" src=\"https:\/\/cursodepnl.com\/exitosq\/wp-content\/uploads\/2023\/12\/orat663.jpg\" alt=\"\" title=\"orat663\" width=\"586\" height=\"451\" data-op3-attachment-id=\"15375\" loading=\"lazy\" \/><\/a><\/p>\n<h3>Curso de oratoria y comunicaci\u00f3n<\/h3>\n<p>Da mejores discursos, influye, cautiva y mucho m\u00e1s en tus presentaciones y charlas, sin nervios ni ansiedad. Aplica tanto en tu vida personal como en eventos sociales, el trabajo y mucho m\u00e1s!<\/p>\n<p><a href=\"https:\/\/aprendeoratoria.com\/sl\/curso-de-oratoria-online-con-super-descuento\/\" class=\"op3-link op3-background-ancestor\" target=\"_self\" data-op-action=\"link\" data-op3-smooth-scroll=\"0\" data-op-effect-style=\"\" data-op-effect-style-hover=\"\" data-op-courseaction=\"\" rel=\"noopener\">M\u00c1S INFO Y\/O ANOTARME!<\/a><a class=\"op3-element__link op3-element-image__link op3-link\" href=\"https:\/\/cursodepnl.com\/exitosq\/cursodepnlrtgdescuento\/\" target=\"_self\" data-op-action=\"link\" data-op3-smooth-scroll=\"0\" rel=\"noopener\"><img decoding=\"async\" class=\"op3-element__image op3-element-image__image\" src=\"https:\/\/cursodepnl.com\/exitosq\/wp-content\/uploads\/2023\/09\/pnln2023-2.jpg\" alt=\"\" title=\"pnln2023-2\" width=\"788\" height=\"413\" data-op3-attachment-id=\"14564\" loading=\"lazy\" \/><\/a><\/p>\n<h3>Curso de PNL &amp; Superaci\u00f3n Personal<\/h3>\n<p>Mejora la autoestima, las relaciones personales, lib\u00e9rate de fobias, mejora tu productividad, el liderazgo, la comunicaci\u00f3n,<br \/>\nla memoria, la meditaci\u00f3n y much\u00edsimo m\u00e1s.<\/p>\n<p><a href=\"https:\/\/cursodepnl.com\/exitosq\/cursodepnlrtgdescuento\/\" class=\"op3-link op3-background-ancestor\" target=\"_self\" data-op-action=\"link\" data-op3-smooth-scroll=\"0\" data-op-effect-style=\"\" data-op-effect-style-hover=\"\" data-op-courseaction=\"\" rel=\"noopener\">M\u00c1S INFO Y\/O ANOTARME!<\/a><a class=\"op3-element__link op3-element-image__link op3-link\" href=\"https:\/\/cursodepnl.com\/exitosq\/exitosamente\/\" target=\"_self\" data-op-action=\"link\" data-op3-smooth-scroll=\"0\" rel=\"noopener\"><img decoding=\"async\" class=\"op3-element__image op3-element-image__image\" src=\"https:\/\/cursodepnl.com\/exitosq\/wp-content\/uploads\/2022\/12\/exitosamente.png\" alt=\"\" title=\"exitosamente\" width=\"900\" height=\"500\" data-op3-attachment-id=\"13324\" loading=\"lazy\" \/><\/a><\/p>\n<h3>ExitosaMente<\/h3>\n<p>Los mejores y m\u00e1s demandados cursos TODOS los meses para tu superaci\u00f3n permanente. Recibes todos los cursos con diferentes temas y audios CADA MES.<\/p>\n<p><a href=\"https:\/\/cursodepnl.com\/exitosq\/exitosamente\/\" class=\"op3-link op3-background-ancestor\" target=\"_self\" data-op-action=\"link\" data-op3-smooth-scroll=\"0\" data-op-effect-style=\"\" data-op-effect-style-hover=\"\" data-op-courseaction=\"\" rel=\"noopener\">M\u00c1S INFO Y\/O ANOTARME!<\/a><a class=\"op3-element__link op3-element-image__link op3-link\" href=\"https:\/\/virute.com\/cambia-tu-mente-y-cambia-tu-silueta\/\" target=\"_self\" data-op-action=\"link\" data-op3-smooth-scroll=\"0\" rel=\"noopener\"><img decoding=\"async\" class=\"op3-element__image op3-element-image__image\" src=\"https:\/\/cursodepnl.com\/exitosq\/wp-content\/uploads\/2023\/12\/delhg6.png\" alt=\"\" title=\"delhg6\" width=\"3770\" height=\"2340\" data-op3-attachment-id=\"15370\" loading=\"lazy\" \/><\/a><\/p>\n<h3>Delgadamente. Bajar de Peso de forma natural con PNL<\/h3>\n<p>REPROGAMA TU MENTE Y BAJA DE PESO, SIN DIETAS, CAMBIANDO TU MENTALIDAD.<\/p>\n<p><a href=\"https:\/\/virute.com\/cambia-tu-mente-y-cambia-tu-silueta\/\" class=\"op3-link op3-background-ancestor\" target=\"_self\" data-op-action=\"link\" data-op3-smooth-scroll=\"0\" data-op-effect-style=\"\" data-op-effect-style-hover=\"\" data-op-courseaction=\"\" rel=\"noopener\">M\u00c1S INFO Y\/O ANOTARME!<\/a><\/p>\n<h3>ELIGE TODOS LOS CURSOS QUE QUIERAS Y ACCEDE HOY CON UN 80% DE DESCUENTO (POR UNAS HORAS M\u00c1S)!TODOS CON CERTIFICADO!<\/h3>\n<\/p>\n<h2>TESTIMONIOS DE NUESTROS ALUMNOS:<\/h2>\n<h4>\u00abGracias por ense\u00f1arme a confiar en m\u00ed\u00bb<\/h4>\n<p>\u00abGracias por ense\u00f1arme a confiar en m\u00ed, a enfocarme en el presente<br \/>\ny a \u00abno dejar que el pasado determine mi futuro\u00bb como t\u00fa dices.&nbsp; (&#8230;) aprend\u00ed a identificar mis patrones de pensamiento negativos,<br \/>\npara ver qu\u00e9 cambios tengo que hacer en mi interior.<br \/>\n(&#8230;) Gracias Sof\u00eda por este programa, de a poco voy encontrando una mayor satisfacci\u00f3n en mi vida diaria y estoy segura que TTV puede ayudar a muchas personas a encontrar su camino y lograr sus metas.&nbsp;Espero que mi testimonio pueda inspirar a otros y experimentar el mismo tipo de transformaci\u00f3n que yo he tenido y gracias de nuevo por esta oportunidad<br \/>\nde crecimiento personal y profesional.\u00bb<\/p>\n<p><img decoding=\"async\" class=\"op3-element__image op3-element-image__image\" src=\"https:\/\/cursodepnl.com\/exitosq\/wp-content\/uploads\/2024\/02\/1-opdb-op6026e8b5e0eaa6-11586683-1.jpg\" alt=\"\" title=\"\" width=\"128\" height=\"128\" data-op3-attachment-id=\"\" loading=\"lazy\" \/><\/p>\n<p>Sandra, Argentina.<\/p>\n<h4>\u00abHaces que me sienta m\u00e1s segura\u00bb<\/h4>\n<p>\u00abMe gusta, porque me haces pensar y sacas pensamientos que<br \/>\nestaban muy arraigados en el subconsciente. &#8230;<br \/>\n&#8230;Haces que me sienta m\u00e1s segura cuando deseo hacer algo,<br \/>\nsin tener tanto en cuenta lo que piensen los dem\u00e1s y centrarme<br \/>\n en lo que yo quiero creer desde mi sentir&#8230;<br \/>\n&#8230;Yo tambi\u00e9n me alegro de formar parte de T.T.V.<br \/>\ny que insistieras conmigo.<br \/>\nGracias por todo lo que me est\u00e1s ense\u00f1ando y<br \/>\n por tu dulzura al transmitirnos las clases.\u00bb<\/p>\n<p><img decoding=\"async\" class=\"op3-element__image op3-element-image__image\" src=\"https:\/\/cursodepnl.com\/exitosq\/wp-content\/uploads\/2024\/02\/1-opdb-op6026e8b5e0eaa6-11586683-2.jpg\" alt=\"choose your image\" title=\"\" width=\"128\" height=\"128\" data-op3-attachment-id=\"\" loading=\"lazy\" \/><\/p>\n<p>Paloma, Espa\u00f1a.<\/p>\n<h4>\u00abMe est\u00e1 ayudando mucho\u00bb<\/h4>\n<p>Hola! Estoy siguiendo el curso a mi ritmo ya que es muy movilizador y me gusta leer el material m\u00e1s de una vez.<br \/>\nEstoy muy agradecida con cada entrega y me doy cuenta que me esta ayudando mucho, as\u00ed como tambi\u00e9n el curso de PNL,<br \/>\nya que estoy haciendo ambos .&nbsp; No tengo cr\u00edticas porque ambos<br \/>\ncursos son muy completos y claros. Muchas gracias!!!\u00bb&nbsp;<\/p>\n<p><img decoding=\"async\" class=\"op3-element__image op3-element-image__image\" src=\"https:\/\/cursodepnl.com\/exitosq\/wp-content\/uploads\/2024\/02\/5-opdb-op6026e8b5e0eaa6-11586683.jpg\" alt=\"choose your image\" title=\"\" width=\"128\" height=\"128\" data-op3-attachment-id=\"\" loading=\"lazy\" \/><\/p>\n<p>Jos\u00e9 Alberto, M\u00e9xico.<\/p>\n<h4>\u00abHola Sof\u00eda, estoy feliz y quer\u00eda agradecerte\u00bb<\/h4>\n<p>Hola Sof\u00eda, estoy feliz y quer\u00eda agradecerte, porque mucho me han guiado y ayudado tus lecciones &#8230;ya que hay por ah\u00ed mucha teor\u00eda,&#8230;mas tus clases son espec\u00edficas y muy pr\u00e1cticas ,en unos meses he realizado metas que hac\u00eda a\u00f1os deseaba y no pod\u00eda concretar&#8230;muchas gracias Sof\u00eda cumpliste con lo prometido me das mucho m\u00e1s de lo que invierto, un abrazo.&nbsp;<\/p>\n<p><img decoding=\"async\" class=\"op3-element__image op3-element-image__image\" src=\"https:\/\/cursodepnl.com\/exitosq\/wp-content\/uploads\/2024\/02\/2.jpg\" alt=\"choose your image\" title=\"\" width=\"128\" height=\"128\" data-op3-attachment-id=\"\" loading=\"lazy\" \/><\/p>\n<p>Estela, Uruguay<\/p>\n<h4>\u00abMuy interesante me ha cambiado mi vida y mucho\u00bb<\/h4>\n<p>\u00ab&#8230;respecto al curso si es muy interesante me ha cambiado mi vida y mucho incluso a mis nietos le he estado ense\u00f1ando ciertas aplicaciones a mis hijos ya profesionales y lo he recomendado para el desarrollo personal\u00bb &nbsp;<\/p>\n<p><img decoding=\"async\" class=\"op3-element__image op3-element-image__image\" src=\"https:\/\/cursodepnl.com\/exitosq\/wp-content\/uploads\/2024\/02\/3.jpg\" alt=\"choose your image\" title=\"\" width=\"128\" height=\"128\" data-op3-attachment-id=\"\" loading=\"lazy\" \/><\/p>\n<p>Guillermo, Argentina.<\/p>\n<h4>\u00abMe est\u00e1 encantando el curso\u00bb<\/h4>\n<p>\u00abHola Sofia,<br \/>\nquer\u00eda transmitirte que me est\u00e1 encantando el curso.<br \/>\nNo conoc\u00eda los anclajes y estoy practicando algunos y encuentro que es una herramienta muy potente.<br \/>\n&#8230;Gracias y un saludo\u00bb&nbsp;<\/p>\n<p><img decoding=\"async\" class=\"op3-element__image op3-element-image__image\" src=\"https:\/\/cursodepnl.com\/exitosq\/wp-content\/uploads\/2024\/02\/4.jpg\" alt=\"choose your image\" title=\"\" width=\"128\" height=\"128\" data-op3-attachment-id=\"\" loading=\"lazy\" \/><\/p>\n<p>Bego\u00f1a, Espa\u00f1a<\/p>\n<h2>\u00abCon la PNL, podemos reescribir el guion de nuestra mente, transformando limitaciones en oportunidades y potenciando nuestro bienestar.\u00bb<br \/>\n<\/h2>\n<p><a href=\"http:\/\/cursodepnl.com\">Curso Pr\u00e1ctico de PNL a distancia<\/a> \u00a9 2007- 2024. Todos los derechos reservados.<br \/>\n<a href=\"https:\/\/cursodepnl.com\/exitosq\/contacto-pnl\/\">Contacto | <\/a> <a href=\"http:\/\/cursodepnl.com\/contacto\/privacidad\">Privacidad |<\/a> <a href=\"http:\/\/cursodepnl.com\/contacto\/terminos-legales\">T\u00e9rminos Legales |<\/a> <a href=\"http:\/\/cursodepnl.com\/contacto\/antispam\">Antispam |<\/a> <a href=\"http:\/\/cursodepnl.com\/contacto\/responsabilidad\">Responsabilidad<\/a><\/p>\n","protected":false},"excerpt":{"rendered":"<p>NUESTROS PRINCIPALES CURSOS &#8211; 80% MENOS-y espectaculares regalos para tu crecimiento personal! \u00abLa PNL nos ense\u00f1a a ser arquitectos de nuestra propia realidad, construyendo puentes hacia el \u00e9xito y el crecimiento personal.\u00bb &nbsp;Elige los cursos que quieras,porque AQU\u00cd EST\u00c1N todos con un 80% de descuentoy regalos, por tiempo limitado! PENSAMIENTOS CREADORES \u00bfES POSIBLE ATRAER Y [&hellip;]<\/p>\n","protected":false},"author":1,"featured_media":0,"parent":0,"menu_order":0,"comment_status":"closed","ping_status":"closed","template":"op_builder_blank","meta":{"_joinchat":[],"footnotes":""},"class_list":["post-15351","page","type-page","status-publish","hentry"],"yoast_head":"<!-- This site is optimized with the Yoast SEO plugin v25.4 - https:\/\/yoast.com\/wordpress\/plugins\/seo\/ -->\n<title>Nuestros Principales Cursos - Exitosamente Sq<\/title>\n<meta name=\"robots\" content=\"index, follow, max-snippet:-1, max-image-preview:large, max-video-preview:-1\" \/>\n<link rel=\"canonical\" href=\"https:\/\/cursodepnl.com\/exitosq\/cursos-principales\/\" \/>\n<meta property=\"og:locale\" content=\"es_ES\" \/>\n<meta property=\"og:type\" content=\"article\" \/>\n<meta property=\"og:title\" content=\"Nuestros Principales Cursos - Exitosamente Sq\" \/>\n<meta property=\"og:description\" content=\"NUESTROS PRINCIPALES CURSOS &#8211; 80% MENOS-y espectaculares regalos para tu crecimiento personal! \u00abLa PNL nos ense\u00f1a a ser arquitectos de nuestra propia realidad, construyendo puentes hacia el \u00e9xito y el crecimiento personal.\u00bb &nbsp;Elige los cursos que quieras,porque AQU\u00cd EST\u00c1N todos con un 80% de descuentoy regalos, por tiempo limitado! PENSAMIENTOS CREADORES \u00bfES POSIBLE ATRAER Y [&hellip;]\" \/>\n<meta property=\"og:url\" content=\"https:\/\/cursodepnl.com\/exitosq\/cursos-principales\/\" \/>\n<meta property=\"og:site_name\" content=\"Exitosamente Sq\" \/>\n<meta property=\"article:publisher\" content=\"http:\/\/facebook.com\/pnlonline\" \/>\n<meta property=\"article:modified_time\" content=\"2025-09-20T11:26:43+00:00\" \/>\n<meta property=\"og:image\" content=\"https:\/\/cursodepnl.com\/exitosq\/wp-content\/uploads\/2023\/12\/penscr-e1701959584449.jpg\" \/>\n<meta name=\"twitter:card\" content=\"summary_large_image\" \/>\n<meta name=\"twitter:label1\" content=\"Tiempo de lectura\" \/>\n\t<meta name=\"twitter:data1\" content=\"4 minutos\" \/>\n<script type=\"application\/ld+json\" class=\"yoast-schema-graph\">{\"@context\":\"https:\/\/schema.org\",\"@graph\":[{\"@type\":\"WebPage\",\"@id\":\"https:\/\/cursodepnl.com\/exitosq\/cursos-principales\/\",\"url\":\"https:\/\/cursodepnl.com\/exitosq\/cursos-principales\/\",\"name\":\"Nuestros Principales Cursos - Exitosamente Sq\",\"isPartOf\":{\"@id\":\"https:\/\/cursodepnl.com\/exitosq\/#website\"},\"primaryImageOfPage\":{\"@id\":\"https:\/\/cursodepnl.com\/exitosq\/cursos-principales\/#primaryimage\"},\"image\":{\"@id\":\"https:\/\/cursodepnl.com\/exitosq\/cursos-principales\/#primaryimage\"},\"thumbnailUrl\":\"https:\/\/cursodepnl.com\/exitosq\/wp-content\/uploads\/2023\/12\/penscr-e1701959584449.jpg\",\"datePublished\":\"2023-12-07T14:45:01+00:00\",\"dateModified\":\"2025-09-20T11:26:43+00:00\",\"breadcrumb\":{\"@id\":\"https:\/\/cursodepnl.com\/exitosq\/cursos-principales\/#breadcrumb\"},\"inLanguage\":\"es\",\"potentialAction\":[{\"@type\":\"ReadAction\",\"target\":[\"https:\/\/cursodepnl.com\/exitosq\/cursos-principales\/\"]}]},{\"@type\":\"ImageObject\",\"inLanguage\":\"es\",\"@id\":\"https:\/\/cursodepnl.com\/exitosq\/cursos-principales\/#primaryimage\",\"url\":\"https:\/\/cursodepnl.com\/exitosq\/wp-content\/uploads\/2023\/12\/penscr-e1701959584449.jpg\",\"contentUrl\":\"https:\/\/cursodepnl.com\/exitosq\/wp-content\/uploads\/2023\/12\/penscr-e1701959584449.jpg\",\"width\":404,\"height\":373},{\"@type\":\"BreadcrumbList\",\"@id\":\"https:\/\/cursodepnl.com\/exitosq\/cursos-principales\/#breadcrumb\",\"itemListElement\":[{\"@type\":\"ListItem\",\"position\":1,\"name\":\"Portada\",\"item\":\"https:\/\/cursodepnl.com\/exitosq\/\"},{\"@type\":\"ListItem\",\"position\":2,\"name\":\"Nuestros Principales Cursos\"}]},{\"@type\":\"WebSite\",\"@id\":\"https:\/\/cursodepnl.com\/exitosq\/#website\",\"url\":\"https:\/\/cursodepnl.com\/exitosq\/\",\"name\":\"Exitosamente Sq\",\"description\":\"Exitosamente de Curso De PNL.com\",\"potentialAction\":[{\"@type\":\"SearchAction\",\"target\":{\"@type\":\"EntryPoint\",\"urlTemplate\":\"https:\/\/cursodepnl.com\/exitosq\/?s={search_term_string}\"},\"query-input\":{\"@type\":\"PropertyValueSpecification\",\"valueRequired\":true,\"valueName\":\"search_term_string\"}}],\"inLanguage\":\"es\"}]}<\/script>\n<!-- \/ Yoast SEO plugin. -->","yoast_head_json":{"title":"Nuestros Principales Cursos - Exitosamente Sq","robots":{"index":"index","follow":"follow","max-snippet":"max-snippet:-1","max-image-preview":"max-image-preview:large","max-video-preview":"max-video-preview:-1"},"canonical":"https:\/\/cursodepnl.com\/exitosq\/cursos-principales\/","og_locale":"es_ES","og_type":"article","og_title":"Nuestros Principales Cursos - Exitosamente Sq","og_description":"NUESTROS PRINCIPALES CURSOS &#8211; 80% MENOS-y espectaculares regalos para tu crecimiento personal! \u00abLa PNL nos ense\u00f1a a ser arquitectos de nuestra propia realidad, construyendo puentes hacia el \u00e9xito y el crecimiento personal.\u00bb &nbsp;Elige los cursos que quieras,porque AQU\u00cd EST\u00c1N todos con un 80% de descuentoy regalos, por tiempo limitado! PENSAMIENTOS CREADORES \u00bfES POSIBLE ATRAER Y [&hellip;]","og_url":"https:\/\/cursodepnl.com\/exitosq\/cursos-principales\/","og_site_name":"Exitosamente Sq","article_publisher":"http:\/\/facebook.com\/pnlonline","article_modified_time":"2025-09-20T11:26:43+00:00","og_image":[{"url":"https:\/\/cursodepnl.com\/exitosq\/wp-content\/uploads\/2023\/12\/penscr-e1701959584449.jpg","type":"","width":"","height":""}],"twitter_card":"summary_large_image","twitter_misc":{"Tiempo de lectura":"4 minutos"},"schema":{"@context":"https:\/\/schema.org","@graph":[{"@type":"WebPage","@id":"https:\/\/cursodepnl.com\/exitosq\/cursos-principales\/","url":"https:\/\/cursodepnl.com\/exitosq\/cursos-principales\/","name":"Nuestros Principales Cursos - Exitosamente Sq","isPartOf":{"@id":"https:\/\/cursodepnl.com\/exitosq\/#website"},"primaryImageOfPage":{"@id":"https:\/\/cursodepnl.com\/exitosq\/cursos-principales\/#primaryimage"},"image":{"@id":"https:\/\/cursodepnl.com\/exitosq\/cursos-principales\/#primaryimage"},"thumbnailUrl":"https:\/\/cursodepnl.com\/exitosq\/wp-content\/uploads\/2023\/12\/penscr-e1701959584449.jpg","datePublished":"2023-12-07T14:45:01+00:00","dateModified":"2025-09-20T11:26:43+00:00","breadcrumb":{"@id":"https:\/\/cursodepnl.com\/exitosq\/cursos-principales\/#breadcrumb"},"inLanguage":"es","potentialAction":[{"@type":"ReadAction","target":["https:\/\/cursodepnl.com\/exitosq\/cursos-principales\/"]}]},{"@type":"ImageObject","inLanguage":"es","@id":"https:\/\/cursodepnl.com\/exitosq\/cursos-principales\/#primaryimage","url":"https:\/\/cursodepnl.com\/exitosq\/wp-content\/uploads\/2023\/12\/penscr-e1701959584449.jpg","contentUrl":"https:\/\/cursodepnl.com\/exitosq\/wp-content\/uploads\/2023\/12\/penscr-e1701959584449.jpg","width":404,"height":373},{"@type":"BreadcrumbList","@id":"https:\/\/cursodepnl.com\/exitosq\/cursos-principales\/#breadcrumb","itemListElement":[{"@type":"ListItem","position":1,"name":"Portada","item":"https:\/\/cursodepnl.com\/exitosq\/"},{"@type":"ListItem","position":2,"name":"Nuestros Principales Cursos"}]},{"@type":"WebSite","@id":"https:\/\/cursodepnl.com\/exitosq\/#website","url":"https:\/\/cursodepnl.com\/exitosq\/","name":"Exitosamente Sq","description":"Exitosamente de Curso De PNL.com","potentialAction":[{"@type":"SearchAction","target":{"@type":"EntryPoint","urlTemplate":"https:\/\/cursodepnl.com\/exitosq\/?s={search_term_string}"},"query-input":{"@type":"PropertyValueSpecification","valueRequired":true,"valueName":"search_term_string"}}],"inLanguage":"es"}]}},"_links":{"self":[{"href":"https:\/\/cursodepnl.com\/exitosq\/wp-json\/wp\/v2\/pages\/15351","targetHints":{"allow":["GET"]}}],"collection":[{"href":"https:\/\/cursodepnl.com\/exitosq\/wp-json\/wp\/v2\/pages"}],"about":[{"href":"https:\/\/cursodepnl.com\/exitosq\/wp-json\/wp\/v2\/types\/page"}],"author":[{"embeddable":true,"href":"https:\/\/cursodepnl.com\/exitosq\/wp-json\/wp\/v2\/users\/1"}],"replies":[{"embeddable":true,"href":"https:\/\/cursodepnl.com\/exitosq\/wp-json\/wp\/v2\/comments?post=15351"}],"version-history":[{"count":34,"href":"https:\/\/cursodepnl.com\/exitosq\/wp-json\/wp\/v2\/pages\/15351\/revisions"}],"predecessor-version":[{"id":16984,"href":"https:\/\/cursodepnl.com\/exitosq\/wp-json\/wp\/v2\/pages\/15351\/revisions\/16984"}],"wp:attachment":[{"href":"https:\/\/cursodepnl.com\/exitosq\/wp-json\/wp\/v2\/media?parent=15351"}],"curies":[{"name":"wp","href":"https:\/\/api.w.org\/{rel}","templated":true}]}}