{"id":15924,"date":"2024-02-23T13:14:54","date_gmt":"2024-02-23T13:14:54","guid":{"rendered":"https:\/\/cursodepnl.com\/exitosq\/?page_id=15924"},"modified":"2025-09-19T01:00:57","modified_gmt":"2025-09-19T01:00:57","slug":"guia-ansiedad-ttv-art","status":"publish","type":"page","link":"https:\/\/cursodepnl.com\/exitosq\/guia-ansiedad-ttv-art\/","title":{"rendered":"Guia Ansiedad TTV art"},"content":{"rendered":"<h2>GU\u00cdA DE ACCI\u00d3N sin cargo hoy!<\/h2>\n<p><img decoding=\"async\" src=\"https:\/\/cursodepnl.com\/exitosq\/wp-content\/uploads\/2023\/11\/reducirlaansiedadtodo-1.jpg\" alt=\"\" title=\"reducirlaansiedadtodo (1)\" width=\"1005\" height=\"701\" data-op3-attachment-id=\"14949\" loading=\"lazy\" \/><\/p>\n<h2>Reducir la Ansiedad en Segundos con una simple t\u00e9cnica de PNL<\/h2>\n<h2>Dinos d\u00f3nde quieres recibirla:<\/h2>\n<p><a href=\"#\" class=\"op3-link op3-background-ancestor\" target=\"_self\" data-op-action=\"link\" data-op3-smooth-scroll=\"0\" data-op-effect-style=\"\" data-op-effect-style-hover=\"\" data-op-courseaction=\"\" rel=\"noopener\">QUIERO RECIBIR LA GU\u00cdA!<\/a><\/p>\n<p>ACCEDE HOY!TIEMPO LIMITADO<\/p>\n<p><img decoding=\"async\" src=\"https:\/\/cursodepnl.com\/exitosq\/wp-content\/uploads\/2023\/09\/pnln2023-2.jpg\" alt=\"\" title=\"pnln2023-2\" width=\"788\" height=\"413\" data-op3-attachment-id=\"14564\" loading=\"lazy\" \/><\/p>\n<p>SOFIA CONTICREADORA DE CURSODEPNL.COM<\/p>\n<p><a href=\"http:\/\/cursodepnl.com\">Curso Pr\u00e1ctico de PNL a distancia<\/a> \u00a9 2007- 2024. Todos los derechos reservados.<br \/>\n<a href=\"https:\/\/cursodepnl.com\/exitosq\/contacto-pnl\/\">Contacto | <\/a> <a href=\"http:\/\/cursodepnl.com\/contacto\/privacidad\">Privacidad |<\/a> <a href=\"http:\/\/cursodepnl.com\/contacto\/terminos-legales\">T\u00e9rminos Legales |<\/a> <a href=\"http:\/\/cursodepnl.com\/contacto\/antispam\">Antispam |<\/a> <a href=\"http:\/\/cursodepnl.com\/contacto\/responsabilidad\">Responsabilidad<\/a><\/p>\n","protected":false},"excerpt":{"rendered":"<p>GU\u00cdA DE ACCI\u00d3N sin cargo hoy! Reducir la Ansiedad en Segundos con una simple t\u00e9cnica de PNL Dinos d\u00f3nde quieres recibirla: QUIERO RECIBIR LA GU\u00cdA! ACCEDE HOY!TIEMPO LIMITADO SOFIA CONTICREADORA DE CURSODEPNL.COM Curso Pr\u00e1ctico de PNL a distancia \u00a9 2007- 2024. Todos los derechos reservados. Contacto | Privacidad | T\u00e9rminos Legales | Antispam | Responsabilidad<\/p>\n","protected":false},"author":1,"featured_media":0,"parent":0,"menu_order":0,"comment_status":"closed","ping_status":"closed","template":"op_builder_blank","meta":{"_joinchat":[],"footnotes":""},"class_list":["post-15924","page","type-page","status-publish","hentry"],"yoast_head":"<!-- This site is optimized with the Yoast SEO plugin v25.4 - https:\/\/yoast.com\/wordpress\/plugins\/seo\/ -->\n<title>Guia Ansiedad TTV art - Exitosamente Sq<\/title>\n<meta name=\"robots\" content=\"index, follow, max-snippet:-1, max-image-preview:large, max-video-preview:-1\" \/>\n<link rel=\"canonical\" href=\"https:\/\/cursodepnl.com\/exitosq\/guia-ansiedad-ttv-art\/\" \/>\n<meta property=\"og:locale\" content=\"es_ES\" \/>\n<meta property=\"og:type\" content=\"article\" \/>\n<meta property=\"og:title\" content=\"Guia Ansiedad TTV art - Exitosamente Sq\" \/>\n<meta property=\"og:description\" content=\"GU\u00cdA DE ACCI\u00d3N sin cargo hoy! Reducir la Ansiedad en Segundos con una simple t\u00e9cnica de PNL Dinos d\u00f3nde quieres recibirla: QUIERO RECIBIR LA GU\u00cdA! ACCEDE HOY!TIEMPO LIMITADO SOFIA CONTICREADORA DE CURSODEPNL.COM Curso Pr\u00e1ctico de PNL a distancia \u00a9 2007- 2024. Todos los derechos reservados. Contacto | Privacidad | T\u00e9rminos Legales | Antispam | Responsabilidad\" \/>\n<meta property=\"og:url\" content=\"https:\/\/cursodepnl.com\/exitosq\/guia-ansiedad-ttv-art\/\" \/>\n<meta property=\"og:site_name\" content=\"Exitosamente Sq\" \/>\n<meta property=\"article:publisher\" content=\"http:\/\/facebook.com\/pnlonline\" \/>\n<meta property=\"article:modified_time\" content=\"2025-09-19T01:00:57+00:00\" \/>\n<meta property=\"og:image\" content=\"https:\/\/cursodepnl.com\/exitosq\/wp-content\/uploads\/2023\/11\/reducirlaansiedadtodo-1.jpg\" \/>\n<meta name=\"twitter:card\" content=\"summary_large_image\" \/>\n<meta name=\"twitter:label1\" content=\"Tiempo de lectura\" \/>\n\t<meta name=\"twitter:data1\" content=\"1 minuto\" \/>\n<script type=\"application\/ld+json\" class=\"yoast-schema-graph\">{\"@context\":\"https:\/\/schema.org\",\"@graph\":[{\"@type\":\"WebPage\",\"@id\":\"https:\/\/cursodepnl.com\/exitosq\/guia-ansiedad-ttv-art\/\",\"url\":\"https:\/\/cursodepnl.com\/exitosq\/guia-ansiedad-ttv-art\/\",\"name\":\"Guia Ansiedad TTV art - Exitosamente Sq\",\"isPartOf\":{\"@id\":\"https:\/\/cursodepnl.com\/exitosq\/#website\"},\"primaryImageOfPage\":{\"@id\":\"https:\/\/cursodepnl.com\/exitosq\/guia-ansiedad-ttv-art\/#primaryimage\"},\"image\":{\"@id\":\"https:\/\/cursodepnl.com\/exitosq\/guia-ansiedad-ttv-art\/#primaryimage\"},\"thumbnailUrl\":\"https:\/\/cursodepnl.com\/exitosq\/wp-content\/uploads\/2023\/11\/reducirlaansiedadtodo-1.jpg\",\"datePublished\":\"2024-02-23T13:14:54+00:00\",\"dateModified\":\"2025-09-19T01:00:57+00:00\",\"breadcrumb\":{\"@id\":\"https:\/\/cursodepnl.com\/exitosq\/guia-ansiedad-ttv-art\/#breadcrumb\"},\"inLanguage\":\"es\",\"potentialAction\":[{\"@type\":\"ReadAction\",\"target\":[\"https:\/\/cursodepnl.com\/exitosq\/guia-ansiedad-ttv-art\/\"]}]},{\"@type\":\"ImageObject\",\"inLanguage\":\"es\",\"@id\":\"https:\/\/cursodepnl.com\/exitosq\/guia-ansiedad-ttv-art\/#primaryimage\",\"url\":\"https:\/\/cursodepnl.com\/exitosq\/wp-content\/uploads\/2023\/11\/reducirlaansiedadtodo-1.jpg\",\"contentUrl\":\"https:\/\/cursodepnl.com\/exitosq\/wp-content\/uploads\/2023\/11\/reducirlaansiedadtodo-1.jpg\",\"width\":1005,\"height\":701},{\"@type\":\"BreadcrumbList\",\"@id\":\"https:\/\/cursodepnl.com\/exitosq\/guia-ansiedad-ttv-art\/#breadcrumb\",\"itemListElement\":[{\"@type\":\"ListItem\",\"position\":1,\"name\":\"Portada\",\"item\":\"https:\/\/cursodepnl.com\/exitosq\/\"},{\"@type\":\"ListItem\",\"position\":2,\"name\":\"Guia Ansiedad TTV art\"}]},{\"@type\":\"WebSite\",\"@id\":\"https:\/\/cursodepnl.com\/exitosq\/#website\",\"url\":\"https:\/\/cursodepnl.com\/exitosq\/\",\"name\":\"Exitosamente Sq\",\"description\":\"Exitosamente de Curso De PNL.com\",\"potentialAction\":[{\"@type\":\"SearchAction\",\"target\":{\"@type\":\"EntryPoint\",\"urlTemplate\":\"https:\/\/cursodepnl.com\/exitosq\/?s={search_term_string}\"},\"query-input\":{\"@type\":\"PropertyValueSpecification\",\"valueRequired\":true,\"valueName\":\"search_term_string\"}}],\"inLanguage\":\"es\"}]}<\/script>\n<!-- \/ Yoast SEO plugin. -->","yoast_head_json":{"title":"Guia Ansiedad TTV art - Exitosamente Sq","robots":{"index":"index","follow":"follow","max-snippet":"max-snippet:-1","max-image-preview":"max-image-preview:large","max-video-preview":"max-video-preview:-1"},"canonical":"https:\/\/cursodepnl.com\/exitosq\/guia-ansiedad-ttv-art\/","og_locale":"es_ES","og_type":"article","og_title":"Guia Ansiedad TTV art - Exitosamente Sq","og_description":"GU\u00cdA DE ACCI\u00d3N sin cargo hoy! Reducir la Ansiedad en Segundos con una simple t\u00e9cnica de PNL Dinos d\u00f3nde quieres recibirla: QUIERO RECIBIR LA GU\u00cdA! ACCEDE HOY!TIEMPO LIMITADO SOFIA CONTICREADORA DE CURSODEPNL.COM Curso Pr\u00e1ctico de PNL a distancia \u00a9 2007- 2024. Todos los derechos reservados. Contacto | Privacidad | T\u00e9rminos Legales | Antispam | Responsabilidad","og_url":"https:\/\/cursodepnl.com\/exitosq\/guia-ansiedad-ttv-art\/","og_site_name":"Exitosamente Sq","article_publisher":"http:\/\/facebook.com\/pnlonline","article_modified_time":"2025-09-19T01:00:57+00:00","og_image":[{"url":"https:\/\/cursodepnl.com\/exitosq\/wp-content\/uploads\/2023\/11\/reducirlaansiedadtodo-1.jpg","type":"","width":"","height":""}],"twitter_card":"summary_large_image","twitter_misc":{"Tiempo de lectura":"1 minuto"},"schema":{"@context":"https:\/\/schema.org","@graph":[{"@type":"WebPage","@id":"https:\/\/cursodepnl.com\/exitosq\/guia-ansiedad-ttv-art\/","url":"https:\/\/cursodepnl.com\/exitosq\/guia-ansiedad-ttv-art\/","name":"Guia Ansiedad TTV art - Exitosamente Sq","isPartOf":{"@id":"https:\/\/cursodepnl.com\/exitosq\/#website"},"primaryImageOfPage":{"@id":"https:\/\/cursodepnl.com\/exitosq\/guia-ansiedad-ttv-art\/#primaryimage"},"image":{"@id":"https:\/\/cursodepnl.com\/exitosq\/guia-ansiedad-ttv-art\/#primaryimage"},"thumbnailUrl":"https:\/\/cursodepnl.com\/exitosq\/wp-content\/uploads\/2023\/11\/reducirlaansiedadtodo-1.jpg","datePublished":"2024-02-23T13:14:54+00:00","dateModified":"2025-09-19T01:00:57+00:00","breadcrumb":{"@id":"https:\/\/cursodepnl.com\/exitosq\/guia-ansiedad-ttv-art\/#breadcrumb"},"inLanguage":"es","potentialAction":[{"@type":"ReadAction","target":["https:\/\/cursodepnl.com\/exitosq\/guia-ansiedad-ttv-art\/"]}]},{"@type":"ImageObject","inLanguage":"es","@id":"https:\/\/cursodepnl.com\/exitosq\/guia-ansiedad-ttv-art\/#primaryimage","url":"https:\/\/cursodepnl.com\/exitosq\/wp-content\/uploads\/2023\/11\/reducirlaansiedadtodo-1.jpg","contentUrl":"https:\/\/cursodepnl.com\/exitosq\/wp-content\/uploads\/2023\/11\/reducirlaansiedadtodo-1.jpg","width":1005,"height":701},{"@type":"BreadcrumbList","@id":"https:\/\/cursodepnl.com\/exitosq\/guia-ansiedad-ttv-art\/#breadcrumb","itemListElement":[{"@type":"ListItem","position":1,"name":"Portada","item":"https:\/\/cursodepnl.com\/exitosq\/"},{"@type":"ListItem","position":2,"name":"Guia Ansiedad TTV art"}]},{"@type":"WebSite","@id":"https:\/\/cursodepnl.com\/exitosq\/#website","url":"https:\/\/cursodepnl.com\/exitosq\/","name":"Exitosamente Sq","description":"Exitosamente de Curso De PNL.com","potentialAction":[{"@type":"SearchAction","target":{"@type":"EntryPoint","urlTemplate":"https:\/\/cursodepnl.com\/exitosq\/?s={search_term_string}"},"query-input":{"@type":"PropertyValueSpecification","valueRequired":true,"valueName":"search_term_string"}}],"inLanguage":"es"}]}},"_links":{"self":[{"href":"https:\/\/cursodepnl.com\/exitosq\/wp-json\/wp\/v2\/pages\/15924","targetHints":{"allow":["GET"]}}],"collection":[{"href":"https:\/\/cursodepnl.com\/exitosq\/wp-json\/wp\/v2\/pages"}],"about":[{"href":"https:\/\/cursodepnl.com\/exitosq\/wp-json\/wp\/v2\/types\/page"}],"author":[{"embeddable":true,"href":"https:\/\/cursodepnl.com\/exitosq\/wp-json\/wp\/v2\/users\/1"}],"replies":[{"embeddable":true,"href":"https:\/\/cursodepnl.com\/exitosq\/wp-json\/wp\/v2\/comments?post=15924"}],"version-history":[{"count":1,"href":"https:\/\/cursodepnl.com\/exitosq\/wp-json\/wp\/v2\/pages\/15924\/revisions"}],"predecessor-version":[{"id":15925,"href":"https:\/\/cursodepnl.com\/exitosq\/wp-json\/wp\/v2\/pages\/15924\/revisions\/15925"}],"wp:attachment":[{"href":"https:\/\/cursodepnl.com\/exitosq\/wp-json\/wp\/v2\/media?parent=15924"}],"curies":[{"name":"wp","href":"https:\/\/api.w.org\/{rel}","templated":true}]}}