{"id":16825,"date":"2024-04-23T18:25:04","date_gmt":"2024-04-23T18:25:04","guid":{"rendered":"https:\/\/cursodepnl.com\/exitosq\/?page_id=16825"},"modified":"2024-05-21T12:27:08","modified_gmt":"2024-05-21T12:27:08","slug":"workshop-habitos-negativos","status":"publish","type":"page","link":"https:\/\/cursodepnl.com\/exitosq\/workshop-habitos-negativos\/","title":{"rendered":"WorkShop Habitos Negativos"},"content":{"rendered":"<h2>HOY, OFERTA POR LANZAMIENTO!<\/h2>\n<h1>Aprende HOY una forma efectiva y probada para eliminar h\u00e1bitos negativos&#8230;<\/h1>\n<h2>y liberarse de ellos&#8230;para siempre!Explicado en un curso completo en video<\/h2>\n<p>\u00bfCansada\/o de luchar contra los h\u00e1bitos negativos, d\u00eda tras d\u00eda&#8230;<br \/>\n&#8230;s\u00f3lo para terminar con m\u00e1s frustraci\u00f3n, ansiedad y enojo contigo, sinti\u00e9ndote atrapada\/o en un ciclo sin fin?<\/p>\n<h2>Si es as\u00ed, entonces lo que te voy a contar aqu\u00ed te va a encantar&#8230;y, sobre todo, te servir\u00e1 mucho!<\/h2>\n<p>Soy Sof\u00eda Conti, y durante casi 20 a\u00f1os he ayudado a miles de personas a transformar sus vidas e diferentes \u00e1reas y tambi\u00e9n eliminando los h\u00e1bitos negativos que les imped\u00edan vivir una vida en armon\u00eda.<br \/>\nHoy quiero compartir contigo el m\u00e9todo probado y comprobado que he utilizado para lograr excelentes resultados&#8230;<\/p>\n<p>&#8230;y as\u00ed Eliminar H\u00e1bitos Negativos para sacar de la vida las osas que nos afectan a la salud f\u00edsica y emocional.<\/p>\n<p><img decoding=\"async\"  class=\"op3-element__image op3-element-image__image\" src=\"https:\/\/cursodepnl.com\/exitosq\/wp-content\/uploads\/2024\/04\/hab-1.jpg\" alt=\"\" title=\"hab (1)\" width=\"939\" height=\"337\" data-op3-attachment-id=\"16868\" loading=\"lazy\" \/><\/p>\n<h2>Con lo que aprendes en este curso online podr\u00e1s:<\/h2>\n<p>descubrir por qu\u00e9 puede que sientas miedo, frustraci\u00f3n, enojo, pesimismo y estr\u00e9s de manera cr\u00f3nica (son h\u00e1bitos, aunque no lo sepas)aprender c\u00f3mo hacer para, como si apretaran un interruptor en tu mente, cambiar todo eso a un modo m\u00e1s optimista y constructivo (en cualquier circunstancia)identificar tus h\u00e1bitos negativos m\u00e1s destructivos de ra\u00edz (incluso aquellos de los que ni siquiera eres conciente)descubrir el VERDADERO motivo por el que se hace tan dif\u00edcil combatir los malos h\u00e1bitos y aprender a&nbsp;hacerlo de un modo estrat\u00e9gico y efectivopor qu\u00e9 se hace tan dif\u00edcil vivir el presente, y estar constantemente viviendo en el pasado negativola ciencia detr\u00e1s de por qu\u00e9 es tan complejo cambiar h\u00e1bitos negativos (3 hechos cient\u00edficos que te sorprender\u00e1n) para evitarloc\u00f3mo usar la forma en que est\u00e1 programado el cerebro para liberarte para siempre de estos h\u00e1bitos e incorporar h\u00e1bitos positivospor qu\u00e9 la fuerza de voluntad no te sirve para dejar un h\u00e1bito negativo a largo plazo (y qu\u00e9 s\u00ed te servir\u00e1)la forma correcta de lograr determinaci\u00f3n para vencer cualquier obst\u00e1culo en tu camino de liberaci\u00f3n del vicioY mucho, mucho m\u00e1s&#8230;<\/p>\n<p>Ya no tendr\u00e1s que seguir luchando contra ti, tu cerebro y tus h\u00e1bitos negativos d\u00eda tras d\u00eda&#8230;<\/p>\n<p>&#8230;porque los eliminar\u00e1s de ra\u00edz de una vez por todas!<br \/>\nPero eso no es todo.<\/p>\n<h2>Adem\u00e1s de este m\u00e9todo tambi\u00e9n recibir\u00e1s acceso junto con&nbsp;el Curso EN VIDEO:<\/h2>\n<p><img decoding=\"async\"  class=\"op3-element__image op3-element-image__image\" src=\"https:\/\/cursodepnl.com\/exitosq\/wp-content\/uploads\/2024\/04\/habitosnegativos.jpg\" alt=\"\" title=\"habitosnegativos\" width=\"857\" height=\"588\" data-op3-attachment-id=\"16855\" loading=\"lazy\" \/>El Curso completo escrito para que puedas leerlo cuando quierasLas capturas de la presentaci\u00f3n completa, para que puedas ir siguiendo durante el workshop o repasarla luegoLa Gu\u00eda de acci\u00f3n con los pasos y las preguntas que te permiten aplicar todo el contenido, para que sepas qu\u00e9 hacer (y qu\u00e9 no)Audios concretos para favorecer sacar h\u00e1bitos negativos (ya ver\u00e1s en qu\u00e9 consiste este incre\u00edble y relajante regalo)Acceso de por vida a todo el materialOpci\u00f3n de recibir soporte personalizadoY un regalo exclusivo por asistir a este workshop \u00fanico en espa\u00f1ol!<\/p>\n<h2>\u00bfC\u00f3mo te sentir\u00edas si pudieras&#8230;?<\/h2>\n<p>dejar atr\u00e1s el estr\u00e9s, la ansiedad y el miedo que te paralizan.transformar tus pensamientos negativos en positivos y optimistas.actuar desde el \u00abasiento del conductor\u00bb de tu vida, tomando el control de tus h\u00e1bitos y decisiones.disfrutar de una vida m\u00e1s plena, libre de la carga de los h\u00e1bitos que ya no te sirven.<\/p>\n<h2>&nbsp;ESTOS SON ALGUNOS TESTIMONIOS DE NUESTROS ALUMNOS<\/h2>\n<p><img decoding=\"async\"  class=\"op3-element__image op3-element-image__image\" src=\"https:\/\/cursodepnl.com\/exitosq\/wp-content\/uploads\/2023\/12\/testimoniosIG.png\" alt=\"\" title=\"testimoniosIG\" width=\"1000\" height=\"600\" data-op3-attachment-id=\"15542\" loading=\"lazy\" \/><img decoding=\"async\"  class=\"op3-element__image op3-element-image__image\" src=\"https:\/\/cursodepnl.com\/exitosq\/wp-content\/uploads\/2024\/04\/22te.jpg\" alt=\"\" title=\"22te\" width=\"1118\" height=\"185\" data-op3-attachment-id=\"16871\" loading=\"lazy\" \/><img decoding=\"async\"  class=\"op3-element__image op3-element-image__image\" src=\"https:\/\/cursodepnl.com\/exitosq\/wp-content\/uploads\/2024\/04\/Screenshot_2.jpg\" alt=\"\" title=\"Screenshot_2\" width=\"744\" height=\"237\" data-op3-attachment-id=\"16870\" loading=\"lazy\" \/><img decoding=\"async\"  class=\"op3-element__image op3-element-image__image\" src=\"https:\/\/cursodepnl.com\/exitosq\/wp-content\/uploads\/2024\/04\/777T.jpg\" alt=\"\" title=\"777T\" width=\"515\" height=\"309\" data-op3-attachment-id=\"16887\" loading=\"lazy\" \/><img decoding=\"async\"  class=\"op3-element__image op3-element-image__image\" src=\"https:\/\/cursodepnl.com\/exitosq\/wp-content\/uploads\/2024\/04\/888T.jpg\" alt=\"\" title=\"888T\" width=\"452\" height=\"314\" data-op3-attachment-id=\"16886\" loading=\"lazy\" \/><\/p>\n<p>Hoy es el momento ideal para volver a tomar el control de tu vida y dejar atr\u00e1s esos h\u00e1bitos negativos que han estado caus\u00e1ndote frustraci\u00f3n y dolor durante tanto tiempo!<\/p>\n<h2>ADEM\u00c1S HOY, Y S\u00d3LO AQU\u00cd, VAS A RECIBIR DE REGALO CON TU ACCESO AL WORKSHOP:<\/h2>\n<p><img decoding=\"async\"  class=\"op3-element__image op3-element-image__image\" src=\"https:\/\/cursodepnl.com\/exitosq\/wp-content\/uploads\/2024\/04\/confi.png\" alt=\"\" title=\"confi\" width=\"940\" height=\"788\" data-op3-attachment-id=\"16876\" loading=\"lazy\" \/><\/p>\n<h3>AUDIO PARA POTENCIAR TU SEGURIDAD INTERNA<\/h3>\n<p>Audio relajante con sonidos de la naturaleza con frecuencias de fondo para aumentar tu confianza interior y autoestima<\/p>\n<p><img decoding=\"async\"  class=\"op3-element__image op3-element-image__image\" src=\"https:\/\/cursodepnl.com\/exitosq\/wp-content\/uploads\/2024\/04\/endorfinas-1.png\" alt=\"\" title=\"endorfinas (1)\" width=\"940\" height=\"788\" data-op3-attachment-id=\"16877\" loading=\"lazy\" \/><\/p>\n<h3>AUDIO PARA GENERAR ENDORFINAS DE FORMA NATURAL<\/h3>\n<p>Para obtener una sensaci\u00f3n de bienestar en el momento que necesites y te ayude a eliminar los h\u00e1bitos negativos que hayas elegido sacar de tu vida.&nbsp;<\/p>\n<p><img decoding=\"async\"  class=\"op3-element__image op3-element-image__image\" src=\"https:\/\/cursodepnl.com\/exitosq\/wp-content\/uploads\/2024\/04\/garantiahabitos.jpg\" alt=\"\" title=\"garantiahabitos\" width=\"310\" height=\"302\" data-op3-attachment-id=\"16878\" loading=\"lazy\" \/><\/p>\n<h3>GARANT\u00cdA LIBRE DE TODO RIESGO:<\/h3>\n<p>De hecho, estamos tan seguros de que este taller transformar\u00e1 tu vida que te damos una garant\u00eda sin riesgos del 100%: lo pruebas durante 30 d\u00edas completos y si por alguna raz\u00f3n no logras eliminar esos h\u00e1bitos negativos de ra\u00edz aplicando nuestras t\u00e9cnicas&#8230; \u00a1te devolvemos tu pago!<\/p>\n<h2>\u00a1Y HOY, s\u00f3lo aqu\u00ed, puedes obtener todo esto por la peque\u00f1a inversi\u00f3n de 197 47<\/h2>\n<h2>S\u00f3lo 17 HOY, por \u00fanica vez!O EL EQUIVALENTE EN TU MONEDA LOCAL por oferta de lanzamiento!<\/h2>\n<p><a href name=\"pagos\"><\/a><\/p>\n<p>ARGENTINA&nbsp;147000&nbsp;s\u00f3lo 17900 $ ARG<\/p>\n<p>OPCI\u00d3N 1: TARJETAS o EFECTIVO: UN PAGO de 147.900 s\u00f3lo 17900 $ AR HOY!<\/p>\n<p>OPCI\u00d3N 2: DEP\u00d3SITO O TRANSFERENCIA BANCARIA<br \/>\n<a href=\"https:\/\/cursodepnl.com\/exitosq\/datos-cuenta-2\/\"><img decoding=\"async\"  src=\"https:\/\/cursodepnl.com\/exitosq\/wp-content\/uploads\/2016\/03\/ctaarg.jpg\" loading=\"lazy\"><\/a><\/p>\n<p>CHILE&nbsp;110000&nbsp; s\u00f3lo 16200 $ CH&nbsp;<\/p>\n<p id=\"chile\" style=\"text-align: center;\"><strong>OPCI\u00d3N 1:<\/strong> \u00danico pago de <strong>s\u00f3lo<\/strong> 16.200 $ chilenos<\/p>\n","protected":false},"excerpt":{"rendered":"<p>HOY, OFERTA POR LANZAMIENTO! Aprende HOY una forma efectiva y probada para eliminar h\u00e1bitos negativos&#8230; y liberarse de ellos&#8230;para siempre!Explicado en un curso completo en video \u00bfCansada\/o de luchar contra los h\u00e1bitos negativos, d\u00eda tras d\u00eda&#8230; &#8230;s\u00f3lo para terminar con m\u00e1s frustraci\u00f3n, ansiedad y enojo contigo, sinti\u00e9ndote atrapada\/o en un ciclo sin fin? Si es [&hellip;]<\/p>\n","protected":false},"author":1,"featured_media":0,"parent":0,"menu_order":0,"comment_status":"closed","ping_status":"closed","template":"op_builder_full_width","meta":{"_joinchat":[],"footnotes":""},"class_list":["post-16825","page","type-page","status-publish","hentry"],"yoast_head":"<!-- This site is optimized with the Yoast SEO plugin v25.4 - https:\/\/yoast.com\/wordpress\/plugins\/seo\/ -->\n<title>WorkShop Habitos Negativos - Exitosamente Sq<\/title>\n<meta name=\"robots\" content=\"index, follow, max-snippet:-1, max-image-preview:large, max-video-preview:-1\" \/>\n<link rel=\"canonical\" href=\"https:\/\/cursodepnl.com\/exitosq\/workshop-habitos-negativos\/\" \/>\n<meta property=\"og:locale\" content=\"es_ES\" \/>\n<meta property=\"og:type\" content=\"article\" \/>\n<meta property=\"og:title\" content=\"WorkShop Habitos Negativos - Exitosamente Sq\" \/>\n<meta property=\"og:description\" content=\"HOY, OFERTA POR LANZAMIENTO! Aprende HOY una forma efectiva y probada para eliminar h\u00e1bitos negativos&#8230; y liberarse de ellos&#8230;para siempre!Explicado en un curso completo en video \u00bfCansada\/o de luchar contra los h\u00e1bitos negativos, d\u00eda tras d\u00eda&#8230; &#8230;s\u00f3lo para terminar con m\u00e1s frustraci\u00f3n, ansiedad y enojo contigo, sinti\u00e9ndote atrapada\/o en un ciclo sin fin? Si es [&hellip;]\" \/>\n<meta property=\"og:url\" content=\"https:\/\/cursodepnl.com\/exitosq\/workshop-habitos-negativos\/\" \/>\n<meta property=\"og:site_name\" content=\"Exitosamente Sq\" \/>\n<meta property=\"article:publisher\" content=\"http:\/\/facebook.com\/pnlonline\" \/>\n<meta property=\"article:modified_time\" content=\"2024-05-21T12:27:08+00:00\" \/>\n<meta property=\"og:image\" content=\"https:\/\/cursodepnl.com\/exitosq\/wp-content\/uploads\/2024\/04\/hab-1.jpg\" \/>\n<meta name=\"twitter:card\" content=\"summary_large_image\" \/>\n<meta name=\"twitter:label1\" content=\"Tiempo de lectura\" \/>\n\t<meta name=\"twitter:data1\" content=\"6 minutos\" \/>\n<script type=\"application\/ld+json\" class=\"yoast-schema-graph\">{\"@context\":\"https:\/\/schema.org\",\"@graph\":[{\"@type\":\"WebPage\",\"@id\":\"https:\/\/cursodepnl.com\/exitosq\/workshop-habitos-negativos\/\",\"url\":\"https:\/\/cursodepnl.com\/exitosq\/workshop-habitos-negativos\/\",\"name\":\"WorkShop Habitos Negativos - Exitosamente Sq\",\"isPartOf\":{\"@id\":\"https:\/\/cursodepnl.com\/exitosq\/#website\"},\"primaryImageOfPage\":{\"@id\":\"https:\/\/cursodepnl.com\/exitosq\/workshop-habitos-negativos\/#primaryimage\"},\"image\":{\"@id\":\"https:\/\/cursodepnl.com\/exitosq\/workshop-habitos-negativos\/#primaryimage\"},\"thumbnailUrl\":\"https:\/\/cursodepnl.com\/exitosq\/wp-content\/uploads\/2024\/04\/hab-1.jpg\",\"datePublished\":\"2024-04-23T18:25:04+00:00\",\"dateModified\":\"2024-05-21T12:27:08+00:00\",\"breadcrumb\":{\"@id\":\"https:\/\/cursodepnl.com\/exitosq\/workshop-habitos-negativos\/#breadcrumb\"},\"inLanguage\":\"es\",\"potentialAction\":[{\"@type\":\"ReadAction\",\"target\":[\"https:\/\/cursodepnl.com\/exitosq\/workshop-habitos-negativos\/\"]}]},{\"@type\":\"ImageObject\",\"inLanguage\":\"es\",\"@id\":\"https:\/\/cursodepnl.com\/exitosq\/workshop-habitos-negativos\/#primaryimage\",\"url\":\"https:\/\/cursodepnl.com\/exitosq\/wp-content\/uploads\/2024\/04\/hab-1.jpg\",\"contentUrl\":\"https:\/\/cursodepnl.com\/exitosq\/wp-content\/uploads\/2024\/04\/hab-1.jpg\",\"width\":939,\"height\":337},{\"@type\":\"BreadcrumbList\",\"@id\":\"https:\/\/cursodepnl.com\/exitosq\/workshop-habitos-negativos\/#breadcrumb\",\"itemListElement\":[{\"@type\":\"ListItem\",\"position\":1,\"name\":\"Portada\",\"item\":\"https:\/\/cursodepnl.com\/exitosq\/\"},{\"@type\":\"ListItem\",\"position\":2,\"name\":\"WorkShop Habitos Negativos\"}]},{\"@type\":\"WebSite\",\"@id\":\"https:\/\/cursodepnl.com\/exitosq\/#website\",\"url\":\"https:\/\/cursodepnl.com\/exitosq\/\",\"name\":\"Exitosamente Sq\",\"description\":\"Exitosamente de Curso De PNL.com\",\"potentialAction\":[{\"@type\":\"SearchAction\",\"target\":{\"@type\":\"EntryPoint\",\"urlTemplate\":\"https:\/\/cursodepnl.com\/exitosq\/?s={search_term_string}\"},\"query-input\":{\"@type\":\"PropertyValueSpecification\",\"valueRequired\":true,\"valueName\":\"search_term_string\"}}],\"inLanguage\":\"es\"}]}<\/script>\n<!-- \/ Yoast SEO plugin. -->","yoast_head_json":{"title":"WorkShop Habitos Negativos - Exitosamente Sq","robots":{"index":"index","follow":"follow","max-snippet":"max-snippet:-1","max-image-preview":"max-image-preview:large","max-video-preview":"max-video-preview:-1"},"canonical":"https:\/\/cursodepnl.com\/exitosq\/workshop-habitos-negativos\/","og_locale":"es_ES","og_type":"article","og_title":"WorkShop Habitos Negativos - Exitosamente Sq","og_description":"HOY, OFERTA POR LANZAMIENTO! Aprende HOY una forma efectiva y probada para eliminar h\u00e1bitos negativos&#8230; y liberarse de ellos&#8230;para siempre!Explicado en un curso completo en video \u00bfCansada\/o de luchar contra los h\u00e1bitos negativos, d\u00eda tras d\u00eda&#8230; &#8230;s\u00f3lo para terminar con m\u00e1s frustraci\u00f3n, ansiedad y enojo contigo, sinti\u00e9ndote atrapada\/o en un ciclo sin fin? Si es [&hellip;]","og_url":"https:\/\/cursodepnl.com\/exitosq\/workshop-habitos-negativos\/","og_site_name":"Exitosamente Sq","article_publisher":"http:\/\/facebook.com\/pnlonline","article_modified_time":"2024-05-21T12:27:08+00:00","og_image":[{"url":"https:\/\/cursodepnl.com\/exitosq\/wp-content\/uploads\/2024\/04\/hab-1.jpg","type":"","width":"","height":""}],"twitter_card":"summary_large_image","twitter_misc":{"Tiempo de lectura":"6 minutos"},"schema":{"@context":"https:\/\/schema.org","@graph":[{"@type":"WebPage","@id":"https:\/\/cursodepnl.com\/exitosq\/workshop-habitos-negativos\/","url":"https:\/\/cursodepnl.com\/exitosq\/workshop-habitos-negativos\/","name":"WorkShop Habitos Negativos - Exitosamente Sq","isPartOf":{"@id":"https:\/\/cursodepnl.com\/exitosq\/#website"},"primaryImageOfPage":{"@id":"https:\/\/cursodepnl.com\/exitosq\/workshop-habitos-negativos\/#primaryimage"},"image":{"@id":"https:\/\/cursodepnl.com\/exitosq\/workshop-habitos-negativos\/#primaryimage"},"thumbnailUrl":"https:\/\/cursodepnl.com\/exitosq\/wp-content\/uploads\/2024\/04\/hab-1.jpg","datePublished":"2024-04-23T18:25:04+00:00","dateModified":"2024-05-21T12:27:08+00:00","breadcrumb":{"@id":"https:\/\/cursodepnl.com\/exitosq\/workshop-habitos-negativos\/#breadcrumb"},"inLanguage":"es","potentialAction":[{"@type":"ReadAction","target":["https:\/\/cursodepnl.com\/exitosq\/workshop-habitos-negativos\/"]}]},{"@type":"ImageObject","inLanguage":"es","@id":"https:\/\/cursodepnl.com\/exitosq\/workshop-habitos-negativos\/#primaryimage","url":"https:\/\/cursodepnl.com\/exitosq\/wp-content\/uploads\/2024\/04\/hab-1.jpg","contentUrl":"https:\/\/cursodepnl.com\/exitosq\/wp-content\/uploads\/2024\/04\/hab-1.jpg","width":939,"height":337},{"@type":"BreadcrumbList","@id":"https:\/\/cursodepnl.com\/exitosq\/workshop-habitos-negativos\/#breadcrumb","itemListElement":[{"@type":"ListItem","position":1,"name":"Portada","item":"https:\/\/cursodepnl.com\/exitosq\/"},{"@type":"ListItem","position":2,"name":"WorkShop Habitos Negativos"}]},{"@type":"WebSite","@id":"https:\/\/cursodepnl.com\/exitosq\/#website","url":"https:\/\/cursodepnl.com\/exitosq\/","name":"Exitosamente Sq","description":"Exitosamente de Curso De PNL.com","potentialAction":[{"@type":"SearchAction","target":{"@type":"EntryPoint","urlTemplate":"https:\/\/cursodepnl.com\/exitosq\/?s={search_term_string}"},"query-input":{"@type":"PropertyValueSpecification","valueRequired":true,"valueName":"search_term_string"}}],"inLanguage":"es"}]}},"_links":{"self":[{"href":"https:\/\/cursodepnl.com\/exitosq\/wp-json\/wp\/v2\/pages\/16825","targetHints":{"allow":["GET"]}}],"collection":[{"href":"https:\/\/cursodepnl.com\/exitosq\/wp-json\/wp\/v2\/pages"}],"about":[{"href":"https:\/\/cursodepnl.com\/exitosq\/wp-json\/wp\/v2\/types\/page"}],"author":[{"embeddable":true,"href":"https:\/\/cursodepnl.com\/exitosq\/wp-json\/wp\/v2\/users\/1"}],"replies":[{"embeddable":true,"href":"https:\/\/cursodepnl.com\/exitosq\/wp-json\/wp\/v2\/comments?post=16825"}],"version-history":[{"count":32,"href":"https:\/\/cursodepnl.com\/exitosq\/wp-json\/wp\/v2\/pages\/16825\/revisions"}],"predecessor-version":[{"id":17364,"href":"https:\/\/cursodepnl.com\/exitosq\/wp-json\/wp\/v2\/pages\/16825\/revisions\/17364"}],"wp:attachment":[{"href":"https:\/\/cursodepnl.com\/exitosq\/wp-json\/wp\/v2\/media?parent=16825"}],"curies":[{"name":"wp","href":"https:\/\/api.w.org\/{rel}","templated":true}]}}