{"id":1748,"date":"2015-09-10T15:10:12","date_gmt":"2015-09-10T15:10:12","guid":{"rendered":"https:\/\/cursodepnl.com\/exitosq\/?page_id=1748"},"modified":"2020-04-20T18:31:24","modified_gmt":"2020-04-20T18:31:24","slug":"cupon-exitosamente-anual","status":"publish","type":"page","link":"https:\/\/cursodepnl.com\/exitosq\/cupon-exitosamente-anual\/","title":{"rendered":"Cup\u00f3n Exitosamente Anual"},"content":{"rendered":"<p><img loading=\"lazy\" decoding=\"async\" class=\"aligncenter\" title=\"barra2\" src=\"http:\/\/bajar-de-peso.com.ar\/wp-content\/uploads\/2010\/07\/barra2.gif\" alt=\"\" width=\"657\" height=\"40\" \/><\/p>\n<p><img loading=\"lazy\" decoding=\"async\" class=\"aligncenter\" src=\"http:\/\/bajar-de-peso.com.ar\/pagos\/wp-content\/uploads\/2015\/06\/PAGOEFECTIVO.jpg\" alt=\"PAGOEFECTIVO\" width=\"157\" height=\"103\" \/><\/p>\n<p style=\"text-align: center;\"><strong><span style=\"font-family: arial, helvetica, sans-serif;\">OPCI\u00d3N V\u00c1LIDA S\u00d3LO PARA PAGO ANUAL CON DESCUENTO INSTANT\u00c1NEO DE 1400 $<\/span><br \/>\n <\/strong><\/p>\n<h4 style=\"text-align: center;\"><strong style=\"font-family: arial, helvetica, sans-serif;\">Crea tu cup\u00f3n personal para realizar el pago anual con descuento en cualquier sucursal.<br \/>\n <\/strong><strong><span style=\"font-family: arial, helvetica, sans-serif;\">Para imprimirlo debes elegir la opci\u00f3n de pago en efectivo y se te generar\u00e1 el cup\u00f3n de pago que puedes imprimir o copiar s\u00f3lo los n\u00fameros de pago para llevar a un Rapipago o Pago F\u00e1cil:<\/span><\/strong><\/h4>\n<p><a mp-mode=\"dftl\" href=\"https:\/\/www.mercadopago.com.ar\/checkout\/v1\/redirect?pref_id=247740434-6c569065-46d1-435a-b0b4-ce4fc340cfe7\" name=\"MP-payButton\" class='blue-ar-l-rn-none'>Pagar<\/a><br \/>\n<script type=\"text\/javascript\">\n(function(){function $MPC_load(){window.$MPC_loaded !== true && (function(){var s = document.createElement(\"script\");s.type = \"text\/javascript\";s.async = true;s.src = document.location.protocol+\"\/\/secure.mlstatic.com\/mptools\/render.js\";var x = document.getElementsByTagName('script')[0];x.parentNode.insertBefore(s, x);window.$MPC_loaded = true;})();}window.$MPC_loaded !== true ? (window.attachEvent ?window.attachEvent('onload', $MPC_load) : window.addEventListener('load', $MPC_load, false)) : null;})();\n<\/script><\/p>\n","protected":false},"excerpt":{"rendered":"<p>OPCI\u00d3N V\u00c1LIDA S\u00d3LO PARA PAGO ANUAL CON DESCUENTO INSTANT\u00c1NEO DE 1400 $ Crea tu cup\u00f3n personal para realizar el pago anual con descuento en cualquier sucursal. Para imprimirlo debes elegir la opci\u00f3n de pago en efectivo y se te generar\u00e1 el cup\u00f3n de pago que puedes imprimir o copiar s\u00f3lo los n\u00fameros de pago para [&hellip;]<\/p>\n","protected":false},"author":1,"featured_media":0,"parent":0,"menu_order":0,"comment_status":"open","ping_status":"open","template":"","meta":{"_joinchat":[],"footnotes":""},"class_list":["post-1748","page","type-page","status-publish","hentry"],"yoast_head":"<!-- This site is optimized with the Yoast SEO plugin v25.4 - https:\/\/yoast.com\/wordpress\/plugins\/seo\/ -->\n<title>Cup\u00f3n Exitosamente Anual - Exitosamente Sq<\/title>\n<meta name=\"robots\" content=\"index, follow, max-snippet:-1, max-image-preview:large, max-video-preview:-1\" \/>\n<link rel=\"canonical\" href=\"https:\/\/cursodepnl.com\/exitosq\/cupon-exitosamente-anual\/\" \/>\n<meta property=\"og:locale\" content=\"es_ES\" \/>\n<meta property=\"og:type\" content=\"article\" \/>\n<meta property=\"og:title\" content=\"Cup\u00f3n Exitosamente Anual - Exitosamente Sq\" \/>\n<meta property=\"og:description\" content=\"OPCI\u00d3N V\u00c1LIDA S\u00d3LO PARA PAGO ANUAL CON DESCUENTO INSTANT\u00c1NEO DE 1400 $ Crea tu cup\u00f3n personal para realizar el pago anual con descuento en cualquier sucursal. Para imprimirlo debes elegir la opci\u00f3n de pago en efectivo y se te generar\u00e1 el cup\u00f3n de pago que puedes imprimir o copiar s\u00f3lo los n\u00fameros de pago para [&hellip;]\" \/>\n<meta property=\"og:url\" content=\"https:\/\/cursodepnl.com\/exitosq\/cupon-exitosamente-anual\/\" \/>\n<meta property=\"og:site_name\" content=\"Exitosamente Sq\" \/>\n<meta property=\"article:publisher\" content=\"http:\/\/facebook.com\/pnlonline\" \/>\n<meta property=\"article:modified_time\" content=\"2020-04-20T18:31:24+00:00\" \/>\n<meta property=\"og:image\" content=\"http:\/\/bajar-de-peso.com.ar\/wp-content\/uploads\/2010\/07\/barra2.gif\" \/>\n<meta name=\"twitter:card\" content=\"summary_large_image\" \/>\n<script type=\"application\/ld+json\" class=\"yoast-schema-graph\">{\"@context\":\"https:\/\/schema.org\",\"@graph\":[{\"@type\":\"WebPage\",\"@id\":\"https:\/\/cursodepnl.com\/exitosq\/cupon-exitosamente-anual\/\",\"url\":\"https:\/\/cursodepnl.com\/exitosq\/cupon-exitosamente-anual\/\",\"name\":\"Cup\u00f3n Exitosamente Anual - Exitosamente Sq\",\"isPartOf\":{\"@id\":\"https:\/\/cursodepnl.com\/exitosq\/#website\"},\"primaryImageOfPage\":{\"@id\":\"https:\/\/cursodepnl.com\/exitosq\/cupon-exitosamente-anual\/#primaryimage\"},\"image\":{\"@id\":\"https:\/\/cursodepnl.com\/exitosq\/cupon-exitosamente-anual\/#primaryimage\"},\"thumbnailUrl\":\"http:\/\/bajar-de-peso.com.ar\/wp-content\/uploads\/2010\/07\/barra2.gif\",\"datePublished\":\"2015-09-10T15:10:12+00:00\",\"dateModified\":\"2020-04-20T18:31:24+00:00\",\"breadcrumb\":{\"@id\":\"https:\/\/cursodepnl.com\/exitosq\/cupon-exitosamente-anual\/#breadcrumb\"},\"inLanguage\":\"es\",\"potentialAction\":[{\"@type\":\"ReadAction\",\"target\":[\"https:\/\/cursodepnl.com\/exitosq\/cupon-exitosamente-anual\/\"]}]},{\"@type\":\"ImageObject\",\"inLanguage\":\"es\",\"@id\":\"https:\/\/cursodepnl.com\/exitosq\/cupon-exitosamente-anual\/#primaryimage\",\"url\":\"http:\/\/bajar-de-peso.com.ar\/wp-content\/uploads\/2010\/07\/barra2.gif\",\"contentUrl\":\"http:\/\/bajar-de-peso.com.ar\/wp-content\/uploads\/2010\/07\/barra2.gif\"},{\"@type\":\"BreadcrumbList\",\"@id\":\"https:\/\/cursodepnl.com\/exitosq\/cupon-exitosamente-anual\/#breadcrumb\",\"itemListElement\":[{\"@type\":\"ListItem\",\"position\":1,\"name\":\"Portada\",\"item\":\"https:\/\/cursodepnl.com\/exitosq\/\"},{\"@type\":\"ListItem\",\"position\":2,\"name\":\"Cup\u00f3n Exitosamente Anual\"}]},{\"@type\":\"WebSite\",\"@id\":\"https:\/\/cursodepnl.com\/exitosq\/#website\",\"url\":\"https:\/\/cursodepnl.com\/exitosq\/\",\"name\":\"Exitosamente Sq\",\"description\":\"Exitosamente de Curso De PNL.com\",\"potentialAction\":[{\"@type\":\"SearchAction\",\"target\":{\"@type\":\"EntryPoint\",\"urlTemplate\":\"https:\/\/cursodepnl.com\/exitosq\/?s={search_term_string}\"},\"query-input\":{\"@type\":\"PropertyValueSpecification\",\"valueRequired\":true,\"valueName\":\"search_term_string\"}}],\"inLanguage\":\"es\"}]}<\/script>\n<!-- \/ Yoast SEO plugin. -->","yoast_head_json":{"title":"Cup\u00f3n Exitosamente Anual - Exitosamente Sq","robots":{"index":"index","follow":"follow","max-snippet":"max-snippet:-1","max-image-preview":"max-image-preview:large","max-video-preview":"max-video-preview:-1"},"canonical":"https:\/\/cursodepnl.com\/exitosq\/cupon-exitosamente-anual\/","og_locale":"es_ES","og_type":"article","og_title":"Cup\u00f3n Exitosamente Anual - Exitosamente Sq","og_description":"OPCI\u00d3N V\u00c1LIDA S\u00d3LO PARA PAGO ANUAL CON DESCUENTO INSTANT\u00c1NEO DE 1400 $ Crea tu cup\u00f3n personal para realizar el pago anual con descuento en cualquier sucursal. Para imprimirlo debes elegir la opci\u00f3n de pago en efectivo y se te generar\u00e1 el cup\u00f3n de pago que puedes imprimir o copiar s\u00f3lo los n\u00fameros de pago para [&hellip;]","og_url":"https:\/\/cursodepnl.com\/exitosq\/cupon-exitosamente-anual\/","og_site_name":"Exitosamente Sq","article_publisher":"http:\/\/facebook.com\/pnlonline","article_modified_time":"2020-04-20T18:31:24+00:00","og_image":[{"url":"http:\/\/bajar-de-peso.com.ar\/wp-content\/uploads\/2010\/07\/barra2.gif","type":"","width":"","height":""}],"twitter_card":"summary_large_image","schema":{"@context":"https:\/\/schema.org","@graph":[{"@type":"WebPage","@id":"https:\/\/cursodepnl.com\/exitosq\/cupon-exitosamente-anual\/","url":"https:\/\/cursodepnl.com\/exitosq\/cupon-exitosamente-anual\/","name":"Cup\u00f3n Exitosamente Anual - Exitosamente Sq","isPartOf":{"@id":"https:\/\/cursodepnl.com\/exitosq\/#website"},"primaryImageOfPage":{"@id":"https:\/\/cursodepnl.com\/exitosq\/cupon-exitosamente-anual\/#primaryimage"},"image":{"@id":"https:\/\/cursodepnl.com\/exitosq\/cupon-exitosamente-anual\/#primaryimage"},"thumbnailUrl":"http:\/\/bajar-de-peso.com.ar\/wp-content\/uploads\/2010\/07\/barra2.gif","datePublished":"2015-09-10T15:10:12+00:00","dateModified":"2020-04-20T18:31:24+00:00","breadcrumb":{"@id":"https:\/\/cursodepnl.com\/exitosq\/cupon-exitosamente-anual\/#breadcrumb"},"inLanguage":"es","potentialAction":[{"@type":"ReadAction","target":["https:\/\/cursodepnl.com\/exitosq\/cupon-exitosamente-anual\/"]}]},{"@type":"ImageObject","inLanguage":"es","@id":"https:\/\/cursodepnl.com\/exitosq\/cupon-exitosamente-anual\/#primaryimage","url":"http:\/\/bajar-de-peso.com.ar\/wp-content\/uploads\/2010\/07\/barra2.gif","contentUrl":"http:\/\/bajar-de-peso.com.ar\/wp-content\/uploads\/2010\/07\/barra2.gif"},{"@type":"BreadcrumbList","@id":"https:\/\/cursodepnl.com\/exitosq\/cupon-exitosamente-anual\/#breadcrumb","itemListElement":[{"@type":"ListItem","position":1,"name":"Portada","item":"https:\/\/cursodepnl.com\/exitosq\/"},{"@type":"ListItem","position":2,"name":"Cup\u00f3n Exitosamente Anual"}]},{"@type":"WebSite","@id":"https:\/\/cursodepnl.com\/exitosq\/#website","url":"https:\/\/cursodepnl.com\/exitosq\/","name":"Exitosamente Sq","description":"Exitosamente de Curso De PNL.com","potentialAction":[{"@type":"SearchAction","target":{"@type":"EntryPoint","urlTemplate":"https:\/\/cursodepnl.com\/exitosq\/?s={search_term_string}"},"query-input":{"@type":"PropertyValueSpecification","valueRequired":true,"valueName":"search_term_string"}}],"inLanguage":"es"}]}},"_links":{"self":[{"href":"https:\/\/cursodepnl.com\/exitosq\/wp-json\/wp\/v2\/pages\/1748","targetHints":{"allow":["GET"]}}],"collection":[{"href":"https:\/\/cursodepnl.com\/exitosq\/wp-json\/wp\/v2\/pages"}],"about":[{"href":"https:\/\/cursodepnl.com\/exitosq\/wp-json\/wp\/v2\/types\/page"}],"author":[{"embeddable":true,"href":"https:\/\/cursodepnl.com\/exitosq\/wp-json\/wp\/v2\/users\/1"}],"replies":[{"embeddable":true,"href":"https:\/\/cursodepnl.com\/exitosq\/wp-json\/wp\/v2\/comments?post=1748"}],"version-history":[{"count":6,"href":"https:\/\/cursodepnl.com\/exitosq\/wp-json\/wp\/v2\/pages\/1748\/revisions"}],"predecessor-version":[{"id":7860,"href":"https:\/\/cursodepnl.com\/exitosq\/wp-json\/wp\/v2\/pages\/1748\/revisions\/7860"}],"wp:attachment":[{"href":"https:\/\/cursodepnl.com\/exitosq\/wp-json\/wp\/v2\/media?parent=1748"}],"curies":[{"name":"wp","href":"https:\/\/api.w.org\/{rel}","templated":true}]}}