{"id":19135,"date":"2024-11-29T13:22:32","date_gmt":"2024-11-29T13:22:32","guid":{"rendered":"https:\/\/cursodepnl.com\/exitosq\/?page_id=19135"},"modified":"2025-09-21T21:27:37","modified_gmt":"2025-09-21T21:27:37","slug":"tecnica-soluciones-pnl-art","status":"publish","type":"page","link":"https:\/\/cursodepnl.com\/exitosq\/tecnica-soluciones-pnl-art\/","title":{"rendered":"Tecnica soluciones PNL art"},"content":{"rendered":"<p><a href=\"\" class=\"op3-link op3-background-ancestor\" target=\"_self\" data-op-action=\"link\" data-op3-smooth-scroll=\"\" data-op-effect-style=\"\" data-op-effect-style-hover=\"\" data-op-courseaction=\"\" rel=\"noopener\">Acceso Gu\u00eda!<\/a><\/p>\n<p>Descubre en esta Gu\u00eda una simple y r\u00e1pida t\u00e9cnica del \u00abSalvavidas Mental\u00bb para resolver f\u00e1cilmente desaf\u00edos y problemas muy comunes y sentirte mejor en segundos. Para&nbsp;cualquier \u00e1mbito de la vida:&nbsp;Trabajo, Relaciones, Salud, Espiritualidad y M\u00e1s.<\/p>\n<p>DINOS D\u00d3NDE TE ENVIAMOS LA GU\u00cdA:<\/p>\n<p><a href=\"#\" class=\"op3-link op3-background-ancestor\" target=\"_self\" data-op-action=\"link\" data-op3-smooth-scroll=\"\" data-op-effect-style=\"\" data-op-effect-style-hover=\"\" data-op-courseaction=\"\" rel=\"noopener\">Recibir la Gu\u00eda Ahora!<\/a><img decoding=\"async\" class=\"op3-element__image op3-element-image__image\" src=\"https:\/\/cursodepnl.com\/exitosq\/wp-content\/uploads\/2024\/11\/67tec.jpg\" alt=\"\" title=\"67tec\" width=\"940\" height=\"507\" data-op3-attachment-id=\"19045\" loading=\"lazy\" \/><img decoding=\"async\" class=\"op3-element__image op3-element-image__image\" src=\"https:\/\/cursodepnl.com\/exitosq\/wp-content\/uploads\/2024\/11\/mujer-exitosamente.jpg\" alt=\"\" title=\"mujer exitosamente\" width=\"564\" height=\"564\" data-op3-attachment-id=\"19069\" loading=\"lazy\" \/><\/p>\n<h2>TESTIMONIOS DE NUESTROS ALUMNOS:<\/h2>\n<h4>\u00abGracias por ense\u00f1arme a confiar en m\u00ed\u00bb<\/h4>\n<p>\u00abGracias por ense\u00f1arme a confiar en m\u00ed, a enfocarme en el presente<br \/>\ny a \u00abno dejar que el pasado determine mi futuro\u00bb como t\u00fa dices.&nbsp; (&#8230;) aprend\u00ed a identificar mis patrones de pensamiento negativos,<br \/>\npara ver qu\u00e9 cambios tengo que hacer en mi interior.<br \/>\n(&#8230;) Gracias Sof\u00eda por este programa, de a poco voy encontrando una mayor satisfacci\u00f3n en mi vida diaria y estoy segura que TTV puede ayudar a muchas personas a encontrar su camino y lograr sus metas.&nbsp;Espero que mi testimonio pueda inspirar a otros y experimentar el mismo tipo de transformaci\u00f3n que yo he tenido y gracias de nuevo por esta oportunidad<br \/>\nde crecimiento personal y profesional.\u00bb<\/p>\n<p><img decoding=\"async\" class=\"op3-element__image op3-element-image__image\" src=\"https:\/\/cursodepnl.com\/exitosq\/wp-content\/uploads\/2024\/05\/1-opdb-op6026e8b5e0eaa6-11586683-1-opdb-op61127220c2af77-21225305.jpg\" alt=\"\" title=\"\" width=\"128\" height=\"128\" data-op3-attachment-id=\"\" loading=\"lazy\" \/><\/p>\n<p>Sandra, Argentina.<\/p>\n<h4>\u00abHaces que me sienta m\u00e1s segura\u00bb<\/h4>\n<p>\u00abMe gusta, porque me haces pensar y sacas pensamientos que<br \/>\nestaban muy arraigados en el subconsciente. &#8230;<br \/>\n&#8230;Haces que me sienta m\u00e1s segura cuando deseo hacer algo,<br \/>\nsin tener tanto en cuenta lo que piensen los dem\u00e1s y centrarme<br \/>\n en lo que yo quiero creer desde mi sentir&#8230;<br \/>\n&#8230;Yo tambi\u00e9n me alegro de formar parte de T.T.V.<br \/>\ny que insistieras conmigo.<br \/>\nGracias por todo lo que me est\u00e1s ense\u00f1ando y<br \/>\n por tu dulzura al transmitirnos las clases.\u00bb<\/p>\n<p><img decoding=\"async\" class=\"op3-element__image op3-element-image__image\" src=\"https:\/\/cursodepnl.com\/exitosq\/wp-content\/uploads\/2024\/05\/1-opdb-op6026e8b5e0eaa6-11586683-2-opdb-op61127220c2af77-21225305.jpg\" alt=\"choose your image\" title=\"\" width=\"128\" height=\"128\" data-op3-attachment-id=\"\" loading=\"lazy\" \/><\/p>\n<p>Paloma, Espa\u00f1a.<\/p>\n<h4>\u00abMe est\u00e1 ayudando mucho\u00bb<\/h4>\n<p>Hola! Estoy siguiendo el curso a mi ritmo ya que es muy movilizador y me gusta leer el material m\u00e1s de una vez.<br \/>\nEstoy muy agradecida con cada entrega y me doy cuenta que me esta ayudando mucho, as\u00ed como tambi\u00e9n el curso de PNL,<br \/>\nya que estoy haciendo ambos .&nbsp; No tengo cr\u00edticas porque ambos<br \/>\ncursos son muy completos y claros. Muchas gracias!!!\u00bb&nbsp;<\/p>\n<p><img decoding=\"async\" class=\"op3-element__image op3-element-image__image\" src=\"https:\/\/cursodepnl.com\/exitosq\/wp-content\/uploads\/2024\/05\/5-opdb-op6026e8b5e0eaa6-11586683-opdb-op61127220c2af77-21225305.jpg\" alt=\"choose your image\" title=\"\" width=\"128\" height=\"128\" data-op3-attachment-id=\"\" loading=\"lazy\" \/><\/p>\n<p>Jos\u00e9 Alberto, M\u00e9xico.<\/p>\n<h4>\u00abHola Sof\u00eda, estoy feliz y quer\u00eda agradecerte\u00bb<\/h4>\n<p>Hola Sof\u00eda, estoy feliz y quer\u00eda agradecerte, porque mucho me han guiado y ayudado tus lecciones &#8230;ya que hay por ah\u00ed mucha teor\u00eda,&#8230;mas tus clases son espec\u00edficas y muy pr\u00e1cticas ,en unos meses he realizado metas que hac\u00eda a\u00f1os deseaba y no pod\u00eda concretar&#8230;muchas gracias Sof\u00eda cumpliste con lo prometido me das mucho m\u00e1s de lo que invierto, un abrazo.&nbsp;<\/p>\n<p><img decoding=\"async\" class=\"op3-element__image op3-element-image__image\" src=\"https:\/\/cursodepnl.com\/exitosq\/wp-content\/uploads\/2024\/05\/2-opdb-op61127220c2af77-21225305.jpg\" alt=\"choose your image\" title=\"\" width=\"128\" height=\"128\" data-op3-attachment-id=\"\" loading=\"lazy\" \/><\/p>\n<p>Estela, Uruguay<\/p>\n<h4>\u00abMuy interesante me ha cambiado mi vida y mucho\u00bb<\/h4>\n<p>\u00ab&#8230;respecto al curso si es muy interesante me ha cambiado mi vida y mucho incluso a mis nietos le he estado ense\u00f1ando ciertas aplicaciones a mis hijos ya profesionales y lo he recomendado para el desarrollo personal\u00bb &nbsp;<\/p>\n<p><img decoding=\"async\" class=\"op3-element__image op3-element-image__image\" src=\"https:\/\/cursodepnl.com\/exitosq\/wp-content\/uploads\/2024\/05\/3-opdb-op61127220c2af77-21225305.jpg\" alt=\"choose your image\" title=\"\" width=\"128\" height=\"128\" data-op3-attachment-id=\"\" loading=\"lazy\" \/><\/p>\n<p>Guillermo, Argentina.<\/p>\n<h4>\u00abMe est\u00e1 encantando el curso\u00bb<\/h4>\n<p>\u00abHola Sofia,<br \/>\nquer\u00eda transmitirte que me est\u00e1 encantando el curso.<br \/>\nNo conoc\u00eda los anclajes y estoy practicando algunos y encuentro que es una herramienta muy potente.<br \/>\n&#8230;Gracias y un saludo\u00bb&nbsp;<\/p>\n<p><img decoding=\"async\" class=\"op3-element__image op3-element-image__image\" src=\"https:\/\/cursodepnl.com\/exitosq\/wp-content\/uploads\/2024\/05\/4-opdb-op61127220c2af77-21225305.jpg\" alt=\"choose your image\" title=\"\" width=\"128\" height=\"128\" data-op3-attachment-id=\"\" loading=\"lazy\" \/><\/p>\n<p>Bego\u00f1a, Espa\u00f1a<\/p>\n<p><a href=\"http:\/\/cursodepnl.com\">Curso Pr\u00e1ctico de PNL a distancia<\/a> \u00a9 2007- 2024. Todos los derechos reservados.<br \/>\n<a href=\"https:\/\/cursodepnl.com\/exitosq\/contacto-pnl\/\">Contacto | <\/a> <a href=\"http:\/\/cursodepnl.com\/contacto\/privacidad\">Privacidad |<\/a> <a href=\"http:\/\/cursodepnl.com\/contacto\/terminos-legales\">T\u00e9rminos Legales |<\/a> <a href=\"http:\/\/cursodepnl.com\/contacto\/antispam\">Antispam |<\/a> <a href=\"http:\/\/cursodepnl.com\/contacto\/responsabilidad\">Responsabilidad<\/a><\/p>\n","protected":false},"excerpt":{"rendered":"<p>Acceso Gu\u00eda! Descubre en esta Gu\u00eda una simple y r\u00e1pida t\u00e9cnica del \u00abSalvavidas Mental\u00bb para resolver f\u00e1cilmente desaf\u00edos y problemas muy comunes y sentirte mejor en segundos. Para&nbsp;cualquier \u00e1mbito de la vida:&nbsp;Trabajo, Relaciones, Salud, Espiritualidad y M\u00e1s. DINOS D\u00d3NDE TE ENVIAMOS LA GU\u00cdA: Recibir la Gu\u00eda Ahora! TESTIMONIOS DE NUESTROS ALUMNOS: \u00abGracias por ense\u00f1arme a [&hellip;]<\/p>\n","protected":false},"author":1,"featured_media":0,"parent":0,"menu_order":0,"comment_status":"closed","ping_status":"closed","template":"op_builder_blank","meta":{"_joinchat":[],"footnotes":""},"class_list":["post-19135","page","type-page","status-publish","hentry"],"yoast_head":"<!-- This site is optimized with the Yoast SEO plugin v25.4 - https:\/\/yoast.com\/wordpress\/plugins\/seo\/ -->\n<title>Tecnica soluciones PNL art - Exitosamente Sq<\/title>\n<meta name=\"robots\" content=\"index, follow, max-snippet:-1, max-image-preview:large, max-video-preview:-1\" \/>\n<link rel=\"canonical\" href=\"https:\/\/cursodepnl.com\/exitosq\/tecnica-soluciones-pnl-art\/\" \/>\n<meta property=\"og:locale\" content=\"es_ES\" \/>\n<meta property=\"og:type\" content=\"article\" \/>\n<meta property=\"og:title\" content=\"Tecnica soluciones PNL art - Exitosamente Sq\" \/>\n<meta property=\"og:description\" content=\"Acceso Gu\u00eda! Descubre en esta Gu\u00eda una simple y r\u00e1pida t\u00e9cnica del \u00abSalvavidas Mental\u00bb para resolver f\u00e1cilmente desaf\u00edos y problemas muy comunes y sentirte mejor en segundos. Para&nbsp;cualquier \u00e1mbito de la vida:&nbsp;Trabajo, Relaciones, Salud, Espiritualidad y M\u00e1s. DINOS D\u00d3NDE TE ENVIAMOS LA GU\u00cdA: Recibir la Gu\u00eda Ahora! TESTIMONIOS DE NUESTROS ALUMNOS: \u00abGracias por ense\u00f1arme a [&hellip;]\" \/>\n<meta property=\"og:url\" content=\"https:\/\/cursodepnl.com\/exitosq\/tecnica-soluciones-pnl-art\/\" \/>\n<meta property=\"og:site_name\" content=\"Exitosamente Sq\" \/>\n<meta property=\"article:publisher\" content=\"http:\/\/facebook.com\/pnlonline\" \/>\n<meta property=\"article:modified_time\" content=\"2025-09-21T21:27:37+00:00\" \/>\n<meta property=\"og:image\" content=\"https:\/\/cursodepnl.com\/exitosq\/wp-content\/uploads\/2024\/11\/67tec.jpg\" \/>\n<meta name=\"twitter:card\" content=\"summary_large_image\" \/>\n<meta name=\"twitter:label1\" content=\"Tiempo de lectura\" \/>\n\t<meta name=\"twitter:data1\" content=\"4 minutos\" \/>\n<script type=\"application\/ld+json\" class=\"yoast-schema-graph\">{\"@context\":\"https:\/\/schema.org\",\"@graph\":[{\"@type\":\"WebPage\",\"@id\":\"https:\/\/cursodepnl.com\/exitosq\/tecnica-soluciones-pnl-art\/\",\"url\":\"https:\/\/cursodepnl.com\/exitosq\/tecnica-soluciones-pnl-art\/\",\"name\":\"Tecnica soluciones PNL art - Exitosamente Sq\",\"isPartOf\":{\"@id\":\"https:\/\/cursodepnl.com\/exitosq\/#website\"},\"primaryImageOfPage\":{\"@id\":\"https:\/\/cursodepnl.com\/exitosq\/tecnica-soluciones-pnl-art\/#primaryimage\"},\"image\":{\"@id\":\"https:\/\/cursodepnl.com\/exitosq\/tecnica-soluciones-pnl-art\/#primaryimage\"},\"thumbnailUrl\":\"https:\/\/cursodepnl.com\/exitosq\/wp-content\/uploads\/2024\/11\/67tec.jpg\",\"datePublished\":\"2024-11-29T13:22:32+00:00\",\"dateModified\":\"2025-09-21T21:27:37+00:00\",\"breadcrumb\":{\"@id\":\"https:\/\/cursodepnl.com\/exitosq\/tecnica-soluciones-pnl-art\/#breadcrumb\"},\"inLanguage\":\"es\",\"potentialAction\":[{\"@type\":\"ReadAction\",\"target\":[\"https:\/\/cursodepnl.com\/exitosq\/tecnica-soluciones-pnl-art\/\"]}]},{\"@type\":\"ImageObject\",\"inLanguage\":\"es\",\"@id\":\"https:\/\/cursodepnl.com\/exitosq\/tecnica-soluciones-pnl-art\/#primaryimage\",\"url\":\"https:\/\/cursodepnl.com\/exitosq\/wp-content\/uploads\/2024\/11\/67tec.jpg\",\"contentUrl\":\"https:\/\/cursodepnl.com\/exitosq\/wp-content\/uploads\/2024\/11\/67tec.jpg\",\"width\":940,\"height\":507},{\"@type\":\"BreadcrumbList\",\"@id\":\"https:\/\/cursodepnl.com\/exitosq\/tecnica-soluciones-pnl-art\/#breadcrumb\",\"itemListElement\":[{\"@type\":\"ListItem\",\"position\":1,\"name\":\"Portada\",\"item\":\"https:\/\/cursodepnl.com\/exitosq\/\"},{\"@type\":\"ListItem\",\"position\":2,\"name\":\"Tecnica soluciones PNL art\"}]},{\"@type\":\"WebSite\",\"@id\":\"https:\/\/cursodepnl.com\/exitosq\/#website\",\"url\":\"https:\/\/cursodepnl.com\/exitosq\/\",\"name\":\"Exitosamente Sq\",\"description\":\"Exitosamente de Curso De PNL.com\",\"potentialAction\":[{\"@type\":\"SearchAction\",\"target\":{\"@type\":\"EntryPoint\",\"urlTemplate\":\"https:\/\/cursodepnl.com\/exitosq\/?s={search_term_string}\"},\"query-input\":{\"@type\":\"PropertyValueSpecification\",\"valueRequired\":true,\"valueName\":\"search_term_string\"}}],\"inLanguage\":\"es\"}]}<\/script>\n<!-- \/ Yoast SEO plugin. -->","yoast_head_json":{"title":"Tecnica soluciones PNL art - Exitosamente Sq","robots":{"index":"index","follow":"follow","max-snippet":"max-snippet:-1","max-image-preview":"max-image-preview:large","max-video-preview":"max-video-preview:-1"},"canonical":"https:\/\/cursodepnl.com\/exitosq\/tecnica-soluciones-pnl-art\/","og_locale":"es_ES","og_type":"article","og_title":"Tecnica soluciones PNL art - Exitosamente Sq","og_description":"Acceso Gu\u00eda! Descubre en esta Gu\u00eda una simple y r\u00e1pida t\u00e9cnica del \u00abSalvavidas Mental\u00bb para resolver f\u00e1cilmente desaf\u00edos y problemas muy comunes y sentirte mejor en segundos. Para&nbsp;cualquier \u00e1mbito de la vida:&nbsp;Trabajo, Relaciones, Salud, Espiritualidad y M\u00e1s. DINOS D\u00d3NDE TE ENVIAMOS LA GU\u00cdA: Recibir la Gu\u00eda Ahora! TESTIMONIOS DE NUESTROS ALUMNOS: \u00abGracias por ense\u00f1arme a [&hellip;]","og_url":"https:\/\/cursodepnl.com\/exitosq\/tecnica-soluciones-pnl-art\/","og_site_name":"Exitosamente Sq","article_publisher":"http:\/\/facebook.com\/pnlonline","article_modified_time":"2025-09-21T21:27:37+00:00","og_image":[{"url":"https:\/\/cursodepnl.com\/exitosq\/wp-content\/uploads\/2024\/11\/67tec.jpg","type":"","width":"","height":""}],"twitter_card":"summary_large_image","twitter_misc":{"Tiempo de lectura":"4 minutos"},"schema":{"@context":"https:\/\/schema.org","@graph":[{"@type":"WebPage","@id":"https:\/\/cursodepnl.com\/exitosq\/tecnica-soluciones-pnl-art\/","url":"https:\/\/cursodepnl.com\/exitosq\/tecnica-soluciones-pnl-art\/","name":"Tecnica soluciones PNL art - Exitosamente Sq","isPartOf":{"@id":"https:\/\/cursodepnl.com\/exitosq\/#website"},"primaryImageOfPage":{"@id":"https:\/\/cursodepnl.com\/exitosq\/tecnica-soluciones-pnl-art\/#primaryimage"},"image":{"@id":"https:\/\/cursodepnl.com\/exitosq\/tecnica-soluciones-pnl-art\/#primaryimage"},"thumbnailUrl":"https:\/\/cursodepnl.com\/exitosq\/wp-content\/uploads\/2024\/11\/67tec.jpg","datePublished":"2024-11-29T13:22:32+00:00","dateModified":"2025-09-21T21:27:37+00:00","breadcrumb":{"@id":"https:\/\/cursodepnl.com\/exitosq\/tecnica-soluciones-pnl-art\/#breadcrumb"},"inLanguage":"es","potentialAction":[{"@type":"ReadAction","target":["https:\/\/cursodepnl.com\/exitosq\/tecnica-soluciones-pnl-art\/"]}]},{"@type":"ImageObject","inLanguage":"es","@id":"https:\/\/cursodepnl.com\/exitosq\/tecnica-soluciones-pnl-art\/#primaryimage","url":"https:\/\/cursodepnl.com\/exitosq\/wp-content\/uploads\/2024\/11\/67tec.jpg","contentUrl":"https:\/\/cursodepnl.com\/exitosq\/wp-content\/uploads\/2024\/11\/67tec.jpg","width":940,"height":507},{"@type":"BreadcrumbList","@id":"https:\/\/cursodepnl.com\/exitosq\/tecnica-soluciones-pnl-art\/#breadcrumb","itemListElement":[{"@type":"ListItem","position":1,"name":"Portada","item":"https:\/\/cursodepnl.com\/exitosq\/"},{"@type":"ListItem","position":2,"name":"Tecnica soluciones PNL art"}]},{"@type":"WebSite","@id":"https:\/\/cursodepnl.com\/exitosq\/#website","url":"https:\/\/cursodepnl.com\/exitosq\/","name":"Exitosamente Sq","description":"Exitosamente de Curso De PNL.com","potentialAction":[{"@type":"SearchAction","target":{"@type":"EntryPoint","urlTemplate":"https:\/\/cursodepnl.com\/exitosq\/?s={search_term_string}"},"query-input":{"@type":"PropertyValueSpecification","valueRequired":true,"valueName":"search_term_string"}}],"inLanguage":"es"}]}},"_links":{"self":[{"href":"https:\/\/cursodepnl.com\/exitosq\/wp-json\/wp\/v2\/pages\/19135","targetHints":{"allow":["GET"]}}],"collection":[{"href":"https:\/\/cursodepnl.com\/exitosq\/wp-json\/wp\/v2\/pages"}],"about":[{"href":"https:\/\/cursodepnl.com\/exitosq\/wp-json\/wp\/v2\/types\/page"}],"author":[{"embeddable":true,"href":"https:\/\/cursodepnl.com\/exitosq\/wp-json\/wp\/v2\/users\/1"}],"replies":[{"embeddable":true,"href":"https:\/\/cursodepnl.com\/exitosq\/wp-json\/wp\/v2\/comments?post=19135"}],"version-history":[{"count":1,"href":"https:\/\/cursodepnl.com\/exitosq\/wp-json\/wp\/v2\/pages\/19135\/revisions"}],"predecessor-version":[{"id":19136,"href":"https:\/\/cursodepnl.com\/exitosq\/wp-json\/wp\/v2\/pages\/19135\/revisions\/19136"}],"wp:attachment":[{"href":"https:\/\/cursodepnl.com\/exitosq\/wp-json\/wp\/v2\/media?parent=19135"}],"curies":[{"name":"wp","href":"https:\/\/api.w.org\/{rel}","templated":true}]}}