{"id":217,"date":"2014-06-18T19:51:20","date_gmt":"2014-06-18T19:51:20","guid":{"rendered":"https:\/\/cursodepnl.com\/exitosq\/?page_id=217"},"modified":"2020-07-13T18:51:58","modified_gmt":"2020-07-13T18:51:58","slug":"acceso-libre-panico","status":"publish","type":"page","link":"https:\/\/cursodepnl.com\/exitosq\/acceso-libre-panico\/","title":{"rendered":"Acceso Libre de Ataques de Panico"},"content":{"rendered":"<p style=\"text-align: center;\"><span style=\"color: #3366ff; font-family: arial, helvetica, sans-serif; font-size: 18pt;\"><strong>DESDE HOY LIB\u00c9RATE SIEMPRE DE CUALQUIER OBST\u00c1CULO QUE NO TE EST\u00c1 PERMITIENDO LOGRAR EL \u00c9XITO EN TU VIDA!<\/strong><\/span><\/p>\n<p>[ez_three_fourth]<\/p>\n<h1><img loading=\"lazy\" decoding=\"async\" class=\"aligncenter wp-image-4413\" src=\"https:\/\/cursodepnl.com\/exitosq\/wp-content\/uploads\/2014\/06\/panico-todo.jpg\" alt=\"panico-todo\" width=\"417\" height=\"233\" srcset=\"https:\/\/cursodepnl.com\/exitosq\/wp-content\/uploads\/2014\/06\/panico-todo.jpg 880w, https:\/\/cursodepnl.com\/exitosq\/wp-content\/uploads\/2014\/06\/panico-todo-300x168.jpg 300w, https:\/\/cursodepnl.com\/exitosq\/wp-content\/uploads\/2014\/06\/panico-todo-768x429.jpg 768w\" sizes=\"auto, (max-width: 417px) 100vw, 417px\" \/><\/h1>\n<p style=\"text-align: center;\"><span style=\"font-size: large;\">Todo este espectacular material por s\u00f3lo <del> 97<\/del>  27 usd<\/span><\/p>\n<p style=\"text-align: center;\"><strong>Argentina: 770 pesos<\/strong><strong>.<br \/>\n<\/strong><strong>Chile: 15.950 pesos<br \/>\n<\/strong><strong> <\/strong> <strong>Colombia: 56.940<br \/>\n<\/strong><strong>M\u00e9xico: 367<br \/>\n<\/strong><strong>Euros: 27<br \/>\nPara Per\u00fa<\/strong>: 79 soles<\/p>\n<p style=\"text-align: center;\"><strong><img loading=\"lazy\" decoding=\"async\" class=\"aligncenter size-full wp-image-1459\" title=\"elige\" src=\"http:\/\/bajar-de-peso.com.ar\/wp-content\/uploads\/2014\/03\/elige.gif\" alt=\"\" width=\"619\" height=\"69\" \/><\/strong><\/p>\n<p>Haz clic en la solapa correspondiente para pagar desde tu pa\u00eds:<br \/>\n[ez_tabs tab1=&#8221;Argentina&#8221; tab2=&#8221;Chile&#8221; tab3=&#8221;Colombia&#8221; tab4=&#8221;M\u00e9xico&#8221; tab5=&#8221;Per\u00fa&#8221; tab6=&#8221;Otros Pa\u00edses&#8221;]<\/p>\n<p>[ez_tab]<\/p>\n<table border=\"0\" width=\"48%\">\n<tbody>\n<tr>\n<td width=\"33%\">\n<div align=\"center\"><strong><a href=\"https:\/\/cursodepnl.com\/exitosq\/pago-con-tarjeta-libre-panico\/\" target=\"_blank\" rel=\"noopener noreferrer\">Tarjetas de Cr\u00e9dito<\/a><\/strong><\/div>\n<\/td>\n<td width=\"33%\">\n<div align=\"center\"><strong><a href=\"https:\/\/cursodepnl.com\/exitosq\/cupon-de-pago-libre-panico\/\" target=\"_blank\" rel=\"noopener noreferrer\">RapiPago-Pago F\u00e1cil<\/a><\/strong><\/div>\n<\/td>\n<td width=\"33%\">\n<div align=\"center\"><strong><a href=\"https:\/\/cursodepnl.com\/exitosq\/datos-cuenta-2\/\" target=\"_blank\" rel=\"noopener noreferrer\">Transf. y Dep\u00f3sitos<\/a><\/strong><\/div>\n<\/td>\n<\/tr>\n<tr>\n<td>\n<div align=\"center\"><a href=\"https:\/\/cursodepnl.com\/exitosq\/pago-con-tarjeta-libre-panico\/\" target=\"_blank\" rel=\"noopener noreferrer\"><img loading=\"lazy\" decoding=\"async\" src=\"http:\/\/fbsimple.net\/wp-content\/uploads\/2014\/07\/tarjetaarg.jpg\" alt=\"\" width=\"142\" height=\"57\" \/><\/a><\/div>\n<\/td>\n<td>\n<div align=\"center\"><a href=\"https:\/\/cursodepnl.com\/exitosq\/cupon-de-pago-libre-panico\/\" target=\"_blank\" rel=\"noopener noreferrer\"><img loading=\"lazy\" decoding=\"async\" src=\"http:\/\/fbsimple.net\/wp-content\/uploads\/2014\/07\/rapipago.jpg\" alt=\"\" width=\"124\" height=\"50\" \/><\/a><\/div>\n<\/td>\n<td>\n<div align=\"center\"><a href=\"https:\/\/cursodepnl.com\/exitosq\/datos-cuenta-2\/\" target=\"_blank\" rel=\"noopener noreferrer\"><img loading=\"lazy\" decoding=\"async\" src=\"http:\/\/fbsimple.net\/wp-content\/uploads\/2014\/07\/ctaarg.jpg\" alt=\"\" width=\"124\" height=\"50\" \/><\/a><\/div>\n<\/td>\n<\/tr>\n<\/tbody>\n<\/table>\n<p>[\/ez_tab]<\/p>\n<p>[ez_tab]<\/p>\n<table border=\"0\" width=\"48%\">\n<tbody>\n<tr>\n<td width=\"33%\">\n<div align=\"center\"><\/div>\n<\/td>\n<td width=\"33%\">\n<div align=\"center\"><strong><a href=\"https:\/\/cursodepnl.com\/exitosq\/paypal-libre-panico\/\" target=\"_blank\" rel=\"noopener noreferrer\">Tarjeta de cr\u00e9dito<\/a><\/strong><\/div>\n<\/td>\n<td width=\"33%\">\n<div align=\"center\"><a href=\"https:\/\/cursodepnl.com\/exitosq\/datos-giro\/\" target=\"_blank\" rel=\"noopener noreferrer\"><strong>Western Union- Money Gram<\/strong><\/a><\/div>\n<\/td>\n<\/tr>\n<tr>\n<td><\/td>\n<td>\n<div align=\"center\"><a href=\"https:\/\/cursodepnl.com\/exitosq\/paypal-libre-panico\/\" target=\"_blank\" rel=\"noopener noreferrer\"><img decoding=\"async\" src=\"http:\/\/fbsimple.net\/wp-content\/uploads\/2014\/07\/paypal.jpg\" alt=\"\" \/><\/a><\/div>\n<\/td>\n<td>\n<div align=\"center\"><a href=\"https:\/\/cursodepnl.com\/exitosq\/datos-giro\/\" target=\"_blank\" rel=\"noopener noreferrer\"><img decoding=\"async\" src=\"http:\/\/fbsimple.net\/wp-content\/uploads\/2014\/07\/giros.jpg\" alt=\"\" \/><\/a><\/div>\n<\/td>\n<\/tr>\n<\/tbody>\n<\/table>\n<p>[\/ez_tab]<\/p>\n<p>[ez_tab]<\/p>\n<table border=\"0\" width=\"48%\">\n<tbody>\n<tr>\n<td width=\"33%\">\n<div align=\"center\"><\/div>\n<\/td>\n<td width=\"33%\">\n<div align=\"center\"><strong><a href=\"https:\/\/cursodepnl.com\/exitosq\/paypal-libre-panico\/\" target=\"_blank\" rel=\"noopener noreferrer\">Tarjeta de cr\u00e9dito<\/a><\/strong><\/div>\n<\/td>\n<td width=\"33%\">\n<div align=\"center\"><strong><a href=\"http:\/\/bajar-de-peso.com.ar\/bajar-de-peso-con-pnl\/western-union\" target=\"_blank\" rel=\"noopener noreferrer\">Western Union- Money Gram<\/a><\/strong><\/div>\n<\/td>\n<\/tr>\n<tr>\n<td>\n<div align=\"center\"><\/div>\n<\/td>\n<td>\n<div align=\"center\"><a href=\"https:\/\/cursodepnl.com\/exitosq\/paypal-libre-panico\/\" target=\"_blank\" rel=\"noopener noreferrer\"><img decoding=\"async\" src=\"http:\/\/fbsimple.net\/wp-content\/uploads\/2014\/07\/paypal.jpg\" alt=\"\" \/><\/a><\/div>\n<\/td>\n<td>\n<div align=\"center\"><a href=\"https:\/\/cursodepnl.com\/exitosq\/datos-giro\/\" target=\"_blank\" rel=\"noopener noreferrer\"><img decoding=\"async\" src=\"http:\/\/fbsimple.net\/wp-content\/uploads\/2014\/07\/giros.jpg\" alt=\"\" \/><\/a><\/div>\n<\/td>\n<\/tr>\n<\/tbody>\n<\/table>\n<p>[\/ez_tab]<\/p>\n<p>[ez_tab]<\/p>\n<table border=\"0\" width=\"48%\">\n<tbody>\n<tr>\n<td width=\"33%\">\n<div align=\"center\"><strong> <\/strong><\/div>\n<\/td>\n<td width=\"33%\">\n<div align=\"center\"><strong><a href=\"https:\/\/cursodepnl.com\/exitosq\/libre-panico-mx\/\" target=\"_blank\" rel=\"noopener noreferrer\">Tarjeta de credito<\/a><\/strong><\/div>\n<\/td>\n<td width=\"33%\">\n<div align=\"center\"><strong><a href=\"https:\/\/cursodepnl.com\/exitosq\/datos-giro\/\" target=\"_blank\" rel=\"noopener noreferrer\">Western Union- Money Gram<\/a><\/strong><\/div>\n<\/td>\n<\/tr>\n<tr>\n<td>\n<div align=\"center\"><\/div>\n<\/td>\n<td>\n<div align=\"center\"><a href=\"https:\/\/cursodepnl.com\/exitosq\/libre-panico-mx\/\" target=\"_blank\" rel=\"noopener noreferrer\"><img decoding=\"async\" src=\"http:\/\/fbsimple.net\/wp-content\/uploads\/2014\/07\/paypal.jpg\" alt=\"\" \/><\/a><\/div>\n<\/td>\n<td>\n<div align=\"center\"><a href=\"https:\/\/cursodepnl.com\/exitosq\/datos-giro\/\" target=\"_blank\" rel=\"noopener noreferrer\"><img decoding=\"async\" src=\"http:\/\/fbsimple.net\/wp-content\/uploads\/2014\/07\/giros.jpg\" alt=\"\" \/><\/a><\/div>\n<\/td>\n<\/tr>\n<\/tbody>\n<\/table>\n<p>[\/ez_tab][ez_tab]<\/p>\n<table border=\"0\" width=\"48%\">\n<tbody>\n<tr>\n<td width=\"33%\">\n<div align=\"center\"><\/div>\n<\/td>\n<td width=\"33%\">\n<div align=\"center\"><strong><a href=\"https:\/\/cursodepnl.com\/exitosq\/paypal-libre-panico\/\" target=\"_blank\" rel=\"noopener noreferrer\">Tarjeta de cr\u00e9dito<\/a><\/strong><\/div>\n<\/td>\n<td width=\"33%\">\n<div align=\"center\"><strong><a href=\"https:\/\/cursodepnl.com\/exitosq\/datos-giro\/\" target=\"_blank\" rel=\"noopener noreferrer\">Western Union- Money Gram<\/a><\/strong><\/div>\n<\/td>\n<\/tr>\n<tr>\n<td>\n<div align=\"center\"><\/div>\n<\/td>\n<td>\n<div align=\"center\"><a href=\"https:\/\/cursodepnl.com\/exitosq\/paypal-libre-panico\/\" target=\"_blank\" rel=\"noopener noreferrer\"><img decoding=\"async\" src=\"http:\/\/fbsimple.net\/wp-content\/uploads\/2014\/07\/paypal.jpg\" alt=\"\" \/><\/a><\/div>\n<\/td>\n<td>\n<div align=\"center\"><a href=\"https:\/\/cursodepnl.com\/exitosq\/datos-giro\/\" target=\"_blank\" rel=\"noopener noreferrer\"><img decoding=\"async\" src=\"http:\/\/fbsimple.net\/wp-content\/uploads\/2014\/07\/giros.jpg\" alt=\"\" \/><\/a><\/div>\n<\/p>\n<\/td>\n<\/tr>\n<\/tbody>\n<\/table>\n<p>[\/ez_tab]<\/p>\n<p>[ez_tab]<\/p>\n<table border=\"0\" width=\"48%\">\n<tbody>\n<tr>\n<td width=\"50%\">\n<div align=\"center\"><strong><a href=\"https:\/\/cursodepnl.com\/exitosq\/paypal-libre-panico\/\" target=\"_blank\" rel=\"noopener noreferrer\">Tarjetas de Cr\u00e9dito &#8211; Paypal<\/a><\/strong><\/div>\n<\/td>\n<td width=\"50%\">\n<div align=\"center\"><strong><a href=\"https:\/\/cursodepnl.com\/exitosq\/datos-giro\/\" target=\"_blank\" rel=\"noopener noreferrer\">Western Union- Money Gram<\/a><\/strong><\/div>\n<\/td>\n<\/tr>\n<tr>\n<td>\n<div align=\"center\"><a href=\"https:\/\/cursodepnl.com\/exitosq\/paypal-libre-panico\/\" target=\"_blank\" rel=\"noopener noreferrer\"><img decoding=\"async\" src=\"http:\/\/fbsimple.net\/wp-content\/uploads\/2014\/07\/paypal.jpg\" alt=\"\" \/><\/a><\/div>\n<\/td>\n<td>\n<div align=\"center\"><a href=\"https:\/\/cursodepnl.com\/exitosq\/datos-giro\/\" target=\"_blank\" rel=\"noopener noreferrer\"><img decoding=\"async\" src=\"http:\/\/fbsimple.net\/wp-content\/uploads\/2014\/07\/giros.jpg\" alt=\"\" \/><\/a><\/div>\n<\/td>\n<\/tr>\n<\/tbody>\n<\/table>\n<p>[\/ez_tab]<br \/>\n[\/ez_tabs]<br \/>\n[\/ez_three_fourth]<br \/>\n[ez_one_fourth_last]<br \/>\n<span style=\"color: #008080;\"><strong>         TESTIMONIOS<\/strong><\/span><\/p>\n<div class=\"rounded-grey-box\" style=\"width: 70%; margin: 5px auto 20px;\">\n<p><span style=\"font-size: 10pt;\">\u201c<em>Hola Sof\u00eda,  Qu\u00e9 tal est\u00e1s?? Yo tengo que decirte que estoy estupendamente.  No me imaginaba en ning\u00fan momento que estas pr\u00e1cticas de PNL iban a cambiar tanto mi vida y le iban a dar una perspectiva tan amplia, y tan manejada por m\u00ed misma.  <\/em>\u201d Francisca A. Espa\u00f1a.<\/span><\/p>\n<\/div>\n<div class=\"rounded-blue-box\" style=\"width: 70%; margin: 5px auto 20px;\">\n<p style=\"color: #222222;\"><span style=\"font-size: 8pt;\">\u201cGracias Sofia, fue muy positivo para mi este curso, sin duda lo voy a seguir releyendo seguro ire encontrando cosas nuevas que me ser\u00e1n positivas. Nuevamente muchas gracias y que tengas una linda vida Cari\u00f1os\u201d Olga. Argentina.<\/span><\/p>\n<\/div>\n<p>[\/ez_one_fourth_last]<\/p>\n","protected":false},"excerpt":{"rendered":"<p>DESDE HOY LIB\u00c9RATE SIEMPRE DE CUALQUIER OBST\u00c1CULO QUE NO TE EST\u00c1 PERMITIENDO LOGRAR EL \u00c9XITO EN TU VIDA! [ez_three_fourth] Todo este espectacular material por s\u00f3lo 97 27 usd Argentina: 770 pesos. Chile: 15.950 pesos Colombia: 56.940 M\u00e9xico: 367 Euros: 27 Para Per\u00fa: 79 soles Haz clic en la solapa correspondiente para pagar desde tu pa\u00eds: [&hellip;]<\/p>\n","protected":false},"author":1,"featured_media":0,"parent":0,"menu_order":0,"comment_status":"open","ping_status":"open","template":"","meta":{"_joinchat":[],"footnotes":""},"class_list":["post-217","page","type-page","status-publish","hentry"],"yoast_head":"<!-- This site is optimized with the Yoast SEO plugin v25.4 - https:\/\/yoast.com\/wordpress\/plugins\/seo\/ -->\n<title>Acceso Libre de Ataques de Panico - Exitosamente Sq<\/title>\n<meta name=\"robots\" content=\"index, follow, max-snippet:-1, max-image-preview:large, max-video-preview:-1\" \/>\n<link rel=\"canonical\" href=\"https:\/\/cursodepnl.com\/exitosq\/acceso-libre-panico\/\" \/>\n<meta property=\"og:locale\" content=\"es_ES\" \/>\n<meta property=\"og:type\" content=\"article\" \/>\n<meta property=\"og:title\" content=\"Acceso Libre de Ataques de Panico - Exitosamente Sq\" \/>\n<meta property=\"og:description\" content=\"DESDE HOY LIB\u00c9RATE SIEMPRE DE CUALQUIER OBST\u00c1CULO QUE NO TE EST\u00c1 PERMITIENDO LOGRAR EL \u00c9XITO EN TU VIDA! [ez_three_fourth] Todo este espectacular material por s\u00f3lo 97 27 usd Argentina: 770 pesos. Chile: 15.950 pesos Colombia: 56.940 M\u00e9xico: 367 Euros: 27 Para Per\u00fa: 79 soles Haz clic en la solapa correspondiente para pagar desde tu pa\u00eds: [&hellip;]\" \/>\n<meta property=\"og:url\" content=\"https:\/\/cursodepnl.com\/exitosq\/acceso-libre-panico\/\" \/>\n<meta property=\"og:site_name\" content=\"Exitosamente Sq\" \/>\n<meta property=\"article:publisher\" content=\"http:\/\/facebook.com\/pnlonline\" \/>\n<meta property=\"article:modified_time\" content=\"2020-07-13T18:51:58+00:00\" \/>\n<meta property=\"og:image\" content=\"https:\/\/cursodepnl.com\/exitosq\/wp-content\/uploads\/2014\/06\/panico-todo.jpg\" \/>\n\t<meta property=\"og:image:width\" content=\"880\" \/>\n\t<meta property=\"og:image:height\" content=\"492\" \/>\n\t<meta property=\"og:image:type\" content=\"image\/jpeg\" \/>\n<meta name=\"twitter:card\" content=\"summary_large_image\" \/>\n<meta name=\"twitter:label1\" content=\"Tiempo de lectura\" \/>\n\t<meta name=\"twitter:data1\" content=\"1 minuto\" \/>\n<script type=\"application\/ld+json\" class=\"yoast-schema-graph\">{\"@context\":\"https:\/\/schema.org\",\"@graph\":[{\"@type\":\"WebPage\",\"@id\":\"https:\/\/cursodepnl.com\/exitosq\/acceso-libre-panico\/\",\"url\":\"https:\/\/cursodepnl.com\/exitosq\/acceso-libre-panico\/\",\"name\":\"Acceso Libre de Ataques de Panico - Exitosamente Sq\",\"isPartOf\":{\"@id\":\"https:\/\/cursodepnl.com\/exitosq\/#website\"},\"primaryImageOfPage\":{\"@id\":\"https:\/\/cursodepnl.com\/exitosq\/acceso-libre-panico\/#primaryimage\"},\"image\":{\"@id\":\"https:\/\/cursodepnl.com\/exitosq\/acceso-libre-panico\/#primaryimage\"},\"thumbnailUrl\":\"https:\/\/cursodepnl.com\/exitosq\/wp-content\/uploads\/2014\/06\/panico-todo.jpg\",\"datePublished\":\"2014-06-18T19:51:20+00:00\",\"dateModified\":\"2020-07-13T18:51:58+00:00\",\"breadcrumb\":{\"@id\":\"https:\/\/cursodepnl.com\/exitosq\/acceso-libre-panico\/#breadcrumb\"},\"inLanguage\":\"es\",\"potentialAction\":[{\"@type\":\"ReadAction\",\"target\":[\"https:\/\/cursodepnl.com\/exitosq\/acceso-libre-panico\/\"]}]},{\"@type\":\"ImageObject\",\"inLanguage\":\"es\",\"@id\":\"https:\/\/cursodepnl.com\/exitosq\/acceso-libre-panico\/#primaryimage\",\"url\":\"https:\/\/cursodepnl.com\/exitosq\/wp-content\/uploads\/2014\/06\/panico-todo.jpg\",\"contentUrl\":\"https:\/\/cursodepnl.com\/exitosq\/wp-content\/uploads\/2014\/06\/panico-todo.jpg\",\"width\":880,\"height\":492},{\"@type\":\"BreadcrumbList\",\"@id\":\"https:\/\/cursodepnl.com\/exitosq\/acceso-libre-panico\/#breadcrumb\",\"itemListElement\":[{\"@type\":\"ListItem\",\"position\":1,\"name\":\"Portada\",\"item\":\"https:\/\/cursodepnl.com\/exitosq\/\"},{\"@type\":\"ListItem\",\"position\":2,\"name\":\"Acceso Libre de Ataques de Panico\"}]},{\"@type\":\"WebSite\",\"@id\":\"https:\/\/cursodepnl.com\/exitosq\/#website\",\"url\":\"https:\/\/cursodepnl.com\/exitosq\/\",\"name\":\"Exitosamente Sq\",\"description\":\"Exitosamente de Curso De PNL.com\",\"potentialAction\":[{\"@type\":\"SearchAction\",\"target\":{\"@type\":\"EntryPoint\",\"urlTemplate\":\"https:\/\/cursodepnl.com\/exitosq\/?s={search_term_string}\"},\"query-input\":{\"@type\":\"PropertyValueSpecification\",\"valueRequired\":true,\"valueName\":\"search_term_string\"}}],\"inLanguage\":\"es\"}]}<\/script>\n<!-- \/ Yoast SEO plugin. -->","yoast_head_json":{"title":"Acceso Libre de Ataques de Panico - Exitosamente Sq","robots":{"index":"index","follow":"follow","max-snippet":"max-snippet:-1","max-image-preview":"max-image-preview:large","max-video-preview":"max-video-preview:-1"},"canonical":"https:\/\/cursodepnl.com\/exitosq\/acceso-libre-panico\/","og_locale":"es_ES","og_type":"article","og_title":"Acceso Libre de Ataques de Panico - Exitosamente Sq","og_description":"DESDE HOY LIB\u00c9RATE SIEMPRE DE CUALQUIER OBST\u00c1CULO QUE NO TE EST\u00c1 PERMITIENDO LOGRAR EL \u00c9XITO EN TU VIDA! [ez_three_fourth] Todo este espectacular material por s\u00f3lo 97 27 usd Argentina: 770 pesos. Chile: 15.950 pesos Colombia: 56.940 M\u00e9xico: 367 Euros: 27 Para Per\u00fa: 79 soles Haz clic en la solapa correspondiente para pagar desde tu pa\u00eds: [&hellip;]","og_url":"https:\/\/cursodepnl.com\/exitosq\/acceso-libre-panico\/","og_site_name":"Exitosamente Sq","article_publisher":"http:\/\/facebook.com\/pnlonline","article_modified_time":"2020-07-13T18:51:58+00:00","og_image":[{"width":880,"height":492,"url":"https:\/\/cursodepnl.com\/exitosq\/wp-content\/uploads\/2014\/06\/panico-todo.jpg","type":"image\/jpeg"}],"twitter_card":"summary_large_image","twitter_misc":{"Tiempo de lectura":"1 minuto"},"schema":{"@context":"https:\/\/schema.org","@graph":[{"@type":"WebPage","@id":"https:\/\/cursodepnl.com\/exitosq\/acceso-libre-panico\/","url":"https:\/\/cursodepnl.com\/exitosq\/acceso-libre-panico\/","name":"Acceso Libre de Ataques de Panico - Exitosamente Sq","isPartOf":{"@id":"https:\/\/cursodepnl.com\/exitosq\/#website"},"primaryImageOfPage":{"@id":"https:\/\/cursodepnl.com\/exitosq\/acceso-libre-panico\/#primaryimage"},"image":{"@id":"https:\/\/cursodepnl.com\/exitosq\/acceso-libre-panico\/#primaryimage"},"thumbnailUrl":"https:\/\/cursodepnl.com\/exitosq\/wp-content\/uploads\/2014\/06\/panico-todo.jpg","datePublished":"2014-06-18T19:51:20+00:00","dateModified":"2020-07-13T18:51:58+00:00","breadcrumb":{"@id":"https:\/\/cursodepnl.com\/exitosq\/acceso-libre-panico\/#breadcrumb"},"inLanguage":"es","potentialAction":[{"@type":"ReadAction","target":["https:\/\/cursodepnl.com\/exitosq\/acceso-libre-panico\/"]}]},{"@type":"ImageObject","inLanguage":"es","@id":"https:\/\/cursodepnl.com\/exitosq\/acceso-libre-panico\/#primaryimage","url":"https:\/\/cursodepnl.com\/exitosq\/wp-content\/uploads\/2014\/06\/panico-todo.jpg","contentUrl":"https:\/\/cursodepnl.com\/exitosq\/wp-content\/uploads\/2014\/06\/panico-todo.jpg","width":880,"height":492},{"@type":"BreadcrumbList","@id":"https:\/\/cursodepnl.com\/exitosq\/acceso-libre-panico\/#breadcrumb","itemListElement":[{"@type":"ListItem","position":1,"name":"Portada","item":"https:\/\/cursodepnl.com\/exitosq\/"},{"@type":"ListItem","position":2,"name":"Acceso Libre de Ataques de Panico"}]},{"@type":"WebSite","@id":"https:\/\/cursodepnl.com\/exitosq\/#website","url":"https:\/\/cursodepnl.com\/exitosq\/","name":"Exitosamente Sq","description":"Exitosamente de Curso De PNL.com","potentialAction":[{"@type":"SearchAction","target":{"@type":"EntryPoint","urlTemplate":"https:\/\/cursodepnl.com\/exitosq\/?s={search_term_string}"},"query-input":{"@type":"PropertyValueSpecification","valueRequired":true,"valueName":"search_term_string"}}],"inLanguage":"es"}]}},"_links":{"self":[{"href":"https:\/\/cursodepnl.com\/exitosq\/wp-json\/wp\/v2\/pages\/217","targetHints":{"allow":["GET"]}}],"collection":[{"href":"https:\/\/cursodepnl.com\/exitosq\/wp-json\/wp\/v2\/pages"}],"about":[{"href":"https:\/\/cursodepnl.com\/exitosq\/wp-json\/wp\/v2\/types\/page"}],"author":[{"embeddable":true,"href":"https:\/\/cursodepnl.com\/exitosq\/wp-json\/wp\/v2\/users\/1"}],"replies":[{"embeddable":true,"href":"https:\/\/cursodepnl.com\/exitosq\/wp-json\/wp\/v2\/comments?post=217"}],"version-history":[{"count":16,"href":"https:\/\/cursodepnl.com\/exitosq\/wp-json\/wp\/v2\/pages\/217\/revisions"}],"predecessor-version":[{"id":8228,"href":"https:\/\/cursodepnl.com\/exitosq\/wp-json\/wp\/v2\/pages\/217\/revisions\/8228"}],"wp:attachment":[{"href":"https:\/\/cursodepnl.com\/exitosq\/wp-json\/wp\/v2\/media?parent=217"}],"curies":[{"name":"wp","href":"https:\/\/api.w.org\/{rel}","templated":true}]}}