{"id":222,"date":"2014-06-18T20:01:17","date_gmt":"2014-06-18T20:01:17","guid":{"rendered":"https:\/\/cursodepnl.com\/exitosq\/?page_id=222"},"modified":"2019-05-27T12:24:59","modified_gmt":"2019-05-27T12:24:59","slug":"pago-con-tarjeta-libre-panico","status":"publish","type":"page","link":"https:\/\/cursodepnl.com\/exitosq\/pago-con-tarjeta-libre-panico\/","title":{"rendered":"Pago con tarjeta-Libre Panico"},"content":{"rendered":"<p><img loading=\"lazy\" decoding=\"async\" title=\"barra2\" src=\"http:\/\/cursodepnl.com\/wp-content\/uploads\/2010\/12\/barra21.gif\" alt=\"barra2\" width=\"657\" height=\"40\" \/><\/p>\n<p>Por favor haz clic en el siguiente bot\u00f3n para pagar con tarjeta de cr\u00e9dito. Ser\u00e1s dirigida\/o al sitio de cobros seguro de MERCADOPAGO y cuando finalices el pago estar\u00e1s recibiendo en tu email el acceso al curso. <\/p>\n<p><a mp-mode=\"dftl\" href=\"https:\/\/www.mercadopago.com.ar\/checkout\/v1\/redirect?preference-id=179097681-b40aceb6-88f9-49eb-8986-073a37d7d4b9\" name=\"MP-payButton\" class='blue-ar-l-rn-none'>Pagar<\/a><br \/>\n<script type=\"text\/javascript\">\n(function(){function $MPC_load(){window.$MPC_loaded !== true && (function(){var s = document.createElement(\"script\");s.type = \"text\/javascript\";s.async = true;s.src = document.location.protocol+\"\/\/secure.mlstatic.com\/mptools\/render.js\";var x = document.getElementsByTagName('script')[0];x.parentNode.insertBefore(s, x);window.$MPC_loaded = true;})();}window.$MPC_loaded !== true ? (window.attachEvent ?window.attachEvent('onload', $MPC_load) : window.addEventListener('load', $MPC_load, false)) : null;})();\n<\/script><\/p>\n","protected":false},"excerpt":{"rendered":"<p>Por favor haz clic en el siguiente bot\u00f3n para pagar con tarjeta de cr\u00e9dito. Ser\u00e1s dirigida\/o al sitio de cobros seguro de MERCADOPAGO y cuando finalices el pago estar\u00e1s recibiendo en tu email el acceso al curso. Pagar<\/p>\n","protected":false},"author":1,"featured_media":0,"parent":0,"menu_order":0,"comment_status":"open","ping_status":"open","template":"","meta":{"_joinchat":[],"footnotes":""},"class_list":["post-222","page","type-page","status-publish","hentry"],"yoast_head":"<!-- This site is optimized with the Yoast SEO plugin v25.4 - https:\/\/yoast.com\/wordpress\/plugins\/seo\/ -->\n<title>Pago con tarjeta-Libre Panico - Exitosamente Sq<\/title>\n<meta name=\"robots\" content=\"index, follow, max-snippet:-1, max-image-preview:large, max-video-preview:-1\" \/>\n<link rel=\"canonical\" href=\"https:\/\/cursodepnl.com\/exitosq\/pago-con-tarjeta-libre-panico\/\" \/>\n<meta property=\"og:locale\" content=\"es_ES\" \/>\n<meta property=\"og:type\" content=\"article\" \/>\n<meta property=\"og:title\" content=\"Pago con tarjeta-Libre Panico - Exitosamente Sq\" \/>\n<meta property=\"og:description\" content=\"Por favor haz clic en el siguiente bot\u00f3n para pagar con tarjeta de cr\u00e9dito. Ser\u00e1s dirigida\/o al sitio de cobros seguro de MERCADOPAGO y cuando finalices el pago estar\u00e1s recibiendo en tu email el acceso al curso. Pagar\" \/>\n<meta property=\"og:url\" content=\"https:\/\/cursodepnl.com\/exitosq\/pago-con-tarjeta-libre-panico\/\" \/>\n<meta property=\"og:site_name\" content=\"Exitosamente Sq\" \/>\n<meta property=\"article:publisher\" content=\"http:\/\/facebook.com\/pnlonline\" \/>\n<meta property=\"article:modified_time\" content=\"2019-05-27T12:24:59+00:00\" \/>\n<meta property=\"og:image\" content=\"http:\/\/cursodepnl.com\/wp-content\/uploads\/2010\/12\/barra21.gif\" \/>\n<meta name=\"twitter:card\" content=\"summary_large_image\" \/>\n<script type=\"application\/ld+json\" class=\"yoast-schema-graph\">{\"@context\":\"https:\/\/schema.org\",\"@graph\":[{\"@type\":\"WebPage\",\"@id\":\"https:\/\/cursodepnl.com\/exitosq\/pago-con-tarjeta-libre-panico\/\",\"url\":\"https:\/\/cursodepnl.com\/exitosq\/pago-con-tarjeta-libre-panico\/\",\"name\":\"Pago con tarjeta-Libre Panico - Exitosamente Sq\",\"isPartOf\":{\"@id\":\"https:\/\/cursodepnl.com\/exitosq\/#website\"},\"primaryImageOfPage\":{\"@id\":\"https:\/\/cursodepnl.com\/exitosq\/pago-con-tarjeta-libre-panico\/#primaryimage\"},\"image\":{\"@id\":\"https:\/\/cursodepnl.com\/exitosq\/pago-con-tarjeta-libre-panico\/#primaryimage\"},\"thumbnailUrl\":\"http:\/\/cursodepnl.com\/wp-content\/uploads\/2010\/12\/barra21.gif\",\"datePublished\":\"2014-06-18T20:01:17+00:00\",\"dateModified\":\"2019-05-27T12:24:59+00:00\",\"breadcrumb\":{\"@id\":\"https:\/\/cursodepnl.com\/exitosq\/pago-con-tarjeta-libre-panico\/#breadcrumb\"},\"inLanguage\":\"es\",\"potentialAction\":[{\"@type\":\"ReadAction\",\"target\":[\"https:\/\/cursodepnl.com\/exitosq\/pago-con-tarjeta-libre-panico\/\"]}]},{\"@type\":\"ImageObject\",\"inLanguage\":\"es\",\"@id\":\"https:\/\/cursodepnl.com\/exitosq\/pago-con-tarjeta-libre-panico\/#primaryimage\",\"url\":\"http:\/\/cursodepnl.com\/wp-content\/uploads\/2010\/12\/barra21.gif\",\"contentUrl\":\"http:\/\/cursodepnl.com\/wp-content\/uploads\/2010\/12\/barra21.gif\"},{\"@type\":\"BreadcrumbList\",\"@id\":\"https:\/\/cursodepnl.com\/exitosq\/pago-con-tarjeta-libre-panico\/#breadcrumb\",\"itemListElement\":[{\"@type\":\"ListItem\",\"position\":1,\"name\":\"Portada\",\"item\":\"https:\/\/cursodepnl.com\/exitosq\/\"},{\"@type\":\"ListItem\",\"position\":2,\"name\":\"Pago con tarjeta-Libre Panico\"}]},{\"@type\":\"WebSite\",\"@id\":\"https:\/\/cursodepnl.com\/exitosq\/#website\",\"url\":\"https:\/\/cursodepnl.com\/exitosq\/\",\"name\":\"Exitosamente Sq\",\"description\":\"Exitosamente de Curso De PNL.com\",\"potentialAction\":[{\"@type\":\"SearchAction\",\"target\":{\"@type\":\"EntryPoint\",\"urlTemplate\":\"https:\/\/cursodepnl.com\/exitosq\/?s={search_term_string}\"},\"query-input\":{\"@type\":\"PropertyValueSpecification\",\"valueRequired\":true,\"valueName\":\"search_term_string\"}}],\"inLanguage\":\"es\"}]}<\/script>\n<!-- \/ Yoast SEO plugin. -->","yoast_head_json":{"title":"Pago con tarjeta-Libre Panico - Exitosamente Sq","robots":{"index":"index","follow":"follow","max-snippet":"max-snippet:-1","max-image-preview":"max-image-preview:large","max-video-preview":"max-video-preview:-1"},"canonical":"https:\/\/cursodepnl.com\/exitosq\/pago-con-tarjeta-libre-panico\/","og_locale":"es_ES","og_type":"article","og_title":"Pago con tarjeta-Libre Panico - Exitosamente Sq","og_description":"Por favor haz clic en el siguiente bot\u00f3n para pagar con tarjeta de cr\u00e9dito. Ser\u00e1s dirigida\/o al sitio de cobros seguro de MERCADOPAGO y cuando finalices el pago estar\u00e1s recibiendo en tu email el acceso al curso. Pagar","og_url":"https:\/\/cursodepnl.com\/exitosq\/pago-con-tarjeta-libre-panico\/","og_site_name":"Exitosamente Sq","article_publisher":"http:\/\/facebook.com\/pnlonline","article_modified_time":"2019-05-27T12:24:59+00:00","og_image":[{"url":"http:\/\/cursodepnl.com\/wp-content\/uploads\/2010\/12\/barra21.gif","type":"","width":"","height":""}],"twitter_card":"summary_large_image","schema":{"@context":"https:\/\/schema.org","@graph":[{"@type":"WebPage","@id":"https:\/\/cursodepnl.com\/exitosq\/pago-con-tarjeta-libre-panico\/","url":"https:\/\/cursodepnl.com\/exitosq\/pago-con-tarjeta-libre-panico\/","name":"Pago con tarjeta-Libre Panico - Exitosamente Sq","isPartOf":{"@id":"https:\/\/cursodepnl.com\/exitosq\/#website"},"primaryImageOfPage":{"@id":"https:\/\/cursodepnl.com\/exitosq\/pago-con-tarjeta-libre-panico\/#primaryimage"},"image":{"@id":"https:\/\/cursodepnl.com\/exitosq\/pago-con-tarjeta-libre-panico\/#primaryimage"},"thumbnailUrl":"http:\/\/cursodepnl.com\/wp-content\/uploads\/2010\/12\/barra21.gif","datePublished":"2014-06-18T20:01:17+00:00","dateModified":"2019-05-27T12:24:59+00:00","breadcrumb":{"@id":"https:\/\/cursodepnl.com\/exitosq\/pago-con-tarjeta-libre-panico\/#breadcrumb"},"inLanguage":"es","potentialAction":[{"@type":"ReadAction","target":["https:\/\/cursodepnl.com\/exitosq\/pago-con-tarjeta-libre-panico\/"]}]},{"@type":"ImageObject","inLanguage":"es","@id":"https:\/\/cursodepnl.com\/exitosq\/pago-con-tarjeta-libre-panico\/#primaryimage","url":"http:\/\/cursodepnl.com\/wp-content\/uploads\/2010\/12\/barra21.gif","contentUrl":"http:\/\/cursodepnl.com\/wp-content\/uploads\/2010\/12\/barra21.gif"},{"@type":"BreadcrumbList","@id":"https:\/\/cursodepnl.com\/exitosq\/pago-con-tarjeta-libre-panico\/#breadcrumb","itemListElement":[{"@type":"ListItem","position":1,"name":"Portada","item":"https:\/\/cursodepnl.com\/exitosq\/"},{"@type":"ListItem","position":2,"name":"Pago con tarjeta-Libre Panico"}]},{"@type":"WebSite","@id":"https:\/\/cursodepnl.com\/exitosq\/#website","url":"https:\/\/cursodepnl.com\/exitosq\/","name":"Exitosamente Sq","description":"Exitosamente de Curso De PNL.com","potentialAction":[{"@type":"SearchAction","target":{"@type":"EntryPoint","urlTemplate":"https:\/\/cursodepnl.com\/exitosq\/?s={search_term_string}"},"query-input":{"@type":"PropertyValueSpecification","valueRequired":true,"valueName":"search_term_string"}}],"inLanguage":"es"}]}},"_links":{"self":[{"href":"https:\/\/cursodepnl.com\/exitosq\/wp-json\/wp\/v2\/pages\/222","targetHints":{"allow":["GET"]}}],"collection":[{"href":"https:\/\/cursodepnl.com\/exitosq\/wp-json\/wp\/v2\/pages"}],"about":[{"href":"https:\/\/cursodepnl.com\/exitosq\/wp-json\/wp\/v2\/types\/page"}],"author":[{"embeddable":true,"href":"https:\/\/cursodepnl.com\/exitosq\/wp-json\/wp\/v2\/users\/1"}],"replies":[{"embeddable":true,"href":"https:\/\/cursodepnl.com\/exitosq\/wp-json\/wp\/v2\/comments?post=222"}],"version-history":[{"count":10,"href":"https:\/\/cursodepnl.com\/exitosq\/wp-json\/wp\/v2\/pages\/222\/revisions"}],"predecessor-version":[{"id":7413,"href":"https:\/\/cursodepnl.com\/exitosq\/wp-json\/wp\/v2\/pages\/222\/revisions\/7413"}],"wp:attachment":[{"href":"https:\/\/cursodepnl.com\/exitosq\/wp-json\/wp\/v2\/media?parent=222"}],"curies":[{"name":"wp","href":"https:\/\/api.w.org\/{rel}","templated":true}]}}