{"id":223,"date":"2014-06-18T20:01:19","date_gmt":"2014-06-18T20:01:19","guid":{"rendered":"https:\/\/cursodepnl.com\/exitosq\/?page_id=223"},"modified":"2020-07-13T18:54:16","modified_gmt":"2020-07-13T18:54:16","slug":"cupon-de-pago-libre-panico","status":"publish","type":"page","link":"https:\/\/cursodepnl.com\/exitosq\/cupon-de-pago-libre-panico\/","title":{"rendered":"Cupon de pago Libre Panico"},"content":{"rendered":"<p><img loading=\"lazy\" decoding=\"async\" title=\"barra2\" src=\"http:\/\/cursodepnl.com\/wp-content\/uploads\/2010\/12\/barra21.gif\" alt=\"barra2\" width=\"657\" height=\"40\"><img loading=\"lazy\" decoding=\"async\" title=\"pagof\" src=\"http:\/\/cursodepnl.com\/wp-content\/uploads\/2012\/11\/pagof.gif\" alt=\"\" width=\"456\" height=\"75\"><\/p>\n<p>Hac\u00e9 clic en el siguiente bot\u00f3n, y elige la opci\u00f3n de pago efectivo para generar el cup\u00f3n de pago<\/p>\n<h4>&nbsp;<\/h4>\n<p>Pagar<br \/>\n<script src=\"https:\/\/www.mercadopago.com.ar\/integrations\/v1\/web-payment-checkout.js\" data-preference-id=\"179097681-c785662a-839c-437d-aafe-82497fcedeea\">\n<\/script><\/p>\n","protected":false},"excerpt":{"rendered":"<p>Hac\u00e9 clic en el siguiente bot\u00f3n, y elige la opci\u00f3n de pago efectivo para generar el cup\u00f3n de pago &nbsp; Pagar<\/p>\n","protected":false},"author":1,"featured_media":0,"parent":0,"menu_order":0,"comment_status":"open","ping_status":"open","template":"","meta":{"_joinchat":[],"footnotes":""},"class_list":["post-223","page","type-page","status-publish","hentry"],"yoast_head":"<!-- This site is optimized with the Yoast SEO plugin v25.4 - https:\/\/yoast.com\/wordpress\/plugins\/seo\/ -->\n<title>Cupon de pago Libre Panico - Exitosamente Sq<\/title>\n<meta name=\"robots\" content=\"index, follow, max-snippet:-1, max-image-preview:large, max-video-preview:-1\" \/>\n<link rel=\"canonical\" href=\"https:\/\/cursodepnl.com\/exitosq\/cupon-de-pago-libre-panico\/\" \/>\n<meta property=\"og:locale\" content=\"es_ES\" \/>\n<meta property=\"og:type\" content=\"article\" \/>\n<meta property=\"og:title\" content=\"Cupon de pago Libre Panico - Exitosamente Sq\" \/>\n<meta property=\"og:description\" content=\"Hac\u00e9 clic en el siguiente bot\u00f3n, y elige la opci\u00f3n de pago efectivo para generar el cup\u00f3n de pago &nbsp; Pagar\" \/>\n<meta property=\"og:url\" content=\"https:\/\/cursodepnl.com\/exitosq\/cupon-de-pago-libre-panico\/\" \/>\n<meta property=\"og:site_name\" content=\"Exitosamente Sq\" \/>\n<meta property=\"article:publisher\" content=\"http:\/\/facebook.com\/pnlonline\" \/>\n<meta property=\"article:modified_time\" content=\"2020-07-13T18:54:16+00:00\" \/>\n<meta property=\"og:image\" content=\"http:\/\/cursodepnl.com\/wp-content\/uploads\/2010\/12\/barra21.gif\" \/>\n<meta name=\"twitter:card\" content=\"summary_large_image\" \/>\n<script type=\"application\/ld+json\" class=\"yoast-schema-graph\">{\"@context\":\"https:\/\/schema.org\",\"@graph\":[{\"@type\":\"WebPage\",\"@id\":\"https:\/\/cursodepnl.com\/exitosq\/cupon-de-pago-libre-panico\/\",\"url\":\"https:\/\/cursodepnl.com\/exitosq\/cupon-de-pago-libre-panico\/\",\"name\":\"Cupon de pago Libre Panico - Exitosamente Sq\",\"isPartOf\":{\"@id\":\"https:\/\/cursodepnl.com\/exitosq\/#website\"},\"primaryImageOfPage\":{\"@id\":\"https:\/\/cursodepnl.com\/exitosq\/cupon-de-pago-libre-panico\/#primaryimage\"},\"image\":{\"@id\":\"https:\/\/cursodepnl.com\/exitosq\/cupon-de-pago-libre-panico\/#primaryimage\"},\"thumbnailUrl\":\"http:\/\/cursodepnl.com\/wp-content\/uploads\/2010\/12\/barra21.gif\",\"datePublished\":\"2014-06-18T20:01:19+00:00\",\"dateModified\":\"2020-07-13T18:54:16+00:00\",\"breadcrumb\":{\"@id\":\"https:\/\/cursodepnl.com\/exitosq\/cupon-de-pago-libre-panico\/#breadcrumb\"},\"inLanguage\":\"es\",\"potentialAction\":[{\"@type\":\"ReadAction\",\"target\":[\"https:\/\/cursodepnl.com\/exitosq\/cupon-de-pago-libre-panico\/\"]}]},{\"@type\":\"ImageObject\",\"inLanguage\":\"es\",\"@id\":\"https:\/\/cursodepnl.com\/exitosq\/cupon-de-pago-libre-panico\/#primaryimage\",\"url\":\"http:\/\/cursodepnl.com\/wp-content\/uploads\/2010\/12\/barra21.gif\",\"contentUrl\":\"http:\/\/cursodepnl.com\/wp-content\/uploads\/2010\/12\/barra21.gif\"},{\"@type\":\"BreadcrumbList\",\"@id\":\"https:\/\/cursodepnl.com\/exitosq\/cupon-de-pago-libre-panico\/#breadcrumb\",\"itemListElement\":[{\"@type\":\"ListItem\",\"position\":1,\"name\":\"Portada\",\"item\":\"https:\/\/cursodepnl.com\/exitosq\/\"},{\"@type\":\"ListItem\",\"position\":2,\"name\":\"Cupon de pago Libre Panico\"}]},{\"@type\":\"WebSite\",\"@id\":\"https:\/\/cursodepnl.com\/exitosq\/#website\",\"url\":\"https:\/\/cursodepnl.com\/exitosq\/\",\"name\":\"Exitosamente Sq\",\"description\":\"Exitosamente de Curso De PNL.com\",\"potentialAction\":[{\"@type\":\"SearchAction\",\"target\":{\"@type\":\"EntryPoint\",\"urlTemplate\":\"https:\/\/cursodepnl.com\/exitosq\/?s={search_term_string}\"},\"query-input\":{\"@type\":\"PropertyValueSpecification\",\"valueRequired\":true,\"valueName\":\"search_term_string\"}}],\"inLanguage\":\"es\"}]}<\/script>\n<!-- \/ Yoast SEO plugin. -->","yoast_head_json":{"title":"Cupon de pago Libre Panico - Exitosamente Sq","robots":{"index":"index","follow":"follow","max-snippet":"max-snippet:-1","max-image-preview":"max-image-preview:large","max-video-preview":"max-video-preview:-1"},"canonical":"https:\/\/cursodepnl.com\/exitosq\/cupon-de-pago-libre-panico\/","og_locale":"es_ES","og_type":"article","og_title":"Cupon de pago Libre Panico - Exitosamente Sq","og_description":"Hac\u00e9 clic en el siguiente bot\u00f3n, y elige la opci\u00f3n de pago efectivo para generar el cup\u00f3n de pago &nbsp; Pagar","og_url":"https:\/\/cursodepnl.com\/exitosq\/cupon-de-pago-libre-panico\/","og_site_name":"Exitosamente Sq","article_publisher":"http:\/\/facebook.com\/pnlonline","article_modified_time":"2020-07-13T18:54:16+00:00","og_image":[{"url":"http:\/\/cursodepnl.com\/wp-content\/uploads\/2010\/12\/barra21.gif","type":"","width":"","height":""}],"twitter_card":"summary_large_image","schema":{"@context":"https:\/\/schema.org","@graph":[{"@type":"WebPage","@id":"https:\/\/cursodepnl.com\/exitosq\/cupon-de-pago-libre-panico\/","url":"https:\/\/cursodepnl.com\/exitosq\/cupon-de-pago-libre-panico\/","name":"Cupon de pago Libre Panico - Exitosamente Sq","isPartOf":{"@id":"https:\/\/cursodepnl.com\/exitosq\/#website"},"primaryImageOfPage":{"@id":"https:\/\/cursodepnl.com\/exitosq\/cupon-de-pago-libre-panico\/#primaryimage"},"image":{"@id":"https:\/\/cursodepnl.com\/exitosq\/cupon-de-pago-libre-panico\/#primaryimage"},"thumbnailUrl":"http:\/\/cursodepnl.com\/wp-content\/uploads\/2010\/12\/barra21.gif","datePublished":"2014-06-18T20:01:19+00:00","dateModified":"2020-07-13T18:54:16+00:00","breadcrumb":{"@id":"https:\/\/cursodepnl.com\/exitosq\/cupon-de-pago-libre-panico\/#breadcrumb"},"inLanguage":"es","potentialAction":[{"@type":"ReadAction","target":["https:\/\/cursodepnl.com\/exitosq\/cupon-de-pago-libre-panico\/"]}]},{"@type":"ImageObject","inLanguage":"es","@id":"https:\/\/cursodepnl.com\/exitosq\/cupon-de-pago-libre-panico\/#primaryimage","url":"http:\/\/cursodepnl.com\/wp-content\/uploads\/2010\/12\/barra21.gif","contentUrl":"http:\/\/cursodepnl.com\/wp-content\/uploads\/2010\/12\/barra21.gif"},{"@type":"BreadcrumbList","@id":"https:\/\/cursodepnl.com\/exitosq\/cupon-de-pago-libre-panico\/#breadcrumb","itemListElement":[{"@type":"ListItem","position":1,"name":"Portada","item":"https:\/\/cursodepnl.com\/exitosq\/"},{"@type":"ListItem","position":2,"name":"Cupon de pago Libre Panico"}]},{"@type":"WebSite","@id":"https:\/\/cursodepnl.com\/exitosq\/#website","url":"https:\/\/cursodepnl.com\/exitosq\/","name":"Exitosamente Sq","description":"Exitosamente de Curso De PNL.com","potentialAction":[{"@type":"SearchAction","target":{"@type":"EntryPoint","urlTemplate":"https:\/\/cursodepnl.com\/exitosq\/?s={search_term_string}"},"query-input":{"@type":"PropertyValueSpecification","valueRequired":true,"valueName":"search_term_string"}}],"inLanguage":"es"}]}},"_links":{"self":[{"href":"https:\/\/cursodepnl.com\/exitosq\/wp-json\/wp\/v2\/pages\/223","targetHints":{"allow":["GET"]}}],"collection":[{"href":"https:\/\/cursodepnl.com\/exitosq\/wp-json\/wp\/v2\/pages"}],"about":[{"href":"https:\/\/cursodepnl.com\/exitosq\/wp-json\/wp\/v2\/types\/page"}],"author":[{"embeddable":true,"href":"https:\/\/cursodepnl.com\/exitosq\/wp-json\/wp\/v2\/users\/1"}],"replies":[{"embeddable":true,"href":"https:\/\/cursodepnl.com\/exitosq\/wp-json\/wp\/v2\/comments?post=223"}],"version-history":[{"count":8,"href":"https:\/\/cursodepnl.com\/exitosq\/wp-json\/wp\/v2\/pages\/223\/revisions"}],"predecessor-version":[{"id":8229,"href":"https:\/\/cursodepnl.com\/exitosq\/wp-json\/wp\/v2\/pages\/223\/revisions\/8229"}],"wp:attachment":[{"href":"https:\/\/cursodepnl.com\/exitosq\/wp-json\/wp\/v2\/media?parent=223"}],"curies":[{"name":"wp","href":"https:\/\/api.w.org\/{rel}","templated":true}]}}