{"id":2324,"date":"2016-01-19T19:45:06","date_gmt":"2016-01-19T19:45:06","guid":{"rendered":"https:\/\/cursodepnl.com\/exitosq\/?page_id=2324"},"modified":"2016-01-19T21:05:23","modified_gmt":"2016-01-19T21:05:23","slug":"mes-de-tu-superacion-personal","status":"publish","type":"page","link":"https:\/\/cursodepnl.com\/exitosq\/mes-de-tu-superacion-personal\/","title":{"rendered":"Mes de TU Superaci\u00f3n Personal? S\u00ed! Y por esta raz\u00f3n&#8230;!"},"content":{"rendered":"<div>\n<div>\n<div>\n<div style=\"text-align: center;\"><span style=\"color: #00ccff;\"><strong><img loading=\"lazy\" decoding=\"async\" class=\"aligncenter size-full wp-image-2335\" alt=\"ppio\" src=\"https:\/\/cursodepnl.com\/exitosq\/wp-content\/uploads\/2016\/01\/ppio.jpg\" width=\"766\" height=\"83\" srcset=\"https:\/\/cursodepnl.com\/exitosq\/wp-content\/uploads\/2016\/01\/ppio.jpg 766w, https:\/\/cursodepnl.com\/exitosq\/wp-content\/uploads\/2016\/01\/ppio-300x32.jpg 300w\" sizes=\"auto, (max-width: 766px) 100vw, 766px\" \/><br \/>\n<\/strong><\/span><\/div>\n<div style=\"text-align: center;\">Y son varios los que me preguntan si existen formas efectivas de conseguir las metas y objetivos que<\/div>\n<div style=\"text-align: center;\">una\/o suele \u00abproponerse\u00bb en estas fechas.<\/p>\n<p style=\"text-align: center;\">Por supuesto que s\u00ed!<\/p>\n<p style=\"text-align: center;\">De hecho, si no tienes una estrategia,<strong> si no sigues un sistema, posiblemente llegues a fin de este nuevo a\u00f1o s\u00f3lo con m\u00e1s frustraciones<\/strong> y presiones (y estr\u00e9s) porque no conseguiste casi nada de lo que te hab\u00edas propuesto en enero.<\/p>\n<p style=\"text-align: center;\"><span style=\"font-size: medium;\">Comparto contigo a continuaci\u00f3n un sencillo y muy poderoso <strong>ejercicio Anti-Frustraci\u00f3n<\/strong>, para que puedas sacarte de encima las tareas y objetivos que, en realidad, no deber\u00edas tener \u00aben tus espaldas\u00bb&#8230;<\/span><\/p>\n<p style=\"text-align: center;\"><span style=\"text-decoration: underline;\"><b>Mira esto y sabr\u00e1s a qu\u00e9 me refiero:<\/b><\/span><\/p>\n<p style=\"text-align: center;\">En primer lugar, asume tu realidad (y la de todos los que viven en este mundo):<\/p>\n<p style=\"text-align: center;\">Lo que voy a decirte ya lo sabes. Pero quiz\u00e1s no eres conciente de las consecuencias.<\/p>\n<p><img loading=\"lazy\" decoding=\"async\" class=\"aligncenter size-full wp-image-2327\" alt=\"24horas\" src=\"https:\/\/cursodepnl.com\/exitosq\/wp-content\/uploads\/2016\/01\/24horas.jpg\" width=\"499\" height=\"84\" srcset=\"https:\/\/cursodepnl.com\/exitosq\/wp-content\/uploads\/2016\/01\/24horas.jpg 499w, https:\/\/cursodepnl.com\/exitosq\/wp-content\/uploads\/2016\/01\/24horas-300x50.jpg 300w\" sizes=\"auto, (max-width: 499px) 100vw, 499px\" \/><\/p>\n<p style=\"text-align: center;\">De esas 24 horas, 8 (por lo menos) son las que necesitas dormir para estar bien y saludable.<\/p>\n<p style=\"text-align: center;\">De las 16 horas restantes, si tienes familia, amigos y\/o vida social, necesitas al menos 8 para ellos (y tu esparcimiento).<\/p>\n<p style=\"text-align: center;\">Te quedan 8 horas.<\/p>\n<p><strong><span style=\"font-size: large;\">Ni tu tiempo ni tu energ\u00eda son infinitas. Ni la cantidad de cosas que puedes hacer tampoco lo son.<\/span><\/strong><\/p>\n<p><span style=\"font-size: large; color: #ff9900;\">Por eso t\u00fa DEBES elegir qu\u00e9 har\u00e1s con ese tiempo que tienes.<\/span><\/p>\n<p><span style=\"text-decoration: underline; font-size: large;\"><b>Ahora s\u00ed, vamos al Ejercicio Anti-Frustraci\u00f3n:<\/b><\/span><\/p>\n<p>Es muy importante que hagas este ejercicio \u00abanti-frustraci\u00f3n\u00bb por escrito (conf\u00eda en m\u00ed, tendr\u00e1 sentido despu\u00e9s).<\/p>\n<p><strong>Te tomar\u00e1 s\u00f3lo entre 3 a 5 minutos.<\/strong><\/p>\n<p style=\"text-align: justify;\"><img loading=\"lazy\" decoding=\"async\" class=\"aligncenter size-full wp-image-2332\" alt=\"primer\" src=\"https:\/\/cursodepnl.com\/exitosq\/wp-content\/uploads\/2016\/01\/primer.jpg\" width=\"499\" height=\"84\" srcset=\"https:\/\/cursodepnl.com\/exitosq\/wp-content\/uploads\/2016\/01\/primer.jpg 499w, https:\/\/cursodepnl.com\/exitosq\/wp-content\/uploads\/2016\/01\/primer-300x50.jpg 300w\" sizes=\"auto, (max-width: 499px) 100vw, 499px\" \/><\/p>\n<p>&#8230; vas a anotar TODAS las tareas y cosas pendientes que tienes que hacer. TODAS! Desde las m\u00e1s simples a la m\u00e1s complejas. De esas que s\u00f3lo te toman un minuto hasta las que te insumen d\u00edas o semanas.<\/p>\n<div class=\"rounded-white-box\" style=\"width: 70%; margin: 5px auto 20px;\">\n<p><strong>Veamos un ejemplo de mi lista de tareas pendientes<br \/>\n(es s\u00f3lo una parte):<\/strong><\/p>\n<p>-escribir otro curso sobre Superaci\u00f3n y PNL<br \/>\n-ordenar mi vestidor,<br \/>\n-ordenar las habitaciones de mis hijas,<br \/>\n-preparar el coaching con un cliente de superaci\u00f3n,<br \/>\n-llamar a este otro cliente que necesita mi orientaci\u00f3n,<br \/>\n-armar un cronograma para escribir este mes 10 art\u00edculos y publicarlos a todos<\/p>\n<\/div>\n<p><img loading=\"lazy\" decoding=\"async\" class=\"aligncenter size-full wp-image-2331\" alt=\"2\" src=\"https:\/\/cursodepnl.com\/exitosq\/wp-content\/uploads\/2016\/01\/2.jpg\" width=\"499\" height=\"84\" srcset=\"https:\/\/cursodepnl.com\/exitosq\/wp-content\/uploads\/2016\/01\/2.jpg 499w, https:\/\/cursodepnl.com\/exitosq\/wp-content\/uploads\/2016\/01\/2-300x50.jpg 300w\" sizes=\"auto, (max-width: 499px) 100vw, 499px\" \/><\/p>\n<p>Ahora vas a dividir cada una de esas tareas que pusiste antes, usando la t\u00e9cnica que mi amigo Pablo Ciccone llama<strong> \u00abY.E.N.\u00bb:<\/strong><\/p>\n<p><span style=\"color: #ff9900;\"><strong>Y:<\/strong> <\/span>son las tareas que debes hacer s\u00ed o s\u00ed t\u00fa. Son indelegables. La \u00abY\u00bb viene por \u00abYO\u00bb. F\u00edjate que tareas en tu lista no podr\u00edan hacer, por ejemplo, tus empleados, asistente, pareja, hijos, etc.<\/p>\n<p>En mi caso, pongo dentro de la Y las tareas que s\u00f3lo yo puedo hacer: el coaching y la llamada a mi cliente.<\/p>\n<p><span style=\"color: #ff9900;\"><strong>E<\/strong>:<\/span> viene de \u00abEllos\u00bb. Son las tareas que puedes delegar en otras personas. En mi lista, ordenar las habitaciones y cronograma de art\u00edculos los pueden hacer tranquilamente mi empleada o mis hijas. Y mi asistente.<\/p>\n<p><span style=\"color: #ff9900;\"><strong>N: <\/strong><\/span>viene de tareas que \u00abNO\u00bb vas a hacer. Puede que las pospongas indefinidamente porque no son tan importantes. O que las deseches definitivamente porque en realidad te das cuenta que NO necesitas hacerlas.<\/p>\n<p>Lo importante es que no son una presi\u00f3n para ti en este momento de tu vida.<\/p>\n<p>En este momento no tengo el tiempo que quisiera para escribir un nuevo curso de Superaci\u00f3n, as\u00ed que decid\u00ed posponer esta tarea para el segundo semestre. Y me la quito de de mi lista de \u00abcosas pendientes para este semestre\u00bb.<\/p>\n<p><span style=\"color: #ff6600;\"><strong><span style=\"font-size: large; color: #ff9900;\"><strong><img loading=\"lazy\" decoding=\"async\" class=\"size-full wp-image-2333\" alt=\"3\" src=\"https:\/\/cursodepnl.com\/exitosq\/wp-content\/uploads\/2016\/01\/3.jpg\" width=\"499\" height=\"84\" srcset=\"https:\/\/cursodepnl.com\/exitosq\/wp-content\/uploads\/2016\/01\/3.jpg 499w, https:\/\/cursodepnl.com\/exitosq\/wp-content\/uploads\/2016\/01\/3-300x50.jpg 300w\" sizes=\"auto, (max-width: 499px) 100vw, 499px\" \/><\/strong><\/span><\/strong><\/span><\/p>\n<p>Ahora anota lo que s\u00ed o s\u00ed DEBES hacer y delega las que debas delegar. Y ponte manos a la obra!<\/p>\n<p><span style=\"text-decoration: underline;\"><b>Como muestra basta un bot\u00f3n:<\/b><\/span><\/p>\n<p>F\u00edjate c\u00f3mo, muchas veces, lo simple resuelve lo complejo y te quita presiones y frustraciones innecesarias en tu vida.<\/p>\n<p><span style=\"padding: 0px 4px; background-color: #38b4fc; color: #ffffff; font-size: large;\">Haciendo este f\u00e1cil y r\u00e1pido ejercicio, en lugar de recargarme mentalmente, soy realista y delego lo que puedo, pospongo lo que no es importante y hago s\u00f3lo lo que realmente DEBO en el tiempo que tengo.<\/span><\/p>\n<p>Si te gust\u00f3 este simple ejercicio (s\u00f3lo una muestra de muchos trucos y t\u00e9cnicas m\u00e1s que inclu\u00ed para todo aqu\u00e9l que quiera conseguir sus metas y proyectos este 2016) entonces te va a encantar lo que encontrar\u00e1s este mes de enero si te suscribes a mi Curso Pr\u00e1ctico de Superaci\u00f3n personal y PNL. Tambi\u00e9n sabr\u00e1s c\u00f3mo identificar qu\u00e9 tareas son esenciales y cu\u00e1les puedes posponer de acuerdo a tu meta central y tu dise\u00f1o de vida que identificaremos juntos\/as..<\/p>\n<p>&nbsp;<\/p>\n<p>[ez_box title=\u00bb<strong>Adem\u00e1s de todas las 24 entregas con much\u00edsimas<br \/>\nt\u00e9cnicas pr\u00e1cticas, secretos y ejercicios mentales para:<\/strong>\u00bb color=\u00bbblue\u00bb]<\/p>\n<ul>\n<li style=\"text-align: left;\">mejorar tus relaciones familiares y laborales<\/li>\n<li style=\"text-align: left;\">liderar e influenciar a las personas sin que lo noten<\/li>\n<li style=\"text-align: left;\">leer lo que los dem\u00e1s est\u00e1n pensando a trav\u00e9s del lenguaje corporal.<\/li>\n<li style=\"text-align: left;\">aumentar tu memoria y tu  ritmo de aprendizaje<\/li>\n<li style=\"text-align: left;\">mejorar tu salud y tener m\u00e1s energ\u00eda durante todo el d\u00eda<\/li>\n<li style=\"text-align: left;\">motivarte a ti y a tu familia para lograr lo que quieran (desde un ascenso laboral hasta que tus hijos pongan la mesa)<\/li>\n<li style=\"text-align: left;\">eliminar ansiedades y vicios que te limitan: cigarrillo, comida, etc.<\/li>\n<li style=\"text-align: left;\">Y muchas otras t\u00f1ecncias mas de ventas, abundancia, autocontrol, liderazgo,<br \/>\nbajar de peso naturalmente,  ser m\u00e1s productivo, mejorar las relaciones,<br \/>\ncambiar creencias,  y mucho m\u00e1s dentro de las 24 clases del curso con certificado.<\/li>\n<\/ul>\n<p>[\/ez_box]<\/p>\n<p><img loading=\"lazy\" decoding=\"async\" class=\"aligncenter size-full wp-image-2336\" alt=\"ademas\" src=\"https:\/\/cursodepnl.com\/exitosq\/wp-content\/uploads\/2016\/01\/ademas.jpg\" width=\"766\" height=\"83\" srcset=\"https:\/\/cursodepnl.com\/exitosq\/wp-content\/uploads\/2016\/01\/ademas.jpg 766w, https:\/\/cursodepnl.com\/exitosq\/wp-content\/uploads\/2016\/01\/ademas-300x32.jpg 300w\" sizes=\"auto, (max-width: 766px) 100vw, 766px\" \/><\/p>\n<p><strong>1-Pensar en positivo las 24 Horas del D\u00eda<\/strong><br \/>\n<strong> 2-Atraer Abundancia en tu vida<\/strong><br \/>\n<strong> 3-Mejorar tus defensas corporales.<\/strong><\/p>\n<\/div>\n<div style=\"text-align: center;\"><a href=\"https:\/\/cursodepnl.com\/exitosq\/suscribirse-curso-de-pnl-y-superacion\/\" target=\"_blank\"><img loading=\"lazy\" decoding=\"async\" class=\"aligncenter size-full wp-image-2341\" alt=\"audios\" src=\"https:\/\/cursodepnl.com\/exitosq\/wp-content\/uploads\/2016\/01\/audios.jpg\" width=\"605\" height=\"309\" srcset=\"https:\/\/cursodepnl.com\/exitosq\/wp-content\/uploads\/2016\/01\/audios.jpg 605w, https:\/\/cursodepnl.com\/exitosq\/wp-content\/uploads\/2016\/01\/audios-300x153.jpg 300w\" sizes=\"auto, (max-width: 605px) 100vw, 605px\" \/><\/a><\/div>\n<div style=\"text-align: center;\"><strong><\/strong><img loading=\"lazy\" decoding=\"async\" class=\"aligncenter size-full wp-image-2337\" alt=\"agregamos\" src=\"https:\/\/cursodepnl.com\/exitosq\/wp-content\/uploads\/2016\/01\/agregamos.jpg\" width=\"774\" height=\"126\" srcset=\"https:\/\/cursodepnl.com\/exitosq\/wp-content\/uploads\/2016\/01\/agregamos.jpg 774w, https:\/\/cursodepnl.com\/exitosq\/wp-content\/uploads\/2016\/01\/agregamos-300x48.jpg 300w\" sizes=\"auto, (max-width: 774px) 100vw, 774px\" \/><a href=\"https:\/\/cursodepnl.com\/exitosq\/suscribirse-curso-de-pnl-y-superacion\/\" target=\"_blank\"><img loading=\"lazy\" decoding=\"async\" class=\"alignleft size-full wp-image-2342\" alt=\"ORME\" src=\"https:\/\/cursodepnl.com\/exitosq\/wp-content\/uploads\/2016\/01\/ORME.jpg\" width=\"166\" height=\"248\" srcset=\"https:\/\/cursodepnl.com\/exitosq\/wp-content\/uploads\/2016\/01\/ORME.jpg 232w, https:\/\/cursodepnl.com\/exitosq\/wp-content\/uploads\/2016\/01\/ORME-201x300.jpg 201w\" sizes=\"auto, (max-width: 166px) 100vw, 166px\" \/><\/a><span style=\"font-size: large;\">SISTEMA OR-ME<\/span><\/p>\n<p><span style=\"font-size: large;\">All\u00ed te mostramos las estrategias m\u00e1s efectivas de las personas m\u00e1s eficaces, los mejores trucos y t\u00e9cnicas para trabajar menos y ganar m\u00e1s, para conseguir m\u00e1s de ti y de los dem\u00e1s con menos energ\u00eda y estr\u00e9s, y llegar a fin de a\u00f1o con la satisfacci\u00f3n y alegr\u00eda de que, <strong>haciendo las cosas positivamente diferente, lograste resultados positivamente mejores!<\/strong><\/span><\/p>\n<p>&nbsp;<\/p>\n<p>&nbsp;<\/p>\n<p>Es muy f\u00e1cil: si te gust\u00f3 y te sirvi\u00f3 lo que te mostr\u00e9 aqu\u00ed, entonces vas a quedar fascinada\/o desde hoy con lo que prepar\u00e9 para ti, solicitando tu acceso a todo el material \u00abConsigue tus Objetivos y Metas este 2016 usando PNL y Sup\u00e9rate para vivir mejor\u00bb, ya mismo, <a href=\"https:\/\/cursodepnl.com\/exitosq\/suscribirse-curso-de-pnl-y-superacion\/\" target=\"_blank\">desde aqu\u00ed! &lt;&#8212; Clic Aqu\u00ed!<\/p>\n<blockquote class=\"wp-embedded-content\" data-secret=\"hZxKyk5uzq\"><p><a href=\"https:\/\/cursodepnl.com\/exitosq\/suscribirse-curso-de-pnl-y-superacion\/\">Suscribirse Curso de PNL y Superacion<\/a><\/p><\/blockquote>\n<p><iframe loading=\"lazy\" class=\"wp-embedded-content\" sandbox=\"allow-scripts\" security=\"restricted\" style=\"position: absolute; visibility: hidden;\" title=\"\u00abSuscribirse Curso de PNL y Superacion\u00bb \u2014 Exitosamente Sq\" src=\"https:\/\/cursodepnl.com\/exitosq\/suscribirse-curso-de-pnl-y-superacion\/embed\/#?secret=7FcIaSjkTL#?secret=hZxKyk5uzq\" data-secret=\"hZxKyk5uzq\" width=\"500\" height=\"282\" frameborder=\"0\" marginwidth=\"0\" marginheight=\"0\" scrolling=\"no\"><\/iframe><br \/>\n<\/a> <a href=\"https:\/\/cursodepnl.com\/exitosq\/suscribirse-curso-de-pnl-y-superacion\/\" target=\"_blank\"><img loading=\"lazy\" decoding=\"async\" class=\"aligncenter size-full wp-image-2343\" alt=\"todo\" src=\"https:\/\/cursodepnl.com\/exitosq\/wp-content\/uploads\/2016\/01\/todo.jpg\" width=\"658\" height=\"324\" srcset=\"https:\/\/cursodepnl.com\/exitosq\/wp-content\/uploads\/2016\/01\/todo.jpg 658w, https:\/\/cursodepnl.com\/exitosq\/wp-content\/uploads\/2016\/01\/todo-300x147.jpg 300w\" sizes=\"auto, (max-width: 658px) 100vw, 658px\" \/><\/a><\/p>\n<\/div>\n<p>Cari\u00f1os!<\/p>\n<\/div>\n<p>Sof\u00eda<\/p>\n<\/div>\n<p>PD: con todo este material, m\u00e1s el Curso de PNL pr\u00e1ctico, vas a crear, desde hoy mismo y desde cero, tu propio \u00abmapa del \u00e9xito personal\u00bb que luego ir\u00e1s siguiendo, sin esfuerzo y manera entretenida,  a lo largo de los meses del a\u00f1o.<\/p>\n<p>Para que tus metas de \u00e9xito no queden \u00abperdidas\u00bb en la rutina&#8230;!<\/p>\n<p>Empieza hoy mismo a \u00abcrear\u00bb este \u00abmapa del \u00e9xito\u00bb con los mejores trucos<br \/>\ny t\u00e9cnicas de PNL para lograrlo r\u00e1pida y efectivamente&#8230;<\/p>\n<p>Que consigas este a\u00f1o tus metas depende de lo que decidas HOY!<br \/>\nY de c\u00f3mo ACT\u00daAS cada d\u00eda!<\/p>\n<\/div>\n<p><a href=\"https:\/\/cursodepnl.com\/exitosq\/suscribirse-curso-de-pnl-y-superacion\/\" target=\"_blank\">Clic Aqu\u00ed<\/a><\/p>\n","protected":false},"excerpt":{"rendered":"<p>Y son varios los que me preguntan si existen formas efectivas de conseguir las metas y objetivos que una\/o suele \u00abproponerse\u00bb en estas fechas. Por supuesto que s\u00ed! De hecho, si no tienes una estrategia, si no sigues un sistema, posiblemente llegues a fin de este nuevo a\u00f1o s\u00f3lo con m\u00e1s frustraciones y presiones (y [&hellip;]<\/p>\n","protected":false},"author":1,"featured_media":0,"parent":0,"menu_order":0,"comment_status":"open","ping_status":"open","template":"","meta":{"_joinchat":[],"footnotes":""},"class_list":["post-2324","page","type-page","status-publish","hentry"],"yoast_head":"<!-- This site is optimized with the Yoast SEO plugin v25.4 - https:\/\/yoast.com\/wordpress\/plugins\/seo\/ -->\n<title>Mes de TU Superaci\u00f3n Personal? S\u00ed! Y por esta raz\u00f3n...! - Exitosamente Sq<\/title>\n<meta name=\"robots\" content=\"index, follow, max-snippet:-1, max-image-preview:large, max-video-preview:-1\" \/>\n<link rel=\"canonical\" href=\"https:\/\/cursodepnl.com\/exitosq\/mes-de-tu-superacion-personal\/\" \/>\n<meta property=\"og:locale\" content=\"es_ES\" \/>\n<meta property=\"og:type\" content=\"article\" \/>\n<meta property=\"og:title\" content=\"Mes de TU Superaci\u00f3n Personal? S\u00ed! Y por esta raz\u00f3n...! - Exitosamente Sq\" \/>\n<meta property=\"og:description\" content=\"Y son varios los que me preguntan si existen formas efectivas de conseguir las metas y objetivos que una\/o suele \u00abproponerse\u00bb en estas fechas. Por supuesto que s\u00ed! De hecho, si no tienes una estrategia, si no sigues un sistema, posiblemente llegues a fin de este nuevo a\u00f1o s\u00f3lo con m\u00e1s frustraciones y presiones (y [&hellip;]\" \/>\n<meta property=\"og:url\" content=\"https:\/\/cursodepnl.com\/exitosq\/mes-de-tu-superacion-personal\/\" \/>\n<meta property=\"og:site_name\" content=\"Exitosamente Sq\" \/>\n<meta property=\"article:publisher\" content=\"http:\/\/facebook.com\/pnlonline\" \/>\n<meta property=\"article:modified_time\" content=\"2016-01-19T21:05:23+00:00\" \/>\n<meta property=\"og:image\" content=\"https:\/\/cursodepnl.com\/exitosq\/wp-content\/uploads\/2016\/01\/ppio.jpg\" \/>\n\t<meta property=\"og:image:width\" content=\"766\" \/>\n\t<meta property=\"og:image:height\" content=\"83\" \/>\n\t<meta property=\"og:image:type\" content=\"image\/jpeg\" \/>\n<meta name=\"twitter:card\" content=\"summary_large_image\" \/>\n<meta name=\"twitter:label1\" content=\"Tiempo de lectura\" \/>\n\t<meta name=\"twitter:data1\" content=\"6 minutos\" \/>\n<script type=\"application\/ld+json\" class=\"yoast-schema-graph\">{\"@context\":\"https:\/\/schema.org\",\"@graph\":[{\"@type\":\"WebPage\",\"@id\":\"https:\/\/cursodepnl.com\/exitosq\/mes-de-tu-superacion-personal\/\",\"url\":\"https:\/\/cursodepnl.com\/exitosq\/mes-de-tu-superacion-personal\/\",\"name\":\"Mes de TU Superaci\u00f3n Personal? S\u00ed! Y por esta raz\u00f3n...! - Exitosamente Sq\",\"isPartOf\":{\"@id\":\"https:\/\/cursodepnl.com\/exitosq\/#website\"},\"primaryImageOfPage\":{\"@id\":\"https:\/\/cursodepnl.com\/exitosq\/mes-de-tu-superacion-personal\/#primaryimage\"},\"image\":{\"@id\":\"https:\/\/cursodepnl.com\/exitosq\/mes-de-tu-superacion-personal\/#primaryimage\"},\"thumbnailUrl\":\"https:\/\/cursodepnl.com\/exitosq\/wp-content\/uploads\/2016\/01\/ppio.jpg\",\"datePublished\":\"2016-01-19T19:45:06+00:00\",\"dateModified\":\"2016-01-19T21:05:23+00:00\",\"breadcrumb\":{\"@id\":\"https:\/\/cursodepnl.com\/exitosq\/mes-de-tu-superacion-personal\/#breadcrumb\"},\"inLanguage\":\"es\",\"potentialAction\":[{\"@type\":\"ReadAction\",\"target\":[\"https:\/\/cursodepnl.com\/exitosq\/mes-de-tu-superacion-personal\/\"]}]},{\"@type\":\"ImageObject\",\"inLanguage\":\"es\",\"@id\":\"https:\/\/cursodepnl.com\/exitosq\/mes-de-tu-superacion-personal\/#primaryimage\",\"url\":\"https:\/\/cursodepnl.com\/exitosq\/wp-content\/uploads\/2016\/01\/ppio.jpg\",\"contentUrl\":\"https:\/\/cursodepnl.com\/exitosq\/wp-content\/uploads\/2016\/01\/ppio.jpg\",\"width\":766,\"height\":83},{\"@type\":\"BreadcrumbList\",\"@id\":\"https:\/\/cursodepnl.com\/exitosq\/mes-de-tu-superacion-personal\/#breadcrumb\",\"itemListElement\":[{\"@type\":\"ListItem\",\"position\":1,\"name\":\"Portada\",\"item\":\"https:\/\/cursodepnl.com\/exitosq\/\"},{\"@type\":\"ListItem\",\"position\":2,\"name\":\"Mes de TU Superaci\u00f3n Personal? S\u00ed! Y por esta raz\u00f3n&#8230;!\"}]},{\"@type\":\"WebSite\",\"@id\":\"https:\/\/cursodepnl.com\/exitosq\/#website\",\"url\":\"https:\/\/cursodepnl.com\/exitosq\/\",\"name\":\"Exitosamente Sq\",\"description\":\"Exitosamente de Curso De PNL.com\",\"potentialAction\":[{\"@type\":\"SearchAction\",\"target\":{\"@type\":\"EntryPoint\",\"urlTemplate\":\"https:\/\/cursodepnl.com\/exitosq\/?s={search_term_string}\"},\"query-input\":{\"@type\":\"PropertyValueSpecification\",\"valueRequired\":true,\"valueName\":\"search_term_string\"}}],\"inLanguage\":\"es\"}]}<\/script>\n<!-- \/ Yoast SEO plugin. -->","yoast_head_json":{"title":"Mes de TU Superaci\u00f3n Personal? S\u00ed! Y por esta raz\u00f3n...! - Exitosamente Sq","robots":{"index":"index","follow":"follow","max-snippet":"max-snippet:-1","max-image-preview":"max-image-preview:large","max-video-preview":"max-video-preview:-1"},"canonical":"https:\/\/cursodepnl.com\/exitosq\/mes-de-tu-superacion-personal\/","og_locale":"es_ES","og_type":"article","og_title":"Mes de TU Superaci\u00f3n Personal? S\u00ed! Y por esta raz\u00f3n...! - Exitosamente Sq","og_description":"Y son varios los que me preguntan si existen formas efectivas de conseguir las metas y objetivos que una\/o suele \u00abproponerse\u00bb en estas fechas. Por supuesto que s\u00ed! De hecho, si no tienes una estrategia, si no sigues un sistema, posiblemente llegues a fin de este nuevo a\u00f1o s\u00f3lo con m\u00e1s frustraciones y presiones (y [&hellip;]","og_url":"https:\/\/cursodepnl.com\/exitosq\/mes-de-tu-superacion-personal\/","og_site_name":"Exitosamente Sq","article_publisher":"http:\/\/facebook.com\/pnlonline","article_modified_time":"2016-01-19T21:05:23+00:00","og_image":[{"width":766,"height":83,"url":"https:\/\/cursodepnl.com\/exitosq\/wp-content\/uploads\/2016\/01\/ppio.jpg","type":"image\/jpeg"}],"twitter_card":"summary_large_image","twitter_misc":{"Tiempo de lectura":"6 minutos"},"schema":{"@context":"https:\/\/schema.org","@graph":[{"@type":"WebPage","@id":"https:\/\/cursodepnl.com\/exitosq\/mes-de-tu-superacion-personal\/","url":"https:\/\/cursodepnl.com\/exitosq\/mes-de-tu-superacion-personal\/","name":"Mes de TU Superaci\u00f3n Personal? S\u00ed! Y por esta raz\u00f3n...! - Exitosamente Sq","isPartOf":{"@id":"https:\/\/cursodepnl.com\/exitosq\/#website"},"primaryImageOfPage":{"@id":"https:\/\/cursodepnl.com\/exitosq\/mes-de-tu-superacion-personal\/#primaryimage"},"image":{"@id":"https:\/\/cursodepnl.com\/exitosq\/mes-de-tu-superacion-personal\/#primaryimage"},"thumbnailUrl":"https:\/\/cursodepnl.com\/exitosq\/wp-content\/uploads\/2016\/01\/ppio.jpg","datePublished":"2016-01-19T19:45:06+00:00","dateModified":"2016-01-19T21:05:23+00:00","breadcrumb":{"@id":"https:\/\/cursodepnl.com\/exitosq\/mes-de-tu-superacion-personal\/#breadcrumb"},"inLanguage":"es","potentialAction":[{"@type":"ReadAction","target":["https:\/\/cursodepnl.com\/exitosq\/mes-de-tu-superacion-personal\/"]}]},{"@type":"ImageObject","inLanguage":"es","@id":"https:\/\/cursodepnl.com\/exitosq\/mes-de-tu-superacion-personal\/#primaryimage","url":"https:\/\/cursodepnl.com\/exitosq\/wp-content\/uploads\/2016\/01\/ppio.jpg","contentUrl":"https:\/\/cursodepnl.com\/exitosq\/wp-content\/uploads\/2016\/01\/ppio.jpg","width":766,"height":83},{"@type":"BreadcrumbList","@id":"https:\/\/cursodepnl.com\/exitosq\/mes-de-tu-superacion-personal\/#breadcrumb","itemListElement":[{"@type":"ListItem","position":1,"name":"Portada","item":"https:\/\/cursodepnl.com\/exitosq\/"},{"@type":"ListItem","position":2,"name":"Mes de TU Superaci\u00f3n Personal? S\u00ed! Y por esta raz\u00f3n&#8230;!"}]},{"@type":"WebSite","@id":"https:\/\/cursodepnl.com\/exitosq\/#website","url":"https:\/\/cursodepnl.com\/exitosq\/","name":"Exitosamente Sq","description":"Exitosamente de Curso De PNL.com","potentialAction":[{"@type":"SearchAction","target":{"@type":"EntryPoint","urlTemplate":"https:\/\/cursodepnl.com\/exitosq\/?s={search_term_string}"},"query-input":{"@type":"PropertyValueSpecification","valueRequired":true,"valueName":"search_term_string"}}],"inLanguage":"es"}]}},"_links":{"self":[{"href":"https:\/\/cursodepnl.com\/exitosq\/wp-json\/wp\/v2\/pages\/2324","targetHints":{"allow":["GET"]}}],"collection":[{"href":"https:\/\/cursodepnl.com\/exitosq\/wp-json\/wp\/v2\/pages"}],"about":[{"href":"https:\/\/cursodepnl.com\/exitosq\/wp-json\/wp\/v2\/types\/page"}],"author":[{"embeddable":true,"href":"https:\/\/cursodepnl.com\/exitosq\/wp-json\/wp\/v2\/users\/1"}],"replies":[{"embeddable":true,"href":"https:\/\/cursodepnl.com\/exitosq\/wp-json\/wp\/v2\/comments?post=2324"}],"version-history":[{"count":11,"href":"https:\/\/cursodepnl.com\/exitosq\/wp-json\/wp\/v2\/pages\/2324\/revisions"}],"predecessor-version":[{"id":2352,"href":"https:\/\/cursodepnl.com\/exitosq\/wp-json\/wp\/v2\/pages\/2324\/revisions\/2352"}],"wp:attachment":[{"href":"https:\/\/cursodepnl.com\/exitosq\/wp-json\/wp\/v2\/media?parent=2324"}],"curies":[{"name":"wp","href":"https:\/\/api.w.org\/{rel}","templated":true}]}}