{"id":2345,"date":"2016-01-19T20:12:32","date_gmt":"2016-01-19T20:12:32","guid":{"rendered":"https:\/\/cursodepnl.com\/exitosq\/?page_id=2345"},"modified":"2017-08-16T16:30:12","modified_gmt":"2017-08-16T16:30:12","slug":"suscribirse-curso-de-pnl-y-superacion","status":"publish","type":"page","link":"https:\/\/cursodepnl.com\/exitosq\/suscribirse-curso-de-pnl-y-superacion\/","title":{"rendered":"Suscribirse Curso de PNL y Superacion"},"content":{"rendered":"<p><img loading=\"lazy\" decoding=\"async\" class=\"aligncenter size-full wp-image-2346\" src=\"https:\/\/cursodepnl.com\/exitosq\/wp-content\/uploads\/2016\/01\/tumes.jpg\" alt=\"tumes\" width=\"527\" height=\"53\" srcset=\"https:\/\/cursodepnl.com\/exitosq\/wp-content\/uploads\/2016\/01\/tumes.jpg 527w, https:\/\/cursodepnl.com\/exitosq\/wp-content\/uploads\/2016\/01\/tumes-300x30.jpg 300w\" sizes=\"auto, (max-width: 527px) 100vw, 527px\" \/>[ez_three_fourth]<br \/>\n <img loading=\"lazy\" decoding=\"async\" class=\"aligncenter size-full wp-image-2135\" src=\"https:\/\/cursodepnl.com\/exitosq\/wp-content\/uploads\/2014\/08\/accedeahora.gif\" alt=\"accedeahora\" width=\"507\" height=\"108\" \/><img loading=\"lazy\" decoding=\"async\" class=\"aligncenter size-full wp-image-2348\" src=\"https:\/\/cursodepnl.com\/exitosq\/wp-content\/uploads\/2016\/01\/yregalos.jpg\" alt=\"yregalos\" width=\"527\" height=\"53\" srcset=\"https:\/\/cursodepnl.com\/exitosq\/wp-content\/uploads\/2016\/01\/yregalos.jpg 527w, https:\/\/cursodepnl.com\/exitosq\/wp-content\/uploads\/2016\/01\/yregalos-300x30.jpg 300w\" sizes=\"auto, (max-width: 527px) 100vw, 527px\" \/><\/p>\n<p><img loading=\"lazy\" decoding=\"async\" class=\"aligncenter size-full wp-image-2347\" src=\"https:\/\/cursodepnl.com\/exitosq\/wp-content\/uploads\/2016\/01\/todosus.jpg\" alt=\"todosus\" width=\"461\" height=\"227\" srcset=\"https:\/\/cursodepnl.com\/exitosq\/wp-content\/uploads\/2016\/01\/todosus.jpg 461w, https:\/\/cursodepnl.com\/exitosq\/wp-content\/uploads\/2016\/01\/todosus-300x147.jpg 300w\" sizes=\"auto, (max-width: 461px) 100vw, 461px\" \/><\/p>\n<p style=\"text-align: center;\"><span style=\"font-size: medium;\"><strong><img loading=\"lazy\" decoding=\"async\" class=\"aligncenter size-full wp-image-2009\" src=\"https:\/\/cursodepnl.com\/exitosq\/wp-content\/uploads\/2014\/08\/PAGO.gif\" alt=\"PAGO\" width=\"523\" height=\"45\" \/><br \/>\n <\/strong><\/span><\/p>\n<p style=\"text-align: center;\"><strong>Argentina: <del>3497<\/del> 2497 $ arg <span style=\"color: #3366ff;\">|<\/span> Chile: <del>123.000<\/del> 95.337 pesos <span style=\"color: #3366ff;\">|<br \/>\n<\/span>Uruguay: <del>5200<\/del>  4.231 pesos <span style=\"color: #3366ff;\">| <\/span>Colombia: <del>682.000 <\/del>436.154<br \/>\nM\u00e9xico: <del>3880<\/del>  2615 pesos MXN <span style=\"color: #3366ff;\">| <\/span>Per\u00fa: <del>610<\/del> 477 soles <span style=\"color: #3366ff;\">| <span style=\"color: #000000;\">Espa\u00f1a: <del>197<\/del>  147 <\/span><\/span><span style=\"color: #3366ff;\"><span style=\"color: #000000;\"> euros<\/span><\/span><\/p>\n<p> <\/strong><\/p>\n<p style=\"text-align: center;\">[ez_tabs tab1=\u00bbArgentina\u00bb tab2=\u00bbChile\u00bb tab3=\u00bbColombia\u00bb tab4=\u00bbM\u00e9xico\u00bb tab5=\u00bbPer\u00fa\u00bb tab6=\u00bbUruguay\u00bb tab7=\u00bbOtros Pa\u00edses\u00bb]<\/p>\n<p>[ez_tab]<\/p>\n<p style=\"text-align: center;\">\n<table border=\"0\" width=\"48%\">\n<tbody>\n<tr>\n<td width=\"33%\">\n<div align=\"center\"><strong><a href=\"https:\/\/cursodepnl.com\/exitosq\/tarjeta-argentina-pnl\/\" target=\"_blank\">Tarjetas de Cr\u00e9dito<\/a><\/strong><\/div>\n<\/td>\n<td width=\"33%\">\n<div align=\"center\"><strong><a href=\"https:\/\/cursodepnl.com\/exitosq\/cupon-de-pago\/\" target=\"_blank\">RapiPago-Pago F\u00e1cil<\/a><\/strong><\/div>\n<\/td>\n<td width=\"33%\">\n<div align=\"center\"><strong><a href=\"https:\/\/cursodepnl.com\/exitosq\/datos-cuenta-2\/\" target=\"_blank\">Transf. y Dep\u00f3sitos<\/a><\/strong><\/div>\n<\/td>\n<\/tr>\n<tr>\n<td>\n<div align=\"center\"><a href=\"https:\/\/cursodepnl.com\/exitosq\/tarjeta-argentina-pnl\/\" target=\"_blank\"><img loading=\"lazy\" decoding=\"async\" src=\"http:\/\/fbsimple.net\/wp-content\/uploads\/2014\/07\/tarjetaarg.jpg\" alt=\"\" width=\"135\" height=\"54\" \/><\/a><\/div>\n<\/td>\n<td>\n<div align=\"center\"><a href=\"https:\/\/cursodepnl.com\/exitosq\/cupon-de-pago\/\" target=\"_blank\"><img loading=\"lazy\" decoding=\"async\" src=\"http:\/\/fbsimple.net\/wp-content\/uploads\/2014\/07\/rapipago.jpg\" alt=\"\" width=\"135\" height=\"54\" \/><\/a><\/div>\n<\/td>\n<td>\n<div align=\"center\"><a href=\"https:\/\/cursodepnl.com\/exitosq\/datos-cuenta-2\/\" target=\"_blank\"><img loading=\"lazy\" decoding=\"async\" src=\"http:\/\/fbsimple.net\/wp-content\/uploads\/2014\/07\/ctaarg.jpg\" alt=\"\" width=\"147\" height=\"59\" \/><\/a><\/div>\n<\/td>\n<\/tr>\n<\/tbody>\n<\/table>\n<p>[\/ez_tab]<\/p>\n<p>[ez_tab]<\/p>\n<p style=\"text-align: left;\">\n<table border=\"0\" width=\"48%\">\n<tbody>\n<tr>\n<td width=\"33%\"> <\/td>\n<td width=\"33%\">\n<div align=\"center\"><strong><a href=\"https:\/\/cursodepnl.com\/exitosq\/curso-pnl-paypal\/\" target=\"_blank\">Paypal<\/a><\/strong><\/div>\n<\/td>\n<td width=\"33%\">\n<div align=\"center\"><a href=\"https:\/\/cursodepnl.com\/exitosq\/datos-giro\/\" target=\"_blank\"><strong>Western Union- Money Gram<\/strong><\/a><\/div>\n<\/td>\n<\/tr>\n<tr>\n<td>&nbsp;<\/td>\n<td>\n<div align=\"center\"><a href=\"https:\/\/cursodepnl.com\/exitosq\/curso-pnl-paypal\/\" target=\"_blank\"><img loading=\"lazy\" decoding=\"async\" src=\"http:\/\/fbsimple.net\/wp-content\/uploads\/2014\/07\/paypal.jpg\" alt=\"\" width=\"149\" height=\"60\" \/><\/a><\/div>\n<\/td>\n<td>\n<div align=\"center\"><a href=\"https:\/\/cursodepnl.com\/exitosq\/datos-giro\/\" target=\"_blank\"><img loading=\"lazy\" decoding=\"async\" src=\"http:\/\/fbsimple.net\/wp-content\/uploads\/2014\/07\/giros.jpg\" alt=\"\" width=\"134\" height=\"54\" \/><\/a><\/div>\n<\/td>\n<\/tr>\n<\/tbody>\n<\/table>\n<p>[\/ez_tab]<\/p>\n<p>[ez_tab]<\/p>\n<p style=\"text-align: left;\">\n<table border=\"0\" width=\"48%\">\n<tbody>\n<tr>\n<td width=\"33%\">\n<div align=\"center\"> <\/div>\n<\/td>\n<td width=\"33%\">\n<div align=\"center\"><strong><a href=\"https:\/\/cursodepnl.com\/exitosq\/curso-pnl-paypal\/\" target=\"_blank\">Paypal<\/a><\/strong><\/div>\n<\/td>\n<td width=\"33%\">\n<div align=\"center\"><strong><a href=\"https:\/\/cursodepnl.com\/exitosq\/datos-giro\/\" target=\"_blank\">Western Union- Money Gram<\/a><\/strong><\/div>\n<\/td>\n<\/tr>\n<tr>\n<td>\n<div align=\"center\"> <\/div>\n<\/td>\n<td>\n<div align=\"center\"><a href=\"https:\/\/cursodepnl.com\/exitosq\/curso-pnl-paypal\/\" target=\"_blank\"><img loading=\"lazy\" decoding=\"async\" src=\"http:\/\/fbsimple.net\/wp-content\/uploads\/2014\/07\/paypal.jpg\" alt=\"\" width=\"142\" height=\"57\" \/><\/a><\/div>\n<\/td>\n<td>\n<div align=\"center\"><a href=\"https:\/\/cursodepnl.com\/exitosq\/datos-giro\/\" target=\"_blank\"><img loading=\"lazy\" decoding=\"async\" src=\"http:\/\/fbsimple.net\/wp-content\/uploads\/2014\/07\/giros.jpg\" alt=\"\" width=\"154\" height=\"62\" \/><\/a><\/div>\n<\/td>\n<\/tr>\n<\/tbody>\n<\/table>\n<p>[\/ez_tab]<\/p>\n<p>[ez_tab]<\/p>\n<p style=\"text-align: center;\">\n<table border=\"0\" width=\"48%\">\n<tbody>\n<tr>\n<td width=\"33%\">\n<div align=\"center\"><strong><a href=\"https:\/\/cursodepnl.com\/exitosq\/pnl-mexico\/\" target=\"_blank\">Efectivo M\u00e9xico<\/a><\/strong><\/div>\n<\/td>\n<td width=\"33%\">\n<div align=\"center\"><a href=\"https:\/\/cursodepnl.com\/exitosq\/curso-pnl-paypal-mxn\/\" target=\"_blank\"><strong>Tarjeta de cr\u00e9dito<\/strong><\/a><\/div>\n<\/td>\n<td width=\"33%\">\n<div align=\"center\"><strong><a href=\"https:\/\/cursodepnl.com\/exitosq\/datos-giro\/\" target=\"_blank\">Western Union- Money Gram<\/a><\/strong><\/div>\n<\/td>\n<\/tr>\n<tr>\n<td>\n<div align=\"center\"><a href=\"https:\/\/cursodepnl.com\/exitosq\/pnl-mexico\/\" target=\"_blank\"><img loading=\"lazy\" decoding=\"async\" src=\"http:\/\/fbsimple.net\/wp-content\/uploads\/2014\/07\/mexico.jpg\" alt=\"\" width=\"157\" height=\"63\" \/><\/a><\/div>\n<\/td>\n<td>\n<div align=\"center\"><a href=\"https:\/\/cursodepnl.com\/exitosq\/curso-pnl-paypal-mxn\/\" target=\"_blank\"><img loading=\"lazy\" decoding=\"async\" src=\"http:\/\/fbsimple.net\/wp-content\/uploads\/2014\/07\/paypal.jpg\" alt=\"\" width=\"152\" height=\"61\" \/><\/a><\/div>\n<\/td>\n<td>\n<div align=\"center\"><a href=\"https:\/\/cursodepnl.com\/exitosq\/datos-giro\/\" target=\"_blank\"><img loading=\"lazy\" decoding=\"async\" src=\"http:\/\/fbsimple.net\/wp-content\/uploads\/2014\/07\/giros.jpg\" alt=\"\" width=\"149\" height=\"60\" \/><\/a><\/div>\n<\/td>\n<\/tr>\n<\/tbody>\n<\/table>\n<p>[\/ez_tab][ez_tab]<\/p>\n<p style=\"text-align: center;\">\n<table border=\"0\" width=\"48%\">\n<tbody>\n<tr>\n<td width=\"33%\">\n<div align=\"center\"><strong><a href=\"https:\/\/cursodepnl.com\/exitosq\/avalancha-pnl-peru\/\" target=\"_blank\">Formas de Pago Per\u00fa<\/a><\/strong><\/div>\n<\/td>\n<td width=\"33%\">\n<div align=\"center\"><strong><a href=\"https:\/\/cursodepnl.com\/exitosq\/curso-pnl-paypal\/\" target=\"_blank\">Paypal<\/a><\/strong><\/div>\n<\/td>\n<td width=\"33%\">\n<div align=\"center\"><strong><a href=\"https:\/\/cursodepnl.com\/exitosq\/datos-giro\/\" target=\"_blank\">Western Union- Money Gram<\/a><\/strong><\/div>\n<\/td>\n<\/tr>\n<tr>\n<td>\n<div align=\"center\"><a href=\"https:\/\/cursodepnl.com\/exitosq\/avalancha-pnl-peru\/\" target=\"_blank\"><img loading=\"lazy\" decoding=\"async\" src=\"http:\/\/bajar-de-peso.com.ar\/pagos\/wp-content\/uploads\/2014\/08\/peru-medios.jpg\" alt=\"\" width=\"157\" height=\"63\" \/><\/a><\/div>\n<\/td>\n<td>\n<div align=\"center\"><a href=\"https:\/\/cursodepnl.com\/exitosq\/curso-pnl-paypal\/\" target=\"_blank\"><img loading=\"lazy\" decoding=\"async\" src=\"http:\/\/fbsimple.net\/wp-content\/uploads\/2014\/07\/paypal.jpg\" alt=\"\" width=\"149\" height=\"60\" \/><\/a><\/div>\n<\/td>\n<td>\n<div align=\"center\"><a href=\"https:\/\/cursodepnl.com\/exitosq\/datos-giro\/\" target=\"_blank\"><img loading=\"lazy\" decoding=\"async\" src=\"http:\/\/fbsimple.net\/wp-content\/uploads\/2014\/07\/giros.jpg\" alt=\"\" width=\"159\" height=\"67\" \/><\/a><\/div>\n<p>&nbsp;<\/p>\n<\/td>\n<\/tr>\n<\/tbody>\n<\/table>\n<p>[\/ez_tab]<\/p>\n<p>[ez_tab]<\/p>\n<p style=\"text-align: center;\">\n<table border=\"0\" width=\"48%\">\n<tbody>\n<tr>\n<td width=\"50%\">\n<div align=\"center\"><strong><a href=\"https:\/\/cursodepnl.com\/exitosq\/curso-pnl-paypal\/\" target=\"_blank\">Tarjetas de Cr\u00e9dito &#8211; Paypal<\/a><\/strong><\/div>\n<\/td>\n<td width=\"50%\">\n<div align=\"center\"><strong><a href=\"https:\/\/cursodepnl.com\/exitosq\/datos-giro\/\" target=\"_blank\">Western Union- Money Gram<\/a><\/strong><\/div>\n<\/td>\n<\/tr>\n<tr>\n<td>\n<div align=\"center\"><a href=\"https:\/\/cursodepnl.com\/exitosq\/curso-pnl-paypal\/\" target=\"_blank\"><img decoding=\"async\" src=\"http:\/\/fbsimple.net\/wp-content\/uploads\/2014\/07\/paypal.jpg\" alt=\"\" \/><\/a><\/div>\n<\/td>\n<td>\n<div align=\"center\"><a href=\"https:\/\/cursodepnl.com\/exitosq\/datos-giro\/\" target=\"_blank\"><img decoding=\"async\" src=\"http:\/\/fbsimple.net\/wp-content\/uploads\/2014\/07\/giros.jpg\" alt=\"\" \/><\/a><\/div>\n<\/td>\n<\/tr>\n<\/tbody>\n<\/table>\n<p>[\/ez_tab]<\/p>\n<p>[ez_tab]<\/p>\n<p>&nbsp;<\/p>\n<table border=\"0\" width=\"48%\">\n<tbody>\n<tr>\n<td width=\"50%\">\n<div align=\"center\"><strong><a href=\"https:\/\/cursodepnl.com\/exitosq\/curso-pnl-paypal\/\" target=\"_blank\">Tarjetas de Cr\u00e9dito &#8211; Paypal<\/a><\/strong><\/div>\n<\/td>\n<td width=\"50%\">\n<div align=\"center\"><strong><a href=\"https:\/\/cursodepnl.com\/exitosq\/datos-giro\/\" target=\"_blank\">Western Union- Money Gram<\/a><\/strong><\/div>\n<\/td>\n<\/tr>\n<tr>\n<td>\n<div align=\"center\"><a href=\"https:\/\/cursodepnl.com\/exitosq\/curso-pnl-paypal\/\" target=\"_blank\"><img decoding=\"async\" src=\"http:\/\/fbsimple.net\/wp-content\/uploads\/2014\/07\/paypal.jpg\" alt=\"\" \/><\/a><\/div>\n<\/td>\n<td>\n<div align=\"center\"><a href=\"https:\/\/cursodepnl.com\/exitosq\/datos-giro\/\" target=\"_blank\"><img decoding=\"async\" src=\"http:\/\/fbsimple.net\/wp-content\/uploads\/2014\/07\/giros.jpg\" alt=\"\" \/><\/a><\/div>\n<\/td>\n<\/tr>\n<\/tbody>\n<\/table>\n<p>[\/ez_tab]<br \/>\n [\/ez_tabs]<br \/>\n [\/ez_three_fourth]<br \/>\n [ez_one_fourth_last]<br \/>\n <span style=\"color: #008080;\"><strong> TESTIMONIOS<\/strong><\/span><\/p>\n<div class=\"rounded-grey-box\" style=\"width: 70%; margin: 5px auto 20px;\">\n<p><span style=\"font-size: 10pt;\">\u201c<em>Hola Sof\u00eda, Qu\u00e9 tal est\u00e1s?? Yo tengo que decirte que estoy estupendamente. No me imaginaba en ning\u00fan momento que estas pr\u00e1cticas de PNL iban a cambiar tanto mi vida y le iban a dar una perspectiva tan amplia, y tan manejada por m\u00ed misma. <\/em>\u201d Francisca A. Espa\u00f1a.<\/span><\/p>\n<\/div>\n<div class=\"rounded-blue-box\" style=\"width: 70%; margin: 5px auto 20px;\">\n<p style=\"color: #222222;\"><span style=\"font-size: 8pt;\">\u201cGracias Sofia, fue muy positivo para mi este curso, sin duda lo voy a seguir releyendo seguro ire encontrando cosas nuevas que me ser\u00e1n positivas. Nuevamente muchas gracias y que tengas una linda vida Cari\u00f1os\u201d Olga. Argentina.<\/span><\/p>\n<\/div>\n<p>[\/ez_one_fourth_last]<\/p>\n","protected":false},"excerpt":{"rendered":"<p>[ez_three_fourth] Argentina: 3497 2497 $ arg | Chile: 123.000 95.337 pesos | Uruguay: 5200 4.231 pesos | Colombia: 682.000 436.154 M\u00e9xico: 3880 2615 pesos MXN | Per\u00fa: 610 477 soles | Espa\u00f1a: 197 147 euros [ez_tabs tab1=\u00bbArgentina\u00bb tab2=\u00bbChile\u00bb tab3=\u00bbColombia\u00bb tab4=\u00bbM\u00e9xico\u00bb tab5=\u00bbPer\u00fa\u00bb tab6=\u00bbUruguay\u00bb tab7=\u00bbOtros Pa\u00edses\u00bb] [ez_tab] Tarjetas de Cr\u00e9dito RapiPago-Pago F\u00e1cil Transf. y Dep\u00f3sitos [\/ez_tab] [ez_tab] [&hellip;]<\/p>\n","protected":false},"author":1,"featured_media":0,"parent":0,"menu_order":0,"comment_status":"open","ping_status":"open","template":"","meta":{"_joinchat":[],"footnotes":""},"class_list":["post-2345","page","type-page","status-publish","hentry"],"yoast_head":"<!-- This site is optimized with the Yoast SEO plugin v25.4 - https:\/\/yoast.com\/wordpress\/plugins\/seo\/ -->\n<title>Suscribirse Curso de PNL y Superacion - Exitosamente Sq<\/title>\n<meta name=\"robots\" content=\"index, follow, max-snippet:-1, max-image-preview:large, max-video-preview:-1\" \/>\n<link rel=\"canonical\" href=\"https:\/\/cursodepnl.com\/exitosq\/suscribirse-curso-de-pnl-y-superacion\/\" \/>\n<meta property=\"og:locale\" content=\"es_ES\" \/>\n<meta property=\"og:type\" content=\"article\" \/>\n<meta property=\"og:title\" content=\"Suscribirse Curso de PNL y Superacion - Exitosamente Sq\" \/>\n<meta property=\"og:description\" content=\"[ez_three_fourth] Argentina: 3497 2497 $ arg | Chile: 123.000 95.337 pesos | Uruguay: 5200 4.231 pesos | Colombia: 682.000 436.154 M\u00e9xico: 3880 2615 pesos MXN | Per\u00fa: 610 477 soles | Espa\u00f1a: 197 147 euros [ez_tabs tab1=\u00bbArgentina\u00bb tab2=\u00bbChile\u00bb tab3=\u00bbColombia\u00bb tab4=\u00bbM\u00e9xico\u00bb tab5=\u00bbPer\u00fa\u00bb tab6=\u00bbUruguay\u00bb tab7=\u00bbOtros Pa\u00edses\u00bb] [ez_tab] Tarjetas de Cr\u00e9dito RapiPago-Pago F\u00e1cil Transf. y Dep\u00f3sitos [\/ez_tab] [ez_tab] [&hellip;]\" \/>\n<meta property=\"og:url\" content=\"https:\/\/cursodepnl.com\/exitosq\/suscribirse-curso-de-pnl-y-superacion\/\" \/>\n<meta property=\"og:site_name\" content=\"Exitosamente Sq\" \/>\n<meta property=\"article:publisher\" content=\"http:\/\/facebook.com\/pnlonline\" \/>\n<meta property=\"article:modified_time\" content=\"2017-08-16T16:30:12+00:00\" \/>\n<meta property=\"og:image\" content=\"https:\/\/cursodepnl.com\/exitosq\/wp-content\/uploads\/2016\/01\/tumes.jpg\" \/>\n\t<meta property=\"og:image:width\" content=\"527\" \/>\n\t<meta property=\"og:image:height\" content=\"53\" \/>\n\t<meta property=\"og:image:type\" content=\"image\/jpeg\" \/>\n<meta name=\"twitter:card\" content=\"summary_large_image\" \/>\n<meta name=\"twitter:label1\" content=\"Tiempo de lectura\" \/>\n\t<meta name=\"twitter:data1\" content=\"1 minuto\" \/>\n<script type=\"application\/ld+json\" class=\"yoast-schema-graph\">{\"@context\":\"https:\/\/schema.org\",\"@graph\":[{\"@type\":\"WebPage\",\"@id\":\"https:\/\/cursodepnl.com\/exitosq\/suscribirse-curso-de-pnl-y-superacion\/\",\"url\":\"https:\/\/cursodepnl.com\/exitosq\/suscribirse-curso-de-pnl-y-superacion\/\",\"name\":\"Suscribirse Curso de PNL y Superacion - Exitosamente Sq\",\"isPartOf\":{\"@id\":\"https:\/\/cursodepnl.com\/exitosq\/#website\"},\"primaryImageOfPage\":{\"@id\":\"https:\/\/cursodepnl.com\/exitosq\/suscribirse-curso-de-pnl-y-superacion\/#primaryimage\"},\"image\":{\"@id\":\"https:\/\/cursodepnl.com\/exitosq\/suscribirse-curso-de-pnl-y-superacion\/#primaryimage\"},\"thumbnailUrl\":\"https:\/\/cursodepnl.com\/exitosq\/wp-content\/uploads\/2016\/01\/tumes.jpg\",\"datePublished\":\"2016-01-19T20:12:32+00:00\",\"dateModified\":\"2017-08-16T16:30:12+00:00\",\"breadcrumb\":{\"@id\":\"https:\/\/cursodepnl.com\/exitosq\/suscribirse-curso-de-pnl-y-superacion\/#breadcrumb\"},\"inLanguage\":\"es\",\"potentialAction\":[{\"@type\":\"ReadAction\",\"target\":[\"https:\/\/cursodepnl.com\/exitosq\/suscribirse-curso-de-pnl-y-superacion\/\"]}]},{\"@type\":\"ImageObject\",\"inLanguage\":\"es\",\"@id\":\"https:\/\/cursodepnl.com\/exitosq\/suscribirse-curso-de-pnl-y-superacion\/#primaryimage\",\"url\":\"https:\/\/cursodepnl.com\/exitosq\/wp-content\/uploads\/2016\/01\/tumes.jpg\",\"contentUrl\":\"https:\/\/cursodepnl.com\/exitosq\/wp-content\/uploads\/2016\/01\/tumes.jpg\",\"width\":527,\"height\":53},{\"@type\":\"BreadcrumbList\",\"@id\":\"https:\/\/cursodepnl.com\/exitosq\/suscribirse-curso-de-pnl-y-superacion\/#breadcrumb\",\"itemListElement\":[{\"@type\":\"ListItem\",\"position\":1,\"name\":\"Portada\",\"item\":\"https:\/\/cursodepnl.com\/exitosq\/\"},{\"@type\":\"ListItem\",\"position\":2,\"name\":\"Suscribirse Curso de PNL y Superacion\"}]},{\"@type\":\"WebSite\",\"@id\":\"https:\/\/cursodepnl.com\/exitosq\/#website\",\"url\":\"https:\/\/cursodepnl.com\/exitosq\/\",\"name\":\"Exitosamente Sq\",\"description\":\"Exitosamente de Curso De PNL.com\",\"potentialAction\":[{\"@type\":\"SearchAction\",\"target\":{\"@type\":\"EntryPoint\",\"urlTemplate\":\"https:\/\/cursodepnl.com\/exitosq\/?s={search_term_string}\"},\"query-input\":{\"@type\":\"PropertyValueSpecification\",\"valueRequired\":true,\"valueName\":\"search_term_string\"}}],\"inLanguage\":\"es\"}]}<\/script>\n<!-- \/ Yoast SEO plugin. -->","yoast_head_json":{"title":"Suscribirse Curso de PNL y Superacion - Exitosamente Sq","robots":{"index":"index","follow":"follow","max-snippet":"max-snippet:-1","max-image-preview":"max-image-preview:large","max-video-preview":"max-video-preview:-1"},"canonical":"https:\/\/cursodepnl.com\/exitosq\/suscribirse-curso-de-pnl-y-superacion\/","og_locale":"es_ES","og_type":"article","og_title":"Suscribirse Curso de PNL y Superacion - Exitosamente Sq","og_description":"[ez_three_fourth] Argentina: 3497 2497 $ arg | Chile: 123.000 95.337 pesos | Uruguay: 5200 4.231 pesos | Colombia: 682.000 436.154 M\u00e9xico: 3880 2615 pesos MXN | Per\u00fa: 610 477 soles | Espa\u00f1a: 197 147 euros [ez_tabs tab1=\u00bbArgentina\u00bb tab2=\u00bbChile\u00bb tab3=\u00bbColombia\u00bb tab4=\u00bbM\u00e9xico\u00bb tab5=\u00bbPer\u00fa\u00bb tab6=\u00bbUruguay\u00bb tab7=\u00bbOtros Pa\u00edses\u00bb] [ez_tab] Tarjetas de Cr\u00e9dito RapiPago-Pago F\u00e1cil Transf. y Dep\u00f3sitos [\/ez_tab] [ez_tab] [&hellip;]","og_url":"https:\/\/cursodepnl.com\/exitosq\/suscribirse-curso-de-pnl-y-superacion\/","og_site_name":"Exitosamente Sq","article_publisher":"http:\/\/facebook.com\/pnlonline","article_modified_time":"2017-08-16T16:30:12+00:00","og_image":[{"width":527,"height":53,"url":"https:\/\/cursodepnl.com\/exitosq\/wp-content\/uploads\/2016\/01\/tumes.jpg","type":"image\/jpeg"}],"twitter_card":"summary_large_image","twitter_misc":{"Tiempo de lectura":"1 minuto"},"schema":{"@context":"https:\/\/schema.org","@graph":[{"@type":"WebPage","@id":"https:\/\/cursodepnl.com\/exitosq\/suscribirse-curso-de-pnl-y-superacion\/","url":"https:\/\/cursodepnl.com\/exitosq\/suscribirse-curso-de-pnl-y-superacion\/","name":"Suscribirse Curso de PNL y Superacion - Exitosamente Sq","isPartOf":{"@id":"https:\/\/cursodepnl.com\/exitosq\/#website"},"primaryImageOfPage":{"@id":"https:\/\/cursodepnl.com\/exitosq\/suscribirse-curso-de-pnl-y-superacion\/#primaryimage"},"image":{"@id":"https:\/\/cursodepnl.com\/exitosq\/suscribirse-curso-de-pnl-y-superacion\/#primaryimage"},"thumbnailUrl":"https:\/\/cursodepnl.com\/exitosq\/wp-content\/uploads\/2016\/01\/tumes.jpg","datePublished":"2016-01-19T20:12:32+00:00","dateModified":"2017-08-16T16:30:12+00:00","breadcrumb":{"@id":"https:\/\/cursodepnl.com\/exitosq\/suscribirse-curso-de-pnl-y-superacion\/#breadcrumb"},"inLanguage":"es","potentialAction":[{"@type":"ReadAction","target":["https:\/\/cursodepnl.com\/exitosq\/suscribirse-curso-de-pnl-y-superacion\/"]}]},{"@type":"ImageObject","inLanguage":"es","@id":"https:\/\/cursodepnl.com\/exitosq\/suscribirse-curso-de-pnl-y-superacion\/#primaryimage","url":"https:\/\/cursodepnl.com\/exitosq\/wp-content\/uploads\/2016\/01\/tumes.jpg","contentUrl":"https:\/\/cursodepnl.com\/exitosq\/wp-content\/uploads\/2016\/01\/tumes.jpg","width":527,"height":53},{"@type":"BreadcrumbList","@id":"https:\/\/cursodepnl.com\/exitosq\/suscribirse-curso-de-pnl-y-superacion\/#breadcrumb","itemListElement":[{"@type":"ListItem","position":1,"name":"Portada","item":"https:\/\/cursodepnl.com\/exitosq\/"},{"@type":"ListItem","position":2,"name":"Suscribirse Curso de PNL y Superacion"}]},{"@type":"WebSite","@id":"https:\/\/cursodepnl.com\/exitosq\/#website","url":"https:\/\/cursodepnl.com\/exitosq\/","name":"Exitosamente Sq","description":"Exitosamente de Curso De PNL.com","potentialAction":[{"@type":"SearchAction","target":{"@type":"EntryPoint","urlTemplate":"https:\/\/cursodepnl.com\/exitosq\/?s={search_term_string}"},"query-input":{"@type":"PropertyValueSpecification","valueRequired":true,"valueName":"search_term_string"}}],"inLanguage":"es"}]}},"_links":{"self":[{"href":"https:\/\/cursodepnl.com\/exitosq\/wp-json\/wp\/v2\/pages\/2345","targetHints":{"allow":["GET"]}}],"collection":[{"href":"https:\/\/cursodepnl.com\/exitosq\/wp-json\/wp\/v2\/pages"}],"about":[{"href":"https:\/\/cursodepnl.com\/exitosq\/wp-json\/wp\/v2\/types\/page"}],"author":[{"embeddable":true,"href":"https:\/\/cursodepnl.com\/exitosq\/wp-json\/wp\/v2\/users\/1"}],"replies":[{"embeddable":true,"href":"https:\/\/cursodepnl.com\/exitosq\/wp-json\/wp\/v2\/comments?post=2345"}],"version-history":[{"count":5,"href":"https:\/\/cursodepnl.com\/exitosq\/wp-json\/wp\/v2\/pages\/2345\/revisions"}],"predecessor-version":[{"id":5103,"href":"https:\/\/cursodepnl.com\/exitosq\/wp-json\/wp\/v2\/pages\/2345\/revisions\/5103"}],"wp:attachment":[{"href":"https:\/\/cursodepnl.com\/exitosq\/wp-json\/wp\/v2\/media?parent=2345"}],"curies":[{"name":"wp","href":"https:\/\/api.w.org\/{rel}","templated":true}]}}