{"id":2578,"date":"2016-02-05T18:41:06","date_gmt":"2016-02-05T18:41:06","guid":{"rendered":"https:\/\/cursodepnl.com\/exitosq\/?page_id=2578"},"modified":"2016-02-19T11:06:38","modified_gmt":"2016-02-19T11:06:38","slug":"sistema-dejar-de-fumar","status":"publish","type":"page","link":"https:\/\/cursodepnl.com\/exitosq\/sistema-dejar-de-fumar\/","title":{"rendered":"Sistema Dejar de Fumar"},"content":{"rendered":"<p><img loading=\"lazy\" decoding=\"async\" class=\"aligncenter\" alt=\"setu\" src=\"https:\/\/cursodepnl.com\/exitosq\/wp-content\/uploads\/2016\/02\/setu.jpg\" width=\"645\" height=\"36\" \/><\/p>\n<p>[ez_three_fourth]<br \/>\n<img loading=\"lazy\" decoding=\"async\" class=\"size-full wp-image-2582 aligncenter\" alt=\"accedeahora\" src=\"https:\/\/cursodepnl.com\/exitosq\/wp-content\/uploads\/2016\/02\/accedeahora.gif\" width=\"596\" height=\"142\" \/><\/p>\n<p><img loading=\"lazy\" decoding=\"async\" class=\"aligncenter\" alt=\"tmaterialdejardefumar\" src=\"https:\/\/cursodepnl.com\/exitosq\/wp-content\/uploads\/2016\/02\/materialdejardefumar1.jpg\" width=\"560\" height=\"197\" \/><\/p>\n<p style=\"text-align: center;\"><span style=\"font-size: medium;\"><strong><img loading=\"lazy\" decoding=\"async\" class=\"aligncenter size-full wp-image-2009\" alt=\"PAGO\" src=\"https:\/\/cursodepnl.com\/exitosq\/wp-content\/uploads\/2014\/08\/PAGO.gif\" width=\"523\" height=\"45\" \/><br \/>\n<\/strong><\/span><\/p>\n<p style=\"text-align: center;\"><strong><strong><strong>Argentina: <\/strong>647 $ arg <strong>| Chile: <\/strong>32.990 pesos |<strong><br \/>\nUruguay:<\/strong> 1465 pesos <strong><strong>| <\/strong>Colombia : <\/strong>157.000 pesos<strong><br \/>\nMexico: <\/strong>864 pesos MXN<strong> <strong>| <\/strong>Per\u00fa: <\/strong> 164 soles<strong><strong> <strong>| <\/strong>Guatemala: <\/strong> 359<br \/>\n<strong><strong><strong>D\u00f3lares: 47 usd <strong><strong><strong>| <\/strong><\/strong><\/strong><\/strong><\/strong><\/strong><\/strong><br \/>\n<\/strong><br \/>\n<\/strong><\/p>\n<p style=\"text-align: center;\">[ez_tabs tab1=\u00bbArgentina\u00bb tab2=\u00bbChile\u00bb tab3=\u00bbColombia\u00bb tab4=\u00bbM\u00e9xico\u00bb tab5=\u00bbPer\u00fa\u00bb tab6=\u00bbUruguay\u00bb tab7=\u00bbGuatem.\u00bb tab8=\u00bbOtros\u00bb]<\/p>\n<p>[ez_tab]<\/p>\n<p style=\"text-align: center;\"><del>2561 <\/del> 647 $ arg.<\/p>\n<table width=\"48%\" border=\"0\">\n<tbody>\n<tr>\n<td width=\"33%\">\n<div align=\"center\"><strong><a href=\"https:\/\/cursodepnl.com\/exitosq\/tarjeta-argentina-dejar-de-fumar\/\" target=\"_blank\">Tarjetas de Cr\u00e9dito<\/a><\/strong><\/div>\n<\/td>\n<td width=\"33%\">\n<div align=\"center\"><strong><a href=\"https:\/\/cursodepnl.com\/exitosq\/cupon-de-pago-dejar-de-fumar\/\" target=\"_blank\">RapiPago-Pago F\u00e1cil<\/a><\/strong><\/div>\n<\/td>\n<td width=\"33%\">\n<div align=\"center\"><strong><a href=\"https:\/\/cursodepnl.com\/exitosq\/datos-cuenta-2\/\" target=\"_blank\">Transf. y Dep\u00f3sitos<\/a><\/strong><\/div>\n<\/td>\n<\/tr>\n<tr>\n<td>\n<div align=\"center\"><a href=\"https:\/\/cursodepnl.com\/exitosq\/tarjeta-argentina-dejar-de-fumar\/\" target=\"_blank\"><img loading=\"lazy\" decoding=\"async\" alt=\"\" src=\"http:\/\/fbsimple.net\/wp-content\/uploads\/2014\/07\/tarjetaarg.jpg\" width=\"135\" height=\"54\" \/><\/a><\/div>\n<\/td>\n<td>\n<div align=\"center\"><a href=\"https:\/\/cursodepnl.com\/exitosq\/cupon-de-pago-dejar-de-fumar\/\" target=\"_blank\"><img loading=\"lazy\" decoding=\"async\" alt=\"\" src=\"http:\/\/fbsimple.net\/wp-content\/uploads\/2014\/07\/rapipago.jpg\" width=\"135\" height=\"54\" \/><\/a><\/div>\n<\/td>\n<td>\n<div align=\"center\"><a href=\"https:\/\/cursodepnl.com\/exitosq\/datos-cuenta-2\/\" target=\"_blank\"><img loading=\"lazy\" decoding=\"async\" alt=\"\" src=\"http:\/\/fbsimple.net\/wp-content\/uploads\/2014\/07\/ctaarg.jpg\" width=\"147\" height=\"59\" \/><\/a><\/div>\n<\/td>\n<\/tr>\n<\/tbody>\n<\/table>\n<p>[\/ez_tab]<\/p>\n<p>[ez_tab]<\/p>\n<p style=\"text-align: left;\"><strong><del> 131.960<\/del> <\/strong>32.990 pesos |<\/p>\n<table width=\"48%\" border=\"0\">\n<tbody>\n<tr>\n<td width=\"33%\"><\/td>\n<td width=\"33%\">\n<div align=\"center\"><strong><a href=\"https:\/\/cursodepnl.com\/exitosq\/dejar-de-fumar-paypal\/\" target=\"_blank\">Pago con tarjeta<\/a><\/strong><\/div>\n<\/td>\n<td width=\"33%\">\n<div align=\"center\"><a href=\"https:\/\/cursodepnl.com\/exitosq\/datos-giro\/\" target=\"_blank\"><strong>Western Union- Money Gram<\/strong><\/a><\/div>\n<\/td>\n<\/tr>\n<tr>\n<td><\/td>\n<td>\n<div align=\"center\"><a href=\"https:\/\/cursodepnl.com\/exitosq\/dejar-de-fumar-paypal\/\" target=\"_blank\"><img loading=\"lazy\" decoding=\"async\" alt=\"\" src=\"http:\/\/fbsimple.net\/wp-content\/uploads\/2014\/07\/paypal.jpg\" width=\"149\" height=\"60\" \/><\/a><\/div>\n<\/td>\n<td>\n<div align=\"center\"><a href=\"https:\/\/cursodepnl.com\/exitosq\/datos-giro\/\" target=\"_blank\"><img loading=\"lazy\" decoding=\"async\" alt=\"\" src=\"http:\/\/fbsimple.net\/wp-content\/uploads\/2014\/07\/giros.jpg\" width=\"134\" height=\"54\" \/><\/a><\/div>\n<\/td>\n<\/tr>\n<\/tbody>\n<\/table>\n<p>[\/ez_tab]<\/p>\n<p>[ez_tab]<\/p>\n<p style=\"text-align: left;\"><strong> <del>328.000<\/del> <\/strong>157.000 pesos<\/p>\n<table width=\"48%\" border=\"0\">\n<tbody>\n<tr>\n<td width=\"33%\">\n<div align=\"center\"><strong><a href=\"https:\/\/cursodepnl.com\/exitosq\/dejar-de-fumar-colombia\/\" target=\"_blank\">Medios de Pago para Colombia<\/a><\/strong><\/div>\n<\/td>\n<td width=\"33%\">\n<div align=\"center\"><strong><a href=\"https:\/\/cursodepnl.com\/exitosq\/dejar-de-fumar-paypal\/\" target=\"_blank\">Paypal<\/a><\/strong><\/div>\n<\/td>\n<td width=\"33%\">\n<div align=\"center\"><strong><a href=\"https:\/\/cursodepnl.com\/exitosq\/datos-giro\/\" target=\"_blank\">Western Union- Money Gram<\/a><\/strong><\/div>\n<\/td>\n<\/tr>\n<tr>\n<td>\n<div align=\"center\"><a href=\"https:\/\/cursodepnl.com\/exitosq\/dejar-de-fumar-colombia\/\" target=\"_blank\"><img loading=\"lazy\" decoding=\"async\" alt=\"\" src=\"http:\/\/fbsimple.net\/wp-content\/uploads\/2014\/07\/colombia.jpg\" width=\"157\" height=\"63\" \/><\/a><\/div>\n<\/td>\n<td>\n<div align=\"center\"><a href=\"https:\/\/cursodepnl.com\/exitosq\/dejar-de-fumar-paypal\/\" target=\"_blank\"><img loading=\"lazy\" decoding=\"async\" alt=\"\" src=\"http:\/\/fbsimple.net\/wp-content\/uploads\/2014\/07\/paypal.jpg\" width=\"142\" height=\"57\" \/><\/a><\/div>\n<\/td>\n<td>\n<div align=\"center\"><a href=\"https:\/\/cursodepnl.com\/exitosq\/datos-giro\/\" target=\"_blank\"><img loading=\"lazy\" decoding=\"async\" alt=\"\" src=\"http:\/\/fbsimple.net\/wp-content\/uploads\/2014\/07\/giros.jpg\" width=\"154\" height=\"62\" \/><\/a><\/div>\n<\/td>\n<\/tr>\n<\/tbody>\n<\/table>\n<p>[\/ez_tab]<\/p>\n<p>[ez_tab]<\/p>\n<p style=\"text-align: center;\"><strong>M\u00e9xico: <del>6457<\/del> <\/strong>864 pesos MXN<\/p>\n<table width=\"48%\" border=\"0\">\n<tbody>\n<tr>\n<td width=\"33%\">\n<div align=\"center\"><strong><a href=\"https:\/\/cursodepnl.com\/exitosq\/dejar-de-fumar-mexico\/\" target=\"_blank\">Efectivo M\u00e9xico<\/a><\/strong><\/div>\n<\/td>\n<td width=\"33%\">\n<div align=\"center\"><a href=\"https:\/\/cursodepnl.com\/exitosq\/dejar-de-fumar-paypal\/\" target=\"_blank\"><strong>Tarjeta de cr\u00e9dito<\/strong><\/a><\/div>\n<\/td>\n<td width=\"33%\">\n<div align=\"center\"><strong><a href=\"https:\/\/cursodepnl.com\/exitosq\/datos-giro\/\" target=\"_blank\">Western Union- Money Gram<\/a><\/strong><\/div>\n<\/td>\n<\/tr>\n<tr>\n<td>\n<div align=\"center\"><a href=\"https:\/\/cursodepnl.com\/exitosq\/dejar-de-fumar-mexico\/\" target=\"_blank\"><img loading=\"lazy\" decoding=\"async\" alt=\"\" src=\"http:\/\/fbsimple.net\/wp-content\/uploads\/2014\/07\/mexico.jpg\" width=\"157\" height=\"63\" \/><\/a><\/div>\n<\/td>\n<td>\n<div align=\"center\"><a href=\"https:\/\/cursodepnl.com\/exitosq\/dejar-de-fumar-paypal\/\" target=\"_blank\"><img loading=\"lazy\" decoding=\"async\" alt=\"\" src=\"http:\/\/fbsimple.net\/wp-content\/uploads\/2014\/07\/paypal.jpg\" width=\"152\" height=\"61\" \/><\/a><\/div>\n<\/td>\n<td>\n<div align=\"center\"><a href=\"https:\/\/cursodepnl.com\/exitosq\/datos-giro\/\" target=\"_blank\"><img loading=\"lazy\" decoding=\"async\" alt=\"\" src=\"http:\/\/fbsimple.net\/wp-content\/uploads\/2014\/07\/giros.jpg\" width=\"149\" height=\"60\" \/><\/a><\/div>\n<\/td>\n<\/tr>\n<\/tbody>\n<\/table>\n<p>[\/ez_tab][ez_tab]<\/p>\n<p style=\"text-align: center;\"><strong>Per\u00fa: <del>668 <\/del><\/strong> 164 soles<strong><strong><br \/>\n<\/strong><\/strong><\/p>\n<table width=\"48%\" border=\"0\">\n<tbody>\n<tr>\n<td width=\"33%\">\n<div align=\"center\"><strong><a href=\"https:\/\/cursodepnl.com\/exitosq\/dejar-de-fumar-peru\/\" target=\"_blank\">Formas de Pago Per\u00fa<\/a><\/strong><\/div>\n<\/td>\n<td width=\"33%\">\n<div align=\"center\"><strong><a href=\"https:\/\/cursodepnl.com\/exitosq\/dejar-de-fumar-paypal\/\" target=\"_blank\">Paypal<\/a><\/strong><\/div>\n<\/td>\n<td width=\"33%\">\n<div align=\"center\"><strong><a href=\"https:\/\/cursodepnl.com\/exitosq\/datos-giro\/\" target=\"_blank\">Western Union- Money Gram<\/a><\/strong><\/div>\n<\/td>\n<\/tr>\n<tr>\n<td>\n<div align=\"center\"><a href=\"https:\/\/cursodepnl.com\/exitosq\/dejar-de-fumar-peru\/\" target=\"_blank\"><img loading=\"lazy\" decoding=\"async\" alt=\"\" src=\"http:\/\/bajar-de-peso.com.ar\/pagos\/wp-content\/uploads\/2014\/08\/peru-medios.jpg\" width=\"157\" height=\"63\" \/><\/a><\/div>\n<\/td>\n<td>\n<div align=\"center\"><a href=\"https:\/\/cursodepnl.com\/exitosq\/dejar-de-fumar-paypal\/\" target=\"_blank\"><img loading=\"lazy\" decoding=\"async\" alt=\"\" src=\"http:\/\/fbsimple.net\/wp-content\/uploads\/2014\/07\/paypal.jpg\" width=\"149\" height=\"60\" \/><\/a><\/div>\n<\/td>\n<td>\n<div align=\"center\"><a href=\"https:\/\/cursodepnl.com\/exitosq\/datos-giro\/\" target=\"_blank\"><img loading=\"lazy\" decoding=\"async\" alt=\"\" src=\"http:\/\/fbsimple.net\/wp-content\/uploads\/2014\/07\/giros.jpg\" width=\"159\" height=\"67\" \/><\/a><\/div>\n<p>&nbsp;<\/td>\n<\/tr>\n<\/tbody>\n<\/table>\n<p>[\/ez_tab]<\/p>\n<p>[ez_tab]<\/p>\n<p style=\"text-align: center;\"><strong><\/strong><strong>Uruguay:<\/strong> <del>5860 <\/del> 1465 pesos<\/p>\n<table width=\"48%\" border=\"0\">\n<tbody>\n<tr>\n<td width=\"50%\">\n<div align=\"center\"><strong><a href=\"https:\/\/cursodepnl.com\/exitosq\/dejar-de-fumar-paypal\/\" target=\"_blank\">Tarjetas de Cr\u00e9dito &#8211; Paypal<\/a><\/strong><\/div>\n<\/td>\n<td width=\"50%\">\n<div align=\"center\"><strong><a href=\"https:\/\/cursodepnl.com\/exitosq\/datos-giro\/\" target=\"_blank\">Western Union- Money Gram<\/a><\/strong><\/div>\n<\/td>\n<\/tr>\n<tr>\n<td>\n<div align=\"center\"><a href=\"https:\/\/cursodepnl.com\/exitosq\/dejar-de-fumar-paypal\/\" target=\"_blank\"><img decoding=\"async\" alt=\"\" src=\"http:\/\/fbsimple.net\/wp-content\/uploads\/2014\/07\/paypal.jpg\" \/><\/a><\/div>\n<\/td>\n<td>\n<div align=\"center\"><a href=\"https:\/\/cursodepnl.com\/exitosq\/datos-giro\/\" target=\"_blank\"><img decoding=\"async\" alt=\"\" src=\"http:\/\/fbsimple.net\/wp-content\/uploads\/2014\/07\/giros.jpg\" \/><\/a><\/div>\n<\/td>\n<\/tr>\n<\/tbody>\n<\/table>\n<p>[\/ez_tab]<\/p>\n<p>[ez_tab]<\/p>\n<p><strong><strong>: <del>1435<\/del> <\/strong> 359 pesos<br \/>\n<\/strong><\/p>\n<table width=\"48%\" border=\"0\">\n<tbody>\n<tr>\n<td width=\"50%\">\n<div align=\"center\"><strong><a href=\"https:\/\/cursodepnl.com\/exitosq\/dejar-de-fumar-paypal\/\" target=\"_blank\">Tarjetas de Cr\u00e9dito &#8211; Paypal<\/a><\/strong><\/div>\n<\/td>\n<td width=\"50%\">\n<div align=\"center\"><strong><a href=\"https:\/\/cursodepnl.com\/exitosq\/datos-giro\/\" target=\"_blank\">Western Union- Money Gram<\/a><\/strong><\/div>\n<\/td>\n<\/tr>\n<tr>\n<td>\n<div align=\"center\"><a href=\"https:\/\/cursodepnl.com\/exitosq\/dejar-de-fumar-paypal\/\" target=\"_blank\"><img decoding=\"async\" alt=\"\" src=\"http:\/\/fbsimple.net\/wp-content\/uploads\/2014\/07\/paypal.jpg\" \/><\/a><\/div>\n<\/td>\n<td>\n<div align=\"center\"><a href=\"https:\/\/cursodepnl.com\/exitosq\/datos-giro\/\" target=\"_blank\"><img decoding=\"async\" alt=\"\" src=\"http:\/\/fbsimple.net\/wp-content\/uploads\/2014\/07\/giros.jpg\" \/><\/a><\/div>\n<\/td>\n<\/tr>\n<\/tbody>\n<\/table>\n<p>[\/ez_tab]<\/p>\n<p>[ez_tab]<\/p>\n<p>Otros pa\u00edses: <del>197 <\/del> 47 U$ o equivalente en moneda local<\/p>\n<table width=\"48%\" border=\"0\">\n<tbody>\n<tr>\n<td width=\"50%\">\n<div align=\"center\"><strong><a href=\"https:\/\/cursodepnl.com\/exitosq\/dejar-de-fumar-paypal\/\" target=\"_blank\">Tarjetas de Cr\u00e9dito &#8211; Paypal<\/a><\/strong><\/div>\n<\/td>\n<td width=\"50%\">\n<div align=\"center\"><strong><a href=\"https:\/\/cursodepnl.com\/exitosq\/datos-giro\/\" target=\"_blank\">Western Union- Money Gram<\/a><\/strong><\/div>\n<\/td>\n<\/tr>\n<tr>\n<td>\n<div align=\"center\"><a href=\"https:\/\/cursodepnl.com\/exitosq\/dejar-de-fumar-paypal\/\" target=\"_blank\"><img decoding=\"async\" alt=\"\" src=\"http:\/\/fbsimple.net\/wp-content\/uploads\/2014\/07\/paypal.jpg\" \/><\/a><\/div>\n<\/td>\n<td>\n<div align=\"center\"><a href=\"https:\/\/cursodepnl.com\/exitosq\/datos-giro\/\" target=\"_blank\"><img decoding=\"async\" alt=\"\" src=\"http:\/\/fbsimple.net\/wp-content\/uploads\/2014\/07\/giros.jpg\" \/><\/a><\/div>\n<\/td>\n<\/tr>\n<\/tbody>\n<\/table>\n<p>[\/ez_tab]<br \/>\n[\/ez_tabs]<br \/>\n[\/ez_three_fourth]<br \/>\n[ez_one_fourth_last]<br \/>\n<span style=\"color: #008080;\"><strong> TESTIMONIOS<\/strong><\/span><\/p>\n<div class=\"rounded-grey-box\" style=\"width: 70%; margin: 5px auto 20px;\">\n<p><span style=\"font-size: 10pt;\">\u201c<em>Hola Sof\u00eda, Qu\u00e9 tal est\u00e1s?? Yo tengo que decirte que estoy estupendamente. No me imaginaba en ning\u00fan momento que estas pr\u00e1cticas de PNL iban a cambiar tanto mi vida y le iban a dar una perspectiva tan amplia, y tan manejada por m\u00ed misma. <\/em>\u201d Francisca A. Espa\u00f1a.<\/span><\/p>\n<\/div>\n<div class=\"rounded-blue-box\" style=\"width: 70%; margin: 5px auto 20px;\">\n<p style=\"color: #222222;\"><span style=\"font-size: 8pt;\">\u201cGracias Sofia, fue muy positivo para mi este curso, sin duda lo voy a seguir releyendo seguro ire encontrando cosas nuevas que me ser\u00e1n positivas. Nuevamente muchas gracias y que tengas una linda vida Cari\u00f1os\u201d Olga. Argentina.<\/span><\/p>\n<\/div>\n<p>[\/ez_one_fourth_last]<\/p>\n","protected":false},"excerpt":{"rendered":"<p>[ez_three_fourth] Argentina: 647 $ arg | Chile: 32.990 pesos | Uruguay: 1465 pesos | Colombia : 157.000 pesos Mexico: 864 pesos MXN | Per\u00fa: 164 soles | Guatemala: 359 D\u00f3lares: 47 usd | [ez_tabs tab1=\u00bbArgentina\u00bb tab2=\u00bbChile\u00bb tab3=\u00bbColombia\u00bb tab4=\u00bbM\u00e9xico\u00bb tab5=\u00bbPer\u00fa\u00bb tab6=\u00bbUruguay\u00bb tab7=\u00bbGuatem.\u00bb tab8=\u00bbOtros\u00bb] [ez_tab] 2561 647 $ arg. Tarjetas de Cr\u00e9dito RapiPago-Pago F\u00e1cil Transf. y Dep\u00f3sitos [&hellip;]<\/p>\n","protected":false},"author":1,"featured_media":0,"parent":0,"menu_order":0,"comment_status":"open","ping_status":"open","template":"","meta":{"_joinchat":[],"footnotes":""},"class_list":["post-2578","page","type-page","status-publish","hentry"],"yoast_head":"<!-- This site is optimized with the Yoast SEO plugin v25.4 - https:\/\/yoast.com\/wordpress\/plugins\/seo\/ -->\n<title>Sistema Dejar de Fumar - Exitosamente Sq<\/title>\n<meta name=\"robots\" content=\"index, follow, max-snippet:-1, max-image-preview:large, max-video-preview:-1\" \/>\n<link rel=\"canonical\" href=\"https:\/\/cursodepnl.com\/exitosq\/sistema-dejar-de-fumar\/\" \/>\n<meta property=\"og:locale\" content=\"es_ES\" \/>\n<meta property=\"og:type\" content=\"article\" \/>\n<meta property=\"og:title\" content=\"Sistema Dejar de Fumar - Exitosamente Sq\" \/>\n<meta property=\"og:description\" content=\"[ez_three_fourth] Argentina: 647 $ arg | Chile: 32.990 pesos | Uruguay: 1465 pesos | Colombia : 157.000 pesos Mexico: 864 pesos MXN | Per\u00fa: 164 soles | Guatemala: 359 D\u00f3lares: 47 usd | [ez_tabs tab1=\u00bbArgentina\u00bb tab2=\u00bbChile\u00bb tab3=\u00bbColombia\u00bb tab4=\u00bbM\u00e9xico\u00bb tab5=\u00bbPer\u00fa\u00bb tab6=\u00bbUruguay\u00bb tab7=\u00bbGuatem.\u00bb tab8=\u00bbOtros\u00bb] [ez_tab] 2561 647 $ arg. Tarjetas de Cr\u00e9dito RapiPago-Pago F\u00e1cil Transf. y Dep\u00f3sitos [&hellip;]\" \/>\n<meta property=\"og:url\" content=\"https:\/\/cursodepnl.com\/exitosq\/sistema-dejar-de-fumar\/\" \/>\n<meta property=\"og:site_name\" content=\"Exitosamente Sq\" \/>\n<meta property=\"article:publisher\" content=\"http:\/\/facebook.com\/pnlonline\" \/>\n<meta property=\"article:modified_time\" content=\"2016-02-19T11:06:38+00:00\" \/>\n<meta property=\"og:image\" content=\"https:\/\/cursodepnl.com\/exitosq\/wp-content\/uploads\/2016\/02\/setu.jpg\" \/>\n<meta name=\"twitter:card\" content=\"summary_large_image\" \/>\n<meta name=\"twitter:label1\" content=\"Tiempo de lectura\" \/>\n\t<meta name=\"twitter:data1\" content=\"1 minuto\" \/>\n<script type=\"application\/ld+json\" class=\"yoast-schema-graph\">{\"@context\":\"https:\/\/schema.org\",\"@graph\":[{\"@type\":\"WebPage\",\"@id\":\"https:\/\/cursodepnl.com\/exitosq\/sistema-dejar-de-fumar\/\",\"url\":\"https:\/\/cursodepnl.com\/exitosq\/sistema-dejar-de-fumar\/\",\"name\":\"Sistema Dejar de Fumar - Exitosamente Sq\",\"isPartOf\":{\"@id\":\"https:\/\/cursodepnl.com\/exitosq\/#website\"},\"primaryImageOfPage\":{\"@id\":\"https:\/\/cursodepnl.com\/exitosq\/sistema-dejar-de-fumar\/#primaryimage\"},\"image\":{\"@id\":\"https:\/\/cursodepnl.com\/exitosq\/sistema-dejar-de-fumar\/#primaryimage\"},\"thumbnailUrl\":\"https:\/\/cursodepnl.com\/exitosq\/wp-content\/uploads\/2016\/02\/setu.jpg\",\"datePublished\":\"2016-02-05T18:41:06+00:00\",\"dateModified\":\"2016-02-19T11:06:38+00:00\",\"breadcrumb\":{\"@id\":\"https:\/\/cursodepnl.com\/exitosq\/sistema-dejar-de-fumar\/#breadcrumb\"},\"inLanguage\":\"es\",\"potentialAction\":[{\"@type\":\"ReadAction\",\"target\":[\"https:\/\/cursodepnl.com\/exitosq\/sistema-dejar-de-fumar\/\"]}]},{\"@type\":\"ImageObject\",\"inLanguage\":\"es\",\"@id\":\"https:\/\/cursodepnl.com\/exitosq\/sistema-dejar-de-fumar\/#primaryimage\",\"url\":\"https:\/\/cursodepnl.com\/exitosq\/wp-content\/uploads\/2016\/02\/setu.jpg\",\"contentUrl\":\"https:\/\/cursodepnl.com\/exitosq\/wp-content\/uploads\/2016\/02\/setu.jpg\",\"width\":645,\"height\":36},{\"@type\":\"BreadcrumbList\",\"@id\":\"https:\/\/cursodepnl.com\/exitosq\/sistema-dejar-de-fumar\/#breadcrumb\",\"itemListElement\":[{\"@type\":\"ListItem\",\"position\":1,\"name\":\"Portada\",\"item\":\"https:\/\/cursodepnl.com\/exitosq\/\"},{\"@type\":\"ListItem\",\"position\":2,\"name\":\"Sistema Dejar de Fumar\"}]},{\"@type\":\"WebSite\",\"@id\":\"https:\/\/cursodepnl.com\/exitosq\/#website\",\"url\":\"https:\/\/cursodepnl.com\/exitosq\/\",\"name\":\"Exitosamente Sq\",\"description\":\"Exitosamente de Curso De PNL.com\",\"potentialAction\":[{\"@type\":\"SearchAction\",\"target\":{\"@type\":\"EntryPoint\",\"urlTemplate\":\"https:\/\/cursodepnl.com\/exitosq\/?s={search_term_string}\"},\"query-input\":{\"@type\":\"PropertyValueSpecification\",\"valueRequired\":true,\"valueName\":\"search_term_string\"}}],\"inLanguage\":\"es\"}]}<\/script>\n<!-- \/ Yoast SEO plugin. -->","yoast_head_json":{"title":"Sistema Dejar de Fumar - Exitosamente Sq","robots":{"index":"index","follow":"follow","max-snippet":"max-snippet:-1","max-image-preview":"max-image-preview:large","max-video-preview":"max-video-preview:-1"},"canonical":"https:\/\/cursodepnl.com\/exitosq\/sistema-dejar-de-fumar\/","og_locale":"es_ES","og_type":"article","og_title":"Sistema Dejar de Fumar - Exitosamente Sq","og_description":"[ez_three_fourth] Argentina: 647 $ arg | Chile: 32.990 pesos | Uruguay: 1465 pesos | Colombia : 157.000 pesos Mexico: 864 pesos MXN | Per\u00fa: 164 soles | Guatemala: 359 D\u00f3lares: 47 usd | [ez_tabs tab1=\u00bbArgentina\u00bb tab2=\u00bbChile\u00bb tab3=\u00bbColombia\u00bb tab4=\u00bbM\u00e9xico\u00bb tab5=\u00bbPer\u00fa\u00bb tab6=\u00bbUruguay\u00bb tab7=\u00bbGuatem.\u00bb tab8=\u00bbOtros\u00bb] [ez_tab] 2561 647 $ arg. Tarjetas de Cr\u00e9dito RapiPago-Pago F\u00e1cil Transf. y Dep\u00f3sitos [&hellip;]","og_url":"https:\/\/cursodepnl.com\/exitosq\/sistema-dejar-de-fumar\/","og_site_name":"Exitosamente Sq","article_publisher":"http:\/\/facebook.com\/pnlonline","article_modified_time":"2016-02-19T11:06:38+00:00","og_image":[{"url":"https:\/\/cursodepnl.com\/exitosq\/wp-content\/uploads\/2016\/02\/setu.jpg","type":"","width":"","height":""}],"twitter_card":"summary_large_image","twitter_misc":{"Tiempo de lectura":"1 minuto"},"schema":{"@context":"https:\/\/schema.org","@graph":[{"@type":"WebPage","@id":"https:\/\/cursodepnl.com\/exitosq\/sistema-dejar-de-fumar\/","url":"https:\/\/cursodepnl.com\/exitosq\/sistema-dejar-de-fumar\/","name":"Sistema Dejar de Fumar - Exitosamente Sq","isPartOf":{"@id":"https:\/\/cursodepnl.com\/exitosq\/#website"},"primaryImageOfPage":{"@id":"https:\/\/cursodepnl.com\/exitosq\/sistema-dejar-de-fumar\/#primaryimage"},"image":{"@id":"https:\/\/cursodepnl.com\/exitosq\/sistema-dejar-de-fumar\/#primaryimage"},"thumbnailUrl":"https:\/\/cursodepnl.com\/exitosq\/wp-content\/uploads\/2016\/02\/setu.jpg","datePublished":"2016-02-05T18:41:06+00:00","dateModified":"2016-02-19T11:06:38+00:00","breadcrumb":{"@id":"https:\/\/cursodepnl.com\/exitosq\/sistema-dejar-de-fumar\/#breadcrumb"},"inLanguage":"es","potentialAction":[{"@type":"ReadAction","target":["https:\/\/cursodepnl.com\/exitosq\/sistema-dejar-de-fumar\/"]}]},{"@type":"ImageObject","inLanguage":"es","@id":"https:\/\/cursodepnl.com\/exitosq\/sistema-dejar-de-fumar\/#primaryimage","url":"https:\/\/cursodepnl.com\/exitosq\/wp-content\/uploads\/2016\/02\/setu.jpg","contentUrl":"https:\/\/cursodepnl.com\/exitosq\/wp-content\/uploads\/2016\/02\/setu.jpg","width":645,"height":36},{"@type":"BreadcrumbList","@id":"https:\/\/cursodepnl.com\/exitosq\/sistema-dejar-de-fumar\/#breadcrumb","itemListElement":[{"@type":"ListItem","position":1,"name":"Portada","item":"https:\/\/cursodepnl.com\/exitosq\/"},{"@type":"ListItem","position":2,"name":"Sistema Dejar de Fumar"}]},{"@type":"WebSite","@id":"https:\/\/cursodepnl.com\/exitosq\/#website","url":"https:\/\/cursodepnl.com\/exitosq\/","name":"Exitosamente Sq","description":"Exitosamente de Curso De PNL.com","potentialAction":[{"@type":"SearchAction","target":{"@type":"EntryPoint","urlTemplate":"https:\/\/cursodepnl.com\/exitosq\/?s={search_term_string}"},"query-input":{"@type":"PropertyValueSpecification","valueRequired":true,"valueName":"search_term_string"}}],"inLanguage":"es"}]}},"_links":{"self":[{"href":"https:\/\/cursodepnl.com\/exitosq\/wp-json\/wp\/v2\/pages\/2578","targetHints":{"allow":["GET"]}}],"collection":[{"href":"https:\/\/cursodepnl.com\/exitosq\/wp-json\/wp\/v2\/pages"}],"about":[{"href":"https:\/\/cursodepnl.com\/exitosq\/wp-json\/wp\/v2\/types\/page"}],"author":[{"embeddable":true,"href":"https:\/\/cursodepnl.com\/exitosq\/wp-json\/wp\/v2\/users\/1"}],"replies":[{"embeddable":true,"href":"https:\/\/cursodepnl.com\/exitosq\/wp-json\/wp\/v2\/comments?post=2578"}],"version-history":[{"count":14,"href":"https:\/\/cursodepnl.com\/exitosq\/wp-json\/wp\/v2\/pages\/2578\/revisions"}],"predecessor-version":[{"id":2623,"href":"https:\/\/cursodepnl.com\/exitosq\/wp-json\/wp\/v2\/pages\/2578\/revisions\/2623"}],"wp:attachment":[{"href":"https:\/\/cursodepnl.com\/exitosq\/wp-json\/wp\/v2\/media?parent=2578"}],"curies":[{"name":"wp","href":"https:\/\/api.w.org\/{rel}","templated":true}]}}