{"id":2589,"date":"2016-02-12T17:52:19","date_gmt":"2016-02-12T17:52:19","guid":{"rendered":"https:\/\/cursodepnl.com\/exitosq\/?page_id=2589"},"modified":"2017-03-14T15:22:48","modified_gmt":"2017-03-14T15:22:48","slug":"tarjeta-argentina-dejar-de-fumar","status":"publish","type":"page","link":"https:\/\/cursodepnl.com\/exitosq\/tarjeta-argentina-dejar-de-fumar\/","title":{"rendered":"Tarjeta Argentina-Dejar de fumar"},"content":{"rendered":"<p><img loading=\"lazy\" decoding=\"async\" title=\"barra2\" src=\"http:\/\/cursodepnl.com\/wp-content\/uploads\/2010\/12\/barra21.gif\" alt=\"barra2\" width=\"657\" height=\"40\" \/><\/p>\n<p><span style=\"font-size: medium;\">Pod\u00e9s pagar con tarjeta de cr\u00e9dito en pesos usando MercadoPago (opciones s\u00f3lo para Argentina). Ser\u00e1s dirigido al sitio de estas empresas para finalizar el pago. Una vez abonado recibir\u00e1s el acceso al programa completo.<\/span><br \/>\n[ez_tabs tab1=\u00bbTarjetas con MercadoPago\u00bb][ez_tab]<br \/>\n<span style=\"color: #000000; font-size: 10pt; background-color: #ffffff;\"><strong>Pagar con MercadoPago. <a class=\"blue-ar-l-rn-none\" href=\"https:\/\/www.mercadopago.com\/mla\/checkout\/start?pref_id=179097681-55d4b7cd-24bd-41d6-9ade-a2d5ca3b714b\" name=\"MP-payButton\"><\/a><a href=\"https:\/\/www.mercadopago.com\/mla\/checkout\/start?pref_id=179097681-55d4b7cd-24bd-41d6-9ade-a2d5ca3b714b\"><img loading=\"lazy\" decoding=\"async\" class=\"aligncenter size-full wp-image-1208\" src=\"https:\/\/cursodepnl.com\/exitosq\/wp-content\/uploads\/2014\/11\/mercadopago1.jpg\" alt=\"mercadopago\" width=\"148\" height=\"81\" \/><\/a><br \/>\n<script type=\"text\/javascript\">\/\/ <![CDATA[ (function(){function $MPBR_load(){window.$MPBR_loaded !== true &#038;&#038; (function(){var s = document.createElement(\"script\");s.type = \"text\/javascript\";s.async = true;s.src = (\"https:\"==document.location.protocol?\"https:\/\/www.mercadopago.com\/org-img\/jsapi\/mptools\/buttons\/\":\"http:\/\/mp-tools.mlstatic.com\/buttons\/\")+\"render.js\";var x = document.getElementsByTagName('script')[0];x.parentNode.insertBefore(s, x);window.$MPBR_loaded = true;})();}window.$MPBR_loaded !== true ? (window.attachEvent ?window.attachEvent('onload', $MPBR_load) : window.addEventListener('load', $MPBR_load, false)) : null;})(); \/\/ ]]><\/script><br \/>\n[\/ez_tab]<\/strong><\/span><\/p>\n<p>[\/ez_tabs]<\/p>\n","protected":false},"excerpt":{"rendered":"<p>Pod\u00e9s pagar con tarjeta de cr\u00e9dito en pesos usando MercadoPago (opciones s\u00f3lo para Argentina). Ser\u00e1s dirigido al sitio de estas empresas para finalizar el pago. Una vez abonado recibir\u00e1s el acceso al programa completo. [ez_tabs tab1=\u00bbTarjetas con MercadoPago\u00bb][ez_tab] Pagar con MercadoPago. [\/ez_tab] [\/ez_tabs]<\/p>\n","protected":false},"author":1,"featured_media":0,"parent":0,"menu_order":0,"comment_status":"closed","ping_status":"closed","template":"","meta":{"_joinchat":[],"footnotes":""},"class_list":["post-2589","page","type-page","status-publish","hentry"],"yoast_head":"<!-- This site is optimized with the Yoast SEO plugin v25.4 - https:\/\/yoast.com\/wordpress\/plugins\/seo\/ -->\n<title>Tarjeta Argentina-Dejar de fumar - Exitosamente Sq<\/title>\n<meta name=\"robots\" content=\"index, follow, max-snippet:-1, max-image-preview:large, max-video-preview:-1\" \/>\n<link rel=\"canonical\" href=\"https:\/\/cursodepnl.com\/exitosq\/tarjeta-argentina-dejar-de-fumar\/\" \/>\n<meta property=\"og:locale\" content=\"es_ES\" \/>\n<meta property=\"og:type\" content=\"article\" \/>\n<meta property=\"og:title\" content=\"Tarjeta Argentina-Dejar de fumar - Exitosamente Sq\" \/>\n<meta property=\"og:description\" content=\"Pod\u00e9s pagar con tarjeta de cr\u00e9dito en pesos usando MercadoPago (opciones s\u00f3lo para Argentina). Ser\u00e1s dirigido al sitio de estas empresas para finalizar el pago. Una vez abonado recibir\u00e1s el acceso al programa completo. [ez_tabs tab1=\u00bbTarjetas con MercadoPago\u00bb][ez_tab] Pagar con MercadoPago. [\/ez_tab] [\/ez_tabs]\" \/>\n<meta property=\"og:url\" content=\"https:\/\/cursodepnl.com\/exitosq\/tarjeta-argentina-dejar-de-fumar\/\" \/>\n<meta property=\"og:site_name\" content=\"Exitosamente Sq\" \/>\n<meta property=\"article:publisher\" content=\"http:\/\/facebook.com\/pnlonline\" \/>\n<meta property=\"article:modified_time\" content=\"2017-03-14T15:22:48+00:00\" \/>\n<meta property=\"og:image\" content=\"http:\/\/cursodepnl.com\/wp-content\/uploads\/2010\/12\/barra21.gif\" \/>\n<meta name=\"twitter:card\" content=\"summary_large_image\" \/>\n<script type=\"application\/ld+json\" class=\"yoast-schema-graph\">{\"@context\":\"https:\/\/schema.org\",\"@graph\":[{\"@type\":\"WebPage\",\"@id\":\"https:\/\/cursodepnl.com\/exitosq\/tarjeta-argentina-dejar-de-fumar\/\",\"url\":\"https:\/\/cursodepnl.com\/exitosq\/tarjeta-argentina-dejar-de-fumar\/\",\"name\":\"Tarjeta Argentina-Dejar de fumar - Exitosamente Sq\",\"isPartOf\":{\"@id\":\"https:\/\/cursodepnl.com\/exitosq\/#website\"},\"primaryImageOfPage\":{\"@id\":\"https:\/\/cursodepnl.com\/exitosq\/tarjeta-argentina-dejar-de-fumar\/#primaryimage\"},\"image\":{\"@id\":\"https:\/\/cursodepnl.com\/exitosq\/tarjeta-argentina-dejar-de-fumar\/#primaryimage\"},\"thumbnailUrl\":\"http:\/\/cursodepnl.com\/wp-content\/uploads\/2010\/12\/barra21.gif\",\"datePublished\":\"2016-02-12T17:52:19+00:00\",\"dateModified\":\"2017-03-14T15:22:48+00:00\",\"breadcrumb\":{\"@id\":\"https:\/\/cursodepnl.com\/exitosq\/tarjeta-argentina-dejar-de-fumar\/#breadcrumb\"},\"inLanguage\":\"es\",\"potentialAction\":[{\"@type\":\"ReadAction\",\"target\":[\"https:\/\/cursodepnl.com\/exitosq\/tarjeta-argentina-dejar-de-fumar\/\"]}]},{\"@type\":\"ImageObject\",\"inLanguage\":\"es\",\"@id\":\"https:\/\/cursodepnl.com\/exitosq\/tarjeta-argentina-dejar-de-fumar\/#primaryimage\",\"url\":\"http:\/\/cursodepnl.com\/wp-content\/uploads\/2010\/12\/barra21.gif\",\"contentUrl\":\"http:\/\/cursodepnl.com\/wp-content\/uploads\/2010\/12\/barra21.gif\"},{\"@type\":\"BreadcrumbList\",\"@id\":\"https:\/\/cursodepnl.com\/exitosq\/tarjeta-argentina-dejar-de-fumar\/#breadcrumb\",\"itemListElement\":[{\"@type\":\"ListItem\",\"position\":1,\"name\":\"Portada\",\"item\":\"https:\/\/cursodepnl.com\/exitosq\/\"},{\"@type\":\"ListItem\",\"position\":2,\"name\":\"Tarjeta Argentina-Dejar de fumar\"}]},{\"@type\":\"WebSite\",\"@id\":\"https:\/\/cursodepnl.com\/exitosq\/#website\",\"url\":\"https:\/\/cursodepnl.com\/exitosq\/\",\"name\":\"Exitosamente Sq\",\"description\":\"Exitosamente de Curso De PNL.com\",\"potentialAction\":[{\"@type\":\"SearchAction\",\"target\":{\"@type\":\"EntryPoint\",\"urlTemplate\":\"https:\/\/cursodepnl.com\/exitosq\/?s={search_term_string}\"},\"query-input\":{\"@type\":\"PropertyValueSpecification\",\"valueRequired\":true,\"valueName\":\"search_term_string\"}}],\"inLanguage\":\"es\"}]}<\/script>\n<!-- \/ Yoast SEO plugin. -->","yoast_head_json":{"title":"Tarjeta Argentina-Dejar de fumar - Exitosamente Sq","robots":{"index":"index","follow":"follow","max-snippet":"max-snippet:-1","max-image-preview":"max-image-preview:large","max-video-preview":"max-video-preview:-1"},"canonical":"https:\/\/cursodepnl.com\/exitosq\/tarjeta-argentina-dejar-de-fumar\/","og_locale":"es_ES","og_type":"article","og_title":"Tarjeta Argentina-Dejar de fumar - Exitosamente Sq","og_description":"Pod\u00e9s pagar con tarjeta de cr\u00e9dito en pesos usando MercadoPago (opciones s\u00f3lo para Argentina). Ser\u00e1s dirigido al sitio de estas empresas para finalizar el pago. Una vez abonado recibir\u00e1s el acceso al programa completo. [ez_tabs tab1=\u00bbTarjetas con MercadoPago\u00bb][ez_tab] Pagar con MercadoPago. [\/ez_tab] [\/ez_tabs]","og_url":"https:\/\/cursodepnl.com\/exitosq\/tarjeta-argentina-dejar-de-fumar\/","og_site_name":"Exitosamente Sq","article_publisher":"http:\/\/facebook.com\/pnlonline","article_modified_time":"2017-03-14T15:22:48+00:00","og_image":[{"url":"http:\/\/cursodepnl.com\/wp-content\/uploads\/2010\/12\/barra21.gif","type":"","width":"","height":""}],"twitter_card":"summary_large_image","schema":{"@context":"https:\/\/schema.org","@graph":[{"@type":"WebPage","@id":"https:\/\/cursodepnl.com\/exitosq\/tarjeta-argentina-dejar-de-fumar\/","url":"https:\/\/cursodepnl.com\/exitosq\/tarjeta-argentina-dejar-de-fumar\/","name":"Tarjeta Argentina-Dejar de fumar - Exitosamente Sq","isPartOf":{"@id":"https:\/\/cursodepnl.com\/exitosq\/#website"},"primaryImageOfPage":{"@id":"https:\/\/cursodepnl.com\/exitosq\/tarjeta-argentina-dejar-de-fumar\/#primaryimage"},"image":{"@id":"https:\/\/cursodepnl.com\/exitosq\/tarjeta-argentina-dejar-de-fumar\/#primaryimage"},"thumbnailUrl":"http:\/\/cursodepnl.com\/wp-content\/uploads\/2010\/12\/barra21.gif","datePublished":"2016-02-12T17:52:19+00:00","dateModified":"2017-03-14T15:22:48+00:00","breadcrumb":{"@id":"https:\/\/cursodepnl.com\/exitosq\/tarjeta-argentina-dejar-de-fumar\/#breadcrumb"},"inLanguage":"es","potentialAction":[{"@type":"ReadAction","target":["https:\/\/cursodepnl.com\/exitosq\/tarjeta-argentina-dejar-de-fumar\/"]}]},{"@type":"ImageObject","inLanguage":"es","@id":"https:\/\/cursodepnl.com\/exitosq\/tarjeta-argentina-dejar-de-fumar\/#primaryimage","url":"http:\/\/cursodepnl.com\/wp-content\/uploads\/2010\/12\/barra21.gif","contentUrl":"http:\/\/cursodepnl.com\/wp-content\/uploads\/2010\/12\/barra21.gif"},{"@type":"BreadcrumbList","@id":"https:\/\/cursodepnl.com\/exitosq\/tarjeta-argentina-dejar-de-fumar\/#breadcrumb","itemListElement":[{"@type":"ListItem","position":1,"name":"Portada","item":"https:\/\/cursodepnl.com\/exitosq\/"},{"@type":"ListItem","position":2,"name":"Tarjeta Argentina-Dejar de fumar"}]},{"@type":"WebSite","@id":"https:\/\/cursodepnl.com\/exitosq\/#website","url":"https:\/\/cursodepnl.com\/exitosq\/","name":"Exitosamente Sq","description":"Exitosamente de Curso De PNL.com","potentialAction":[{"@type":"SearchAction","target":{"@type":"EntryPoint","urlTemplate":"https:\/\/cursodepnl.com\/exitosq\/?s={search_term_string}"},"query-input":{"@type":"PropertyValueSpecification","valueRequired":true,"valueName":"search_term_string"}}],"inLanguage":"es"}]}},"_links":{"self":[{"href":"https:\/\/cursodepnl.com\/exitosq\/wp-json\/wp\/v2\/pages\/2589","targetHints":{"allow":["GET"]}}],"collection":[{"href":"https:\/\/cursodepnl.com\/exitosq\/wp-json\/wp\/v2\/pages"}],"about":[{"href":"https:\/\/cursodepnl.com\/exitosq\/wp-json\/wp\/v2\/types\/page"}],"author":[{"embeddable":true,"href":"https:\/\/cursodepnl.com\/exitosq\/wp-json\/wp\/v2\/users\/1"}],"replies":[{"embeddable":true,"href":"https:\/\/cursodepnl.com\/exitosq\/wp-json\/wp\/v2\/comments?post=2589"}],"version-history":[{"count":6,"href":"https:\/\/cursodepnl.com\/exitosq\/wp-json\/wp\/v2\/pages\/2589\/revisions"}],"predecessor-version":[{"id":4386,"href":"https:\/\/cursodepnl.com\/exitosq\/wp-json\/wp\/v2\/pages\/2589\/revisions\/4386"}],"wp:attachment":[{"href":"https:\/\/cursodepnl.com\/exitosq\/wp-json\/wp\/v2\/media?parent=2589"}],"curies":[{"name":"wp","href":"https:\/\/api.w.org\/{rel}","templated":true}]}}