{"id":2724,"date":"2016-03-07T15:05:30","date_gmt":"2016-03-07T15:05:30","guid":{"rendered":"https:\/\/cursodepnl.com\/exitosq\/?page_id=2724"},"modified":"2020-11-11T15:02:10","modified_gmt":"2020-11-11T15:02:10","slug":"acceso-memoria-inscripcion","status":"publish","type":"page","link":"https:\/\/cursodepnl.com\/exitosq\/acceso-memoria-inscripcion\/","title":{"rendered":"Acceso Memoria-Inscripcion"},"content":{"rendered":"<p style=\"text-align: center;\"><img loading=\"lazy\" decoding=\"async\" class=\"size-full wp-image-379 aligncenter\" title=\"barra\" src=\"http:\/\/bajar-de-peso.com.ar\/wp-content\/uploads\/2010\/11\/barra1.gif\" alt=\"\" width=\"650\" height=\"41\" \/><\/p>\n<p><img loading=\"lazy\" decoding=\"async\" class=\"aligncenter\" src=\"https:\/\/cursodepnl.com\/exitosq\/wp-content\/uploads\/2015\/09\/titulo-memoria.jpg\" alt=\"titulo-memoria\" width=\"587\" height=\"183\" \/><\/p>\n<p><img loading=\"lazy\" decoding=\"async\" class=\"aligncenter\" src=\"https:\/\/cursodepnl.com\/exitosq\/wp-content\/uploads\/2015\/09\/producto-memoria-ilimitada1.jpg\" alt=\"producto-memoria-ilimitada\" width=\"379\" height=\"189\" \/><\/p>\n<p>[ez_three_fourth]<\/p>\n<p style=\"text-align: center;\"><strong><img loading=\"lazy\" decoding=\"async\" src=\"https:\/\/cursodepnl.com\/exitosq\/wp-content\/uploads\/2014\/08\/PAGO.gif\" alt=\"PAGO\" width=\"523\" height=\"45\" \/><br \/>\n<\/strong><\/p>\n<p style=\"text-align: center;\"><strong>Argentina: <\/strong>997 $ arg <strong>| Chile: 16.287 <\/strong>pesos |<strong><br \/>\nUruguay:<\/strong> 768 pesos <strong><strong>| <\/strong>Colombia : <\/strong>74.808 pesos<strong><br \/>\nM\u00e9xico: 502 <\/strong>pesos MXN<strong> <strong>| <\/strong>Per\u00fa: <\/strong>87 soles |<strong> Otros Pa\u00edses<\/strong> 27 usd<strong><strong><br \/>\n<\/strong><\/strong><\/p>\n<p style=\"text-align: center;\">[ez_tabs tab1=\u00bbArgentina\u00bb tab2=\u00bbChile\u00bb tab3=\u00bbColombia\u00bb tab4=\u00bbM\u00e9xico\u00bb tab5=\u00bbPer\u00fa\u00bb tab6=\u00bbUruguay\u00bb tab7=\u00bbOtros Pa\u00edses\u00bb] [ez_tab]<\/p>\n<div style=\"text-align: center;\"><\/div>\n<div style=\"text-align: center;\"><\/div>\n<table border=\"0\" width=\"48%\">\n<tbody>\n<tr>\n<td width=\"33%\">\n<div align=\"center\"><strong><a href=\"https:\/\/cursodepnl.com\/exitosq\/tarjeta-argentina-pago-curso\/\" target=\"_blank\" rel=\"noopener noreferrer\">Tarjetas de Cr\u00e9dito<\/a><\/strong><\/div>\n<\/td>\n<td width=\"33%\">\n<div align=\"center\"><strong><a href=\"https:\/\/cursodepnl.com\/exitosq\/cupon-curso-intensivo\/\" target=\"_blank\" rel=\"noopener noreferrer\">RapiPago-Pago F\u00e1cil<\/a><\/strong><\/div>\n<\/td>\n<td width=\"33%\">\n<div align=\"center\"><strong><a href=\"https:\/\/cursodepnl.com\/exitosq\/datos-cuenta-2\/\" target=\"_blank\" rel=\"noopener noreferrer\">Transf. y Dep\u00f3sitos<\/a><\/strong><\/div>\n<\/td>\n<\/tr>\n<tr>\n<td>\n<div align=\"center\"><a href=\"https:\/\/cursodepnl.com\/exitosq\/tarjeta-argentina-pago-curso\/\" target=\"_blank\" rel=\"noopener noreferrer\"><img decoding=\"async\" src=\"https:\/\/cursodepnl.com\/exitosq\/wp-content\/uploads\/2016\/03\/tarjetaarg.jpg\" alt=\"\" \/><\/a><\/div>\n<\/td>\n<td>\n<div align=\"center\"><a href=\"https:\/\/cursodepnl.com\/exitosq\/cupon-curso-intensivo\/\" target=\"_blank\" rel=\"noopener noreferrer\"><img decoding=\"async\" src=\"https:\/\/cursodepnl.com\/exitosq\/wp-content\/uploads\/2016\/03\/rapipago.jpg\" alt=\"\" \/><\/a><\/div>\n<\/td>\n<td>\n<div align=\"center\"><a href=\"https:\/\/cursodepnl.com\/exitosq\/datos-cuenta-2\/\" target=\"_blank\" rel=\"noopener noreferrer\"><img decoding=\"async\" src=\"https:\/\/cursodepnl.com\/exitosq\/wp-content\/uploads\/2016\/03\/ctaarg.jpg\" alt=\"\" \/><\/a><\/div>\n<\/td>\n<\/tr>\n<\/tbody>\n<\/table>\n<p>[\/ez_tab] [ez_tab]<\/p>\n<p style=\"text-align: center;\"><span style=\"font-size: 10pt;\"> Pago \u00fanico de 16.287 $ chilenos <\/span><\/p>\n<table border=\"0\" width=\"48%\">\n<tbody>\n<tr>\n<td width=\"33%\"><\/td>\n<td width=\"33%\">\n<div align=\"center\"><strong><a href=\"https:\/\/cursodepnl.com\/exitosq\/curso-corto-pago-por-paypal\/\" target=\"_blank\" rel=\"noopener noreferrer\">Tarjeta de cr\u00e9dito<\/a><\/strong><\/div>\n<\/td>\n<td width=\"33%\">\n<div align=\"center\"><a href=\"https:\/\/cursodepnl.com\/exitosq\/datos-giro\/\" target=\"_blank\" rel=\"noopener noreferrer\"><strong>Western Union- Money Gram<\/strong><\/a><\/div>\n<\/td>\n<\/tr>\n<tr>\n<td><\/td>\n<td>\n<div align=\"center\"><a href=\"https:\/\/cursodepnl.com\/exitosq\/curso-corto-pago-por-paypal\/\" target=\"_blank\" rel=\"noopener noreferrer\"><img decoding=\"async\" src=\"https:\/\/cursodepnl.com\/exitosq\/wp-content\/uploads\/2016\/03\/paypal.jpg\" alt=\"\" \/><\/a><\/div>\n<\/td>\n<td>\n<div align=\"center\"><a href=\"https:\/\/cursodepnl.com\/exitosq\/datos-giro\/\" target=\"_blank\" rel=\"noopener noreferrer\"><img decoding=\"async\" src=\"https:\/\/cursodepnl.com\/exitosq\/wp-content\/uploads\/2016\/03\/giros.jpg\" alt=\"\" \/><\/a><\/div>\n<\/td>\n<\/tr>\n<\/tbody>\n<\/table>\n<p>[\/ez_tab] [ez_tab]<\/p>\n<p style=\"text-align: center;\"><span style=\"font-size: 10pt;\"><span style=\"font-size: 10pt;\">Pago \u00fanico de 74.808 pesos<\/span><\/span><\/p>\n<table border=\"0\" width=\"48%\">\n<tbody>\n<tr>\n<td width=\"33%\">\n<div align=\"center\"><\/div>\n<\/td>\n<td width=\"33%\">\n<div align=\"center\"><strong><a href=\"https:\/\/cursodepnl.com\/exitosq\/curso-corto-pago-por-paypal\/\" target=\"_blank\" rel=\"noopener noreferrer\">Tarjeta de cr\u00e9dito<\/a><\/strong><\/div>\n<\/td>\n<td width=\"33%\">\n<div align=\"center\"><strong><a href=\"https:\/\/cursodepnl.com\/exitosq\/datos-giro\/\" target=\"_blank\" rel=\"noopener noreferrer\">Western Union- Money Gram<\/a><\/strong><\/div>\n<\/td>\n<\/tr>\n<tr>\n<td>\n<div align=\"center\"><\/div>\n<\/td>\n<td>\n<div align=\"center\"><a href=\"https:\/\/cursodepnl.com\/exitosq\/curso-corto-pago-por-paypal\/\" target=\"_blank\" rel=\"noopener noreferrer\"><img decoding=\"async\" src=\"https:\/\/cursodepnl.com\/exitosq\/wp-content\/uploads\/2016\/03\/paypal.jpg\" alt=\"\" \/><\/a><\/div>\n<\/td>\n<td>\n<div align=\"center\"><a href=\"https:\/\/cursodepnl.com\/exitosq\/datos-giro\/\" target=\"_blank\" rel=\"noopener noreferrer\"><img decoding=\"async\" src=\"https:\/\/cursodepnl.com\/exitosq\/wp-content\/uploads\/2016\/03\/giros.jpg\" alt=\"\" \/><\/a><\/div>\n<\/td>\n<\/tr>\n<\/tbody>\n<\/table>\n<p>[\/ez_tab] [ez_tab]<\/p>\n<p style=\"text-align: center;\"><span style=\"font-size: 10pt;\"> Pago \u00fanico de 502 $ mexicanos<br \/>\n<\/span><\/p>\n<table border=\"0\" width=\"48%\">\n<tbody>\n<tr>\n<td width=\"33%\"><\/td>\n<td width=\"33%\">\n<div align=\"center\"><strong><a href=\"https:\/\/cursodepnl.com\/exitosq\/curso-corto-pago-por-paypal\/\" target=\"_blank\" rel=\"noopener noreferrer\">Tarjeta de cr\u00e9dito<\/a><\/strong><\/div>\n<\/td>\n<td width=\"33%\">\n<div align=\"center\"><strong><a href=\"https:\/\/cursodepnl.com\/exitosq\/datos-giro\/\" target=\"_blank\" rel=\"noopener noreferrer\">Western Union- Money Gram<\/a><\/strong><\/div>\n<\/td>\n<\/tr>\n<tr>\n<td>\n<div align=\"center\"><\/div>\n<\/td>\n<td>\n<div align=\"center\"><a href=\"https:\/\/cursodepnl.com\/exitosq\/curso-corto-pago-por-paypal\/\" target=\"_blank\" rel=\"noopener noreferrer\"><img decoding=\"async\" src=\"https:\/\/cursodepnl.com\/exitosq\/wp-content\/uploads\/2016\/03\/paypal.jpg\" alt=\"\" \/><\/a><\/div>\n<\/td>\n<td>\n<div align=\"center\"><a href=\"https:\/\/cursodepnl.com\/exitosq\/datos-giro\/\" target=\"_blank\" rel=\"noopener noreferrer\"><img decoding=\"async\" src=\"https:\/\/cursodepnl.com\/exitosq\/wp-content\/uploads\/2016\/03\/giros.jpg\" alt=\"\" \/><\/a><\/div>\n<\/td>\n<\/tr>\n<\/tbody>\n<\/table>\n<p>[\/ez_tab] [ez_tab]<\/p>\n<p style=\"text-align: center;\"><span style=\"font-size: 10pt;\"><span style=\"font-size: 10pt;\"> Pago \u00fanico de 87 soles<\/span><\/span><\/p>\n<table border=\"0\" width=\"48%\">\n<tbody>\n<tr>\n<td width=\"33%\"><\/td>\n<td width=\"33%\">\n<div align=\"center\"><strong><a href=\"https:\/\/cursodepnl.com\/exitosq\/curso-corto-pago-por-paypal\/\" target=\"_blank\" rel=\"noopener noreferrer\">Tarjeta de cr\u00e9dito<\/a><\/strong><\/div>\n<\/td>\n<td width=\"33%\">\n<div align=\"center\"><strong><a href=\"https:\/\/cursodepnl.com\/exitosq\/datos-giro\/\" target=\"_blank\" rel=\"noopener noreferrer\">Western Union- Money Gram<\/a><\/strong><\/div>\n<\/td>\n<\/tr>\n<tr>\n<td>\n<div align=\"center\"><\/div>\n<\/td>\n<td>\n<div align=\"center\"><a href=\"https:\/\/cursodepnl.com\/exitosq\/curso-corto-pago-por-paypal\/\" target=\"_blank\" rel=\"noopener noreferrer\"><img decoding=\"async\" src=\"https:\/\/cursodepnl.com\/exitosq\/wp-content\/uploads\/2016\/03\/paypal.jpg\" alt=\"\" \/><\/a><\/div>\n<\/td>\n<td>\n<div align=\"center\"><a href=\"https:\/\/cursodepnl.com\/exitosq\/datos-giro\/\" target=\"_blank\" rel=\"noopener noreferrer\"><img decoding=\"async\" src=\"https:\/\/cursodepnl.com\/exitosq\/wp-content\/uploads\/2016\/03\/giros.jpg\" alt=\"\" \/><\/a><\/div>\n<\/td>\n<\/tr>\n<\/tbody>\n<\/table>\n<p>[\/ez_tab] [ez_tab]<\/p>\n<p style=\"text-align: center;\"><span style=\"font-size: 10pt;\"><strong>Uruguay<\/strong>:  768 $ uruguayos<br \/>\n<\/span><\/p>\n<table border=\"0\" width=\"48%\">\n<tbody>\n<tr>\n<td width=\"50%\">\n<div align=\"center\"><strong><a href=\"https:\/\/cursodepnl.com\/exitosq\/curso-corto-pago-por-paypal\/\" target=\"_blank\" rel=\"noopener noreferrer\">Tarjeta de Cr\u00e9dito &#8211; Paypal<\/a><\/strong><\/div>\n<\/td>\n<td width=\"50%\">\n<div align=\"center\"><strong><a href=\"https:\/\/cursodepnl.com\/exitosq\/datos-giro\/\" target=\"_blank\" rel=\"noopener noreferrer\">Western Union- Money Gram<\/a><\/strong><\/div>\n<\/td>\n<\/tr>\n<tr>\n<td>\n<div align=\"center\"><a href=\"https:\/\/cursodepnl.com\/exitosq\/curso-corto-pago-por-paypal\/\" target=\"_blank\" rel=\"noopener noreferrer\"><img decoding=\"async\" src=\"https:\/\/cursodepnl.com\/exitosq\/wp-content\/uploads\/2016\/03\/paypal.jpg\" alt=\"\" \/><\/a><\/div>\n<\/td>\n<td>\n<div align=\"center\"><a href=\"https:\/\/cursodepnl.com\/exitosq\/datos-giro\/\" target=\"_blank\" rel=\"noopener noreferrer\"><img decoding=\"async\" src=\"https:\/\/cursodepnl.com\/exitosq\/wp-content\/uploads\/2016\/03\/giros.jpg\" alt=\"\" \/><\/a><\/div>\n<\/td>\n<\/tr>\n<\/tbody>\n<\/table>\n<p>[\/ez_tab]<\/p>\n<p>[ez_tab]<\/p>\n<p><strong>Otros pa\u00edses<\/strong>:  27 usd o el equivalente en tu moneda<\/p>\n<table border=\"0\" width=\"48%\">\n<tbody>\n<tr>\n<td width=\"50%\">\n<div align=\"center\"><strong><a href=\"https:\/\/cursodepnl.com\/exitosq\/curso-corto-pago-por-paypal\/\" target=\"_blank\" rel=\"noopener noreferrer\">Tarjetas de Cr\u00e9dito &#8211; Paypal<\/a><\/strong><\/div>\n<\/td>\n<td width=\"50%\">\n<div align=\"center\"><strong><a href=\"https:\/\/cursodepnl.com\/exitosq\/datos-giro\/\" target=\"_blank\" rel=\"noopener noreferrer\">Western Union- Money Gram<\/a><\/strong><\/div>\n<\/td>\n<\/tr>\n<tr>\n<td>\n<div align=\"center\"><a href=\"https:\/\/cursodepnl.com\/exitosq\/curso-corto-pago-por-paypal\/\" target=\"_blank\" rel=\"noopener noreferrer\"><img decoding=\"async\" src=\"https:\/\/cursodepnl.com\/exitosq\/wp-content\/uploads\/2016\/03\/paypal.jpg\" alt=\"\" \/><\/a><\/div>\n<\/td>\n<td>\n<div align=\"center\"><a href=\"https:\/\/cursodepnl.com\/exitosq\/datos-giro\/\" target=\"_blank\" rel=\"noopener noreferrer\"><img decoding=\"async\" src=\"https:\/\/cursodepnl.com\/exitosq\/wp-content\/uploads\/2016\/03\/giros.jpg\" alt=\"\" \/><\/a><\/div>\n<\/td>\n<\/tr>\n<\/tbody>\n<\/table>\n<p>[\/ez_tab]<\/p>\n<p>[\/ez_tabs]<\/p>\n","protected":false},"excerpt":{"rendered":"<p>[ez_three_fourth] Argentina: 997 $ arg | Chile: 16.287 pesos | Uruguay: 768 pesos | Colombia : 74.808 pesos M\u00e9xico: 502 pesos MXN | Per\u00fa: 87 soles | Otros Pa\u00edses 27 usd [ez_tabs tab1=\u00bbArgentina\u00bb tab2=\u00bbChile\u00bb tab3=\u00bbColombia\u00bb tab4=\u00bbM\u00e9xico\u00bb tab5=\u00bbPer\u00fa\u00bb tab6=\u00bbUruguay\u00bb tab7=\u00bbOtros Pa\u00edses\u00bb] [ez_tab] Tarjetas de Cr\u00e9dito RapiPago-Pago F\u00e1cil Transf. y Dep\u00f3sitos [\/ez_tab] [ez_tab] Pago \u00fanico de 16.287 [&hellip;]<\/p>\n","protected":false},"author":1,"featured_media":0,"parent":0,"menu_order":0,"comment_status":"open","ping_status":"open","template":"","meta":{"_joinchat":[],"footnotes":""},"class_list":["post-2724","page","type-page","status-publish","hentry"],"yoast_head":"<!-- This site is optimized with the Yoast SEO plugin v25.4 - https:\/\/yoast.com\/wordpress\/plugins\/seo\/ -->\n<title>Acceso Memoria-Inscripcion - Exitosamente Sq<\/title>\n<meta name=\"robots\" content=\"index, follow, max-snippet:-1, max-image-preview:large, max-video-preview:-1\" \/>\n<link rel=\"canonical\" href=\"https:\/\/cursodepnl.com\/exitosq\/acceso-memoria-inscripcion\/\" \/>\n<meta property=\"og:locale\" content=\"es_ES\" \/>\n<meta property=\"og:type\" content=\"article\" \/>\n<meta property=\"og:title\" content=\"Acceso Memoria-Inscripcion - Exitosamente Sq\" \/>\n<meta property=\"og:description\" content=\"[ez_three_fourth] Argentina: 997 $ arg | Chile: 16.287 pesos | Uruguay: 768 pesos | Colombia : 74.808 pesos M\u00e9xico: 502 pesos MXN | Per\u00fa: 87 soles | Otros Pa\u00edses 27 usd [ez_tabs tab1=\u00bbArgentina\u00bb tab2=\u00bbChile\u00bb tab3=\u00bbColombia\u00bb tab4=\u00bbM\u00e9xico\u00bb tab5=\u00bbPer\u00fa\u00bb tab6=\u00bbUruguay\u00bb tab7=\u00bbOtros Pa\u00edses\u00bb] [ez_tab] Tarjetas de Cr\u00e9dito RapiPago-Pago F\u00e1cil Transf. y Dep\u00f3sitos [\/ez_tab] [ez_tab] Pago \u00fanico de 16.287 [&hellip;]\" \/>\n<meta property=\"og:url\" content=\"https:\/\/cursodepnl.com\/exitosq\/acceso-memoria-inscripcion\/\" \/>\n<meta property=\"og:site_name\" content=\"Exitosamente Sq\" \/>\n<meta property=\"article:publisher\" content=\"http:\/\/facebook.com\/pnlonline\" \/>\n<meta property=\"article:modified_time\" content=\"2020-11-11T15:02:10+00:00\" \/>\n<meta name=\"twitter:card\" content=\"summary_large_image\" \/>\n<meta name=\"twitter:label1\" content=\"Tiempo de lectura\" \/>\n\t<meta name=\"twitter:data1\" content=\"1 minuto\" \/>\n<script type=\"application\/ld+json\" class=\"yoast-schema-graph\">{\"@context\":\"https:\/\/schema.org\",\"@graph\":[{\"@type\":\"WebPage\",\"@id\":\"https:\/\/cursodepnl.com\/exitosq\/acceso-memoria-inscripcion\/\",\"url\":\"https:\/\/cursodepnl.com\/exitosq\/acceso-memoria-inscripcion\/\",\"name\":\"Acceso Memoria-Inscripcion - Exitosamente Sq\",\"isPartOf\":{\"@id\":\"https:\/\/cursodepnl.com\/exitosq\/#website\"},\"primaryImageOfPage\":{\"@id\":\"https:\/\/cursodepnl.com\/exitosq\/acceso-memoria-inscripcion\/#primaryimage\"},\"image\":{\"@id\":\"https:\/\/cursodepnl.com\/exitosq\/acceso-memoria-inscripcion\/#primaryimage\"},\"thumbnailUrl\":\"http:\/\/bajar-de-peso.com.ar\/wp-content\/uploads\/2010\/11\/barra1.gif\",\"datePublished\":\"2016-03-07T15:05:30+00:00\",\"dateModified\":\"2020-11-11T15:02:10+00:00\",\"breadcrumb\":{\"@id\":\"https:\/\/cursodepnl.com\/exitosq\/acceso-memoria-inscripcion\/#breadcrumb\"},\"inLanguage\":\"es\",\"potentialAction\":[{\"@type\":\"ReadAction\",\"target\":[\"https:\/\/cursodepnl.com\/exitosq\/acceso-memoria-inscripcion\/\"]}]},{\"@type\":\"ImageObject\",\"inLanguage\":\"es\",\"@id\":\"https:\/\/cursodepnl.com\/exitosq\/acceso-memoria-inscripcion\/#primaryimage\",\"url\":\"http:\/\/bajar-de-peso.com.ar\/wp-content\/uploads\/2010\/11\/barra1.gif\",\"contentUrl\":\"http:\/\/bajar-de-peso.com.ar\/wp-content\/uploads\/2010\/11\/barra1.gif\"},{\"@type\":\"BreadcrumbList\",\"@id\":\"https:\/\/cursodepnl.com\/exitosq\/acceso-memoria-inscripcion\/#breadcrumb\",\"itemListElement\":[{\"@type\":\"ListItem\",\"position\":1,\"name\":\"Portada\",\"item\":\"https:\/\/cursodepnl.com\/exitosq\/\"},{\"@type\":\"ListItem\",\"position\":2,\"name\":\"Acceso Memoria-Inscripcion\"}]},{\"@type\":\"WebSite\",\"@id\":\"https:\/\/cursodepnl.com\/exitosq\/#website\",\"url\":\"https:\/\/cursodepnl.com\/exitosq\/\",\"name\":\"Exitosamente Sq\",\"description\":\"Exitosamente de Curso De PNL.com\",\"potentialAction\":[{\"@type\":\"SearchAction\",\"target\":{\"@type\":\"EntryPoint\",\"urlTemplate\":\"https:\/\/cursodepnl.com\/exitosq\/?s={search_term_string}\"},\"query-input\":{\"@type\":\"PropertyValueSpecification\",\"valueRequired\":true,\"valueName\":\"search_term_string\"}}],\"inLanguage\":\"es\"}]}<\/script>\n<!-- \/ Yoast SEO plugin. -->","yoast_head_json":{"title":"Acceso Memoria-Inscripcion - Exitosamente Sq","robots":{"index":"index","follow":"follow","max-snippet":"max-snippet:-1","max-image-preview":"max-image-preview:large","max-video-preview":"max-video-preview:-1"},"canonical":"https:\/\/cursodepnl.com\/exitosq\/acceso-memoria-inscripcion\/","og_locale":"es_ES","og_type":"article","og_title":"Acceso Memoria-Inscripcion - Exitosamente Sq","og_description":"[ez_three_fourth] Argentina: 997 $ arg | Chile: 16.287 pesos | Uruguay: 768 pesos | Colombia : 74.808 pesos M\u00e9xico: 502 pesos MXN | Per\u00fa: 87 soles | Otros Pa\u00edses 27 usd [ez_tabs tab1=\u00bbArgentina\u00bb tab2=\u00bbChile\u00bb tab3=\u00bbColombia\u00bb tab4=\u00bbM\u00e9xico\u00bb tab5=\u00bbPer\u00fa\u00bb tab6=\u00bbUruguay\u00bb tab7=\u00bbOtros Pa\u00edses\u00bb] [ez_tab] Tarjetas de Cr\u00e9dito RapiPago-Pago F\u00e1cil Transf. y Dep\u00f3sitos [\/ez_tab] [ez_tab] Pago \u00fanico de 16.287 [&hellip;]","og_url":"https:\/\/cursodepnl.com\/exitosq\/acceso-memoria-inscripcion\/","og_site_name":"Exitosamente Sq","article_publisher":"http:\/\/facebook.com\/pnlonline","article_modified_time":"2020-11-11T15:02:10+00:00","twitter_card":"summary_large_image","twitter_misc":{"Tiempo de lectura":"1 minuto"},"schema":{"@context":"https:\/\/schema.org","@graph":[{"@type":"WebPage","@id":"https:\/\/cursodepnl.com\/exitosq\/acceso-memoria-inscripcion\/","url":"https:\/\/cursodepnl.com\/exitosq\/acceso-memoria-inscripcion\/","name":"Acceso Memoria-Inscripcion - Exitosamente Sq","isPartOf":{"@id":"https:\/\/cursodepnl.com\/exitosq\/#website"},"primaryImageOfPage":{"@id":"https:\/\/cursodepnl.com\/exitosq\/acceso-memoria-inscripcion\/#primaryimage"},"image":{"@id":"https:\/\/cursodepnl.com\/exitosq\/acceso-memoria-inscripcion\/#primaryimage"},"thumbnailUrl":"http:\/\/bajar-de-peso.com.ar\/wp-content\/uploads\/2010\/11\/barra1.gif","datePublished":"2016-03-07T15:05:30+00:00","dateModified":"2020-11-11T15:02:10+00:00","breadcrumb":{"@id":"https:\/\/cursodepnl.com\/exitosq\/acceso-memoria-inscripcion\/#breadcrumb"},"inLanguage":"es","potentialAction":[{"@type":"ReadAction","target":["https:\/\/cursodepnl.com\/exitosq\/acceso-memoria-inscripcion\/"]}]},{"@type":"ImageObject","inLanguage":"es","@id":"https:\/\/cursodepnl.com\/exitosq\/acceso-memoria-inscripcion\/#primaryimage","url":"http:\/\/bajar-de-peso.com.ar\/wp-content\/uploads\/2010\/11\/barra1.gif","contentUrl":"http:\/\/bajar-de-peso.com.ar\/wp-content\/uploads\/2010\/11\/barra1.gif"},{"@type":"BreadcrumbList","@id":"https:\/\/cursodepnl.com\/exitosq\/acceso-memoria-inscripcion\/#breadcrumb","itemListElement":[{"@type":"ListItem","position":1,"name":"Portada","item":"https:\/\/cursodepnl.com\/exitosq\/"},{"@type":"ListItem","position":2,"name":"Acceso Memoria-Inscripcion"}]},{"@type":"WebSite","@id":"https:\/\/cursodepnl.com\/exitosq\/#website","url":"https:\/\/cursodepnl.com\/exitosq\/","name":"Exitosamente Sq","description":"Exitosamente de Curso De PNL.com","potentialAction":[{"@type":"SearchAction","target":{"@type":"EntryPoint","urlTemplate":"https:\/\/cursodepnl.com\/exitosq\/?s={search_term_string}"},"query-input":{"@type":"PropertyValueSpecification","valueRequired":true,"valueName":"search_term_string"}}],"inLanguage":"es"}]}},"_links":{"self":[{"href":"https:\/\/cursodepnl.com\/exitosq\/wp-json\/wp\/v2\/pages\/2724","targetHints":{"allow":["GET"]}}],"collection":[{"href":"https:\/\/cursodepnl.com\/exitosq\/wp-json\/wp\/v2\/pages"}],"about":[{"href":"https:\/\/cursodepnl.com\/exitosq\/wp-json\/wp\/v2\/types\/page"}],"author":[{"embeddable":true,"href":"https:\/\/cursodepnl.com\/exitosq\/wp-json\/wp\/v2\/users\/1"}],"replies":[{"embeddable":true,"href":"https:\/\/cursodepnl.com\/exitosq\/wp-json\/wp\/v2\/comments?post=2724"}],"version-history":[{"count":8,"href":"https:\/\/cursodepnl.com\/exitosq\/wp-json\/wp\/v2\/pages\/2724\/revisions"}],"predecessor-version":[{"id":9004,"href":"https:\/\/cursodepnl.com\/exitosq\/wp-json\/wp\/v2\/pages\/2724\/revisions\/9004"}],"wp:attachment":[{"href":"https:\/\/cursodepnl.com\/exitosq\/wp-json\/wp\/v2\/media?parent=2724"}],"curies":[{"name":"wp","href":"https:\/\/api.w.org\/{rel}","templated":true}]}}