{"id":2729,"date":"2016-03-07T14:27:57","date_gmt":"2016-03-07T14:27:57","guid":{"rendered":"https:\/\/cursodepnl.com\/exitosq\/?page_id=2729"},"modified":"2020-11-11T15:00:24","modified_gmt":"2020-11-11T15:00:24","slug":"tarjeta-argentina-pago-curso","status":"publish","type":"page","link":"https:\/\/cursodepnl.com\/exitosq\/tarjeta-argentina-pago-curso\/","title":{"rendered":"Tarjeta Argentina pago Curso"},"content":{"rendered":"<p><img loading=\"lazy\" decoding=\"async\" title=\"barra2\" src=\"http:\/\/cursodepnl.com\/wp-content\/uploads\/2010\/12\/barra21.gif\" alt=\"barra2\" width=\"657\" height=\"40\" \/><\/p>\n<p><span style=\"font-size: medium;\">Pod\u00e9s pagar con tarjeta de cr\u00e9dito en pesos usando MercadoPago (opciones <span style=\"text-decoration: underline;\"><strong>s\u00f3lo para Argentina<\/strong><\/span>). Ser\u00e1s dirigido al sitio de estas empresas para finalizar el pago. Una vez abonado recibir\u00e1s el acceso al curso.<\/span><br \/>\n<span style=\"color: #000000; font-size: 10pt; background-color: #ffffff;\"><strong>Pagar con MercadoPago. 997 en pesos argentinos sin recargo.<br \/>\n<script src=\"https:\/\/www.mercadopago.com.ar\/integrations\/v1\/web-payment-checkout.js\" data-preference-id=\"324577638-eaf131cf-af86-4af9-a2ae-63ebb0ab0424\"><br \/>\n<\/script><\/strong><\/span><\/p>\n","protected":false},"excerpt":{"rendered":"<p>Pod\u00e9s pagar con tarjeta de cr\u00e9dito en pesos usando MercadoPago (opciones s\u00f3lo para Argentina). Ser\u00e1s dirigido al sitio de estas empresas para finalizar el pago. Una vez abonado recibir\u00e1s el acceso al curso. Pagar con MercadoPago. 997 en pesos argentinos sin recargo.<\/p>\n","protected":false},"author":1,"featured_media":0,"parent":0,"menu_order":0,"comment_status":"closed","ping_status":"closed","template":"","meta":{"_joinchat":[],"footnotes":""},"class_list":["post-2729","page","type-page","status-publish","hentry"],"yoast_head":"<!-- This site is optimized with the Yoast SEO plugin v25.4 - https:\/\/yoast.com\/wordpress\/plugins\/seo\/ -->\n<title>Tarjeta Argentina pago Curso - Exitosamente Sq<\/title>\n<meta name=\"robots\" content=\"index, follow, max-snippet:-1, max-image-preview:large, max-video-preview:-1\" \/>\n<link rel=\"canonical\" href=\"https:\/\/cursodepnl.com\/exitosq\/tarjeta-argentina-pago-curso\/\" \/>\n<meta property=\"og:locale\" content=\"es_ES\" \/>\n<meta property=\"og:type\" content=\"article\" \/>\n<meta property=\"og:title\" content=\"Tarjeta Argentina pago Curso - Exitosamente Sq\" \/>\n<meta property=\"og:description\" content=\"Pod\u00e9s pagar con tarjeta de cr\u00e9dito en pesos usando MercadoPago (opciones s\u00f3lo para Argentina). Ser\u00e1s dirigido al sitio de estas empresas para finalizar el pago. Una vez abonado recibir\u00e1s el acceso al curso. Pagar con MercadoPago. 997 en pesos argentinos sin recargo.\" \/>\n<meta property=\"og:url\" content=\"https:\/\/cursodepnl.com\/exitosq\/tarjeta-argentina-pago-curso\/\" \/>\n<meta property=\"og:site_name\" content=\"Exitosamente Sq\" \/>\n<meta property=\"article:publisher\" content=\"http:\/\/facebook.com\/pnlonline\" \/>\n<meta property=\"article:modified_time\" content=\"2020-11-11T15:00:24+00:00\" \/>\n<meta property=\"og:image\" content=\"http:\/\/cursodepnl.com\/wp-content\/uploads\/2010\/12\/barra21.gif\" \/>\n<meta name=\"twitter:card\" content=\"summary_large_image\" \/>\n<script type=\"application\/ld+json\" class=\"yoast-schema-graph\">{\"@context\":\"https:\/\/schema.org\",\"@graph\":[{\"@type\":\"WebPage\",\"@id\":\"https:\/\/cursodepnl.com\/exitosq\/tarjeta-argentina-pago-curso\/\",\"url\":\"https:\/\/cursodepnl.com\/exitosq\/tarjeta-argentina-pago-curso\/\",\"name\":\"Tarjeta Argentina pago Curso - Exitosamente Sq\",\"isPartOf\":{\"@id\":\"https:\/\/cursodepnl.com\/exitosq\/#website\"},\"primaryImageOfPage\":{\"@id\":\"https:\/\/cursodepnl.com\/exitosq\/tarjeta-argentina-pago-curso\/#primaryimage\"},\"image\":{\"@id\":\"https:\/\/cursodepnl.com\/exitosq\/tarjeta-argentina-pago-curso\/#primaryimage\"},\"thumbnailUrl\":\"http:\/\/cursodepnl.com\/wp-content\/uploads\/2010\/12\/barra21.gif\",\"datePublished\":\"2016-03-07T14:27:57+00:00\",\"dateModified\":\"2020-11-11T15:00:24+00:00\",\"breadcrumb\":{\"@id\":\"https:\/\/cursodepnl.com\/exitosq\/tarjeta-argentina-pago-curso\/#breadcrumb\"},\"inLanguage\":\"es\",\"potentialAction\":[{\"@type\":\"ReadAction\",\"target\":[\"https:\/\/cursodepnl.com\/exitosq\/tarjeta-argentina-pago-curso\/\"]}]},{\"@type\":\"ImageObject\",\"inLanguage\":\"es\",\"@id\":\"https:\/\/cursodepnl.com\/exitosq\/tarjeta-argentina-pago-curso\/#primaryimage\",\"url\":\"http:\/\/cursodepnl.com\/wp-content\/uploads\/2010\/12\/barra21.gif\",\"contentUrl\":\"http:\/\/cursodepnl.com\/wp-content\/uploads\/2010\/12\/barra21.gif\"},{\"@type\":\"BreadcrumbList\",\"@id\":\"https:\/\/cursodepnl.com\/exitosq\/tarjeta-argentina-pago-curso\/#breadcrumb\",\"itemListElement\":[{\"@type\":\"ListItem\",\"position\":1,\"name\":\"Portada\",\"item\":\"https:\/\/cursodepnl.com\/exitosq\/\"},{\"@type\":\"ListItem\",\"position\":2,\"name\":\"Tarjeta Argentina pago Curso\"}]},{\"@type\":\"WebSite\",\"@id\":\"https:\/\/cursodepnl.com\/exitosq\/#website\",\"url\":\"https:\/\/cursodepnl.com\/exitosq\/\",\"name\":\"Exitosamente Sq\",\"description\":\"Exitosamente de Curso De PNL.com\",\"potentialAction\":[{\"@type\":\"SearchAction\",\"target\":{\"@type\":\"EntryPoint\",\"urlTemplate\":\"https:\/\/cursodepnl.com\/exitosq\/?s={search_term_string}\"},\"query-input\":{\"@type\":\"PropertyValueSpecification\",\"valueRequired\":true,\"valueName\":\"search_term_string\"}}],\"inLanguage\":\"es\"}]}<\/script>\n<!-- \/ Yoast SEO plugin. -->","yoast_head_json":{"title":"Tarjeta Argentina pago Curso - Exitosamente Sq","robots":{"index":"index","follow":"follow","max-snippet":"max-snippet:-1","max-image-preview":"max-image-preview:large","max-video-preview":"max-video-preview:-1"},"canonical":"https:\/\/cursodepnl.com\/exitosq\/tarjeta-argentina-pago-curso\/","og_locale":"es_ES","og_type":"article","og_title":"Tarjeta Argentina pago Curso - Exitosamente Sq","og_description":"Pod\u00e9s pagar con tarjeta de cr\u00e9dito en pesos usando MercadoPago (opciones s\u00f3lo para Argentina). Ser\u00e1s dirigido al sitio de estas empresas para finalizar el pago. Una vez abonado recibir\u00e1s el acceso al curso. Pagar con MercadoPago. 997 en pesos argentinos sin recargo.","og_url":"https:\/\/cursodepnl.com\/exitosq\/tarjeta-argentina-pago-curso\/","og_site_name":"Exitosamente Sq","article_publisher":"http:\/\/facebook.com\/pnlonline","article_modified_time":"2020-11-11T15:00:24+00:00","og_image":[{"url":"http:\/\/cursodepnl.com\/wp-content\/uploads\/2010\/12\/barra21.gif","type":"","width":"","height":""}],"twitter_card":"summary_large_image","schema":{"@context":"https:\/\/schema.org","@graph":[{"@type":"WebPage","@id":"https:\/\/cursodepnl.com\/exitosq\/tarjeta-argentina-pago-curso\/","url":"https:\/\/cursodepnl.com\/exitosq\/tarjeta-argentina-pago-curso\/","name":"Tarjeta Argentina pago Curso - Exitosamente Sq","isPartOf":{"@id":"https:\/\/cursodepnl.com\/exitosq\/#website"},"primaryImageOfPage":{"@id":"https:\/\/cursodepnl.com\/exitosq\/tarjeta-argentina-pago-curso\/#primaryimage"},"image":{"@id":"https:\/\/cursodepnl.com\/exitosq\/tarjeta-argentina-pago-curso\/#primaryimage"},"thumbnailUrl":"http:\/\/cursodepnl.com\/wp-content\/uploads\/2010\/12\/barra21.gif","datePublished":"2016-03-07T14:27:57+00:00","dateModified":"2020-11-11T15:00:24+00:00","breadcrumb":{"@id":"https:\/\/cursodepnl.com\/exitosq\/tarjeta-argentina-pago-curso\/#breadcrumb"},"inLanguage":"es","potentialAction":[{"@type":"ReadAction","target":["https:\/\/cursodepnl.com\/exitosq\/tarjeta-argentina-pago-curso\/"]}]},{"@type":"ImageObject","inLanguage":"es","@id":"https:\/\/cursodepnl.com\/exitosq\/tarjeta-argentina-pago-curso\/#primaryimage","url":"http:\/\/cursodepnl.com\/wp-content\/uploads\/2010\/12\/barra21.gif","contentUrl":"http:\/\/cursodepnl.com\/wp-content\/uploads\/2010\/12\/barra21.gif"},{"@type":"BreadcrumbList","@id":"https:\/\/cursodepnl.com\/exitosq\/tarjeta-argentina-pago-curso\/#breadcrumb","itemListElement":[{"@type":"ListItem","position":1,"name":"Portada","item":"https:\/\/cursodepnl.com\/exitosq\/"},{"@type":"ListItem","position":2,"name":"Tarjeta Argentina pago Curso"}]},{"@type":"WebSite","@id":"https:\/\/cursodepnl.com\/exitosq\/#website","url":"https:\/\/cursodepnl.com\/exitosq\/","name":"Exitosamente Sq","description":"Exitosamente de Curso De PNL.com","potentialAction":[{"@type":"SearchAction","target":{"@type":"EntryPoint","urlTemplate":"https:\/\/cursodepnl.com\/exitosq\/?s={search_term_string}"},"query-input":{"@type":"PropertyValueSpecification","valueRequired":true,"valueName":"search_term_string"}}],"inLanguage":"es"}]}},"_links":{"self":[{"href":"https:\/\/cursodepnl.com\/exitosq\/wp-json\/wp\/v2\/pages\/2729","targetHints":{"allow":["GET"]}}],"collection":[{"href":"https:\/\/cursodepnl.com\/exitosq\/wp-json\/wp\/v2\/pages"}],"about":[{"href":"https:\/\/cursodepnl.com\/exitosq\/wp-json\/wp\/v2\/types\/page"}],"author":[{"embeddable":true,"href":"https:\/\/cursodepnl.com\/exitosq\/wp-json\/wp\/v2\/users\/1"}],"replies":[{"embeddable":true,"href":"https:\/\/cursodepnl.com\/exitosq\/wp-json\/wp\/v2\/comments?post=2729"}],"version-history":[{"count":7,"href":"https:\/\/cursodepnl.com\/exitosq\/wp-json\/wp\/v2\/pages\/2729\/revisions"}],"predecessor-version":[{"id":9006,"href":"https:\/\/cursodepnl.com\/exitosq\/wp-json\/wp\/v2\/pages\/2729\/revisions\/9006"}],"wp:attachment":[{"href":"https:\/\/cursodepnl.com\/exitosq\/wp-json\/wp\/v2\/media?parent=2729"}],"curies":[{"name":"wp","href":"https:\/\/api.w.org\/{rel}","templated":true}]}}