{"id":2748,"date":"2016-03-07T15:10:36","date_gmt":"2016-03-07T15:10:36","guid":{"rendered":"https:\/\/cursodepnl.com\/exitosq\/?page_id=2748"},"modified":"2020-11-11T15:01:40","modified_gmt":"2020-11-11T15:01:40","slug":"cupon-curso-intensivo","status":"publish","type":"page","link":"https:\/\/cursodepnl.com\/exitosq\/cupon-curso-intensivo\/","title":{"rendered":"Cup\u00f3n Curso Intensivo"},"content":{"rendered":"<p><img loading=\"lazy\" decoding=\"async\" class=\"aligncenter\" title=\"barra2\" src=\"http:\/\/bajar-de-peso.com.ar\/wp-content\/uploads\/2010\/07\/barra2.gif\" alt=\"\" width=\"657\" height=\"40\"><\/p>\n<p><img loading=\"lazy\" decoding=\"async\" class=\"aligncenter\" src=\"http:\/\/bajar-de-peso.com.ar\/pagos\/wp-content\/uploads\/2015\/06\/PAGOEFECTIVO.jpg\" alt=\"PAGOEFECTIVO\" width=\"157\" height=\"103\"><\/p>\n<h4 style=\"text-align: center;\">Gener\u00e1 tu cup\u00f3n para realizar el pago en cualquier sucursal ingresando el siguiente boton para elegir tu mejor opci\u00f3n:&nbsp;<\/h4>\n<p><script src=\"https:\/\/www.mercadopago.com.ar\/integrations\/v1\/web-payment-checkout.js\" data-preference-id=\"324577638-eaf131cf-af86-4af9-a2ae-63ebb0ab0424\">\n<\/script><\/p>\n","protected":false},"excerpt":{"rendered":"<p>Gener\u00e1 tu cup\u00f3n para realizar el pago en cualquier sucursal ingresando el siguiente boton para elegir tu mejor opci\u00f3n:&nbsp;<\/p>\n","protected":false},"author":1,"featured_media":0,"parent":0,"menu_order":0,"comment_status":"open","ping_status":"open","template":"","meta":{"_joinchat":[],"footnotes":""},"class_list":["post-2748","page","type-page","status-publish","hentry"],"yoast_head":"<!-- This site is optimized with the Yoast SEO plugin v25.4 - https:\/\/yoast.com\/wordpress\/plugins\/seo\/ -->\n<title>Cup\u00f3n Curso Intensivo - Exitosamente Sq<\/title>\n<meta name=\"robots\" content=\"index, follow, max-snippet:-1, max-image-preview:large, max-video-preview:-1\" \/>\n<link rel=\"canonical\" href=\"https:\/\/cursodepnl.com\/exitosq\/cupon-curso-intensivo\/\" \/>\n<meta property=\"og:locale\" content=\"es_ES\" \/>\n<meta property=\"og:type\" content=\"article\" \/>\n<meta property=\"og:title\" content=\"Cup\u00f3n Curso Intensivo - Exitosamente Sq\" \/>\n<meta property=\"og:description\" content=\"Gener\u00e1 tu cup\u00f3n para realizar el pago en cualquier sucursal ingresando el siguiente boton para elegir tu mejor opci\u00f3n:&nbsp;\" \/>\n<meta property=\"og:url\" content=\"https:\/\/cursodepnl.com\/exitosq\/cupon-curso-intensivo\/\" \/>\n<meta property=\"og:site_name\" content=\"Exitosamente Sq\" \/>\n<meta property=\"article:publisher\" content=\"http:\/\/facebook.com\/pnlonline\" \/>\n<meta property=\"article:modified_time\" content=\"2020-11-11T15:01:40+00:00\" \/>\n<meta property=\"og:image\" content=\"http:\/\/bajar-de-peso.com.ar\/wp-content\/uploads\/2010\/07\/barra2.gif\" \/>\n<meta name=\"twitter:card\" content=\"summary_large_image\" \/>\n<script type=\"application\/ld+json\" class=\"yoast-schema-graph\">{\"@context\":\"https:\/\/schema.org\",\"@graph\":[{\"@type\":\"WebPage\",\"@id\":\"https:\/\/cursodepnl.com\/exitosq\/cupon-curso-intensivo\/\",\"url\":\"https:\/\/cursodepnl.com\/exitosq\/cupon-curso-intensivo\/\",\"name\":\"Cup\u00f3n Curso Intensivo - Exitosamente Sq\",\"isPartOf\":{\"@id\":\"https:\/\/cursodepnl.com\/exitosq\/#website\"},\"primaryImageOfPage\":{\"@id\":\"https:\/\/cursodepnl.com\/exitosq\/cupon-curso-intensivo\/#primaryimage\"},\"image\":{\"@id\":\"https:\/\/cursodepnl.com\/exitosq\/cupon-curso-intensivo\/#primaryimage\"},\"thumbnailUrl\":\"http:\/\/bajar-de-peso.com.ar\/wp-content\/uploads\/2010\/07\/barra2.gif\",\"datePublished\":\"2016-03-07T15:10:36+00:00\",\"dateModified\":\"2020-11-11T15:01:40+00:00\",\"breadcrumb\":{\"@id\":\"https:\/\/cursodepnl.com\/exitosq\/cupon-curso-intensivo\/#breadcrumb\"},\"inLanguage\":\"es\",\"potentialAction\":[{\"@type\":\"ReadAction\",\"target\":[\"https:\/\/cursodepnl.com\/exitosq\/cupon-curso-intensivo\/\"]}]},{\"@type\":\"ImageObject\",\"inLanguage\":\"es\",\"@id\":\"https:\/\/cursodepnl.com\/exitosq\/cupon-curso-intensivo\/#primaryimage\",\"url\":\"http:\/\/bajar-de-peso.com.ar\/wp-content\/uploads\/2010\/07\/barra2.gif\",\"contentUrl\":\"http:\/\/bajar-de-peso.com.ar\/wp-content\/uploads\/2010\/07\/barra2.gif\"},{\"@type\":\"BreadcrumbList\",\"@id\":\"https:\/\/cursodepnl.com\/exitosq\/cupon-curso-intensivo\/#breadcrumb\",\"itemListElement\":[{\"@type\":\"ListItem\",\"position\":1,\"name\":\"Portada\",\"item\":\"https:\/\/cursodepnl.com\/exitosq\/\"},{\"@type\":\"ListItem\",\"position\":2,\"name\":\"Cup\u00f3n Curso Intensivo\"}]},{\"@type\":\"WebSite\",\"@id\":\"https:\/\/cursodepnl.com\/exitosq\/#website\",\"url\":\"https:\/\/cursodepnl.com\/exitosq\/\",\"name\":\"Exitosamente Sq\",\"description\":\"Exitosamente de Curso De PNL.com\",\"potentialAction\":[{\"@type\":\"SearchAction\",\"target\":{\"@type\":\"EntryPoint\",\"urlTemplate\":\"https:\/\/cursodepnl.com\/exitosq\/?s={search_term_string}\"},\"query-input\":{\"@type\":\"PropertyValueSpecification\",\"valueRequired\":true,\"valueName\":\"search_term_string\"}}],\"inLanguage\":\"es\"}]}<\/script>\n<!-- \/ Yoast SEO plugin. -->","yoast_head_json":{"title":"Cup\u00f3n Curso Intensivo - Exitosamente Sq","robots":{"index":"index","follow":"follow","max-snippet":"max-snippet:-1","max-image-preview":"max-image-preview:large","max-video-preview":"max-video-preview:-1"},"canonical":"https:\/\/cursodepnl.com\/exitosq\/cupon-curso-intensivo\/","og_locale":"es_ES","og_type":"article","og_title":"Cup\u00f3n Curso Intensivo - Exitosamente Sq","og_description":"Gener\u00e1 tu cup\u00f3n para realizar el pago en cualquier sucursal ingresando el siguiente boton para elegir tu mejor opci\u00f3n:&nbsp;","og_url":"https:\/\/cursodepnl.com\/exitosq\/cupon-curso-intensivo\/","og_site_name":"Exitosamente Sq","article_publisher":"http:\/\/facebook.com\/pnlonline","article_modified_time":"2020-11-11T15:01:40+00:00","og_image":[{"url":"http:\/\/bajar-de-peso.com.ar\/wp-content\/uploads\/2010\/07\/barra2.gif","type":"","width":"","height":""}],"twitter_card":"summary_large_image","schema":{"@context":"https:\/\/schema.org","@graph":[{"@type":"WebPage","@id":"https:\/\/cursodepnl.com\/exitosq\/cupon-curso-intensivo\/","url":"https:\/\/cursodepnl.com\/exitosq\/cupon-curso-intensivo\/","name":"Cup\u00f3n Curso Intensivo - Exitosamente Sq","isPartOf":{"@id":"https:\/\/cursodepnl.com\/exitosq\/#website"},"primaryImageOfPage":{"@id":"https:\/\/cursodepnl.com\/exitosq\/cupon-curso-intensivo\/#primaryimage"},"image":{"@id":"https:\/\/cursodepnl.com\/exitosq\/cupon-curso-intensivo\/#primaryimage"},"thumbnailUrl":"http:\/\/bajar-de-peso.com.ar\/wp-content\/uploads\/2010\/07\/barra2.gif","datePublished":"2016-03-07T15:10:36+00:00","dateModified":"2020-11-11T15:01:40+00:00","breadcrumb":{"@id":"https:\/\/cursodepnl.com\/exitosq\/cupon-curso-intensivo\/#breadcrumb"},"inLanguage":"es","potentialAction":[{"@type":"ReadAction","target":["https:\/\/cursodepnl.com\/exitosq\/cupon-curso-intensivo\/"]}]},{"@type":"ImageObject","inLanguage":"es","@id":"https:\/\/cursodepnl.com\/exitosq\/cupon-curso-intensivo\/#primaryimage","url":"http:\/\/bajar-de-peso.com.ar\/wp-content\/uploads\/2010\/07\/barra2.gif","contentUrl":"http:\/\/bajar-de-peso.com.ar\/wp-content\/uploads\/2010\/07\/barra2.gif"},{"@type":"BreadcrumbList","@id":"https:\/\/cursodepnl.com\/exitosq\/cupon-curso-intensivo\/#breadcrumb","itemListElement":[{"@type":"ListItem","position":1,"name":"Portada","item":"https:\/\/cursodepnl.com\/exitosq\/"},{"@type":"ListItem","position":2,"name":"Cup\u00f3n Curso Intensivo"}]},{"@type":"WebSite","@id":"https:\/\/cursodepnl.com\/exitosq\/#website","url":"https:\/\/cursodepnl.com\/exitosq\/","name":"Exitosamente Sq","description":"Exitosamente de Curso De PNL.com","potentialAction":[{"@type":"SearchAction","target":{"@type":"EntryPoint","urlTemplate":"https:\/\/cursodepnl.com\/exitosq\/?s={search_term_string}"},"query-input":{"@type":"PropertyValueSpecification","valueRequired":true,"valueName":"search_term_string"}}],"inLanguage":"es"}]}},"_links":{"self":[{"href":"https:\/\/cursodepnl.com\/exitosq\/wp-json\/wp\/v2\/pages\/2748","targetHints":{"allow":["GET"]}}],"collection":[{"href":"https:\/\/cursodepnl.com\/exitosq\/wp-json\/wp\/v2\/pages"}],"about":[{"href":"https:\/\/cursodepnl.com\/exitosq\/wp-json\/wp\/v2\/types\/page"}],"author":[{"embeddable":true,"href":"https:\/\/cursodepnl.com\/exitosq\/wp-json\/wp\/v2\/users\/1"}],"replies":[{"embeddable":true,"href":"https:\/\/cursodepnl.com\/exitosq\/wp-json\/wp\/v2\/comments?post=2748"}],"version-history":[{"count":3,"href":"https:\/\/cursodepnl.com\/exitosq\/wp-json\/wp\/v2\/pages\/2748\/revisions"}],"predecessor-version":[{"id":9007,"href":"https:\/\/cursodepnl.com\/exitosq\/wp-json\/wp\/v2\/pages\/2748\/revisions\/9007"}],"wp:attachment":[{"href":"https:\/\/cursodepnl.com\/exitosq\/wp-json\/wp\/v2\/media?parent=2748"}],"curies":[{"name":"wp","href":"https:\/\/api.w.org\/{rel}","templated":true}]}}