{"id":3139,"date":"2016-05-04T14:07:33","date_gmt":"2016-05-04T14:07:33","guid":{"rendered":"https:\/\/cursodepnl.com\/exitosq\/?page_id=3139"},"modified":"2021-04-29T13:30:14","modified_gmt":"2021-04-29T13:30:14","slug":"clonacion-de-exito-8-x-4","status":"publish","type":"page","link":"https:\/\/cursodepnl.com\/exitosq\/clonacion-de-exito-8-x-4\/","title":{"rendered":"Clonacion de \u00c9xito 8 x 4"},"content":{"rendered":"<p><img loading=\"lazy\" decoding=\"async\" class=\"aligncenter size-full wp-image-3016\" src=\"https:\/\/cursodepnl.com\/exitosq\/wp-content\/uploads\/2016\/04\/elige.jpg\" alt=\"elige\" width=\"470\" height=\"40\" srcset=\"https:\/\/cursodepnl.com\/exitosq\/wp-content\/uploads\/2016\/04\/elige.jpg 470w, https:\/\/cursodepnl.com\/exitosq\/wp-content\/uploads\/2016\/04\/elige-300x25.jpg 300w\" sizes=\"auto, (max-width: 470px) 100vw, 470px\" \/>[ez_three_fourth]<br \/>\n<img loading=\"lazy\" decoding=\"async\" class=\"aligncenter size-full wp-image-3127\" src=\"https:\/\/cursodepnl.com\/exitosq\/wp-content\/uploads\/2016\/05\/8x4acceso.jpg\" alt=\"8x4acceso\" width=\"509\" height=\"98\" srcset=\"https:\/\/cursodepnl.com\/exitosq\/wp-content\/uploads\/2016\/05\/8x4acceso.jpg 509w, https:\/\/cursodepnl.com\/exitosq\/wp-content\/uploads\/2016\/05\/8x4acceso-300x57.jpg 300w\" sizes=\"auto, (max-width: 509px) 100vw, 509px\" \/><\/p>\n<p><img loading=\"lazy\" decoding=\"async\" class=\"aligncenter size-full wp-image-3045\" src=\"https:\/\/cursodepnl.com\/exitosq\/wp-content\/uploads\/2016\/04\/sistema-acceso.jpg\" alt=\"sistema-acceso\" width=\"600\" height=\"242\" srcset=\"https:\/\/cursodepnl.com\/exitosq\/wp-content\/uploads\/2016\/04\/sistema-acceso.jpg 600w, https:\/\/cursodepnl.com\/exitosq\/wp-content\/uploads\/2016\/04\/sistema-acceso-300x121.jpg 300w\" sizes=\"auto, (max-width: 600px) 100vw, 600px\" \/><\/p>\n<p style=\"text-align: center;\"><span style=\"font-size: medium;\"><strong><img loading=\"lazy\" decoding=\"async\" class=\"aligncenter size-full wp-image-2009\" src=\"https:\/\/cursodepnl.com\/exitosq\/wp-content\/uploads\/2014\/08\/PAGO.gif\" alt=\"PAGO\" width=\"523\" height=\"45\" \/><br \/>\n<\/strong><\/span><\/p>\n<h2 style=\"text-align: center;\" data-tadv-p=\"keep\"><span style=\"background-color: #ffff00;\">PROMOCI\u00d3N FINALIZADA<\/span><\/h2>\n<p style=\"text-align: center;\"><strong> <\/strong><\/p>\n<p style=\"text-align: center;\">[ez_tabs tab1=\u00bbArgentina\u00bb tab2=\u00bbChile\u00bb tab3=\u00bbColombia\u00bb tab4=\u00bbM\u00e9xico\u00bb tab5=\u00bbPer\u00fa\u00bb tab6=\u00bbUruguay\u00bb tab7=\u00bbGuatem.\u00bb tab8=\u00bbOtros\u00bb]<\/p>\n<p style=\"text-align: center;\">\n<p>[\/ez_tab]<\/p>\n<p>\n<span style=\"color: #008080;\"><strong>GARANT\u00cdA<br \/>\n<\/strong><\/span><\/p>\n<div class=\"rounded-grey-box\" style=\"width: 70%; margin: 5px auto 20px;\">\n<p><strong>NING\u00daN RIESGO PARA TI &#8211; GARANT\u00cdA \u00daNICA!<\/strong> Consigues lo que estoy prometiendo aqu\u00ed o te devuelvo tu inversi\u00f3n. Y, por tu tiempo invertido, te pago el doble.<\/p>\n<p><span style=\"font-size: 10pt;\">As\u00ed de segura estoy que lograr\u00e1s lo que te propones si sigues los pasos que te indico, y s\u00e9 que cualquier persona que realmente est\u00e9 decidida en serio a obtener estas \u00abrecetas de \u00e9xito\u00bb a voluntad, sabe que no corre ning\u00fan riesgo en su inversi\u00f3n con una garant\u00eda similar<br \/>\n<\/span><\/p>\n<\/div>\n<p>[\/ez_one_fourth_last]<\/p>\n","protected":false},"excerpt":{"rendered":"<p>[ez_three_fourth] PROMOCI\u00d3N FINALIZADA [ez_tabs tab1=\u00bbArgentina\u00bb tab2=\u00bbChile\u00bb tab3=\u00bbColombia\u00bb tab4=\u00bbM\u00e9xico\u00bb tab5=\u00bbPer\u00fa\u00bb tab6=\u00bbUruguay\u00bb tab7=\u00bbGuatem.\u00bb tab8=\u00bbOtros\u00bb] [\/ez_tab] GARANT\u00cdA NING\u00daN RIESGO PARA TI &#8211; GARANT\u00cdA \u00daNICA! Consigues lo que estoy prometiendo aqu\u00ed o te devuelvo tu inversi\u00f3n. Y, por tu tiempo invertido, te pago el doble. As\u00ed de segura estoy que lograr\u00e1s lo que te propones si sigues los pasos [&hellip;]<\/p>\n","protected":false},"author":1,"featured_media":0,"parent":0,"menu_order":0,"comment_status":"open","ping_status":"open","template":"","meta":{"_joinchat":[],"footnotes":""},"class_list":["post-3139","page","type-page","status-publish","hentry"],"yoast_head":"<!-- This site is optimized with the Yoast SEO plugin v25.4 - https:\/\/yoast.com\/wordpress\/plugins\/seo\/ -->\n<title>Clonacion de \u00c9xito 8 x 4 - Exitosamente Sq<\/title>\n<meta name=\"robots\" content=\"index, follow, max-snippet:-1, max-image-preview:large, max-video-preview:-1\" \/>\n<link rel=\"canonical\" href=\"https:\/\/cursodepnl.com\/exitosq\/clonacion-de-exito-8-x-4\/\" \/>\n<meta property=\"og:locale\" content=\"es_ES\" \/>\n<meta property=\"og:type\" content=\"article\" \/>\n<meta property=\"og:title\" content=\"Clonacion de \u00c9xito 8 x 4 - Exitosamente Sq\" \/>\n<meta property=\"og:description\" content=\"[ez_three_fourth] PROMOCI\u00d3N FINALIZADA [ez_tabs tab1=\u00bbArgentina\u00bb tab2=\u00bbChile\u00bb tab3=\u00bbColombia\u00bb tab4=\u00bbM\u00e9xico\u00bb tab5=\u00bbPer\u00fa\u00bb tab6=\u00bbUruguay\u00bb tab7=\u00bbGuatem.\u00bb tab8=\u00bbOtros\u00bb] [\/ez_tab] GARANT\u00cdA NING\u00daN RIESGO PARA TI &#8211; GARANT\u00cdA \u00daNICA! Consigues lo que estoy prometiendo aqu\u00ed o te devuelvo tu inversi\u00f3n. Y, por tu tiempo invertido, te pago el doble. As\u00ed de segura estoy que lograr\u00e1s lo que te propones si sigues los pasos [&hellip;]\" \/>\n<meta property=\"og:url\" content=\"https:\/\/cursodepnl.com\/exitosq\/clonacion-de-exito-8-x-4\/\" \/>\n<meta property=\"og:site_name\" content=\"Exitosamente Sq\" \/>\n<meta property=\"article:publisher\" content=\"http:\/\/facebook.com\/pnlonline\" \/>\n<meta property=\"article:modified_time\" content=\"2021-04-29T13:30:14+00:00\" \/>\n<meta property=\"og:image\" content=\"https:\/\/cursodepnl.com\/exitosq\/wp-content\/uploads\/2016\/04\/elige.jpg\" \/>\n<meta name=\"twitter:card\" content=\"summary_large_image\" \/>\n<meta name=\"twitter:label1\" content=\"Tiempo de lectura\" \/>\n\t<meta name=\"twitter:data1\" content=\"1 minuto\" \/>\n<script type=\"application\/ld+json\" class=\"yoast-schema-graph\">{\"@context\":\"https:\/\/schema.org\",\"@graph\":[{\"@type\":\"WebPage\",\"@id\":\"https:\/\/cursodepnl.com\/exitosq\/clonacion-de-exito-8-x-4\/\",\"url\":\"https:\/\/cursodepnl.com\/exitosq\/clonacion-de-exito-8-x-4\/\",\"name\":\"Clonacion de \u00c9xito 8 x 4 - Exitosamente Sq\",\"isPartOf\":{\"@id\":\"https:\/\/cursodepnl.com\/exitosq\/#website\"},\"primaryImageOfPage\":{\"@id\":\"https:\/\/cursodepnl.com\/exitosq\/clonacion-de-exito-8-x-4\/#primaryimage\"},\"image\":{\"@id\":\"https:\/\/cursodepnl.com\/exitosq\/clonacion-de-exito-8-x-4\/#primaryimage\"},\"thumbnailUrl\":\"https:\/\/cursodepnl.com\/exitosq\/wp-content\/uploads\/2016\/04\/elige.jpg\",\"datePublished\":\"2016-05-04T14:07:33+00:00\",\"dateModified\":\"2021-04-29T13:30:14+00:00\",\"breadcrumb\":{\"@id\":\"https:\/\/cursodepnl.com\/exitosq\/clonacion-de-exito-8-x-4\/#breadcrumb\"},\"inLanguage\":\"es\",\"potentialAction\":[{\"@type\":\"ReadAction\",\"target\":[\"https:\/\/cursodepnl.com\/exitosq\/clonacion-de-exito-8-x-4\/\"]}]},{\"@type\":\"ImageObject\",\"inLanguage\":\"es\",\"@id\":\"https:\/\/cursodepnl.com\/exitosq\/clonacion-de-exito-8-x-4\/#primaryimage\",\"url\":\"https:\/\/cursodepnl.com\/exitosq\/wp-content\/uploads\/2016\/04\/elige.jpg\",\"contentUrl\":\"https:\/\/cursodepnl.com\/exitosq\/wp-content\/uploads\/2016\/04\/elige.jpg\",\"width\":470,\"height\":40},{\"@type\":\"BreadcrumbList\",\"@id\":\"https:\/\/cursodepnl.com\/exitosq\/clonacion-de-exito-8-x-4\/#breadcrumb\",\"itemListElement\":[{\"@type\":\"ListItem\",\"position\":1,\"name\":\"Portada\",\"item\":\"https:\/\/cursodepnl.com\/exitosq\/\"},{\"@type\":\"ListItem\",\"position\":2,\"name\":\"Clonacion de \u00c9xito 8 x 4\"}]},{\"@type\":\"WebSite\",\"@id\":\"https:\/\/cursodepnl.com\/exitosq\/#website\",\"url\":\"https:\/\/cursodepnl.com\/exitosq\/\",\"name\":\"Exitosamente Sq\",\"description\":\"Exitosamente de Curso De PNL.com\",\"potentialAction\":[{\"@type\":\"SearchAction\",\"target\":{\"@type\":\"EntryPoint\",\"urlTemplate\":\"https:\/\/cursodepnl.com\/exitosq\/?s={search_term_string}\"},\"query-input\":{\"@type\":\"PropertyValueSpecification\",\"valueRequired\":true,\"valueName\":\"search_term_string\"}}],\"inLanguage\":\"es\"}]}<\/script>\n<!-- \/ Yoast SEO plugin. -->","yoast_head_json":{"title":"Clonacion de \u00c9xito 8 x 4 - Exitosamente Sq","robots":{"index":"index","follow":"follow","max-snippet":"max-snippet:-1","max-image-preview":"max-image-preview:large","max-video-preview":"max-video-preview:-1"},"canonical":"https:\/\/cursodepnl.com\/exitosq\/clonacion-de-exito-8-x-4\/","og_locale":"es_ES","og_type":"article","og_title":"Clonacion de \u00c9xito 8 x 4 - Exitosamente Sq","og_description":"[ez_three_fourth] PROMOCI\u00d3N FINALIZADA [ez_tabs tab1=\u00bbArgentina\u00bb tab2=\u00bbChile\u00bb tab3=\u00bbColombia\u00bb tab4=\u00bbM\u00e9xico\u00bb tab5=\u00bbPer\u00fa\u00bb tab6=\u00bbUruguay\u00bb tab7=\u00bbGuatem.\u00bb tab8=\u00bbOtros\u00bb] [\/ez_tab] GARANT\u00cdA NING\u00daN RIESGO PARA TI &#8211; GARANT\u00cdA \u00daNICA! Consigues lo que estoy prometiendo aqu\u00ed o te devuelvo tu inversi\u00f3n. Y, por tu tiempo invertido, te pago el doble. As\u00ed de segura estoy que lograr\u00e1s lo que te propones si sigues los pasos [&hellip;]","og_url":"https:\/\/cursodepnl.com\/exitosq\/clonacion-de-exito-8-x-4\/","og_site_name":"Exitosamente Sq","article_publisher":"http:\/\/facebook.com\/pnlonline","article_modified_time":"2021-04-29T13:30:14+00:00","og_image":[{"url":"https:\/\/cursodepnl.com\/exitosq\/wp-content\/uploads\/2016\/04\/elige.jpg","type":"","width":"","height":""}],"twitter_card":"summary_large_image","twitter_misc":{"Tiempo de lectura":"1 minuto"},"schema":{"@context":"https:\/\/schema.org","@graph":[{"@type":"WebPage","@id":"https:\/\/cursodepnl.com\/exitosq\/clonacion-de-exito-8-x-4\/","url":"https:\/\/cursodepnl.com\/exitosq\/clonacion-de-exito-8-x-4\/","name":"Clonacion de \u00c9xito 8 x 4 - Exitosamente Sq","isPartOf":{"@id":"https:\/\/cursodepnl.com\/exitosq\/#website"},"primaryImageOfPage":{"@id":"https:\/\/cursodepnl.com\/exitosq\/clonacion-de-exito-8-x-4\/#primaryimage"},"image":{"@id":"https:\/\/cursodepnl.com\/exitosq\/clonacion-de-exito-8-x-4\/#primaryimage"},"thumbnailUrl":"https:\/\/cursodepnl.com\/exitosq\/wp-content\/uploads\/2016\/04\/elige.jpg","datePublished":"2016-05-04T14:07:33+00:00","dateModified":"2021-04-29T13:30:14+00:00","breadcrumb":{"@id":"https:\/\/cursodepnl.com\/exitosq\/clonacion-de-exito-8-x-4\/#breadcrumb"},"inLanguage":"es","potentialAction":[{"@type":"ReadAction","target":["https:\/\/cursodepnl.com\/exitosq\/clonacion-de-exito-8-x-4\/"]}]},{"@type":"ImageObject","inLanguage":"es","@id":"https:\/\/cursodepnl.com\/exitosq\/clonacion-de-exito-8-x-4\/#primaryimage","url":"https:\/\/cursodepnl.com\/exitosq\/wp-content\/uploads\/2016\/04\/elige.jpg","contentUrl":"https:\/\/cursodepnl.com\/exitosq\/wp-content\/uploads\/2016\/04\/elige.jpg","width":470,"height":40},{"@type":"BreadcrumbList","@id":"https:\/\/cursodepnl.com\/exitosq\/clonacion-de-exito-8-x-4\/#breadcrumb","itemListElement":[{"@type":"ListItem","position":1,"name":"Portada","item":"https:\/\/cursodepnl.com\/exitosq\/"},{"@type":"ListItem","position":2,"name":"Clonacion de \u00c9xito 8 x 4"}]},{"@type":"WebSite","@id":"https:\/\/cursodepnl.com\/exitosq\/#website","url":"https:\/\/cursodepnl.com\/exitosq\/","name":"Exitosamente Sq","description":"Exitosamente de Curso De PNL.com","potentialAction":[{"@type":"SearchAction","target":{"@type":"EntryPoint","urlTemplate":"https:\/\/cursodepnl.com\/exitosq\/?s={search_term_string}"},"query-input":{"@type":"PropertyValueSpecification","valueRequired":true,"valueName":"search_term_string"}}],"inLanguage":"es"}]}},"_links":{"self":[{"href":"https:\/\/cursodepnl.com\/exitosq\/wp-json\/wp\/v2\/pages\/3139","targetHints":{"allow":["GET"]}}],"collection":[{"href":"https:\/\/cursodepnl.com\/exitosq\/wp-json\/wp\/v2\/pages"}],"about":[{"href":"https:\/\/cursodepnl.com\/exitosq\/wp-json\/wp\/v2\/types\/page"}],"author":[{"embeddable":true,"href":"https:\/\/cursodepnl.com\/exitosq\/wp-json\/wp\/v2\/users\/1"}],"replies":[{"embeddable":true,"href":"https:\/\/cursodepnl.com\/exitosq\/wp-json\/wp\/v2\/comments?post=3139"}],"version-history":[{"count":9,"href":"https:\/\/cursodepnl.com\/exitosq\/wp-json\/wp\/v2\/pages\/3139\/revisions"}],"predecessor-version":[{"id":9750,"href":"https:\/\/cursodepnl.com\/exitosq\/wp-json\/wp\/v2\/pages\/3139\/revisions\/9750"}],"wp:attachment":[{"href":"https:\/\/cursodepnl.com\/exitosq\/wp-json\/wp\/v2\/media?parent=3139"}],"curies":[{"name":"wp","href":"https:\/\/api.w.org\/{rel}","templated":true}]}}