{"id":3650,"date":"2016-11-15T17:24:30","date_gmt":"2016-11-15T17:24:30","guid":{"rendered":"https:\/\/cursodepnl.com\/exitosq\/?page_id=3650"},"modified":"2018-03-21T21:09:24","modified_gmt":"2018-03-21T21:09:24","slug":"librementepaypal","status":"publish","type":"page","link":"https:\/\/cursodepnl.com\/exitosq\/librementepaypal\/","title":{"rendered":"Suscripci\u00f3n Libremente paypal"},"content":{"rendered":"<div> <\/div>\n<div><img loading=\"lazy\" decoding=\"async\" style=\"border: 0px;\" title=\"barra2\" src=\"http:\/\/cursodepnl.com\/wp-content\/uploads\/2010\/12\/barra21.gif\" alt=\"barra2\" width=\"657\" height=\"40\" \/><\/div>\n<div>Para pagar con tarjeta de cr\u00e9dito Internacional v\u00eda Paypal haz clic en el bot\u00f3n que desees. Ser\u00e1s dirigido al sitio<br \/>\n seguro de Paypal para finalizar el pago. <strong>Una vez abonado recibir\u00e1s el acceso! Gracias<\/strong><\/div>\n<form action=\"https:\/\/www.paypal.com\/cgi-bin\/webscr\" method=\"post\" target=\"_top\"><input name=\"cmd\" type=\"hidden\" value=\"_s-xclick\" \/><br \/>\n <input name=\"hosted_button_id\" type=\"hidden\" value=\"RRCABSRCFGGZC\" \/><br \/>\n <input alt=\"PayPal, la forma r\u00e1pida y segura de pagar en Internet.\" name=\"submit\" src=\"https:\/\/www.paypalobjects.com\/es_ES\/ES\/i\/btn\/btn_buynowCC_LG.gif\" type=\"image\" \/><br \/>\n <img loading=\"lazy\" decoding=\"async\" src=\"https:\/\/www.paypalobjects.com\/en_US\/i\/scr\/pixel.gif\" alt=\"\" width=\"1\" height=\"1\" border=\"0\" \/><\/form>\n","protected":false},"excerpt":{"rendered":"<p>Para pagar con tarjeta de cr\u00e9dito Internacional v\u00eda Paypal haz clic en el bot\u00f3n que desees. Ser\u00e1s dirigido al sitio seguro de Paypal para finalizar el pago. Una vez abonado recibir\u00e1s el acceso! Gracias<\/p>\n","protected":false},"author":1,"featured_media":0,"parent":0,"menu_order":0,"comment_status":"open","ping_status":"open","template":"","meta":{"_joinchat":[],"footnotes":""},"class_list":["post-3650","page","type-page","status-publish","hentry"],"yoast_head":"<!-- This site is optimized with the Yoast SEO plugin v25.4 - https:\/\/yoast.com\/wordpress\/plugins\/seo\/ -->\n<title>Suscripci\u00f3n Libremente paypal - Exitosamente Sq<\/title>\n<meta name=\"robots\" content=\"index, follow, max-snippet:-1, max-image-preview:large, max-video-preview:-1\" \/>\n<link rel=\"canonical\" href=\"https:\/\/cursodepnl.com\/exitosq\/librementepaypal\/\" \/>\n<meta property=\"og:locale\" content=\"es_ES\" \/>\n<meta property=\"og:type\" content=\"article\" \/>\n<meta property=\"og:title\" content=\"Suscripci\u00f3n Libremente paypal - Exitosamente Sq\" \/>\n<meta property=\"og:description\" content=\"Para pagar con tarjeta de cr\u00e9dito Internacional v\u00eda Paypal haz clic en el bot\u00f3n que desees. Ser\u00e1s dirigido al sitio seguro de Paypal para finalizar el pago. Una vez abonado recibir\u00e1s el acceso! Gracias\" \/>\n<meta property=\"og:url\" content=\"https:\/\/cursodepnl.com\/exitosq\/librementepaypal\/\" \/>\n<meta property=\"og:site_name\" content=\"Exitosamente Sq\" \/>\n<meta property=\"article:publisher\" content=\"http:\/\/facebook.com\/pnlonline\" \/>\n<meta property=\"article:modified_time\" content=\"2018-03-21T21:09:24+00:00\" \/>\n<meta property=\"og:image\" content=\"http:\/\/cursodepnl.com\/wp-content\/uploads\/2010\/12\/barra21.gif\" \/>\n<meta name=\"twitter:card\" content=\"summary_large_image\" \/>\n<script type=\"application\/ld+json\" class=\"yoast-schema-graph\">{\"@context\":\"https:\/\/schema.org\",\"@graph\":[{\"@type\":\"WebPage\",\"@id\":\"https:\/\/cursodepnl.com\/exitosq\/librementepaypal\/\",\"url\":\"https:\/\/cursodepnl.com\/exitosq\/librementepaypal\/\",\"name\":\"Suscripci\u00f3n Libremente paypal - Exitosamente Sq\",\"isPartOf\":{\"@id\":\"https:\/\/cursodepnl.com\/exitosq\/#website\"},\"primaryImageOfPage\":{\"@id\":\"https:\/\/cursodepnl.com\/exitosq\/librementepaypal\/#primaryimage\"},\"image\":{\"@id\":\"https:\/\/cursodepnl.com\/exitosq\/librementepaypal\/#primaryimage\"},\"thumbnailUrl\":\"http:\/\/cursodepnl.com\/wp-content\/uploads\/2010\/12\/barra21.gif\",\"datePublished\":\"2016-11-15T17:24:30+00:00\",\"dateModified\":\"2018-03-21T21:09:24+00:00\",\"breadcrumb\":{\"@id\":\"https:\/\/cursodepnl.com\/exitosq\/librementepaypal\/#breadcrumb\"},\"inLanguage\":\"es\",\"potentialAction\":[{\"@type\":\"ReadAction\",\"target\":[\"https:\/\/cursodepnl.com\/exitosq\/librementepaypal\/\"]}]},{\"@type\":\"ImageObject\",\"inLanguage\":\"es\",\"@id\":\"https:\/\/cursodepnl.com\/exitosq\/librementepaypal\/#primaryimage\",\"url\":\"http:\/\/cursodepnl.com\/wp-content\/uploads\/2010\/12\/barra21.gif\",\"contentUrl\":\"http:\/\/cursodepnl.com\/wp-content\/uploads\/2010\/12\/barra21.gif\"},{\"@type\":\"BreadcrumbList\",\"@id\":\"https:\/\/cursodepnl.com\/exitosq\/librementepaypal\/#breadcrumb\",\"itemListElement\":[{\"@type\":\"ListItem\",\"position\":1,\"name\":\"Portada\",\"item\":\"https:\/\/cursodepnl.com\/exitosq\/\"},{\"@type\":\"ListItem\",\"position\":2,\"name\":\"Suscripci\u00f3n Libremente paypal\"}]},{\"@type\":\"WebSite\",\"@id\":\"https:\/\/cursodepnl.com\/exitosq\/#website\",\"url\":\"https:\/\/cursodepnl.com\/exitosq\/\",\"name\":\"Exitosamente Sq\",\"description\":\"Exitosamente de Curso De PNL.com\",\"potentialAction\":[{\"@type\":\"SearchAction\",\"target\":{\"@type\":\"EntryPoint\",\"urlTemplate\":\"https:\/\/cursodepnl.com\/exitosq\/?s={search_term_string}\"},\"query-input\":{\"@type\":\"PropertyValueSpecification\",\"valueRequired\":true,\"valueName\":\"search_term_string\"}}],\"inLanguage\":\"es\"}]}<\/script>\n<!-- \/ Yoast SEO plugin. -->","yoast_head_json":{"title":"Suscripci\u00f3n Libremente paypal - Exitosamente Sq","robots":{"index":"index","follow":"follow","max-snippet":"max-snippet:-1","max-image-preview":"max-image-preview:large","max-video-preview":"max-video-preview:-1"},"canonical":"https:\/\/cursodepnl.com\/exitosq\/librementepaypal\/","og_locale":"es_ES","og_type":"article","og_title":"Suscripci\u00f3n Libremente paypal - Exitosamente Sq","og_description":"Para pagar con tarjeta de cr\u00e9dito Internacional v\u00eda Paypal haz clic en el bot\u00f3n que desees. Ser\u00e1s dirigido al sitio seguro de Paypal para finalizar el pago. Una vez abonado recibir\u00e1s el acceso! Gracias","og_url":"https:\/\/cursodepnl.com\/exitosq\/librementepaypal\/","og_site_name":"Exitosamente Sq","article_publisher":"http:\/\/facebook.com\/pnlonline","article_modified_time":"2018-03-21T21:09:24+00:00","og_image":[{"url":"http:\/\/cursodepnl.com\/wp-content\/uploads\/2010\/12\/barra21.gif","type":"","width":"","height":""}],"twitter_card":"summary_large_image","schema":{"@context":"https:\/\/schema.org","@graph":[{"@type":"WebPage","@id":"https:\/\/cursodepnl.com\/exitosq\/librementepaypal\/","url":"https:\/\/cursodepnl.com\/exitosq\/librementepaypal\/","name":"Suscripci\u00f3n Libremente paypal - Exitosamente Sq","isPartOf":{"@id":"https:\/\/cursodepnl.com\/exitosq\/#website"},"primaryImageOfPage":{"@id":"https:\/\/cursodepnl.com\/exitosq\/librementepaypal\/#primaryimage"},"image":{"@id":"https:\/\/cursodepnl.com\/exitosq\/librementepaypal\/#primaryimage"},"thumbnailUrl":"http:\/\/cursodepnl.com\/wp-content\/uploads\/2010\/12\/barra21.gif","datePublished":"2016-11-15T17:24:30+00:00","dateModified":"2018-03-21T21:09:24+00:00","breadcrumb":{"@id":"https:\/\/cursodepnl.com\/exitosq\/librementepaypal\/#breadcrumb"},"inLanguage":"es","potentialAction":[{"@type":"ReadAction","target":["https:\/\/cursodepnl.com\/exitosq\/librementepaypal\/"]}]},{"@type":"ImageObject","inLanguage":"es","@id":"https:\/\/cursodepnl.com\/exitosq\/librementepaypal\/#primaryimage","url":"http:\/\/cursodepnl.com\/wp-content\/uploads\/2010\/12\/barra21.gif","contentUrl":"http:\/\/cursodepnl.com\/wp-content\/uploads\/2010\/12\/barra21.gif"},{"@type":"BreadcrumbList","@id":"https:\/\/cursodepnl.com\/exitosq\/librementepaypal\/#breadcrumb","itemListElement":[{"@type":"ListItem","position":1,"name":"Portada","item":"https:\/\/cursodepnl.com\/exitosq\/"},{"@type":"ListItem","position":2,"name":"Suscripci\u00f3n Libremente paypal"}]},{"@type":"WebSite","@id":"https:\/\/cursodepnl.com\/exitosq\/#website","url":"https:\/\/cursodepnl.com\/exitosq\/","name":"Exitosamente Sq","description":"Exitosamente de Curso De PNL.com","potentialAction":[{"@type":"SearchAction","target":{"@type":"EntryPoint","urlTemplate":"https:\/\/cursodepnl.com\/exitosq\/?s={search_term_string}"},"query-input":{"@type":"PropertyValueSpecification","valueRequired":true,"valueName":"search_term_string"}}],"inLanguage":"es"}]}},"_links":{"self":[{"href":"https:\/\/cursodepnl.com\/exitosq\/wp-json\/wp\/v2\/pages\/3650","targetHints":{"allow":["GET"]}}],"collection":[{"href":"https:\/\/cursodepnl.com\/exitosq\/wp-json\/wp\/v2\/pages"}],"about":[{"href":"https:\/\/cursodepnl.com\/exitosq\/wp-json\/wp\/v2\/types\/page"}],"author":[{"embeddable":true,"href":"https:\/\/cursodepnl.com\/exitosq\/wp-json\/wp\/v2\/users\/1"}],"replies":[{"embeddable":true,"href":"https:\/\/cursodepnl.com\/exitosq\/wp-json\/wp\/v2\/comments?post=3650"}],"version-history":[{"count":7,"href":"https:\/\/cursodepnl.com\/exitosq\/wp-json\/wp\/v2\/pages\/3650\/revisions"}],"predecessor-version":[{"id":5690,"href":"https:\/\/cursodepnl.com\/exitosq\/wp-json\/wp\/v2\/pages\/3650\/revisions\/5690"}],"wp:attachment":[{"href":"https:\/\/cursodepnl.com\/exitosq\/wp-json\/wp\/v2\/media?parent=3650"}],"curies":[{"name":"wp","href":"https:\/\/api.w.org\/{rel}","templated":true}]}}