{"id":4675,"date":"2017-05-18T20:34:28","date_gmt":"2017-05-18T20:34:28","guid":{"rendered":"https:\/\/cursodepnl.com\/exitosq\/?page_id=4675"},"modified":"2020-04-20T18:50:13","modified_gmt":"2020-04-20T18:50:13","slug":"suscripcion-exitosamente","status":"publish","type":"page","link":"https:\/\/cursodepnl.com\/exitosq\/suscripcion-exitosamente\/","title":{"rendered":"Suscripcion Exitosamente"},"content":{"rendered":"<p style=\"text-align: center;\"><img loading=\"lazy\" decoding=\"async\" class=\"aligncenter size-full wp-image-4708\" src=\"https:\/\/cursodepnl.com\/exitosq\/wp-content\/uploads\/2017\/05\/et.gif\" alt=\"et\" width=\"673\" height=\"66\" \/><\/p>\n<p style=\"text-align: center;\"><img loading=\"lazy\" decoding=\"async\" class=\"aligncenter size-full wp-image-5221\" src=\"https:\/\/cursodepnl.com\/exitosq\/wp-content\/uploads\/2017\/11\/exitosamentefoto.jpg\" alt=\"exitosamentefoto\" width=\"601\" height=\"320\" srcset=\"https:\/\/cursodepnl.com\/exitosq\/wp-content\/uploads\/2017\/11\/exitosamentefoto.jpg 601w, https:\/\/cursodepnl.com\/exitosq\/wp-content\/uploads\/2017\/11\/exitosamentefoto-300x160.jpg 300w\" sizes=\"auto, (max-width: 601px) 100vw, 601px\" \/><\/p>\n<p>[ez_three_fourth]<\/p>\n<p style=\"text-align: center;\"><img loading=\"lazy\" decoding=\"async\" class=\"aligncenter size-full wp-image-4709\" src=\"https:\/\/cursodepnl.com\/exitosq\/wp-content\/uploads\/2017\/05\/el.gif\" alt=\"el\" width=\"669\" height=\"61\" \/><\/p>\n<p style=\"text-align: center;\">[ez_tabs tab1=\u00bbArgentina\u00bb tab2=\u00bbChile\u00bb tab3=\u00bbColombia\u00bb tab4=\u00bbM\u00e9xico\u00bb tab5=\u00bbPer\u00fa\u00bb tab6=\u00bbUruguay\u00bb tab7=\u00bbOtros Pa\u00edses\u00bb] [ez_tab]<\/p>\n<div style=\"text-align: center;\"><span style=\"font-size: 10pt;\"> Pago Mensual de 440 $ argentinos \u00f3<br \/>\n Un s\u00f3lo Pago Anual con descuento de 3900 $ arg (te ahorr\u00e1s hoy 1400 $)<\/span><\/div>\n<table border=\"0\" width=\"48%\">\n<tbody>\n<tr>\n<td width=\"33%\">\n<div align=\"center\"><strong><a href=\"https:\/\/cursodepnl.com\/exitosq\/exitosamente-tarjeta-argentina\/\" target=\"_blank\">Tarjetas de Cr\u00e9dito<\/a><\/strong><\/div>\n<\/td>\n<td width=\"33%\">\n<div align=\"center\"><strong><a href=\"https:\/\/cursodepnl.com\/exitosq\/cupon-exitosamente-anual\/\" target=\"_blank\">RapiPago-Pago F\u00e1cil<\/a><\/strong><\/div>\n<\/td>\n<td width=\"33%\">\n<div align=\"center\"><strong><a href=\"https:\/\/cursodepnl.com\/exitosq\/datos-cuenta-2\/\" target=\"_blank\">Transf. y Dep\u00f3sitos<\/a><\/strong><\/div>\n<\/td>\n<\/tr>\n<tr>\n<td>\n<div align=\"center\"><a href=\"https:\/\/cursodepnl.com\/exitosq\/exitosamente-tarjeta-argentina\/\" target=\"_blank\"><img decoding=\"async\" src=\"https:\/\/cursodepnl.com\/exitosq\/wp-content\/uploads\/2016\/03\/ctaarg.jpg\" alt=\"\" \/><\/a><\/div>\n<\/td>\n<td>\n<div align=\"center\"><a href=\"https:\/\/cursodepnl.com\/exitosq\/cupon-exitosamente-anual\/\" target=\"_blank\"><img decoding=\"async\" src=\"https:\/\/cursodepnl.com\/exitosq\/wp-content\/uploads\/2016\/03\/rapipago.jpg\" alt=\"\" \/><\/a><\/div>\n<\/td>\n<td>\n<div align=\"center\"><a href=\"https:\/\/cursodepnl.com\/exitosq\/datos-cuenta-2\/\" target=\"_blank\"><img decoding=\"async\" src=\"https:\/\/cursodepnl.com\/exitosq\/wp-content\/uploads\/2016\/03\/ctaarg.jpg\" alt=\"\" \/><\/a><\/div>\n<\/td>\n<\/tr>\n<\/tbody>\n<\/table>\n<p>[\/ez_tab] [ez_tab]<\/p>\n<p style=\"text-align: center;\">Mensual de  6900 $ chilenos o un Pago Anual de 68600 $ chilenos<\/p>\n<table border=\"0\" width=\"48%\">\n<tbody>\n<tr>\n<td width=\"33%\"> <\/td>\n<td width=\"33%\">\n<div align=\"center\"><strong><a href=\"https:\/\/cursodepnl.com\/exitosq\/exitosamente-pago-por-paypal\/\" target=\"_blank\">Pago con tarjetas<\/a><\/strong><\/div>\n<\/td>\n<td width=\"33%\">\n<div align=\"center\"><a href=\"https:\/\/cursodepnl.com\/exitosq\/datos-giro\/\" target=\"_blank\"><strong>Western Union- Money Gram<\/strong><\/a><\/div>\n<\/td>\n<\/tr>\n<tr>\n<td>&nbsp;<\/td>\n<td>\n<div align=\"center\"><a href=\"https:\/\/cursodepnl.com\/exitosq\/exitosamente-pago-por-paypal\/\" target=\"_blank\"><img decoding=\"async\" src=\"https:\/\/cursodepnl.com\/exitosq\/wp-content\/uploads\/2016\/11\/paypal.jpg\" alt=\"\" \/><\/a><\/div>\n<\/td>\n<td>\n<div align=\"center\"><a href=\"https:\/\/cursodepnl.com\/exitosq\/datos-giro\/\" target=\"_blank\"><img decoding=\"async\" src=\"https:\/\/cursodepnl.com\/exitosq\/wp-content\/uploads\/2016\/03\/giros.jpg\" alt=\"\" \/><\/a><\/div>\n<\/td>\n<\/tr>\n<\/tbody>\n<\/table>\n<p>[\/ez_tab] [ez_tab]<\/p>\n<div>Pago Mensual 32.000 $ COL o Un solo Pago de $ 318.000 <\/div>\n<div> <\/div>\n<table border=\"0\" width=\"48%\">\n<tbody>\n<tr>\n<td width=\"33%\">\n<div align=\"center\"> <\/div>\n<\/td>\n<td width=\"33%\">\n<div align=\"center\"><strong><a href=\"https:\/\/cursodepnl.com\/exitosq\/exitosamente-pago-por-paypal\/\" target=\"_blank\">Pago con tarjetas<\/a><\/strong><\/div>\n<\/td>\n<td width=\"33%\">\n<div align=\"center\"><strong><a href=\"https:\/\/cursodepnl.com\/exitosq\/datos-giro\/\" target=\"_blank\">Western Union- Money Gram<\/a><\/strong><\/div>\n<\/td>\n<\/tr>\n<tr>\n<td>&nbsp;<\/td>\n<td>\n<div align=\"center\"><a href=\"https:\/\/cursodepnl.com\/exitosq\/exitosamente-pago-por-paypal\/\" target=\"_blank\"><img decoding=\"async\" src=\"https:\/\/cursodepnl.com\/exitosq\/wp-content\/uploads\/2016\/11\/paypal.jpg\" alt=\"\" \/><\/a><\/div>\n<\/td>\n<td>\n<div align=\"center\"><a href=\"https:\/\/cursodepnl.com\/exitosq\/datos-giro\/\" target=\"_blank\"><img decoding=\"async\" src=\"https:\/\/cursodepnl.com\/exitosq\/wp-content\/uploads\/2016\/03\/giros.jpg\" alt=\"\" \/><\/a><\/div>\n<\/td>\n<\/tr>\n<\/tbody>\n<\/table>\n<p>[\/ez_tab] [ez_tab]<\/p>\n<div>Pago Mensual de 194 $ mexicanos o Pago \u00danico de 1900 $<\/div>\n<div> <\/div>\n<table border=\"0\" width=\"48%\">\n<tbody>\n<tr>\n<td width=\"33%\"> <\/td>\n<td width=\"33%\">\n<div align=\"center\"><strong><a href=\"https:\/\/cursodepnl.com\/exitosq\/exitosamente-pago-por-paypal\/\" target=\"_blank\">Pago con tarjetas<\/a><\/strong><\/div>\n<\/td>\n<td width=\"33%\">\n<div align=\"center\"><strong><a href=\"https:\/\/cursodepnl.com\/exitosq\/datos-giro\/\" target=\"_blank\">Western Union- Money Gram<\/a><\/strong><\/div>\n<\/td>\n<\/tr>\n<tr>\n<td>&nbsp;<\/td>\n<td>\n<div align=\"center\"><a href=\"https:\/\/cursodepnl.com\/exitosq\/exitosamente-pago-por-paypal\/\" target=\"_blank\"><img decoding=\"async\" src=\"https:\/\/cursodepnl.com\/exitosq\/wp-content\/uploads\/2016\/11\/paypal.jpg\" alt=\"\" \/><\/a><\/div>\n<\/td>\n<td>\n<div align=\"center\"><a href=\"https:\/\/cursodepnl.com\/exitosq\/datos-giro\/\" target=\"_blank\"><img decoding=\"async\" src=\"https:\/\/cursodepnl.com\/exitosq\/wp-content\/uploads\/2016\/03\/giros.jpg\" alt=\"\" \/><\/a><\/div>\n<\/td>\n<\/tr>\n<\/tbody>\n<\/table>\n<p>[\/ez_tab] [ez_tab]<\/p>\n<p style=\"text-align: center;\">Pago Mensual de 27  soles o un solo Pago Anual de $ 263<\/p>\n<table border=\"0\" width=\"48%\">\n<tbody>\n<tr>\n<td width=\"33%\"> <\/td>\n<td width=\"33%\">\n<div align=\"center\"><strong><a href=\"https:\/\/cursodepnl.com\/exitosq\/exitosamente-pago-por-paypal\/\" target=\"_blank\">Pago con tarjetas<\/a><\/strong><\/div>\n<\/td>\n<td width=\"33%\">\n<div align=\"center\"><strong><a href=\"https:\/\/cursodepnl.com\/exitosq\/datos-giro\/\" target=\"_blank\">Western Union- Money Gram<\/a><\/strong><\/div>\n<\/td>\n<\/tr>\n<tr>\n<td>&nbsp;<\/td>\n<td>\n<div align=\"center\"><a href=\"https:\/\/cursodepnl.com\/exitosq\/exitosamente-pago-por-paypal\/\" target=\"_blank\"><img decoding=\"async\" src=\"https:\/\/cursodepnl.com\/exitosq\/wp-content\/uploads\/2016\/11\/paypal.jpg\" alt=\"\" \/><\/a><\/div>\n<\/td>\n<td>\n<div align=\"center\"><a href=\"https:\/\/cursodepnl.com\/exitosq\/datos-giro\/\" target=\"_blank\"><img decoding=\"async\" src=\"https:\/\/cursodepnl.com\/exitosq\/wp-content\/uploads\/2016\/03\/giros.jpg\" alt=\"\" \/><\/a><\/div>\n<\/td>\n<\/tr>\n<\/tbody>\n<\/table>\n<p>[\/ez_tab] [ez_tab]<\/p>\n<p style=\"text-align: center;\">Pago Mensual de 350 $ Uruguayos o Un solo Pago de 3500 $ Uruguayos<\/p>\n<table border=\"0\" width=\"48%\">\n<tbody>\n<tr>\n<td width=\"50%\">\n<div align=\"center\"><strong><a href=\"https:\/\/cursodepnl.com\/exitosq\/exitosamente-pago-por-paypal\/\" target=\"_blank\">Tarjetas de Cr\u00e9dito <\/a><\/strong><\/div>\n<\/td>\n<td width=\"50%\">\n<div align=\"center\"><strong><a href=\"https:\/\/cursodepnl.com\/exitosq\/datos-giro\/\" target=\"_blank\">Western Union- Money Gram<\/a><\/strong><\/div>\n<\/td>\n<\/tr>\n<tr>\n<td>\n<div align=\"center\"><a href=\"https:\/\/cursodepnl.com\/exitosq\/exitosamente-pago-por-paypal\/\" target=\"_blank\"><img decoding=\"async\" src=\"https:\/\/cursodepnl.com\/exitosq\/wp-content\/uploads\/2016\/11\/paypal.jpg\" alt=\"\" \/><\/a><\/div>\n<\/td>\n<td>\n<div align=\"center\"><a href=\"https:\/\/cursodepnl.com\/exitosq\/datos-giro\/\" target=\"_blank\"><img decoding=\"async\" src=\"https:\/\/cursodepnl.com\/exitosq\/wp-content\/uploads\/2016\/03\/giros.jpg\" alt=\"\" \/><\/a><\/div>\n<\/td>\n<\/tr>\n<\/tbody>\n<\/table>\n<p>[\/ez_tab]<\/p>\n<p>[ez_tab]<\/p>\n<p><strong>Otros pa\u00edses<\/strong>: 8 usd mensuales o el equivalente en tu moneda o un pago anual de 80 usd<\/p>\n<table border=\"0\" width=\"48%\">\n<tbody>\n<tr>\n<td width=\"50%\">\n<div align=\"center\"><strong><a href=\"https:\/\/cursodepnl.com\/exitosq\/exitosamente-paypal-descuento\/\" target=\"_blank\">Tarjetas de Cr\u00e9dito <\/a><\/strong><\/div>\n<\/td>\n<td width=\"50%\">\n<div align=\"center\"><strong><a href=\"https:\/\/cursodepnl.com\/exitosq\/datos-giro\/\" target=\"_blank\">Western Union- Money Gram<\/a><\/strong><\/div>\n<\/td>\n<\/tr>\n<tr>\n<td>\n<div align=\"center\"><a href=\"https:\/\/cursodepnl.com\/exitosq\/exitosamente-paypal-descuento\/\" target=\"_blank\"><img decoding=\"async\" src=\"https:\/\/cursodepnl.com\/exitosq\/wp-content\/uploads\/2016\/11\/paypal.jpg\" alt=\"\" \/><\/a><\/div>\n<\/td>\n<td>\n<div align=\"center\"><a href=\"https:\/\/cursodepnl.com\/exitosq\/datos-giro\/\" target=\"_blank\"><img decoding=\"async\" src=\"https:\/\/cursodepnl.com\/exitosq\/wp-content\/uploads\/2016\/03\/giros.jpg\" alt=\"\" \/><\/a><\/div>\n<\/td>\n<\/tr>\n<\/tbody>\n<\/table>\n<p>[\/ez_tab]<\/p>\n<p>[\/ez_tabs]<\/p>\n","protected":false},"excerpt":{"rendered":"<p>[ez_three_fourth] [ez_tabs tab1=\u00bbArgentina\u00bb tab2=\u00bbChile\u00bb tab3=\u00bbColombia\u00bb tab4=\u00bbM\u00e9xico\u00bb tab5=\u00bbPer\u00fa\u00bb tab6=\u00bbUruguay\u00bb tab7=\u00bbOtros Pa\u00edses\u00bb] [ez_tab] Pago Mensual de 440 $ argentinos \u00f3 Un s\u00f3lo Pago Anual con descuento de 3900 $ arg (te ahorr\u00e1s hoy 1400 $) Tarjetas de Cr\u00e9dito RapiPago-Pago F\u00e1cil Transf. y Dep\u00f3sitos [\/ez_tab] [ez_tab] Mensual de 6900 $ chilenos o un Pago Anual de 68600 $ [&hellip;]<\/p>\n","protected":false},"author":1,"featured_media":0,"parent":0,"menu_order":0,"comment_status":"open","ping_status":"open","template":"","meta":{"_joinchat":[],"footnotes":""},"class_list":["post-4675","page","type-page","status-publish","hentry"],"yoast_head":"<!-- This site is optimized with the Yoast SEO plugin v25.4 - https:\/\/yoast.com\/wordpress\/plugins\/seo\/ -->\n<title>Suscripcion Exitosamente - Exitosamente Sq<\/title>\n<meta name=\"robots\" content=\"index, follow, max-snippet:-1, max-image-preview:large, max-video-preview:-1\" \/>\n<link rel=\"canonical\" href=\"https:\/\/cursodepnl.com\/exitosq\/suscripcion-exitosamente\/\" \/>\n<meta property=\"og:locale\" content=\"es_ES\" \/>\n<meta property=\"og:type\" content=\"article\" \/>\n<meta property=\"og:title\" content=\"Suscripcion Exitosamente - Exitosamente Sq\" \/>\n<meta property=\"og:description\" content=\"[ez_three_fourth] [ez_tabs tab1=\u00bbArgentina\u00bb tab2=\u00bbChile\u00bb tab3=\u00bbColombia\u00bb tab4=\u00bbM\u00e9xico\u00bb tab5=\u00bbPer\u00fa\u00bb tab6=\u00bbUruguay\u00bb tab7=\u00bbOtros Pa\u00edses\u00bb] [ez_tab] Pago Mensual de 440 $ argentinos \u00f3 Un s\u00f3lo Pago Anual con descuento de 3900 $ arg (te ahorr\u00e1s hoy 1400 $) Tarjetas de Cr\u00e9dito RapiPago-Pago F\u00e1cil Transf. y Dep\u00f3sitos [\/ez_tab] [ez_tab] Mensual de 6900 $ chilenos o un Pago Anual de 68600 $ [&hellip;]\" \/>\n<meta property=\"og:url\" content=\"https:\/\/cursodepnl.com\/exitosq\/suscripcion-exitosamente\/\" \/>\n<meta property=\"og:site_name\" content=\"Exitosamente Sq\" \/>\n<meta property=\"article:publisher\" content=\"http:\/\/facebook.com\/pnlonline\" \/>\n<meta property=\"article:modified_time\" content=\"2020-04-20T18:50:13+00:00\" \/>\n<meta property=\"og:image\" content=\"https:\/\/cursodepnl.com\/exitosq\/wp-content\/uploads\/2017\/05\/et.gif\" \/>\n\t<meta property=\"og:image:width\" content=\"673\" \/>\n\t<meta property=\"og:image:height\" content=\"66\" \/>\n\t<meta property=\"og:image:type\" content=\"image\/gif\" \/>\n<meta name=\"twitter:card\" content=\"summary_large_image\" \/>\n<meta name=\"twitter:label1\" content=\"Tiempo de lectura\" \/>\n\t<meta name=\"twitter:data1\" content=\"1 minuto\" \/>\n<script type=\"application\/ld+json\" class=\"yoast-schema-graph\">{\"@context\":\"https:\/\/schema.org\",\"@graph\":[{\"@type\":\"WebPage\",\"@id\":\"https:\/\/cursodepnl.com\/exitosq\/suscripcion-exitosamente\/\",\"url\":\"https:\/\/cursodepnl.com\/exitosq\/suscripcion-exitosamente\/\",\"name\":\"Suscripcion Exitosamente - Exitosamente Sq\",\"isPartOf\":{\"@id\":\"https:\/\/cursodepnl.com\/exitosq\/#website\"},\"primaryImageOfPage\":{\"@id\":\"https:\/\/cursodepnl.com\/exitosq\/suscripcion-exitosamente\/#primaryimage\"},\"image\":{\"@id\":\"https:\/\/cursodepnl.com\/exitosq\/suscripcion-exitosamente\/#primaryimage\"},\"thumbnailUrl\":\"https:\/\/cursodepnl.com\/exitosq\/wp-content\/uploads\/2017\/05\/et.gif\",\"datePublished\":\"2017-05-18T20:34:28+00:00\",\"dateModified\":\"2020-04-20T18:50:13+00:00\",\"breadcrumb\":{\"@id\":\"https:\/\/cursodepnl.com\/exitosq\/suscripcion-exitosamente\/#breadcrumb\"},\"inLanguage\":\"es\",\"potentialAction\":[{\"@type\":\"ReadAction\",\"target\":[\"https:\/\/cursodepnl.com\/exitosq\/suscripcion-exitosamente\/\"]}]},{\"@type\":\"ImageObject\",\"inLanguage\":\"es\",\"@id\":\"https:\/\/cursodepnl.com\/exitosq\/suscripcion-exitosamente\/#primaryimage\",\"url\":\"https:\/\/cursodepnl.com\/exitosq\/wp-content\/uploads\/2017\/05\/et.gif\",\"contentUrl\":\"https:\/\/cursodepnl.com\/exitosq\/wp-content\/uploads\/2017\/05\/et.gif\",\"width\":673,\"height\":66},{\"@type\":\"BreadcrumbList\",\"@id\":\"https:\/\/cursodepnl.com\/exitosq\/suscripcion-exitosamente\/#breadcrumb\",\"itemListElement\":[{\"@type\":\"ListItem\",\"position\":1,\"name\":\"Portada\",\"item\":\"https:\/\/cursodepnl.com\/exitosq\/\"},{\"@type\":\"ListItem\",\"position\":2,\"name\":\"Suscripcion Exitosamente\"}]},{\"@type\":\"WebSite\",\"@id\":\"https:\/\/cursodepnl.com\/exitosq\/#website\",\"url\":\"https:\/\/cursodepnl.com\/exitosq\/\",\"name\":\"Exitosamente Sq\",\"description\":\"Exitosamente de Curso De PNL.com\",\"potentialAction\":[{\"@type\":\"SearchAction\",\"target\":{\"@type\":\"EntryPoint\",\"urlTemplate\":\"https:\/\/cursodepnl.com\/exitosq\/?s={search_term_string}\"},\"query-input\":{\"@type\":\"PropertyValueSpecification\",\"valueRequired\":true,\"valueName\":\"search_term_string\"}}],\"inLanguage\":\"es\"}]}<\/script>\n<!-- \/ Yoast SEO plugin. -->","yoast_head_json":{"title":"Suscripcion Exitosamente - Exitosamente Sq","robots":{"index":"index","follow":"follow","max-snippet":"max-snippet:-1","max-image-preview":"max-image-preview:large","max-video-preview":"max-video-preview:-1"},"canonical":"https:\/\/cursodepnl.com\/exitosq\/suscripcion-exitosamente\/","og_locale":"es_ES","og_type":"article","og_title":"Suscripcion Exitosamente - Exitosamente Sq","og_description":"[ez_three_fourth] [ez_tabs tab1=\u00bbArgentina\u00bb tab2=\u00bbChile\u00bb tab3=\u00bbColombia\u00bb tab4=\u00bbM\u00e9xico\u00bb tab5=\u00bbPer\u00fa\u00bb tab6=\u00bbUruguay\u00bb tab7=\u00bbOtros Pa\u00edses\u00bb] [ez_tab] Pago Mensual de 440 $ argentinos \u00f3 Un s\u00f3lo Pago Anual con descuento de 3900 $ arg (te ahorr\u00e1s hoy 1400 $) Tarjetas de Cr\u00e9dito RapiPago-Pago F\u00e1cil Transf. y Dep\u00f3sitos [\/ez_tab] [ez_tab] Mensual de 6900 $ chilenos o un Pago Anual de 68600 $ [&hellip;]","og_url":"https:\/\/cursodepnl.com\/exitosq\/suscripcion-exitosamente\/","og_site_name":"Exitosamente Sq","article_publisher":"http:\/\/facebook.com\/pnlonline","article_modified_time":"2020-04-20T18:50:13+00:00","og_image":[{"width":673,"height":66,"url":"https:\/\/cursodepnl.com\/exitosq\/wp-content\/uploads\/2017\/05\/et.gif","type":"image\/gif"}],"twitter_card":"summary_large_image","twitter_misc":{"Tiempo de lectura":"1 minuto"},"schema":{"@context":"https:\/\/schema.org","@graph":[{"@type":"WebPage","@id":"https:\/\/cursodepnl.com\/exitosq\/suscripcion-exitosamente\/","url":"https:\/\/cursodepnl.com\/exitosq\/suscripcion-exitosamente\/","name":"Suscripcion Exitosamente - Exitosamente Sq","isPartOf":{"@id":"https:\/\/cursodepnl.com\/exitosq\/#website"},"primaryImageOfPage":{"@id":"https:\/\/cursodepnl.com\/exitosq\/suscripcion-exitosamente\/#primaryimage"},"image":{"@id":"https:\/\/cursodepnl.com\/exitosq\/suscripcion-exitosamente\/#primaryimage"},"thumbnailUrl":"https:\/\/cursodepnl.com\/exitosq\/wp-content\/uploads\/2017\/05\/et.gif","datePublished":"2017-05-18T20:34:28+00:00","dateModified":"2020-04-20T18:50:13+00:00","breadcrumb":{"@id":"https:\/\/cursodepnl.com\/exitosq\/suscripcion-exitosamente\/#breadcrumb"},"inLanguage":"es","potentialAction":[{"@type":"ReadAction","target":["https:\/\/cursodepnl.com\/exitosq\/suscripcion-exitosamente\/"]}]},{"@type":"ImageObject","inLanguage":"es","@id":"https:\/\/cursodepnl.com\/exitosq\/suscripcion-exitosamente\/#primaryimage","url":"https:\/\/cursodepnl.com\/exitosq\/wp-content\/uploads\/2017\/05\/et.gif","contentUrl":"https:\/\/cursodepnl.com\/exitosq\/wp-content\/uploads\/2017\/05\/et.gif","width":673,"height":66},{"@type":"BreadcrumbList","@id":"https:\/\/cursodepnl.com\/exitosq\/suscripcion-exitosamente\/#breadcrumb","itemListElement":[{"@type":"ListItem","position":1,"name":"Portada","item":"https:\/\/cursodepnl.com\/exitosq\/"},{"@type":"ListItem","position":2,"name":"Suscripcion Exitosamente"}]},{"@type":"WebSite","@id":"https:\/\/cursodepnl.com\/exitosq\/#website","url":"https:\/\/cursodepnl.com\/exitosq\/","name":"Exitosamente Sq","description":"Exitosamente de Curso De PNL.com","potentialAction":[{"@type":"SearchAction","target":{"@type":"EntryPoint","urlTemplate":"https:\/\/cursodepnl.com\/exitosq\/?s={search_term_string}"},"query-input":{"@type":"PropertyValueSpecification","valueRequired":true,"valueName":"search_term_string"}}],"inLanguage":"es"}]}},"_links":{"self":[{"href":"https:\/\/cursodepnl.com\/exitosq\/wp-json\/wp\/v2\/pages\/4675","targetHints":{"allow":["GET"]}}],"collection":[{"href":"https:\/\/cursodepnl.com\/exitosq\/wp-json\/wp\/v2\/pages"}],"about":[{"href":"https:\/\/cursodepnl.com\/exitosq\/wp-json\/wp\/v2\/types\/page"}],"author":[{"embeddable":true,"href":"https:\/\/cursodepnl.com\/exitosq\/wp-json\/wp\/v2\/users\/1"}],"replies":[{"embeddable":true,"href":"https:\/\/cursodepnl.com\/exitosq\/wp-json\/wp\/v2\/comments?post=4675"}],"version-history":[{"count":14,"href":"https:\/\/cursodepnl.com\/exitosq\/wp-json\/wp\/v2\/pages\/4675\/revisions"}],"predecessor-version":[{"id":7868,"href":"https:\/\/cursodepnl.com\/exitosq\/wp-json\/wp\/v2\/pages\/4675\/revisions\/7868"}],"wp:attachment":[{"href":"https:\/\/cursodepnl.com\/exitosq\/wp-json\/wp\/v2\/media?parent=4675"}],"curies":[{"name":"wp","href":"https:\/\/api.w.org\/{rel}","templated":true}]}}