{"id":4860,"date":"2017-06-06T17:50:47","date_gmt":"2017-06-06T17:50:47","guid":{"rendered":"https:\/\/cursodepnl.com\/exitosq\/?page_id=4860"},"modified":"2017-06-06T18:17:12","modified_gmt":"2017-06-06T18:17:12","slug":"cupon-pago-argentina-descuento","status":"publish","type":"page","link":"https:\/\/cursodepnl.com\/exitosq\/cupon-pago-argentina-descuento\/","title":{"rendered":"Cupon de Pago Argentina con descuento"},"content":{"rendered":"<p><img loading=\"lazy\" decoding=\"async\" class=\"aligncenter\" title=\"barra2\" src=\"http:\/\/cursodepnl.com\/wp-content\/uploads\/2010\/12\/barra21.gif\" alt=\"barra2\" width=\"657\" height=\"40\" \/><img loading=\"lazy\" decoding=\"async\" class=\"aligncenter\" title=\"pagof\" src=\"http:\/\/cursodepnl.com\/wp-content\/uploads\/2012\/11\/pagof.gif\" alt=\"\" width=\"456\" height=\"75\" \/><\/p>\n<h4><strong>Imprim\u00ed el siguiente cup\u00f3n para realizar el pago en cualquier sucursal de Pago Facil o Rapipago<\/strong><\/h4>\n<p><strong>Para imprimirlo deb\u00e9s hacer lo siguiente:<\/strong><\/p>\n<p><strong>1-<\/strong>Seleccion\u00e1 la imagen y hac\u00e9 clic con el bot\u00f3n derecho del mouse.<br \/>\n <strong>2-<\/strong>Eleg\u00ed la opci\u00f3n ver imagen.<br \/>\n <strong>3-<\/strong>Luego imprim\u00ed la p\u00e1gina.<br \/>\n <strong>4-<\/strong>Abon\u00e1 en cualquier sucursal de Pago f\u00e1cil, Rapipago, Cobro Express o Bapro y envianos el comprobante as\u00ed te damos el acceso a todo!<\/p>\n<p style=\"text-align: center;\">\n <span style=\"padding: 0px 4px; background-color: #fdf957;\"><strong>OPCI\u00d3N 1: PAGO TOTAL CON DESCUENTO:<\/strong><\/span><\/p>\n<p style=\"text-align: center;\"><img loading=\"lazy\" decoding=\"async\" class=\"aligncenter size-full wp-image-4876\" src=\"https:\/\/cursodepnl.com\/exitosq\/wp-content\/uploads\/2017\/06\/cupon-pnl-775-1.gif\" alt=\"cupon-pnl-775\" width=\"696\" height=\"503\" \/><\/p>\n<p style=\"text-align: center;\">\n<p style=\"text-align: center;\"><span style=\"padding: 0px 4px; background-color: #fdf957;\"><strong>OPCI\u00d3N 2:  PAGO EN 2 VECES  DE 387 PESOS<\/strong><\/span><\/p>\n<p style=\"text-align: center;\"><img loading=\"lazy\" decoding=\"async\" class=\"aligncenter size-full wp-image-4865\" src=\"https:\/\/cursodepnl.com\/exitosq\/wp-content\/uploads\/2017\/06\/cupon-pnl-387-1.gif\" alt=\"cupon-pnl-387\" width=\"713\" height=\"523\" \/><\/p>\n<p style=\"text-align: center;\">\n","protected":false},"excerpt":{"rendered":"<p>Imprim\u00ed el siguiente cup\u00f3n para realizar el pago en cualquier sucursal de Pago Facil o Rapipago Para imprimirlo deb\u00e9s hacer lo siguiente: 1-Seleccion\u00e1 la imagen y hac\u00e9 clic con el bot\u00f3n derecho del mouse. 2-Eleg\u00ed la opci\u00f3n ver imagen. 3-Luego imprim\u00ed la p\u00e1gina. 4-Abon\u00e1 en cualquier sucursal de Pago f\u00e1cil, Rapipago, Cobro Express o Bapro [&hellip;]<\/p>\n","protected":false},"author":1,"featured_media":0,"parent":0,"menu_order":0,"comment_status":"open","ping_status":"open","template":"","meta":{"_joinchat":[],"footnotes":""},"class_list":["post-4860","page","type-page","status-publish","hentry"],"yoast_head":"<!-- This site is optimized with the Yoast SEO plugin v25.4 - https:\/\/yoast.com\/wordpress\/plugins\/seo\/ -->\n<title>Cupon de Pago Argentina con descuento - Exitosamente Sq<\/title>\n<meta name=\"robots\" content=\"index, follow, max-snippet:-1, max-image-preview:large, max-video-preview:-1\" \/>\n<link rel=\"canonical\" href=\"https:\/\/cursodepnl.com\/exitosq\/cupon-pago-argentina-descuento\/\" \/>\n<meta property=\"og:locale\" content=\"es_ES\" \/>\n<meta property=\"og:type\" content=\"article\" \/>\n<meta property=\"og:title\" content=\"Cupon de Pago Argentina con descuento - Exitosamente Sq\" \/>\n<meta property=\"og:description\" content=\"Imprim\u00ed el siguiente cup\u00f3n para realizar el pago en cualquier sucursal de Pago Facil o Rapipago Para imprimirlo deb\u00e9s hacer lo siguiente: 1-Seleccion\u00e1 la imagen y hac\u00e9 clic con el bot\u00f3n derecho del mouse. 2-Eleg\u00ed la opci\u00f3n ver imagen. 3-Luego imprim\u00ed la p\u00e1gina. 4-Abon\u00e1 en cualquier sucursal de Pago f\u00e1cil, Rapipago, Cobro Express o Bapro [&hellip;]\" \/>\n<meta property=\"og:url\" content=\"https:\/\/cursodepnl.com\/exitosq\/cupon-pago-argentina-descuento\/\" \/>\n<meta property=\"og:site_name\" content=\"Exitosamente Sq\" \/>\n<meta property=\"article:publisher\" content=\"http:\/\/facebook.com\/pnlonline\" \/>\n<meta property=\"article:modified_time\" content=\"2017-06-06T18:17:12+00:00\" \/>\n<meta property=\"og:image\" content=\"http:\/\/cursodepnl.com\/wp-content\/uploads\/2010\/12\/barra21.gif\" \/>\n<meta name=\"twitter:card\" content=\"summary_large_image\" \/>\n<script type=\"application\/ld+json\" class=\"yoast-schema-graph\">{\"@context\":\"https:\/\/schema.org\",\"@graph\":[{\"@type\":\"WebPage\",\"@id\":\"https:\/\/cursodepnl.com\/exitosq\/cupon-pago-argentina-descuento\/\",\"url\":\"https:\/\/cursodepnl.com\/exitosq\/cupon-pago-argentina-descuento\/\",\"name\":\"Cupon de Pago Argentina con descuento - Exitosamente Sq\",\"isPartOf\":{\"@id\":\"https:\/\/cursodepnl.com\/exitosq\/#website\"},\"primaryImageOfPage\":{\"@id\":\"https:\/\/cursodepnl.com\/exitosq\/cupon-pago-argentina-descuento\/#primaryimage\"},\"image\":{\"@id\":\"https:\/\/cursodepnl.com\/exitosq\/cupon-pago-argentina-descuento\/#primaryimage\"},\"thumbnailUrl\":\"http:\/\/cursodepnl.com\/wp-content\/uploads\/2010\/12\/barra21.gif\",\"datePublished\":\"2017-06-06T17:50:47+00:00\",\"dateModified\":\"2017-06-06T18:17:12+00:00\",\"breadcrumb\":{\"@id\":\"https:\/\/cursodepnl.com\/exitosq\/cupon-pago-argentina-descuento\/#breadcrumb\"},\"inLanguage\":\"es\",\"potentialAction\":[{\"@type\":\"ReadAction\",\"target\":[\"https:\/\/cursodepnl.com\/exitosq\/cupon-pago-argentina-descuento\/\"]}]},{\"@type\":\"ImageObject\",\"inLanguage\":\"es\",\"@id\":\"https:\/\/cursodepnl.com\/exitosq\/cupon-pago-argentina-descuento\/#primaryimage\",\"url\":\"http:\/\/cursodepnl.com\/wp-content\/uploads\/2010\/12\/barra21.gif\",\"contentUrl\":\"http:\/\/cursodepnl.com\/wp-content\/uploads\/2010\/12\/barra21.gif\"},{\"@type\":\"BreadcrumbList\",\"@id\":\"https:\/\/cursodepnl.com\/exitosq\/cupon-pago-argentina-descuento\/#breadcrumb\",\"itemListElement\":[{\"@type\":\"ListItem\",\"position\":1,\"name\":\"Portada\",\"item\":\"https:\/\/cursodepnl.com\/exitosq\/\"},{\"@type\":\"ListItem\",\"position\":2,\"name\":\"Cupon de Pago Argentina con descuento\"}]},{\"@type\":\"WebSite\",\"@id\":\"https:\/\/cursodepnl.com\/exitosq\/#website\",\"url\":\"https:\/\/cursodepnl.com\/exitosq\/\",\"name\":\"Exitosamente Sq\",\"description\":\"Exitosamente de Curso De PNL.com\",\"potentialAction\":[{\"@type\":\"SearchAction\",\"target\":{\"@type\":\"EntryPoint\",\"urlTemplate\":\"https:\/\/cursodepnl.com\/exitosq\/?s={search_term_string}\"},\"query-input\":{\"@type\":\"PropertyValueSpecification\",\"valueRequired\":true,\"valueName\":\"search_term_string\"}}],\"inLanguage\":\"es\"}]}<\/script>\n<!-- \/ Yoast SEO plugin. -->","yoast_head_json":{"title":"Cupon de Pago Argentina con descuento - Exitosamente Sq","robots":{"index":"index","follow":"follow","max-snippet":"max-snippet:-1","max-image-preview":"max-image-preview:large","max-video-preview":"max-video-preview:-1"},"canonical":"https:\/\/cursodepnl.com\/exitosq\/cupon-pago-argentina-descuento\/","og_locale":"es_ES","og_type":"article","og_title":"Cupon de Pago Argentina con descuento - Exitosamente Sq","og_description":"Imprim\u00ed el siguiente cup\u00f3n para realizar el pago en cualquier sucursal de Pago Facil o Rapipago Para imprimirlo deb\u00e9s hacer lo siguiente: 1-Seleccion\u00e1 la imagen y hac\u00e9 clic con el bot\u00f3n derecho del mouse. 2-Eleg\u00ed la opci\u00f3n ver imagen. 3-Luego imprim\u00ed la p\u00e1gina. 4-Abon\u00e1 en cualquier sucursal de Pago f\u00e1cil, Rapipago, Cobro Express o Bapro [&hellip;]","og_url":"https:\/\/cursodepnl.com\/exitosq\/cupon-pago-argentina-descuento\/","og_site_name":"Exitosamente Sq","article_publisher":"http:\/\/facebook.com\/pnlonline","article_modified_time":"2017-06-06T18:17:12+00:00","og_image":[{"url":"http:\/\/cursodepnl.com\/wp-content\/uploads\/2010\/12\/barra21.gif","type":"","width":"","height":""}],"twitter_card":"summary_large_image","schema":{"@context":"https:\/\/schema.org","@graph":[{"@type":"WebPage","@id":"https:\/\/cursodepnl.com\/exitosq\/cupon-pago-argentina-descuento\/","url":"https:\/\/cursodepnl.com\/exitosq\/cupon-pago-argentina-descuento\/","name":"Cupon de Pago Argentina con descuento - Exitosamente Sq","isPartOf":{"@id":"https:\/\/cursodepnl.com\/exitosq\/#website"},"primaryImageOfPage":{"@id":"https:\/\/cursodepnl.com\/exitosq\/cupon-pago-argentina-descuento\/#primaryimage"},"image":{"@id":"https:\/\/cursodepnl.com\/exitosq\/cupon-pago-argentina-descuento\/#primaryimage"},"thumbnailUrl":"http:\/\/cursodepnl.com\/wp-content\/uploads\/2010\/12\/barra21.gif","datePublished":"2017-06-06T17:50:47+00:00","dateModified":"2017-06-06T18:17:12+00:00","breadcrumb":{"@id":"https:\/\/cursodepnl.com\/exitosq\/cupon-pago-argentina-descuento\/#breadcrumb"},"inLanguage":"es","potentialAction":[{"@type":"ReadAction","target":["https:\/\/cursodepnl.com\/exitosq\/cupon-pago-argentina-descuento\/"]}]},{"@type":"ImageObject","inLanguage":"es","@id":"https:\/\/cursodepnl.com\/exitosq\/cupon-pago-argentina-descuento\/#primaryimage","url":"http:\/\/cursodepnl.com\/wp-content\/uploads\/2010\/12\/barra21.gif","contentUrl":"http:\/\/cursodepnl.com\/wp-content\/uploads\/2010\/12\/barra21.gif"},{"@type":"BreadcrumbList","@id":"https:\/\/cursodepnl.com\/exitosq\/cupon-pago-argentina-descuento\/#breadcrumb","itemListElement":[{"@type":"ListItem","position":1,"name":"Portada","item":"https:\/\/cursodepnl.com\/exitosq\/"},{"@type":"ListItem","position":2,"name":"Cupon de Pago Argentina con descuento"}]},{"@type":"WebSite","@id":"https:\/\/cursodepnl.com\/exitosq\/#website","url":"https:\/\/cursodepnl.com\/exitosq\/","name":"Exitosamente Sq","description":"Exitosamente de Curso De PNL.com","potentialAction":[{"@type":"SearchAction","target":{"@type":"EntryPoint","urlTemplate":"https:\/\/cursodepnl.com\/exitosq\/?s={search_term_string}"},"query-input":{"@type":"PropertyValueSpecification","valueRequired":true,"valueName":"search_term_string"}}],"inLanguage":"es"}]}},"_links":{"self":[{"href":"https:\/\/cursodepnl.com\/exitosq\/wp-json\/wp\/v2\/pages\/4860","targetHints":{"allow":["GET"]}}],"collection":[{"href":"https:\/\/cursodepnl.com\/exitosq\/wp-json\/wp\/v2\/pages"}],"about":[{"href":"https:\/\/cursodepnl.com\/exitosq\/wp-json\/wp\/v2\/types\/page"}],"author":[{"embeddable":true,"href":"https:\/\/cursodepnl.com\/exitosq\/wp-json\/wp\/v2\/users\/1"}],"replies":[{"embeddable":true,"href":"https:\/\/cursodepnl.com\/exitosq\/wp-json\/wp\/v2\/comments?post=4860"}],"version-history":[{"count":5,"href":"https:\/\/cursodepnl.com\/exitosq\/wp-json\/wp\/v2\/pages\/4860\/revisions"}],"predecessor-version":[{"id":4877,"href":"https:\/\/cursodepnl.com\/exitosq\/wp-json\/wp\/v2\/pages\/4860\/revisions\/4877"}],"wp:attachment":[{"href":"https:\/\/cursodepnl.com\/exitosq\/wp-json\/wp\/v2\/media?parent=4860"}],"curies":[{"name":"wp","href":"https:\/\/api.w.org\/{rel}","templated":true}]}}