{"id":524,"date":"2014-08-27T12:09:38","date_gmt":"2014-08-27T12:09:38","guid":{"rendered":"https:\/\/cursodepnl.com\/exitosq\/?page_id=524"},"modified":"2020-11-16T20:24:27","modified_gmt":"2020-11-16T20:24:27","slug":"suscribirse-liberacion-promocion","status":"publish","type":"page","link":"https:\/\/cursodepnl.com\/exitosq\/suscribirse-liberacion-promocion\/","title":{"rendered":"Suscribirse- Liberacion promocion"},"content":{"rendered":"<p><img loading=\"lazy\" decoding=\"async\" class=\"aligncenter size-full wp-image-5645\" src=\"https:\/\/cursodepnl.com\/exitosq\/wp-content\/uploads\/2014\/08\/AL.gif\" alt=\"AL\" width=\"609\" height=\"74\" \/><\/p>\n<p style=\"text-align: center;\"><span style=\"font-family: arial, helvetica, sans-serif;\"> <strong>\u2026 puedes anotarte para ser parte de Libre-Mente que empieza hoy mismo.<\/strong><\/span><\/p>\n<p style=\"text-align: center;\"><span style=\"font-family: arial, helvetica, sans-serif;\"><strong> C\u00f3mo lo har\u00e1s? <\/strong> Te explico r\u00e1pidamente.<\/span><br \/>\n<span style=\"font-family: arial, helvetica, sans-serif;\"> El acceso a Libre-Mente no es gratuito, ya que no podr\u00eda dar todo sin cargo porque no ser\u00eda justo\u2026porque me tom\u00f3 mucho tiempo aprender lo que hago\u2026y tambi\u00e9n ayudar a otros\u2026\u00e9se es tiempo que \u201cquito\u201d a mi familia y a otros sitios que tengo\u2026Del mismo modo que tu cobras por  tu trabajo..<strong>.Igualmente tengo una sorpresa para ti\u2026.ya te dije\u2026<\/strong><\/span><\/p>\n<p style=\"text-align: center;\"><span style=\"font-family: arial, helvetica, sans-serif;\"><strong>Pero quiero ayudarte a que puedas \u201dLiberarte\u201d y no quiero que nadie quede afuera\u2026<\/strong><\/span><br \/>\n<span style=\"font-family: arial, helvetica, sans-serif;\"> \u2026entonces tengo que encontrar un equilibrio\u2026que no sea caro y que sea justo.<\/span><br \/>\n<span style=\"font-family: arial, helvetica, sans-serif;\"> Por eso, s\u00e9 que quien realmente quiere aprender mi m\u00e9todo Libre-Mente sin ning\u00fan riesgo, para toda la vida\u2026<\/span><\/p>\n<p style=\"text-align: center;\"><span style=\"font-family: arial, helvetica, sans-serif;\">\u2026estar\u00e1 de acuerdo que s\u00f3lo 97 d\u00f3lares una sola vez es m\u00e1s que justo\u2026<\/span><\/p>\n<div id=\"custombox1-parent\">\n<div id=\"custombox1-child\" style=\"text-align: center;\"><span style=\"font-family: arial, helvetica, sans-serif;\"><strong>Y eso es lo que otros pagan por acceder a Libre-Mente. Sin embargo t\u00fa, por haber<\/strong><\/span><br \/>\n<span style=\"font-family: arial, helvetica, sans-serif;\"> <strong>llegado hasta aqu\u00ed, podr\u00e1s acceder a Libre-Mente hoy mismo a s\u00f3lo la<\/strong><\/span><br \/>\n<span style=\"font-family: arial, helvetica, sans-serif;\"> <strong>mitad de precio!<\/strong><\/span><\/div>\n<div style=\"text-align: center;\"><span style=\"font-family: arial, helvetica, sans-serif;\">Y te dije que ten\u00eda una sorpresa!<br \/>\n<\/span><br \/>\n<span style=\"font-family: arial, helvetica, sans-serif;\"> <strong>Para realmente premiar a aquellas\/os que quieren empezar hoy mismo y se <\/strong><strong><strong>deciden YA, entonces, s\u00f3lo los 10 primeros, entran en Libre-Mente por S\u00d3LO: <\/strong><\/strong><\/span><\/div>\n<div style=\"text-align: center;\"><span style=\"font-family: arial, helvetica, sans-serif;\"><strong>Argentina:  990<\/strong> pesos<br \/>\n<\/span><span style=\"font-family: arial, helvetica, sans-serif;\"><strong>M\u00e9xico<\/strong>: 345 pesos<\/span><br \/>\n<span style=\"font-family: arial, helvetica, sans-serif;\"> <strong>Chile<\/strong>: 13.100 pesos<br \/>\n<strong>Ecuador:<\/strong> 17 usd<br \/>\n<strong>Panam\u00e1: <\/strong>17 usd<br \/>\n<\/span><span style=\"font-family: arial, helvetica, sans-serif;\"><strong>Costa Rica: <\/strong>10.400 crc<br \/>\n<\/span><span style=\"font-family: arial, helvetica, sans-serif;\"><strong>Colombia<\/strong>: 62.000 pesos<br \/>\n<\/span><span style=\"font-family: arial, helvetica, sans-serif;\"><strong>Uruguay<\/strong>: 730  pesos uruguayos<br \/>\n<\/span><span style=\"font-family: arial, helvetica, sans-serif;\"><strong>Per\u00fa<\/strong>:  62 soles<br \/>\n<\/span><strong>Espa\u00f1a<\/strong>: 17 euros<br \/>\n<span style=\"font-family: arial, helvetica, sans-serif;\"> <strong>Otros pa\u00edses:<\/strong> 17 usd o el equivalente en tu moneda<\/span><\/div>\n<\/div>\n<p style=\"text-align: center;\"><span style=\"font-family: arial, helvetica, sans-serif;\">Le\u00edste bien. S\u00f3lo por una \u00fanica vez!<br \/>\nY tienes acceso hoy mismo a Libre-Mente completo.<\/span><br \/>\n<span style=\"font-family: arial, helvetica, sans-serif;\"> <strong>Recibes 4 entregas completas, una a la semana, junto a otros regalos, audios y mi soporte personal!<\/strong><\/span><\/p>\n<p style=\"text-align: center;\"><span style=\"color: #3366ff; font-size: large; font-family: arial, helvetica, sans-serif;\"><strong>DESDE HOY LIB\u00c9RATE SIEMPRE DE CUALQUIER OBST\u00c1CULO QUE NO TE EST\u00c1 PERMITIENDO LOGRAR EL \u00c9XITO EN TU VIDA!<\/strong><\/span><\/p>\n<p><span style=\"font-family: arial, helvetica, sans-serif;\">[ez_three_fourth]<\/span><\/p>\n<p><span style=\"font-family: arial, helvetica, sans-serif;\"><img loading=\"lazy\" decoding=\"async\" class=\"aligncenter size-full wp-image-5647\" src=\"https:\/\/cursodepnl.com\/exitosq\/wp-content\/uploads\/2014\/08\/ALi.gif\" alt=\"ALi\" width=\"608\" height=\"88\" \/><\/span><\/p>\n<p><span style=\"font-family: arial, helvetica, sans-serif;\"><img loading=\"lazy\" decoding=\"async\" class=\"aligncenter  wp-image-5635\" src=\"https:\/\/cursodepnl.com\/exitosq\/wp-content\/uploads\/2015\/01\/librementematerial.jpg\" alt=\"librementematerial\" width=\"525\" height=\"371\" srcset=\"https:\/\/cursodepnl.com\/exitosq\/wp-content\/uploads\/2015\/01\/librementematerial.jpg 621w, https:\/\/cursodepnl.com\/exitosq\/wp-content\/uploads\/2015\/01\/librementematerial-300x212.jpg 300w\" sizes=\"auto, (max-width: 525px) 100vw, 525px\" \/><\/span><\/p>\n<p><span style=\"font-family: arial, helvetica, sans-serif;\">Eliges tu medio de pago y accede al programa. Haz clic en la solapa correspondiente para pagar desde tu pa\u00eds:<\/span><br \/>\n<span style=\"font-family: arial, helvetica, sans-serif;\"> [ez_tabs tab1=\u00bbArgentina\u00bb tab2=\u00bbChile\u00bb tab3=\u00bbColombia\u00bb tab4=\u00bbM\u00e9xico\u00bb tab5=\u00bbUruguay\u00bb tab6=\u00bbOtros Pa\u00edses\u00bb]<\/span><\/p>\n<p>[ez_tab]<\/p>\n<table border=\"0\" width=\"48%\">\n<tbody>\n<tr>\n<td width=\"33%\">\n<div align=\"center\"><span style=\"font-family: arial, helvetica, sans-serif;\"><strong><a href=\"https:\/\/cursodepnl.com\/exitosq\/liberacion-emocional-tarj-arg\/\" target=\"_blank\" rel=\"noopener noreferrer\">Tarjetas de Cr\u00e9dito<\/a><\/strong><\/span><\/div>\n<\/td>\n<td width=\"33%\">\n<div align=\"center\"><span style=\"font-family: arial, helvetica, sans-serif;\"><strong><a href=\"https:\/\/cursodepnl.com\/exitosq\/liberacion-emocional-cupon\/\" target=\"_blank\" rel=\"noopener noreferrer\">RapiPago-Pago F\u00e1cil<\/a><\/strong><\/span><\/div>\n<\/td>\n<td width=\"33%\">\n<div align=\"center\"><span style=\"font-family: arial, helvetica, sans-serif;\"><strong><a href=\"https:\/\/cursodepnl.com\/exitosq\/datos-cuenta-2\/\" target=\"_blank\" rel=\"noopener noreferrer\">Transf. y Dep\u00f3sitos<\/a><\/strong><\/span><\/div>\n<\/td>\n<\/tr>\n<tr>\n<td>\n<div align=\"center\"><span style=\"font-family: arial, helvetica, sans-serif;\"><a href=\"https:\/\/cursodepnl.com\/exitosq\/liberacion-emocional-tarj-arg\/\" target=\"_blank\" rel=\"noopener noreferrer\"><img loading=\"lazy\" decoding=\"async\" src=\"http:\/\/fbsimple.net\/wp-content\/uploads\/2014\/07\/tarjetaarg.jpg\" alt=\"\" width=\"147\" height=\"59\" \/><\/a><\/span><\/div>\n<\/td>\n<td>\n<div align=\"center\"><span style=\"font-family: arial, helvetica, sans-serif;\"><a href=\"https:\/\/cursodepnl.com\/exitosq\/liberacion-emocional-cupon\/\" target=\"_blank\" rel=\"noopener noreferrer\"><img loading=\"lazy\" decoding=\"async\" src=\"http:\/\/fbsimple.net\/wp-content\/uploads\/2014\/07\/rapipago.jpg\" alt=\"\" width=\"129\" height=\"52\" \/><\/a><\/span><\/div>\n<\/td>\n<td>\n<div align=\"center\"><span style=\"font-family: arial, helvetica, sans-serif;\"><a href=\"https:\/\/cursodepnl.com\/exitosq\/datos-cuenta-2\/\" target=\"_blank\" rel=\"noopener noreferrer\"><img loading=\"lazy\" decoding=\"async\" src=\"http:\/\/fbsimple.net\/wp-content\/uploads\/2014\/07\/ctaarg.jpg\" alt=\"\" width=\"149\" height=\"60\" \/><\/a><\/span><\/div>\n<\/td>\n<\/tr>\n<\/tbody>\n<\/table>\n<p><span style=\"font-family: arial, helvetica, sans-serif;\">[\/ez_tab]<\/span><\/p>\n<p><span style=\"font-family: arial, helvetica, sans-serif;\">[ez_tab]<\/span><\/p>\n<table border=\"0\" width=\"48%\">\n<tbody>\n<tr>\n<td style=\"text-align: center;\" width=\"33%\"><span style=\"font-family: arial, helvetica, sans-serif;\"> <\/span><\/td>\n<td width=\"33%\">\n<div align=\"center\"><span style=\"font-family: arial, helvetica, sans-serif;\"><strong><a href=\"https:\/\/cursodepnl.com\/exitosq\/curso-corto-paypal\/\" target=\"_blank\" rel=\"noopener noreferrer\">Tarjetas de Cr\u00e9dito &#8211; <\/a><\/strong><\/span><\/div>\n<\/td>\n<td width=\"33%\">\n<div align=\"center\"><span style=\"font-family: arial, helvetica, sans-serif;\"><a href=\"https:\/\/cursodepnl.com\/exitosq\/datos-giro\/\" target=\"_blank\" rel=\"noopener noreferrer\"><strong>Western Union- <\/strong><\/a><\/span><\/div>\n<\/td>\n<\/tr>\n<tr>\n<td><span style=\"font-family: arial, helvetica, sans-serif;\"> <\/span><\/td>\n<td>\n<div align=\"center\"><span style=\"font-family: arial, helvetica, sans-serif;\"><a href=\"https:\/\/cursodepnl.com\/exitosq\/curso-corto-paypal\/\" target=\"_blank\" rel=\"noopener noreferrer\"><img decoding=\"async\" src=\"http:\/\/fbsimple.net\/wp-content\/uploads\/2014\/07\/paypal.jpg\" alt=\"\" \/><\/a><\/span><\/div>\n<\/td>\n<td>\n<div align=\"center\"><img loading=\"lazy\" decoding=\"async\" class=\"aligncenter size-full wp-image-9064\" src=\"https:\/\/cursodepnl.com\/exitosq\/wp-content\/uploads\/2020\/11\/western-icono.png\" alt=\"\" width=\"151\" height=\"76\" \/><\/div>\n<\/td>\n<\/tr>\n<\/tbody>\n<\/table>\n<p><span style=\"font-family: arial, helvetica, sans-serif;\">[\/ez_tab]<\/span><\/p>\n<p><span style=\"font-family: arial, helvetica, sans-serif;\">[ez_tab]<\/span><\/p>\n<table border=\"0\" width=\"48%\">\n<tbody>\n<tr>\n<td width=\"33%\">\n<div align=\"center\"><span style=\"font-family: arial, helvetica, sans-serif;\"><strong> <\/strong><\/span><\/div>\n<\/td>\n<td width=\"33%\">\n<div align=\"center\"><span style=\"font-family: arial, helvetica, sans-serif;\"><strong><a href=\"https:\/\/cursodepnl.com\/exitosq\/curso-corto-paypal\/\" target=\"_blank\" rel=\"noopener noreferrer\">Tarjetas de Cr\u00e9dito &#8211; <\/a><\/strong><\/span><\/div>\n<\/td>\n<td width=\"33%\">\n<div align=\"center\"><span style=\"font-family: arial, helvetica, sans-serif;\"><strong><a href=\"http:\/\/bajar-de-peso.com.ar\/bajar-de-peso-con-pnl\/western-union\" target=\"_blank\" rel=\"noopener noreferrer\">Western Union- <\/a><\/strong><\/span><\/div>\n<\/td>\n<\/tr>\n<tr>\n<td><span style=\"font-family: arial, helvetica, sans-serif;\"> <\/span><\/td>\n<td>\n<div align=\"center\"><span style=\"font-family: arial, helvetica, sans-serif;\"><a href=\"https:\/\/cursodepnl.com\/exitosq\/curso-corto-paypal\/\" target=\"_blank\" rel=\"noopener noreferrer\"><img decoding=\"async\" src=\"http:\/\/fbsimple.net\/wp-content\/uploads\/2014\/07\/paypal.jpg\" alt=\"\" \/><\/a><\/span><\/div>\n<\/td>\n<td>\n<div align=\"center\"><img loading=\"lazy\" decoding=\"async\" class=\"aligncenter size-full wp-image-9064\" src=\"https:\/\/cursodepnl.com\/exitosq\/wp-content\/uploads\/2020\/11\/western-icono.png\" alt=\"\" width=\"151\" height=\"76\" \/><\/div>\n<\/td>\n<\/tr>\n<\/tbody>\n<\/table>\n<p><span style=\"font-family: arial, helvetica, sans-serif;\">[\/ez_tab]<\/span><\/p>\n<p><span style=\"font-family: arial, helvetica, sans-serif;\">[ez_tab]<\/span><\/p>\n<table border=\"0\" width=\"48%\">\n<tbody>\n<tr>\n<td width=\"33%\"><span style=\"font-family: arial, helvetica, sans-serif;\"> <\/span><\/td>\n<td width=\"33%\">\n<div align=\"center\"><span style=\"font-family: arial, helvetica, sans-serif;\"><strong><a href=\"https:\/\/cursodepnl.com\/exitosq\/curso-corto-paypal\/\">Tarjetas de Cr\u00e9dito &#8211; <\/a><\/strong><\/span><\/div>\n<\/td>\n<td width=\"33%\">\n<div align=\"center\"><span style=\"font-family: arial, helvetica, sans-serif;\"><strong><a href=\"https:\/\/cursodepnl.com\/exitosq\/datos-giro\/\" target=\"_blank\" rel=\"noopener noreferrer\">Western Union<\/a><\/strong><\/span><\/div>\n<\/td>\n<\/tr>\n<tr>\n<td><span style=\"font-family: arial, helvetica, sans-serif;\"> <\/span><\/td>\n<td>\n<div align=\"center\"><span style=\"font-family: arial, helvetica, sans-serif;\"><a href=\"https:\/\/cursodepnl.com\/exitosq\/curso-corto-paypal\/\" target=\"_blank\" rel=\"noopener noreferrer\"><img decoding=\"async\" src=\"http:\/\/fbsimple.net\/wp-content\/uploads\/2014\/07\/paypal.jpg\" alt=\"\" \/><\/a><\/span><\/div>\n<\/td>\n<td>\n<div align=\"center\"><img loading=\"lazy\" decoding=\"async\" class=\"aligncenter size-full wp-image-9064\" src=\"https:\/\/cursodepnl.com\/exitosq\/wp-content\/uploads\/2020\/11\/western-icono.png\" alt=\"\" width=\"151\" height=\"76\" \/><\/div>\n<\/td>\n<\/tr>\n<\/tbody>\n<\/table>\n<p><span style=\"font-family: arial, helvetica, sans-serif;\">[\/ez_tab]<\/span><\/p>\n<p><span style=\"font-family: arial, helvetica, sans-serif;\">[ez_tab]<\/span><\/p>\n<table border=\"0\" width=\"48%\">\n<tbody>\n<tr>\n<td width=\"50%\">\n<div align=\"center\"><span style=\"font-family: arial, helvetica, sans-serif;\"><strong><a href=\"https:\/\/cursodepnl.com\/exitosq\/curso-corto-paypal\/\" target=\"_blank\" rel=\"noopener noreferrer\">Tarjetas de Cr\u00e9dito &#8211; <\/a><\/strong><\/span><\/div>\n<\/td>\n<td width=\"50%\">\n<div align=\"center\"><span style=\"font-family: arial, helvetica, sans-serif;\"><strong><a href=\"https:\/\/cursodepnl.com\/exitosq\/datos-giro\/\" target=\"_blank\" rel=\"noopener noreferrer\">Western Union- Money Gram<\/a><\/strong><\/span><\/div>\n<\/td>\n<\/tr>\n<tr>\n<td>\n<div align=\"center\"><span style=\"font-family: arial, helvetica, sans-serif;\"><a href=\"https:\/\/cursodepnl.com\/exitosq\/curso-corto-paypal\/\" target=\"_blank\" rel=\"noopener noreferrer\"><img decoding=\"async\" src=\"http:\/\/fbsimple.net\/wp-content\/uploads\/2014\/07\/paypal.jpg\" alt=\"\" \/><\/a><\/span><\/div>\n<\/td>\n<td>\n<div align=\"center\"><img loading=\"lazy\" decoding=\"async\" class=\"aligncenter size-full wp-image-9064\" src=\"https:\/\/cursodepnl.com\/exitosq\/wp-content\/uploads\/2020\/11\/western-icono.png\" alt=\"\" width=\"151\" height=\"76\" \/><\/div>\n<\/td>\n<\/tr>\n<\/tbody>\n<\/table>\n<p><span style=\"font-family: arial, helvetica, sans-serif;\">[\/ez_tab]<\/span><\/p>\n<p><span style=\"font-family: arial, helvetica, sans-serif;\">[ez_tab]<\/span><\/p>\n<table border=\"0\" width=\"48%\">\n<tbody>\n<tr>\n<td width=\"50%\">\n<div align=\"center\"><span style=\"font-family: arial, helvetica, sans-serif;\"><strong><a href=\"https:\/\/cursodepnl.com\/exitosq\/curso-corto-paypal\/\" target=\"_blank\" rel=\"noopener noreferrer\">Tarjetas de Cr\u00e9dito &#8211; <\/a><\/strong><\/span><\/div>\n<\/td>\n<td width=\"50%\">\n<div align=\"center\"><span style=\"font-family: arial, helvetica, sans-serif;\"><strong><a href=\"https:\/\/cursodepnl.com\/exitosq\/datos-giro\/\" target=\"_blank\" rel=\"noopener noreferrer\">Western Union-<\/a><\/strong><\/span><\/div>\n<\/td>\n<\/tr>\n<tr>\n<td>\n<div align=\"center\"><span style=\"font-family: arial, helvetica, sans-serif;\"><a href=\"https:\/\/cursodepnl.com\/exitosq\/curso-corto-paypal\/\" target=\"_blank\" rel=\"noopener noreferrer\"><img decoding=\"async\" src=\"http:\/\/fbsimple.net\/wp-content\/uploads\/2014\/07\/paypal.jpg\" alt=\"\" \/><\/a><\/span><\/div>\n<\/td>\n<td>\n<div align=\"center\"><img loading=\"lazy\" decoding=\"async\" class=\"aligncenter size-full wp-image-9064\" src=\"https:\/\/cursodepnl.com\/exitosq\/wp-content\/uploads\/2020\/11\/western-icono.png\" alt=\"\" width=\"151\" height=\"76\" \/><\/div>\n<\/td>\n<\/tr>\n<\/tbody>\n<\/table>\n<p><span style=\"font-family: arial, helvetica, sans-serif;\">[\/ez_tab]<\/span><br \/>\n<span style=\"font-family: arial, helvetica, sans-serif;\"> [\/ez_tabs]<\/span><br \/>\n<span style=\"font-family: arial, helvetica, sans-serif;\"> [\/ez_three_fourth]<\/span><br \/>\n<span style=\"font-family: arial, helvetica, sans-serif;\"> [ez_one_fourth_last]<\/span><br \/>\n<span style=\"color: #008080; font-family: arial, helvetica, sans-serif;\"> <strong>         TESTIMONIOS<\/strong><\/span><\/p>\n<div class=\"rounded-grey-box\" style=\"width: 70%; margin: 5px auto 20px;\">\n<p><span style=\"font-size: 10pt; font-family: arial, helvetica, sans-serif;\">\u201c<em>Hola Sof\u00eda,  Qu\u00e9 tal est\u00e1s?? Yo tengo que decirte que estoy estupendamente.  No me imaginaba en ning\u00fan momento que estas pr\u00e1cticas de PNL iban a cambiar tanto mi vida y le iban a dar una perspectiva tan amplia, y tan manejada por m\u00ed misma.  <\/em>\u201d Francisca A. Espa\u00f1a.<\/span><\/p>\n<\/div>\n<div class=\"rounded-blue-box\" style=\"width: 70%; margin: 5px auto 20px;\">\n<p style=\"color: #222222;\"><span style=\"font-size: 8pt; font-family: arial, helvetica, sans-serif;\">\u201cGracias Sofia, fue muy positivo para mi este curso, sin duda lo voy a seguir releyendo seguro ire encontrando cosas nuevas que me ser\u00e1n positivas. Nuevamente muchas gracias y que tengas una linda vida Cari\u00f1os\u201d Olga. Argentina.<\/span><\/p>\n<\/div>\n<p><span style=\"font-family: arial, helvetica, sans-serif;\">[\/ez_one_fourth_last]<\/span><\/p>\n","protected":false},"excerpt":{"rendered":"<p>\u2026 puedes anotarte para ser parte de Libre-Mente que empieza hoy mismo. C\u00f3mo lo har\u00e1s? Te explico r\u00e1pidamente. El acceso a Libre-Mente no es gratuito, ya que no podr\u00eda dar todo sin cargo porque no ser\u00eda justo\u2026porque me tom\u00f3 mucho tiempo aprender lo que hago\u2026y tambi\u00e9n ayudar a otros\u2026\u00e9se es tiempo que \u201cquito\u201d a mi [&hellip;]<\/p>\n","protected":false},"author":1,"featured_media":0,"parent":0,"menu_order":0,"comment_status":"open","ping_status":"open","template":"","meta":{"_joinchat":[],"footnotes":""},"class_list":["post-524","page","type-page","status-publish","hentry"],"yoast_head":"<!-- This site is optimized with the Yoast SEO plugin v25.4 - https:\/\/yoast.com\/wordpress\/plugins\/seo\/ -->\n<title>Suscribirse- Liberacion promocion - Exitosamente Sq<\/title>\n<meta name=\"robots\" content=\"index, follow, max-snippet:-1, max-image-preview:large, max-video-preview:-1\" \/>\n<link rel=\"canonical\" href=\"https:\/\/cursodepnl.com\/exitosq\/suscribirse-liberacion-promocion\/\" \/>\n<meta property=\"og:locale\" content=\"es_ES\" \/>\n<meta property=\"og:type\" content=\"article\" \/>\n<meta property=\"og:title\" content=\"Suscribirse- Liberacion promocion - Exitosamente Sq\" \/>\n<meta property=\"og:description\" content=\"\u2026 puedes anotarte para ser parte de Libre-Mente que empieza hoy mismo. C\u00f3mo lo har\u00e1s? Te explico r\u00e1pidamente. El acceso a Libre-Mente no es gratuito, ya que no podr\u00eda dar todo sin cargo porque no ser\u00eda justo\u2026porque me tom\u00f3 mucho tiempo aprender lo que hago\u2026y tambi\u00e9n ayudar a otros\u2026\u00e9se es tiempo que \u201cquito\u201d a mi [&hellip;]\" \/>\n<meta property=\"og:url\" content=\"https:\/\/cursodepnl.com\/exitosq\/suscribirse-liberacion-promocion\/\" \/>\n<meta property=\"og:site_name\" content=\"Exitosamente Sq\" \/>\n<meta property=\"article:publisher\" content=\"http:\/\/facebook.com\/pnlonline\" \/>\n<meta property=\"article:modified_time\" content=\"2020-11-16T20:24:27+00:00\" \/>\n<meta property=\"og:image\" content=\"https:\/\/cursodepnl.com\/exitosq\/wp-content\/uploads\/2014\/08\/AL.gif\" \/>\n\t<meta property=\"og:image:width\" content=\"609\" \/>\n\t<meta property=\"og:image:height\" content=\"74\" \/>\n\t<meta property=\"og:image:type\" content=\"image\/gif\" \/>\n<meta name=\"twitter:card\" content=\"summary_large_image\" \/>\n<meta name=\"twitter:label1\" content=\"Tiempo de lectura\" \/>\n\t<meta name=\"twitter:data1\" content=\"3 minutos\" \/>\n<script type=\"application\/ld+json\" class=\"yoast-schema-graph\">{\"@context\":\"https:\/\/schema.org\",\"@graph\":[{\"@type\":\"WebPage\",\"@id\":\"https:\/\/cursodepnl.com\/exitosq\/suscribirse-liberacion-promocion\/\",\"url\":\"https:\/\/cursodepnl.com\/exitosq\/suscribirse-liberacion-promocion\/\",\"name\":\"Suscribirse- Liberacion promocion - Exitosamente Sq\",\"isPartOf\":{\"@id\":\"https:\/\/cursodepnl.com\/exitosq\/#website\"},\"primaryImageOfPage\":{\"@id\":\"https:\/\/cursodepnl.com\/exitosq\/suscribirse-liberacion-promocion\/#primaryimage\"},\"image\":{\"@id\":\"https:\/\/cursodepnl.com\/exitosq\/suscribirse-liberacion-promocion\/#primaryimage\"},\"thumbnailUrl\":\"https:\/\/cursodepnl.com\/exitosq\/wp-content\/uploads\/2014\/08\/AL.gif\",\"datePublished\":\"2014-08-27T12:09:38+00:00\",\"dateModified\":\"2020-11-16T20:24:27+00:00\",\"breadcrumb\":{\"@id\":\"https:\/\/cursodepnl.com\/exitosq\/suscribirse-liberacion-promocion\/#breadcrumb\"},\"inLanguage\":\"es\",\"potentialAction\":[{\"@type\":\"ReadAction\",\"target\":[\"https:\/\/cursodepnl.com\/exitosq\/suscribirse-liberacion-promocion\/\"]}]},{\"@type\":\"ImageObject\",\"inLanguage\":\"es\",\"@id\":\"https:\/\/cursodepnl.com\/exitosq\/suscribirse-liberacion-promocion\/#primaryimage\",\"url\":\"https:\/\/cursodepnl.com\/exitosq\/wp-content\/uploads\/2014\/08\/AL.gif\",\"contentUrl\":\"https:\/\/cursodepnl.com\/exitosq\/wp-content\/uploads\/2014\/08\/AL.gif\",\"width\":609,\"height\":74},{\"@type\":\"BreadcrumbList\",\"@id\":\"https:\/\/cursodepnl.com\/exitosq\/suscribirse-liberacion-promocion\/#breadcrumb\",\"itemListElement\":[{\"@type\":\"ListItem\",\"position\":1,\"name\":\"Portada\",\"item\":\"https:\/\/cursodepnl.com\/exitosq\/\"},{\"@type\":\"ListItem\",\"position\":2,\"name\":\"Suscribirse- Liberacion promocion\"}]},{\"@type\":\"WebSite\",\"@id\":\"https:\/\/cursodepnl.com\/exitosq\/#website\",\"url\":\"https:\/\/cursodepnl.com\/exitosq\/\",\"name\":\"Exitosamente Sq\",\"description\":\"Exitosamente de Curso De PNL.com\",\"potentialAction\":[{\"@type\":\"SearchAction\",\"target\":{\"@type\":\"EntryPoint\",\"urlTemplate\":\"https:\/\/cursodepnl.com\/exitosq\/?s={search_term_string}\"},\"query-input\":{\"@type\":\"PropertyValueSpecification\",\"valueRequired\":true,\"valueName\":\"search_term_string\"}}],\"inLanguage\":\"es\"}]}<\/script>\n<!-- \/ Yoast SEO plugin. -->","yoast_head_json":{"title":"Suscribirse- Liberacion promocion - Exitosamente Sq","robots":{"index":"index","follow":"follow","max-snippet":"max-snippet:-1","max-image-preview":"max-image-preview:large","max-video-preview":"max-video-preview:-1"},"canonical":"https:\/\/cursodepnl.com\/exitosq\/suscribirse-liberacion-promocion\/","og_locale":"es_ES","og_type":"article","og_title":"Suscribirse- Liberacion promocion - Exitosamente Sq","og_description":"\u2026 puedes anotarte para ser parte de Libre-Mente que empieza hoy mismo. C\u00f3mo lo har\u00e1s? Te explico r\u00e1pidamente. El acceso a Libre-Mente no es gratuito, ya que no podr\u00eda dar todo sin cargo porque no ser\u00eda justo\u2026porque me tom\u00f3 mucho tiempo aprender lo que hago\u2026y tambi\u00e9n ayudar a otros\u2026\u00e9se es tiempo que \u201cquito\u201d a mi [&hellip;]","og_url":"https:\/\/cursodepnl.com\/exitosq\/suscribirse-liberacion-promocion\/","og_site_name":"Exitosamente Sq","article_publisher":"http:\/\/facebook.com\/pnlonline","article_modified_time":"2020-11-16T20:24:27+00:00","og_image":[{"width":609,"height":74,"url":"https:\/\/cursodepnl.com\/exitosq\/wp-content\/uploads\/2014\/08\/AL.gif","type":"image\/gif"}],"twitter_card":"summary_large_image","twitter_misc":{"Tiempo de lectura":"3 minutos"},"schema":{"@context":"https:\/\/schema.org","@graph":[{"@type":"WebPage","@id":"https:\/\/cursodepnl.com\/exitosq\/suscribirse-liberacion-promocion\/","url":"https:\/\/cursodepnl.com\/exitosq\/suscribirse-liberacion-promocion\/","name":"Suscribirse- Liberacion promocion - Exitosamente Sq","isPartOf":{"@id":"https:\/\/cursodepnl.com\/exitosq\/#website"},"primaryImageOfPage":{"@id":"https:\/\/cursodepnl.com\/exitosq\/suscribirse-liberacion-promocion\/#primaryimage"},"image":{"@id":"https:\/\/cursodepnl.com\/exitosq\/suscribirse-liberacion-promocion\/#primaryimage"},"thumbnailUrl":"https:\/\/cursodepnl.com\/exitosq\/wp-content\/uploads\/2014\/08\/AL.gif","datePublished":"2014-08-27T12:09:38+00:00","dateModified":"2020-11-16T20:24:27+00:00","breadcrumb":{"@id":"https:\/\/cursodepnl.com\/exitosq\/suscribirse-liberacion-promocion\/#breadcrumb"},"inLanguage":"es","potentialAction":[{"@type":"ReadAction","target":["https:\/\/cursodepnl.com\/exitosq\/suscribirse-liberacion-promocion\/"]}]},{"@type":"ImageObject","inLanguage":"es","@id":"https:\/\/cursodepnl.com\/exitosq\/suscribirse-liberacion-promocion\/#primaryimage","url":"https:\/\/cursodepnl.com\/exitosq\/wp-content\/uploads\/2014\/08\/AL.gif","contentUrl":"https:\/\/cursodepnl.com\/exitosq\/wp-content\/uploads\/2014\/08\/AL.gif","width":609,"height":74},{"@type":"BreadcrumbList","@id":"https:\/\/cursodepnl.com\/exitosq\/suscribirse-liberacion-promocion\/#breadcrumb","itemListElement":[{"@type":"ListItem","position":1,"name":"Portada","item":"https:\/\/cursodepnl.com\/exitosq\/"},{"@type":"ListItem","position":2,"name":"Suscribirse- Liberacion promocion"}]},{"@type":"WebSite","@id":"https:\/\/cursodepnl.com\/exitosq\/#website","url":"https:\/\/cursodepnl.com\/exitosq\/","name":"Exitosamente Sq","description":"Exitosamente de Curso De PNL.com","potentialAction":[{"@type":"SearchAction","target":{"@type":"EntryPoint","urlTemplate":"https:\/\/cursodepnl.com\/exitosq\/?s={search_term_string}"},"query-input":{"@type":"PropertyValueSpecification","valueRequired":true,"valueName":"search_term_string"}}],"inLanguage":"es"}]}},"_links":{"self":[{"href":"https:\/\/cursodepnl.com\/exitosq\/wp-json\/wp\/v2\/pages\/524","targetHints":{"allow":["GET"]}}],"collection":[{"href":"https:\/\/cursodepnl.com\/exitosq\/wp-json\/wp\/v2\/pages"}],"about":[{"href":"https:\/\/cursodepnl.com\/exitosq\/wp-json\/wp\/v2\/types\/page"}],"author":[{"embeddable":true,"href":"https:\/\/cursodepnl.com\/exitosq\/wp-json\/wp\/v2\/users\/1"}],"replies":[{"embeddable":true,"href":"https:\/\/cursodepnl.com\/exitosq\/wp-json\/wp\/v2\/comments?post=524"}],"version-history":[{"count":25,"href":"https:\/\/cursodepnl.com\/exitosq\/wp-json\/wp\/v2\/pages\/524\/revisions"}],"predecessor-version":[{"id":9112,"href":"https:\/\/cursodepnl.com\/exitosq\/wp-json\/wp\/v2\/pages\/524\/revisions\/9112"}],"wp:attachment":[{"href":"https:\/\/cursodepnl.com\/exitosq\/wp-json\/wp\/v2\/media?parent=524"}],"curies":[{"name":"wp","href":"https:\/\/api.w.org\/{rel}","templated":true}]}}