{"id":529,"date":"2014-08-27T12:14:16","date_gmt":"2014-08-27T12:14:16","guid":{"rendered":"https:\/\/cursodepnl.com\/exitosq\/?page_id=529"},"modified":"2018-03-21T13:46:00","modified_gmt":"2018-03-21T13:46:00","slug":"liberacion-emocional-tarj-arg","status":"publish","type":"page","link":"https:\/\/cursodepnl.com\/exitosq\/liberacion-emocional-tarj-arg\/","title":{"rendered":"Liberacion Emocional Tarj Arg"},"content":{"rendered":"<p><img loading=\"lazy\" decoding=\"async\" class=\"aligncenter\" title=\"barra2\" src=\"http:\/\/cursodepnl.com\/wp-content\/uploads\/2010\/12\/barra21.gif\" alt=\"barra2\" width=\"657\" height=\"40\" \/><br \/>\n<span style=\"font-family: arial, helvetica, sans-serif;\">Hac\u00e9 clic en el siguiente bot\u00f3n para pagar con tarjeta de cr\u00e9dito con el descuento s\u00f3lo para 10! Ser\u00e1s dirigida\/o al sitio de cobros seguro de MERCADOPAGO y luego volver\u00e1s aqu\u00ed. Podes abonar en cuotas  (en el proceso de pago te habilitar\u00e1 esa opci\u00f3n). Apenas finalice el proceso estar\u00e1s recibiendo el acceso<\/span><br \/>\n <a class=\"blue-ar-l-rn-none\" href=\"https:\/\/www.mercadopago.com\/mla\/checkout\/start?pref_id=179097681-3072775e-d2ef-4cb9-8030-787e1db8d949\" name=\"MP-payButton\"><img loading=\"lazy\" decoding=\"async\" class=\"aligncenter size-full wp-image-1440\" src=\"https:\/\/cursodepnl.com\/exitosq\/wp-content\/uploads\/2015\/06\/mercadopago.jpg\" alt=\"mercadopago\" width=\"148\" height=\"81\" \/><br \/>\n <\/a><br \/>\n <script type=\"text\/javascript\">\n(function(){function $MPC_load(){window.$MPC_loaded !== true && (function(){var s = document.createElement(\"script\");s.type = \"text\/javascript\";s.async = true;s.src = document.location.protocol+\"\/\/secure.mlstatic.com\/mptools\/render.js\";var x = document.getElementsByTagName('script')[0];x.parentNode.insertBefore(s, x);window.$MPC_loaded = true;})();}window.$MPC_loaded !== true ? (window.attachEvent ?window.attachEvent('onload', $MPC_load) : window.addEventListener('load', $MPC_load, false)) : null;})();\n<\/script><\/p>\n","protected":false},"excerpt":{"rendered":"<p>Hac\u00e9 clic en el siguiente bot\u00f3n para pagar con tarjeta de cr\u00e9dito con el descuento s\u00f3lo para 10! Ser\u00e1s dirigida\/o al sitio de cobros seguro de MERCADOPAGO y luego volver\u00e1s aqu\u00ed. Podes abonar en cuotas (en el proceso de pago te habilitar\u00e1 esa opci\u00f3n). Apenas finalice el proceso estar\u00e1s recibiendo el acceso<\/p>\n","protected":false},"author":1,"featured_media":0,"parent":0,"menu_order":0,"comment_status":"open","ping_status":"open","template":"","meta":{"_joinchat":[],"footnotes":""},"class_list":["post-529","page","type-page","status-publish","hentry"],"yoast_head":"<!-- This site is optimized with the Yoast SEO plugin v25.4 - https:\/\/yoast.com\/wordpress\/plugins\/seo\/ -->\n<title>Liberacion Emocional Tarj Arg - Exitosamente Sq<\/title>\n<meta name=\"robots\" content=\"index, follow, max-snippet:-1, max-image-preview:large, max-video-preview:-1\" \/>\n<link rel=\"canonical\" href=\"https:\/\/cursodepnl.com\/exitosq\/liberacion-emocional-tarj-arg\/\" \/>\n<meta property=\"og:locale\" content=\"es_ES\" \/>\n<meta property=\"og:type\" content=\"article\" \/>\n<meta property=\"og:title\" content=\"Liberacion Emocional Tarj Arg - Exitosamente Sq\" \/>\n<meta property=\"og:description\" content=\"Hac\u00e9 clic en el siguiente bot\u00f3n para pagar con tarjeta de cr\u00e9dito con el descuento s\u00f3lo para 10! Ser\u00e1s dirigida\/o al sitio de cobros seguro de MERCADOPAGO y luego volver\u00e1s aqu\u00ed. Podes abonar en cuotas (en el proceso de pago te habilitar\u00e1 esa opci\u00f3n). Apenas finalice el proceso estar\u00e1s recibiendo el acceso\" \/>\n<meta property=\"og:url\" content=\"https:\/\/cursodepnl.com\/exitosq\/liberacion-emocional-tarj-arg\/\" \/>\n<meta property=\"og:site_name\" content=\"Exitosamente Sq\" \/>\n<meta property=\"article:publisher\" content=\"http:\/\/facebook.com\/pnlonline\" \/>\n<meta property=\"article:modified_time\" content=\"2018-03-21T13:46:00+00:00\" \/>\n<meta property=\"og:image\" content=\"http:\/\/cursodepnl.com\/wp-content\/uploads\/2010\/12\/barra21.gif\" \/>\n<meta name=\"twitter:card\" content=\"summary_large_image\" \/>\n<script type=\"application\/ld+json\" class=\"yoast-schema-graph\">{\"@context\":\"https:\/\/schema.org\",\"@graph\":[{\"@type\":\"WebPage\",\"@id\":\"https:\/\/cursodepnl.com\/exitosq\/liberacion-emocional-tarj-arg\/\",\"url\":\"https:\/\/cursodepnl.com\/exitosq\/liberacion-emocional-tarj-arg\/\",\"name\":\"Liberacion Emocional Tarj Arg - Exitosamente Sq\",\"isPartOf\":{\"@id\":\"https:\/\/cursodepnl.com\/exitosq\/#website\"},\"primaryImageOfPage\":{\"@id\":\"https:\/\/cursodepnl.com\/exitosq\/liberacion-emocional-tarj-arg\/#primaryimage\"},\"image\":{\"@id\":\"https:\/\/cursodepnl.com\/exitosq\/liberacion-emocional-tarj-arg\/#primaryimage\"},\"thumbnailUrl\":\"http:\/\/cursodepnl.com\/wp-content\/uploads\/2010\/12\/barra21.gif\",\"datePublished\":\"2014-08-27T12:14:16+00:00\",\"dateModified\":\"2018-03-21T13:46:00+00:00\",\"breadcrumb\":{\"@id\":\"https:\/\/cursodepnl.com\/exitosq\/liberacion-emocional-tarj-arg\/#breadcrumb\"},\"inLanguage\":\"es\",\"potentialAction\":[{\"@type\":\"ReadAction\",\"target\":[\"https:\/\/cursodepnl.com\/exitosq\/liberacion-emocional-tarj-arg\/\"]}]},{\"@type\":\"ImageObject\",\"inLanguage\":\"es\",\"@id\":\"https:\/\/cursodepnl.com\/exitosq\/liberacion-emocional-tarj-arg\/#primaryimage\",\"url\":\"http:\/\/cursodepnl.com\/wp-content\/uploads\/2010\/12\/barra21.gif\",\"contentUrl\":\"http:\/\/cursodepnl.com\/wp-content\/uploads\/2010\/12\/barra21.gif\"},{\"@type\":\"BreadcrumbList\",\"@id\":\"https:\/\/cursodepnl.com\/exitosq\/liberacion-emocional-tarj-arg\/#breadcrumb\",\"itemListElement\":[{\"@type\":\"ListItem\",\"position\":1,\"name\":\"Portada\",\"item\":\"https:\/\/cursodepnl.com\/exitosq\/\"},{\"@type\":\"ListItem\",\"position\":2,\"name\":\"Liberacion Emocional Tarj Arg\"}]},{\"@type\":\"WebSite\",\"@id\":\"https:\/\/cursodepnl.com\/exitosq\/#website\",\"url\":\"https:\/\/cursodepnl.com\/exitosq\/\",\"name\":\"Exitosamente Sq\",\"description\":\"Exitosamente de Curso De PNL.com\",\"potentialAction\":[{\"@type\":\"SearchAction\",\"target\":{\"@type\":\"EntryPoint\",\"urlTemplate\":\"https:\/\/cursodepnl.com\/exitosq\/?s={search_term_string}\"},\"query-input\":{\"@type\":\"PropertyValueSpecification\",\"valueRequired\":true,\"valueName\":\"search_term_string\"}}],\"inLanguage\":\"es\"}]}<\/script>\n<!-- \/ Yoast SEO plugin. -->","yoast_head_json":{"title":"Liberacion Emocional Tarj Arg - Exitosamente Sq","robots":{"index":"index","follow":"follow","max-snippet":"max-snippet:-1","max-image-preview":"max-image-preview:large","max-video-preview":"max-video-preview:-1"},"canonical":"https:\/\/cursodepnl.com\/exitosq\/liberacion-emocional-tarj-arg\/","og_locale":"es_ES","og_type":"article","og_title":"Liberacion Emocional Tarj Arg - Exitosamente Sq","og_description":"Hac\u00e9 clic en el siguiente bot\u00f3n para pagar con tarjeta de cr\u00e9dito con el descuento s\u00f3lo para 10! Ser\u00e1s dirigida\/o al sitio de cobros seguro de MERCADOPAGO y luego volver\u00e1s aqu\u00ed. Podes abonar en cuotas (en el proceso de pago te habilitar\u00e1 esa opci\u00f3n). Apenas finalice el proceso estar\u00e1s recibiendo el acceso","og_url":"https:\/\/cursodepnl.com\/exitosq\/liberacion-emocional-tarj-arg\/","og_site_name":"Exitosamente Sq","article_publisher":"http:\/\/facebook.com\/pnlonline","article_modified_time":"2018-03-21T13:46:00+00:00","og_image":[{"url":"http:\/\/cursodepnl.com\/wp-content\/uploads\/2010\/12\/barra21.gif","type":"","width":"","height":""}],"twitter_card":"summary_large_image","schema":{"@context":"https:\/\/schema.org","@graph":[{"@type":"WebPage","@id":"https:\/\/cursodepnl.com\/exitosq\/liberacion-emocional-tarj-arg\/","url":"https:\/\/cursodepnl.com\/exitosq\/liberacion-emocional-tarj-arg\/","name":"Liberacion Emocional Tarj Arg - Exitosamente Sq","isPartOf":{"@id":"https:\/\/cursodepnl.com\/exitosq\/#website"},"primaryImageOfPage":{"@id":"https:\/\/cursodepnl.com\/exitosq\/liberacion-emocional-tarj-arg\/#primaryimage"},"image":{"@id":"https:\/\/cursodepnl.com\/exitosq\/liberacion-emocional-tarj-arg\/#primaryimage"},"thumbnailUrl":"http:\/\/cursodepnl.com\/wp-content\/uploads\/2010\/12\/barra21.gif","datePublished":"2014-08-27T12:14:16+00:00","dateModified":"2018-03-21T13:46:00+00:00","breadcrumb":{"@id":"https:\/\/cursodepnl.com\/exitosq\/liberacion-emocional-tarj-arg\/#breadcrumb"},"inLanguage":"es","potentialAction":[{"@type":"ReadAction","target":["https:\/\/cursodepnl.com\/exitosq\/liberacion-emocional-tarj-arg\/"]}]},{"@type":"ImageObject","inLanguage":"es","@id":"https:\/\/cursodepnl.com\/exitosq\/liberacion-emocional-tarj-arg\/#primaryimage","url":"http:\/\/cursodepnl.com\/wp-content\/uploads\/2010\/12\/barra21.gif","contentUrl":"http:\/\/cursodepnl.com\/wp-content\/uploads\/2010\/12\/barra21.gif"},{"@type":"BreadcrumbList","@id":"https:\/\/cursodepnl.com\/exitosq\/liberacion-emocional-tarj-arg\/#breadcrumb","itemListElement":[{"@type":"ListItem","position":1,"name":"Portada","item":"https:\/\/cursodepnl.com\/exitosq\/"},{"@type":"ListItem","position":2,"name":"Liberacion Emocional Tarj Arg"}]},{"@type":"WebSite","@id":"https:\/\/cursodepnl.com\/exitosq\/#website","url":"https:\/\/cursodepnl.com\/exitosq\/","name":"Exitosamente Sq","description":"Exitosamente de Curso De PNL.com","potentialAction":[{"@type":"SearchAction","target":{"@type":"EntryPoint","urlTemplate":"https:\/\/cursodepnl.com\/exitosq\/?s={search_term_string}"},"query-input":{"@type":"PropertyValueSpecification","valueRequired":true,"valueName":"search_term_string"}}],"inLanguage":"es"}]}},"_links":{"self":[{"href":"https:\/\/cursodepnl.com\/exitosq\/wp-json\/wp\/v2\/pages\/529","targetHints":{"allow":["GET"]}}],"collection":[{"href":"https:\/\/cursodepnl.com\/exitosq\/wp-json\/wp\/v2\/pages"}],"about":[{"href":"https:\/\/cursodepnl.com\/exitosq\/wp-json\/wp\/v2\/types\/page"}],"author":[{"embeddable":true,"href":"https:\/\/cursodepnl.com\/exitosq\/wp-json\/wp\/v2\/users\/1"}],"replies":[{"embeddable":true,"href":"https:\/\/cursodepnl.com\/exitosq\/wp-json\/wp\/v2\/comments?post=529"}],"version-history":[{"count":11,"href":"https:\/\/cursodepnl.com\/exitosq\/wp-json\/wp\/v2\/pages\/529\/revisions"}],"predecessor-version":[{"id":5675,"href":"https:\/\/cursodepnl.com\/exitosq\/wp-json\/wp\/v2\/pages\/529\/revisions\/5675"}],"wp:attachment":[{"href":"https:\/\/cursodepnl.com\/exitosq\/wp-json\/wp\/v2\/media?parent=529"}],"curies":[{"name":"wp","href":"https:\/\/api.w.org\/{rel}","templated":true}]}}