{"id":534,"date":"2014-08-27T12:18:43","date_gmt":"2014-08-27T12:18:43","guid":{"rendered":"https:\/\/cursodepnl.com\/exitosq\/?page_id=534"},"modified":"2020-11-16T20:13:08","modified_gmt":"2020-11-16T20:13:08","slug":"liberacion-emocional-cupon","status":"publish","type":"page","link":"https:\/\/cursodepnl.com\/exitosq\/liberacion-emocional-cupon\/","title":{"rendered":"Liberacion Emocional cupon"},"content":{"rendered":"<p><img loading=\"lazy\" decoding=\"async\" class=\"aligncenter\" title=\"barra2\" src=\"http:\/\/cursodepnl.com\/wp-content\/uploads\/2010\/12\/barra21.gif\" alt=\"barra2\" width=\"657\" height=\"40\"><img loading=\"lazy\" decoding=\"async\" class=\"aligncenter\" title=\"pagof\" src=\"http:\/\/cursodepnl.com\/wp-content\/uploads\/2012\/11\/pagof.gif\" alt=\"\" width=\"456\" height=\"75\"><\/p>\n<h4 style=\"text-align: center;\">Ingres\u00e1 al siguiente boton para generar tu cup\u00f3n de pago personalizado. Apenas pagas nos llega el aviso autom\u00e1tico y te enviamos el acceso al curso al email que ingreses ahora cuando generes tu cup\u00f3n:<\/h4>\n<p>&nbsp;<\/p>\n<p><script src=\"https:\/\/www.mercadopago.com.ar\/integrations\/v1\/web-payment-checkout.js\" data-preference-id=\"179097681-3072775e-d2ef-4cb9-8030-787e1db8d949\">\n<\/script><\/p>\n","protected":false},"excerpt":{"rendered":"<p>Ingres\u00e1 al siguiente boton para generar tu cup\u00f3n de pago personalizado. Apenas pagas nos llega el aviso autom\u00e1tico y te enviamos el acceso al curso al email que ingreses ahora cuando generes tu cup\u00f3n: &nbsp;<\/p>\n","protected":false},"author":1,"featured_media":0,"parent":0,"menu_order":0,"comment_status":"open","ping_status":"open","template":"","meta":{"_joinchat":[],"footnotes":""},"class_list":["post-534","page","type-page","status-publish","hentry"],"yoast_head":"<!-- This site is optimized with the Yoast SEO plugin v25.4 - https:\/\/yoast.com\/wordpress\/plugins\/seo\/ -->\n<title>Liberacion Emocional cupon - Exitosamente Sq<\/title>\n<meta name=\"robots\" content=\"index, follow, max-snippet:-1, max-image-preview:large, max-video-preview:-1\" \/>\n<link rel=\"canonical\" href=\"https:\/\/cursodepnl.com\/exitosq\/liberacion-emocional-cupon\/\" \/>\n<meta property=\"og:locale\" content=\"es_ES\" \/>\n<meta property=\"og:type\" content=\"article\" \/>\n<meta property=\"og:title\" content=\"Liberacion Emocional cupon - Exitosamente Sq\" \/>\n<meta property=\"og:description\" content=\"Ingres\u00e1 al siguiente boton para generar tu cup\u00f3n de pago personalizado. Apenas pagas nos llega el aviso autom\u00e1tico y te enviamos el acceso al curso al email que ingreses ahora cuando generes tu cup\u00f3n: &nbsp;\" \/>\n<meta property=\"og:url\" content=\"https:\/\/cursodepnl.com\/exitosq\/liberacion-emocional-cupon\/\" \/>\n<meta property=\"og:site_name\" content=\"Exitosamente Sq\" \/>\n<meta property=\"article:publisher\" content=\"http:\/\/facebook.com\/pnlonline\" \/>\n<meta property=\"article:modified_time\" content=\"2020-11-16T20:13:08+00:00\" \/>\n<meta property=\"og:image\" content=\"http:\/\/cursodepnl.com\/wp-content\/uploads\/2010\/12\/barra21.gif\" \/>\n<meta name=\"twitter:card\" content=\"summary_large_image\" \/>\n<script type=\"application\/ld+json\" class=\"yoast-schema-graph\">{\"@context\":\"https:\/\/schema.org\",\"@graph\":[{\"@type\":\"WebPage\",\"@id\":\"https:\/\/cursodepnl.com\/exitosq\/liberacion-emocional-cupon\/\",\"url\":\"https:\/\/cursodepnl.com\/exitosq\/liberacion-emocional-cupon\/\",\"name\":\"Liberacion Emocional cupon - Exitosamente Sq\",\"isPartOf\":{\"@id\":\"https:\/\/cursodepnl.com\/exitosq\/#website\"},\"primaryImageOfPage\":{\"@id\":\"https:\/\/cursodepnl.com\/exitosq\/liberacion-emocional-cupon\/#primaryimage\"},\"image\":{\"@id\":\"https:\/\/cursodepnl.com\/exitosq\/liberacion-emocional-cupon\/#primaryimage\"},\"thumbnailUrl\":\"http:\/\/cursodepnl.com\/wp-content\/uploads\/2010\/12\/barra21.gif\",\"datePublished\":\"2014-08-27T12:18:43+00:00\",\"dateModified\":\"2020-11-16T20:13:08+00:00\",\"breadcrumb\":{\"@id\":\"https:\/\/cursodepnl.com\/exitosq\/liberacion-emocional-cupon\/#breadcrumb\"},\"inLanguage\":\"es\",\"potentialAction\":[{\"@type\":\"ReadAction\",\"target\":[\"https:\/\/cursodepnl.com\/exitosq\/liberacion-emocional-cupon\/\"]}]},{\"@type\":\"ImageObject\",\"inLanguage\":\"es\",\"@id\":\"https:\/\/cursodepnl.com\/exitosq\/liberacion-emocional-cupon\/#primaryimage\",\"url\":\"http:\/\/cursodepnl.com\/wp-content\/uploads\/2010\/12\/barra21.gif\",\"contentUrl\":\"http:\/\/cursodepnl.com\/wp-content\/uploads\/2010\/12\/barra21.gif\"},{\"@type\":\"BreadcrumbList\",\"@id\":\"https:\/\/cursodepnl.com\/exitosq\/liberacion-emocional-cupon\/#breadcrumb\",\"itemListElement\":[{\"@type\":\"ListItem\",\"position\":1,\"name\":\"Portada\",\"item\":\"https:\/\/cursodepnl.com\/exitosq\/\"},{\"@type\":\"ListItem\",\"position\":2,\"name\":\"Liberacion Emocional cupon\"}]},{\"@type\":\"WebSite\",\"@id\":\"https:\/\/cursodepnl.com\/exitosq\/#website\",\"url\":\"https:\/\/cursodepnl.com\/exitosq\/\",\"name\":\"Exitosamente Sq\",\"description\":\"Exitosamente de Curso De PNL.com\",\"potentialAction\":[{\"@type\":\"SearchAction\",\"target\":{\"@type\":\"EntryPoint\",\"urlTemplate\":\"https:\/\/cursodepnl.com\/exitosq\/?s={search_term_string}\"},\"query-input\":{\"@type\":\"PropertyValueSpecification\",\"valueRequired\":true,\"valueName\":\"search_term_string\"}}],\"inLanguage\":\"es\"}]}<\/script>\n<!-- \/ Yoast SEO plugin. -->","yoast_head_json":{"title":"Liberacion Emocional cupon - Exitosamente Sq","robots":{"index":"index","follow":"follow","max-snippet":"max-snippet:-1","max-image-preview":"max-image-preview:large","max-video-preview":"max-video-preview:-1"},"canonical":"https:\/\/cursodepnl.com\/exitosq\/liberacion-emocional-cupon\/","og_locale":"es_ES","og_type":"article","og_title":"Liberacion Emocional cupon - Exitosamente Sq","og_description":"Ingres\u00e1 al siguiente boton para generar tu cup\u00f3n de pago personalizado. Apenas pagas nos llega el aviso autom\u00e1tico y te enviamos el acceso al curso al email que ingreses ahora cuando generes tu cup\u00f3n: &nbsp;","og_url":"https:\/\/cursodepnl.com\/exitosq\/liberacion-emocional-cupon\/","og_site_name":"Exitosamente Sq","article_publisher":"http:\/\/facebook.com\/pnlonline","article_modified_time":"2020-11-16T20:13:08+00:00","og_image":[{"url":"http:\/\/cursodepnl.com\/wp-content\/uploads\/2010\/12\/barra21.gif","type":"","width":"","height":""}],"twitter_card":"summary_large_image","schema":{"@context":"https:\/\/schema.org","@graph":[{"@type":"WebPage","@id":"https:\/\/cursodepnl.com\/exitosq\/liberacion-emocional-cupon\/","url":"https:\/\/cursodepnl.com\/exitosq\/liberacion-emocional-cupon\/","name":"Liberacion Emocional cupon - Exitosamente Sq","isPartOf":{"@id":"https:\/\/cursodepnl.com\/exitosq\/#website"},"primaryImageOfPage":{"@id":"https:\/\/cursodepnl.com\/exitosq\/liberacion-emocional-cupon\/#primaryimage"},"image":{"@id":"https:\/\/cursodepnl.com\/exitosq\/liberacion-emocional-cupon\/#primaryimage"},"thumbnailUrl":"http:\/\/cursodepnl.com\/wp-content\/uploads\/2010\/12\/barra21.gif","datePublished":"2014-08-27T12:18:43+00:00","dateModified":"2020-11-16T20:13:08+00:00","breadcrumb":{"@id":"https:\/\/cursodepnl.com\/exitosq\/liberacion-emocional-cupon\/#breadcrumb"},"inLanguage":"es","potentialAction":[{"@type":"ReadAction","target":["https:\/\/cursodepnl.com\/exitosq\/liberacion-emocional-cupon\/"]}]},{"@type":"ImageObject","inLanguage":"es","@id":"https:\/\/cursodepnl.com\/exitosq\/liberacion-emocional-cupon\/#primaryimage","url":"http:\/\/cursodepnl.com\/wp-content\/uploads\/2010\/12\/barra21.gif","contentUrl":"http:\/\/cursodepnl.com\/wp-content\/uploads\/2010\/12\/barra21.gif"},{"@type":"BreadcrumbList","@id":"https:\/\/cursodepnl.com\/exitosq\/liberacion-emocional-cupon\/#breadcrumb","itemListElement":[{"@type":"ListItem","position":1,"name":"Portada","item":"https:\/\/cursodepnl.com\/exitosq\/"},{"@type":"ListItem","position":2,"name":"Liberacion Emocional cupon"}]},{"@type":"WebSite","@id":"https:\/\/cursodepnl.com\/exitosq\/#website","url":"https:\/\/cursodepnl.com\/exitosq\/","name":"Exitosamente Sq","description":"Exitosamente de Curso De PNL.com","potentialAction":[{"@type":"SearchAction","target":{"@type":"EntryPoint","urlTemplate":"https:\/\/cursodepnl.com\/exitosq\/?s={search_term_string}"},"query-input":{"@type":"PropertyValueSpecification","valueRequired":true,"valueName":"search_term_string"}}],"inLanguage":"es"}]}},"_links":{"self":[{"href":"https:\/\/cursodepnl.com\/exitosq\/wp-json\/wp\/v2\/pages\/534","targetHints":{"allow":["GET"]}}],"collection":[{"href":"https:\/\/cursodepnl.com\/exitosq\/wp-json\/wp\/v2\/pages"}],"about":[{"href":"https:\/\/cursodepnl.com\/exitosq\/wp-json\/wp\/v2\/types\/page"}],"author":[{"embeddable":true,"href":"https:\/\/cursodepnl.com\/exitosq\/wp-json\/wp\/v2\/users\/1"}],"replies":[{"embeddable":true,"href":"https:\/\/cursodepnl.com\/exitosq\/wp-json\/wp\/v2\/comments?post=534"}],"version-history":[{"count":7,"href":"https:\/\/cursodepnl.com\/exitosq\/wp-json\/wp\/v2\/pages\/534\/revisions"}],"predecessor-version":[{"id":9107,"href":"https:\/\/cursodepnl.com\/exitosq\/wp-json\/wp\/v2\/pages\/534\/revisions\/9107"}],"wp:attachment":[{"href":"https:\/\/cursodepnl.com\/exitosq\/wp-json\/wp\/v2\/media?parent=534"}],"curies":[{"name":"wp","href":"https:\/\/api.w.org\/{rel}","templated":true}]}}