{"id":605,"date":"2014-09-17T16:17:27","date_gmt":"2014-09-17T16:17:27","guid":{"rendered":"https:\/\/cursodepnl.com\/exitosq\/?page_id=605"},"modified":"2019-09-11T20:42:05","modified_gmt":"2019-09-11T20:42:05","slug":"comprar-audio-rejuvenecer","status":"publish","type":"page","link":"https:\/\/cursodepnl.com\/exitosq\/comprar-audio-rejuvenecer\/","title":{"rendered":"Comprar Pack Rejuvenecer"},"content":{"rendered":"<div style=\"text-align: center;\"><strong><span style=\"font-family: arial, helvetica, sans-serif; font-size: 14pt;\">Cambia tu mente para adelgazar, rejuvenecer tu Cuerpo y<br \/>\n Tu Mente y vivir sin estr\u00e9s, Natural y f\u00e1cilmente.<\/span><\/strong><\/div>\n<p>[ez_three_fourth]<br \/>\n <strong><strong><a href=\"https:\/\/cursodepnl.com\/exitosq\/comprar-audio-rejuvenecer\/\"><img loading=\"lazy\" decoding=\"async\" class=\"wp-image-5851 aligncenter\" src=\"https:\/\/cursodepnl.com\/exitosq\/wp-content\/uploads\/2018\/04\/packjuventudrenovado.jpg\" alt=\"packjuventudrenovado\" width=\"700\" height=\"219\" srcset=\"https:\/\/cursodepnl.com\/exitosq\/wp-content\/uploads\/2018\/04\/packjuventudrenovado.jpg 980w, https:\/\/cursodepnl.com\/exitosq\/wp-content\/uploads\/2018\/04\/packjuventudrenovado-300x94.jpg 300w, https:\/\/cursodepnl.com\/exitosq\/wp-content\/uploads\/2018\/04\/packjuventudrenovado-768x240.jpg 768w\" sizes=\"auto, (max-width: 700px) 100vw, 700px\" \/><\/a><\/strong><\/strong><\/p>\n<p style=\"text-align: center;\"><strong><img loading=\"lazy\" decoding=\"async\" class=\"aligncenter size-full wp-image-1459\" title=\"elige\" src=\"http:\/\/bajar-de-peso.com.ar\/wp-content\/uploads\/2014\/03\/elige.gif\" alt=\"\" width=\"619\" height=\"69\" \/><\/strong><\/p>\n<div style=\"text-align: center;\"><strong>En lugar de pagar <del>97 U$<\/del>, lo tienes por 17 U$!<br \/>\n <\/strong><\/p>\n<p style=\"display: inline !important;\"><strong>Argentina: 477 pesos<\/strong><strong>. <span style=\"color: #3366ff;\">I<\/span> <\/strong><strong>Chile: 12. 170  pesos <strong> <span style=\"color: #3366ff;\"><strong><strong>I<\/strong><\/strong><\/span><\/strong><\/strong><\/p>\n<p style=\"display: inline !important;\"><strong> <\/strong> <strong>Colombia: 57.400<strong><br \/>\n <span style=\"color: #3366ff;\"><strong> I<\/strong><\/span> <\/strong><\/strong><strong>M\u00e9xico: 331 pesos<strong> <span style=\"color: #3366ff;\">I<\/span> <\/strong><\/strong><\/p>\n<p style=\"display: inline !important;\"><strong>Per\u00fa: 57 soles <span style=\"color: #3366ff;\"><strong><strong><strong><strong>I<\/strong><\/strong><\/strong><\/strong><\/span><\/strong><\/p>\n<p style=\"display: inline !important;\"><strong> Uruguay: 620 <\/strong><\/p>\n<p><strong>Otros pa\u00edses:<\/strong> al valor de su moneda equivalente a 17 usd.<\/p>\n<\/div>\n<p>[ez_tabs tab1=\u00bbArgentina\u00bb tab2=\u00bbChile\u00bb tab3=\u00bbColombia\u00bb tab4=\u00bbM\u00e9xico\u00bb tab5=\u00bbPer\u00fa\u00bb tab6=\u00bbUruguay\u00bb tab7=\u00bbOtros Pa\u00edses\u00bb]<\/p>\n<p>[ez_tab]<\/p>\n<table border=\"0\" width=\"48%\">\n<tbody>\n<tr>\n<td width=\"33%\">\n<div align=\"center\"><strong><a href=\"https:\/\/cursodepnl.com\/exitosq\/pack-rejuvencer-dmail\/\" target=\"_blank\">Tarjetas de Cr\u00e9dito<\/a><\/strong><\/div>\n<\/td>\n<td width=\"33%\">\n<div align=\"center\"><strong><a href=\"https:\/\/cursodepnl.com\/exitosq\/pack-rejuvencer-cupon\/\" target=\"_blank\">RapiPago-Pago F\u00e1cil<\/a><\/strong><\/div>\n<\/td>\n<td width=\"33%\">\n<div align=\"center\"><strong><a href=\"https:\/\/cursodepnl.com\/exitosq\/datos-cuenta-2\/\" target=\"_blank\">Transf. y Dep\u00f3sitos<\/a><\/strong><\/div>\n<\/td>\n<\/tr>\n<tr>\n<td>\n<div align=\"center\"><a href=\"https:\/\/cursodepnl.com\/exitosq\/pack-rejuvencer-dmail\/\" target=\"_blank\"><img loading=\"lazy\" decoding=\"async\" src=\"http:\/\/fbsimple.net\/wp-content\/uploads\/2014\/07\/tarjetaarg.jpg\" alt=\"\" width=\"144\" height=\"65\" \/><\/a><\/div>\n<\/td>\n<td>\n<div align=\"center\"><a href=\"https:\/\/cursodepnl.com\/exitosq\/pack-rejuvencer-cupon\/\" target=\"_blank\"><img loading=\"lazy\" decoding=\"async\" src=\"http:\/\/fbsimple.net\/wp-content\/uploads\/2014\/07\/rapipago.jpg\" alt=\"\" width=\"162\" height=\"66\" \/><\/a><\/div>\n<\/td>\n<td>\n<div align=\"center\"><a href=\"https:\/\/cursodepnl.com\/exitosq\/datos-cuenta-2\/\" target=\"_blank\"><img loading=\"lazy\" decoding=\"async\" src=\"http:\/\/fbsimple.net\/wp-content\/uploads\/2014\/07\/ctaarg.jpg\" alt=\"\" width=\"142\" height=\"57\" \/><\/a><\/div>\n<\/td>\n<\/tr>\n<\/tbody>\n<\/table>\n<p>[\/ez_tab]<\/p>\n<p>[ez_tab]<\/p>\n<table border=\"0\" width=\"48%\">\n<tbody>\n<tr>\n<td width=\"33%\">\n<div align=\"center\"><strong> <\/strong><\/div>\n<\/td>\n<td width=\"33%\">\n<div align=\"center\"><a href=\"https:\/\/cursodepnl.com\/exitosq\/pack-rejuvencer-paypal\/\"><strong>Tarjeta de cr\u00e9dito o d\u00e9bito<\/strong><\/a><\/div>\n<\/td>\n<td width=\"33%\">\n<div align=\"center\"><a href=\"https:\/\/cursodepnl.com\/exitosq\/datos-giro\/\" target=\"_blank\"><strong>Western Union-<br \/>\n Money Gram<\/strong><\/a><\/div>\n<\/td>\n<\/tr>\n<tr>\n<td>&nbsp;<\/td>\n<td>\n<div align=\"center\"><a href=\"https:\/\/cursodepnl.com\/exitosq\/pack-rejuvencer-paypal\/\" target=\"_blank\"><img loading=\"lazy\" decoding=\"async\" src=\"http:\/\/fbsimple.net\/wp-content\/uploads\/2014\/07\/paypal.jpg\" alt=\"\" width=\"152\" height=\"61\" \/><\/a><\/div>\n<\/td>\n<td>\n<div align=\"center\"><a href=\"https:\/\/cursodepnl.com\/exitosq\/datos-giro\/\" target=\"_blank\"><img loading=\"lazy\" decoding=\"async\" src=\"http:\/\/fbsimple.net\/wp-content\/uploads\/2014\/07\/giros.jpg\" alt=\"\" width=\"152\" height=\"61\" \/><\/a><\/div>\n<\/td>\n<\/tr>\n<\/tbody>\n<\/table>\n<p>[\/ez_tab]<\/p>\n<p>[ez_tab]<\/p>\n<table border=\"0\" width=\"48%\">\n<tbody>\n<tr>\n<td width=\"33%\">\n<div align=\"center\"> <\/div>\n<\/td>\n<td width=\"33%\">\n<div align=\"center\"><a href=\"https:\/\/cursodepnl.com\/exitosq\/pack-rejuvencer-paypal\/\"><strong>Tarjeta de cr\u00e9dito o d\u00e9bito<\/strong><\/a><\/div>\n<\/td>\n<td width=\"33%\">\n<div align=\"center\"><strong><a href=\"https:\/\/cursodepnl.com\/exitosq\/datos-giro\/\" target=\"_blank\">Western Union- Money Gram<\/a><\/strong><\/div>\n<\/td>\n<\/tr>\n<tr>\n<td>\n<div align=\"center\"> <\/div>\n<\/td>\n<td>\n<div align=\"center\"><a href=\"https:\/\/cursodepnl.com\/exitosq\/pack-rejuvencer-paypal\/\" target=\"_blank\"><img loading=\"lazy\" decoding=\"async\" src=\"http:\/\/fbsimple.net\/wp-content\/uploads\/2014\/07\/paypal.jpg\" alt=\"\" width=\"147\" height=\"59\" \/><\/a><\/div>\n<\/td>\n<td>\n<div align=\"center\"><a href=\"https:\/\/cursodepnl.com\/exitosq\/datos-giro\/\" target=\"_blank\"><img loading=\"lazy\" decoding=\"async\" src=\"http:\/\/fbsimple.net\/wp-content\/uploads\/2014\/07\/giros.jpg\" alt=\"\" width=\"137\" height=\"64\" \/><\/a><\/div>\n<\/td>\n<\/tr>\n<\/tbody>\n<\/table>\n<p>[\/ez_tab]<\/p>\n<p>[ez_tab]<\/p>\n<table border=\"0\" width=\"48%\">\n<tbody>\n<tr>\n<td width=\"33%\">\n<div align=\"center\"> <\/div>\n<\/td>\n<td width=\"33%\">\n<div align=\"center\"><a href=\"https:\/\/cursodepnl.com\/exitosq\/pack-rejuvencer-paypal\/\"><strong>Tarjeta de cr\u00e9dito o d\u00e9bito<\/strong><\/a><\/div>\n<\/td>\n<td width=\"33%\">\n<div align=\"center\"><strong><a href=\"https:\/\/cursodepnl.com\/exitosq\/datos-giro\/\" target=\"_blank\">Western Union- Money Gram<\/a><\/strong><\/div>\n<\/td>\n<\/tr>\n<tr>\n<td>\n<div align=\"center\"> <\/div>\n<\/td>\n<td>\n<div align=\"center\"><a href=\"https:\/\/cursodepnl.com\/exitosq\/pack-rejuvencer-paypal\/\" target=\"_blank\"><img loading=\"lazy\" decoding=\"async\" src=\"http:\/\/fbsimple.net\/wp-content\/uploads\/2014\/07\/paypal.jpg\" alt=\"\" width=\"158\" height=\"64\" \/><\/a><\/div>\n<\/td>\n<td>\n<div align=\"center\"><a href=\"https:\/\/cursodepnl.com\/exitosq\/datos-giro\/\" target=\"_blank\"><img loading=\"lazy\" decoding=\"async\" src=\"http:\/\/fbsimple.net\/wp-content\/uploads\/2014\/07\/giros.jpg\" alt=\"\" width=\"158\" height=\"64\" \/><\/a><\/div>\n<\/td>\n<\/tr>\n<\/tbody>\n<\/table>\n<p>[\/ez_tab]<\/p>\n<p>[ez_tab]<\/p>\n<table border=\"0\" width=\"48%\">\n<tbody>\n<tr>\n<td width=\"33%\">\n<div align=\"center\"> <\/div>\n<\/td>\n<td width=\"33%\">\n<div align=\"center\"><a href=\"https:\/\/cursodepnl.com\/exitosq\/pack-rejuvencer-paypal\/\"><strong>Tarjeta de cr\u00e9dito o d\u00e9bito<\/strong><\/a><\/div>\n<\/td>\n<td width=\"33%\">\n<div align=\"center\"><strong><a href=\"https:\/\/cursodepnl.com\/exitosq\/datos-giro\/\" target=\"_blank\">Western Union- Money Gram<\/a><\/strong><\/div>\n<\/td>\n<\/tr>\n<tr>\n<td>\n<div align=\"center\"> <\/div>\n<\/td>\n<td>\n<div align=\"center\"><a href=\"https:\/\/cursodepnl.com\/exitosq\/pack-rejuvencer-paypal\/\" target=\"_blank\"><img loading=\"lazy\" decoding=\"async\" src=\"http:\/\/fbsimple.net\/wp-content\/uploads\/2014\/07\/paypal.jpg\" alt=\"\" width=\"159\" height=\"65\" \/><\/a><\/div>\n<\/td>\n<td>\n<div align=\"center\"><a href=\"https:\/\/cursodepnl.com\/exitosq\/datos-giro\/\" target=\"_blank\"><img loading=\"lazy\" decoding=\"async\" src=\"http:\/\/fbsimple.net\/wp-content\/uploads\/2014\/07\/giros.jpg\" alt=\"\" width=\"158\" height=\"64\" \/><\/a><\/div>\n<p>&nbsp;<\/p>\n<\/td>\n<\/tr>\n<\/tbody>\n<\/table>\n<p>[\/ez_tab]<\/p>\n<p>[ez_tab]<\/p>\n<table border=\"0\" width=\"48%\">\n<tbody>\n<tr>\n<td width=\"50%\">\n<div align=\"center\"><a href=\"https:\/\/cursodepnl.com\/exitosq\/pack-rejuvencer-paypal\/\"><strong>Tarjeta de cr\u00e9dito o d\u00e9bito<\/strong><\/a><\/div>\n<\/td>\n<td width=\"50%\">\n<div align=\"center\"><strong><a href=\"https:\/\/cursodepnl.com\/exitosq\/datos-giro\/\" target=\"_blank\">Western Union- Money Gram<\/a><\/strong><\/div>\n<\/td>\n<\/tr>\n<tr>\n<td>\n<div align=\"center\"><a href=\"https:\/\/cursodepnl.com\/exitosq\/pack-rejuvencer-paypal\/\" target=\"_blank\"><img decoding=\"async\" src=\"http:\/\/fbsimple.net\/wp-content\/uploads\/2014\/07\/paypal.jpg\" alt=\"\" \/><\/a><\/div>\n<\/td>\n<td>\n<div align=\"center\"><a href=\"https:\/\/cursodepnl.com\/exitosq\/datos-giro\/\" target=\"_blank\"><img decoding=\"async\" src=\"http:\/\/fbsimple.net\/wp-content\/uploads\/2014\/07\/giros.jpg\" alt=\"\" \/><\/a><\/div>\n<\/td>\n<\/tr>\n<\/tbody>\n<\/table>\n<p>[\/ez_tab]<\/p>\n<p>[ez_tab]<\/p>\n<table border=\"0\" width=\"48%\">\n<tbody>\n<tr>\n<td width=\"50%\">\n<div align=\"center\"><a href=\"https:\/\/cursodepnl.com\/exitosq\/pack-rejuvencer-paypal\/\"><strong>Tarjeta de cr\u00e9dito o d\u00e9bito<\/strong><\/a><\/div>\n<\/td>\n<td width=\"50%\">\n<div align=\"center\"><strong><a href=\"https:\/\/cursodepnl.com\/exitosq\/datos-giro\/\" target=\"_blank\">Western Union- Money Gram<\/a><\/strong><\/div>\n<\/td>\n<\/tr>\n<tr>\n<td>\n<div align=\"center\"><a href=\"https:\/\/cursodepnl.com\/exitosq\/pack-rejuvencer-paypal\/\" target=\"_blank\"><img decoding=\"async\" src=\"http:\/\/fbsimple.net\/wp-content\/uploads\/2014\/07\/paypal.jpg\" alt=\"\" \/><\/a><\/div>\n<\/td>\n<td>\n<div align=\"center\"><a href=\"https:\/\/cursodepnl.com\/exitosq\/datos-giro\/\" target=\"_blank\"><img decoding=\"async\" src=\"http:\/\/fbsimple.net\/wp-content\/uploads\/2014\/07\/giros.jpg\" alt=\"\" \/><\/a><\/div>\n<\/td>\n<\/tr>\n<\/tbody>\n<\/table>\n<p>[\/ez_tab]<\/p>\n<p>[\/ez_tabs]<br \/>\n [\/ez_three_fourth]<br \/>\n [ez_one_fourth_last]<br \/>\n <span style=\"color: #008080;\"><strong>         TESTIMONIOS<\/strong><\/span><\/p>\n<div class=\"rounded-grey-box\" style=\"width: 70%; margin: 5px auto 20px;\">\n<p><span style=\"font-size: 10pt;\">\u201c<em>Hola Sof\u00eda,  Qu\u00e9 tal est\u00e1s?? Yo tengo que decirte que estoy estupendamente.  No me imaginaba en ning\u00fan momento que estas pr\u00e1cticas de PNL iban a cambiar tanto mi vida y le iban a dar una perspectiva tan amplia, y tan manejada por m\u00ed misma.  <\/em>\u201d Francisca A. Espa\u00f1a.<\/span><\/p>\n<\/div>\n<div class=\"rounded-blue-box\" style=\"width: 70%; margin: 5px auto 20px;\">\n<p style=\"color: #222222;\"><span style=\"font-size: 8pt;\">\u201cGracias Sofia, fue muy positivo para mi este curso, sin duda lo voy a seguir releyendo seguro ire encontrando cosas nuevas que me ser\u00e1n positivas. Nuevamente muchas gracias y que tengas una linda vida Cari\u00f1os\u201d Olga. Argentina.<\/span><\/p>\n<\/div>\n<p>[\/ez_one_fourth_last]<\/p>\n","protected":false},"excerpt":{"rendered":"<p>Cambia tu mente para adelgazar, rejuvenecer tu Cuerpo y Tu Mente y vivir sin estr\u00e9s, Natural y f\u00e1cilmente. [ez_three_fourth] En lugar de pagar 97 U$, lo tienes por 17 U$! Argentina: 477 pesos. I Chile: 12. 170 pesos I Colombia: 57.400 I M\u00e9xico: 331 pesos I Per\u00fa: 57 soles I Uruguay: 620 Otros pa\u00edses: al [&hellip;]<\/p>\n","protected":false},"author":1,"featured_media":0,"parent":0,"menu_order":0,"comment_status":"open","ping_status":"open","template":"","meta":{"_joinchat":[],"footnotes":""},"class_list":["post-605","page","type-page","status-publish","hentry"],"yoast_head":"<!-- This site is optimized with the Yoast SEO plugin v25.4 - https:\/\/yoast.com\/wordpress\/plugins\/seo\/ -->\n<title>Comprar Pack Rejuvenecer - Exitosamente Sq<\/title>\n<meta name=\"robots\" content=\"index, follow, max-snippet:-1, max-image-preview:large, max-video-preview:-1\" \/>\n<link rel=\"canonical\" href=\"https:\/\/cursodepnl.com\/exitosq\/comprar-audio-rejuvenecer\/\" \/>\n<meta property=\"og:locale\" content=\"es_ES\" \/>\n<meta property=\"og:type\" content=\"article\" \/>\n<meta property=\"og:title\" content=\"Comprar Pack Rejuvenecer - Exitosamente Sq\" \/>\n<meta property=\"og:description\" content=\"Cambia tu mente para adelgazar, rejuvenecer tu Cuerpo y Tu Mente y vivir sin estr\u00e9s, Natural y f\u00e1cilmente. [ez_three_fourth] En lugar de pagar 97 U$, lo tienes por 17 U$! Argentina: 477 pesos. I Chile: 12. 170 pesos I Colombia: 57.400 I M\u00e9xico: 331 pesos I Per\u00fa: 57 soles I Uruguay: 620 Otros pa\u00edses: al [&hellip;]\" \/>\n<meta property=\"og:url\" content=\"https:\/\/cursodepnl.com\/exitosq\/comprar-audio-rejuvenecer\/\" \/>\n<meta property=\"og:site_name\" content=\"Exitosamente Sq\" \/>\n<meta property=\"article:publisher\" content=\"http:\/\/facebook.com\/pnlonline\" \/>\n<meta property=\"article:modified_time\" content=\"2019-09-11T20:42:05+00:00\" \/>\n<meta property=\"og:image\" content=\"https:\/\/cursodepnl.com\/exitosq\/wp-content\/uploads\/2018\/04\/packjuventudrenovado.jpg\" \/>\n\t<meta property=\"og:image:width\" content=\"980\" \/>\n\t<meta property=\"og:image:height\" content=\"306\" \/>\n\t<meta property=\"og:image:type\" content=\"image\/jpeg\" \/>\n<meta name=\"twitter:card\" content=\"summary_large_image\" \/>\n<meta name=\"twitter:label1\" content=\"Tiempo de lectura\" \/>\n\t<meta name=\"twitter:data1\" content=\"1 minuto\" \/>\n<script type=\"application\/ld+json\" class=\"yoast-schema-graph\">{\"@context\":\"https:\/\/schema.org\",\"@graph\":[{\"@type\":\"WebPage\",\"@id\":\"https:\/\/cursodepnl.com\/exitosq\/comprar-audio-rejuvenecer\/\",\"url\":\"https:\/\/cursodepnl.com\/exitosq\/comprar-audio-rejuvenecer\/\",\"name\":\"Comprar Pack Rejuvenecer - Exitosamente Sq\",\"isPartOf\":{\"@id\":\"https:\/\/cursodepnl.com\/exitosq\/#website\"},\"primaryImageOfPage\":{\"@id\":\"https:\/\/cursodepnl.com\/exitosq\/comprar-audio-rejuvenecer\/#primaryimage\"},\"image\":{\"@id\":\"https:\/\/cursodepnl.com\/exitosq\/comprar-audio-rejuvenecer\/#primaryimage\"},\"thumbnailUrl\":\"https:\/\/cursodepnl.com\/exitosq\/wp-content\/uploads\/2018\/04\/packjuventudrenovado.jpg\",\"datePublished\":\"2014-09-17T16:17:27+00:00\",\"dateModified\":\"2019-09-11T20:42:05+00:00\",\"breadcrumb\":{\"@id\":\"https:\/\/cursodepnl.com\/exitosq\/comprar-audio-rejuvenecer\/#breadcrumb\"},\"inLanguage\":\"es\",\"potentialAction\":[{\"@type\":\"ReadAction\",\"target\":[\"https:\/\/cursodepnl.com\/exitosq\/comprar-audio-rejuvenecer\/\"]}]},{\"@type\":\"ImageObject\",\"inLanguage\":\"es\",\"@id\":\"https:\/\/cursodepnl.com\/exitosq\/comprar-audio-rejuvenecer\/#primaryimage\",\"url\":\"https:\/\/cursodepnl.com\/exitosq\/wp-content\/uploads\/2018\/04\/packjuventudrenovado.jpg\",\"contentUrl\":\"https:\/\/cursodepnl.com\/exitosq\/wp-content\/uploads\/2018\/04\/packjuventudrenovado.jpg\",\"width\":980,\"height\":306},{\"@type\":\"BreadcrumbList\",\"@id\":\"https:\/\/cursodepnl.com\/exitosq\/comprar-audio-rejuvenecer\/#breadcrumb\",\"itemListElement\":[{\"@type\":\"ListItem\",\"position\":1,\"name\":\"Portada\",\"item\":\"https:\/\/cursodepnl.com\/exitosq\/\"},{\"@type\":\"ListItem\",\"position\":2,\"name\":\"Comprar Pack Rejuvenecer\"}]},{\"@type\":\"WebSite\",\"@id\":\"https:\/\/cursodepnl.com\/exitosq\/#website\",\"url\":\"https:\/\/cursodepnl.com\/exitosq\/\",\"name\":\"Exitosamente Sq\",\"description\":\"Exitosamente de Curso De PNL.com\",\"potentialAction\":[{\"@type\":\"SearchAction\",\"target\":{\"@type\":\"EntryPoint\",\"urlTemplate\":\"https:\/\/cursodepnl.com\/exitosq\/?s={search_term_string}\"},\"query-input\":{\"@type\":\"PropertyValueSpecification\",\"valueRequired\":true,\"valueName\":\"search_term_string\"}}],\"inLanguage\":\"es\"}]}<\/script>\n<!-- \/ Yoast SEO plugin. -->","yoast_head_json":{"title":"Comprar Pack Rejuvenecer - Exitosamente Sq","robots":{"index":"index","follow":"follow","max-snippet":"max-snippet:-1","max-image-preview":"max-image-preview:large","max-video-preview":"max-video-preview:-1"},"canonical":"https:\/\/cursodepnl.com\/exitosq\/comprar-audio-rejuvenecer\/","og_locale":"es_ES","og_type":"article","og_title":"Comprar Pack Rejuvenecer - Exitosamente Sq","og_description":"Cambia tu mente para adelgazar, rejuvenecer tu Cuerpo y Tu Mente y vivir sin estr\u00e9s, Natural y f\u00e1cilmente. [ez_three_fourth] En lugar de pagar 97 U$, lo tienes por 17 U$! Argentina: 477 pesos. I Chile: 12. 170 pesos I Colombia: 57.400 I M\u00e9xico: 331 pesos I Per\u00fa: 57 soles I Uruguay: 620 Otros pa\u00edses: al [&hellip;]","og_url":"https:\/\/cursodepnl.com\/exitosq\/comprar-audio-rejuvenecer\/","og_site_name":"Exitosamente Sq","article_publisher":"http:\/\/facebook.com\/pnlonline","article_modified_time":"2019-09-11T20:42:05+00:00","og_image":[{"width":980,"height":306,"url":"https:\/\/cursodepnl.com\/exitosq\/wp-content\/uploads\/2018\/04\/packjuventudrenovado.jpg","type":"image\/jpeg"}],"twitter_card":"summary_large_image","twitter_misc":{"Tiempo de lectura":"1 minuto"},"schema":{"@context":"https:\/\/schema.org","@graph":[{"@type":"WebPage","@id":"https:\/\/cursodepnl.com\/exitosq\/comprar-audio-rejuvenecer\/","url":"https:\/\/cursodepnl.com\/exitosq\/comprar-audio-rejuvenecer\/","name":"Comprar Pack Rejuvenecer - Exitosamente Sq","isPartOf":{"@id":"https:\/\/cursodepnl.com\/exitosq\/#website"},"primaryImageOfPage":{"@id":"https:\/\/cursodepnl.com\/exitosq\/comprar-audio-rejuvenecer\/#primaryimage"},"image":{"@id":"https:\/\/cursodepnl.com\/exitosq\/comprar-audio-rejuvenecer\/#primaryimage"},"thumbnailUrl":"https:\/\/cursodepnl.com\/exitosq\/wp-content\/uploads\/2018\/04\/packjuventudrenovado.jpg","datePublished":"2014-09-17T16:17:27+00:00","dateModified":"2019-09-11T20:42:05+00:00","breadcrumb":{"@id":"https:\/\/cursodepnl.com\/exitosq\/comprar-audio-rejuvenecer\/#breadcrumb"},"inLanguage":"es","potentialAction":[{"@type":"ReadAction","target":["https:\/\/cursodepnl.com\/exitosq\/comprar-audio-rejuvenecer\/"]}]},{"@type":"ImageObject","inLanguage":"es","@id":"https:\/\/cursodepnl.com\/exitosq\/comprar-audio-rejuvenecer\/#primaryimage","url":"https:\/\/cursodepnl.com\/exitosq\/wp-content\/uploads\/2018\/04\/packjuventudrenovado.jpg","contentUrl":"https:\/\/cursodepnl.com\/exitosq\/wp-content\/uploads\/2018\/04\/packjuventudrenovado.jpg","width":980,"height":306},{"@type":"BreadcrumbList","@id":"https:\/\/cursodepnl.com\/exitosq\/comprar-audio-rejuvenecer\/#breadcrumb","itemListElement":[{"@type":"ListItem","position":1,"name":"Portada","item":"https:\/\/cursodepnl.com\/exitosq\/"},{"@type":"ListItem","position":2,"name":"Comprar Pack Rejuvenecer"}]},{"@type":"WebSite","@id":"https:\/\/cursodepnl.com\/exitosq\/#website","url":"https:\/\/cursodepnl.com\/exitosq\/","name":"Exitosamente Sq","description":"Exitosamente de Curso De PNL.com","potentialAction":[{"@type":"SearchAction","target":{"@type":"EntryPoint","urlTemplate":"https:\/\/cursodepnl.com\/exitosq\/?s={search_term_string}"},"query-input":{"@type":"PropertyValueSpecification","valueRequired":true,"valueName":"search_term_string"}}],"inLanguage":"es"}]}},"_links":{"self":[{"href":"https:\/\/cursodepnl.com\/exitosq\/wp-json\/wp\/v2\/pages\/605","targetHints":{"allow":["GET"]}}],"collection":[{"href":"https:\/\/cursodepnl.com\/exitosq\/wp-json\/wp\/v2\/pages"}],"about":[{"href":"https:\/\/cursodepnl.com\/exitosq\/wp-json\/wp\/v2\/types\/page"}],"author":[{"embeddable":true,"href":"https:\/\/cursodepnl.com\/exitosq\/wp-json\/wp\/v2\/users\/1"}],"replies":[{"embeddable":true,"href":"https:\/\/cursodepnl.com\/exitosq\/wp-json\/wp\/v2\/comments?post=605"}],"version-history":[{"count":34,"href":"https:\/\/cursodepnl.com\/exitosq\/wp-json\/wp\/v2\/pages\/605\/revisions"}],"predecessor-version":[{"id":7580,"href":"https:\/\/cursodepnl.com\/exitosq\/wp-json\/wp\/v2\/pages\/605\/revisions\/7580"}],"wp:attachment":[{"href":"https:\/\/cursodepnl.com\/exitosq\/wp-json\/wp\/v2\/media?parent=605"}],"curies":[{"name":"wp","href":"https:\/\/api.w.org\/{rel}","templated":true}]}}