{"id":6079,"date":"2018-05-23T16:14:25","date_gmt":"2018-05-23T16:14:25","guid":{"rendered":"https:\/\/cursodepnl.com\/exitosq\/?page_id=6079"},"modified":"2020-11-16T20:16:54","modified_gmt":"2020-11-16T20:16:54","slug":"comprar-curso","status":"publish","type":"page","link":"https:\/\/cursodepnl.com\/exitosq\/comprar-curso\/","title":{"rendered":"Comprar Curso"},"content":{"rendered":"<p style=\"text-align: center;\"><img loading=\"lazy\" decoding=\"async\" class=\"aligncenter size-full wp-image-6086\" src=\"https:\/\/cursodepnl.com\/exitosq\/wp-content\/uploads\/2018\/05\/cursospago.jpg\" alt=\"cursospago\" width=\"749\" height=\"119\" srcset=\"https:\/\/cursodepnl.com\/exitosq\/wp-content\/uploads\/2018\/05\/cursospago.jpg 749w, https:\/\/cursodepnl.com\/exitosq\/wp-content\/uploads\/2018\/05\/cursospago-300x48.jpg 300w\" sizes=\"auto, (max-width: 749px) 100vw, 749px\" \/>[ez_three_fourth]<img loading=\"lazy\" decoding=\"async\" class=\"aligncenter size-full wp-image-6077\" src=\"https:\/\/cursodepnl.com\/exitosq\/wp-content\/uploads\/2018\/05\/pago.gif\" alt=\"pago\" width=\"583\" height=\"142\" \/><span style=\"font-family: helvetica;\">Elige tu pa\u00eds y tu medio de pago (clic en nombre de tu pa\u00eds)<\/span><strong><br \/>\n<\/strong><\/p>\n<p style=\"text-align: center;\">[ez_tabs tab1=&#8221;Argentina&#8221; tab2=&#8221;Chile&#8221; tab3=&#8221;Colombia&#8221; tab4=&#8221;M\u00e9xico&#8221; tab5=&#8221;Per\u00fa&#8221; tab6=&#8221;Uruguay&#8221; tab7=&#8221;Espa\u00f1a.&#8221; tab8=&#8221;Otros&#8221;]<\/p>\n<p>[ez_tab]<\/p>\n<p style=\"text-align: center;\">990 $ argentinos (opci\u00f3n de pago en cuotas)<\/p>\n<table border=\"0\" width=\"48%\">\n<tbody>\n<tr>\n<td width=\"33%\">\n<div align=\"center\"><strong><a href=\"https:\/\/cursodepnl.com\/exitosq\/tarjeta-argentina-curso-corto\/\" target=\"_blank\" rel=\"noopener noreferrer\">Tarjetas de Cr\u00e9dito<\/a><\/strong><\/div>\n<\/td>\n<td width=\"33%\">\n<div align=\"center\"><strong><a href=\"https:\/\/cursodepnl.com\/exitosq\/cupon-curso-corto\/\" target=\"_blank\" rel=\"noopener noreferrer\">RapiPago-Pago F\u00e1cil<\/a><\/strong><\/div>\n<\/td>\n<td width=\"33%\">\n<div align=\"center\"><strong><a href=\"https:\/\/cursodepnl.com\/exitosq\/datos-cuenta-2\/\" target=\"_blank\" rel=\"noopener noreferrer\">Transf. y Dep\u00f3sitos<\/a><\/strong><\/div>\n<\/td>\n<\/tr>\n<tr>\n<td>\n<div align=\"center\"><a href=\"https:\/\/cursodepnl.com\/exitosq\/tarjeta-argentina-curso-corto\/\" target=\"_blank\" rel=\"noopener noreferrer\"><img loading=\"lazy\" decoding=\"async\" src=\"https:\/\/cursodepnl.com\/exitosq\/wp-content\/uploads\/2016\/03\/tarjetaarg.jpg\" alt=\"\" width=\"135\" height=\"54\" \/><\/a><\/div>\n<\/td>\n<td>\n<div align=\"center\"><a href=\"https:\/\/cursodepnl.com\/exitosq\/cupon-curso-corto\/\" target=\"_blank\" rel=\"noopener noreferrer\"><img loading=\"lazy\" decoding=\"async\" src=\"https:\/\/cursodepnl.com\/exitosq\/wp-content\/uploads\/2016\/03\/rapipago.jpg\" alt=\"\" width=\"135\" height=\"54\" \/><\/a><\/div>\n<\/td>\n<td>\n<div align=\"center\"><a href=\"https:\/\/cursodepnl.com\/exitosq\/datos-cuenta-2\/\" target=\"_blank\" rel=\"noopener noreferrer\"><img loading=\"lazy\" decoding=\"async\" src=\"https:\/\/cursodepnl.com\/exitosq\/wp-content\/uploads\/2016\/03\/ctaarg.jpg\" alt=\"\" width=\"147\" height=\"59\" \/><\/a><\/div>\n<\/td>\n<\/tr>\n<\/tbody>\n<\/table>\n<p>[\/ez_tab]<\/p>\n<p>[ez_tab]<\/p>\n<p style=\"text-align: left;\"><strong>Chile<\/strong>: 13.100 pesos<\/p>\n<table border=\"0\" width=\"48%\">\n<tbody>\n<tr>\n<td width=\"33%\"><\/td>\n<td width=\"33%\">\n<div align=\"center\"><strong><a href=\"https:\/\/cursodepnl.com\/exitosq\/curso-corto-paypal\/\" target=\"_blank\" rel=\"noopener noreferrer\">Tarjeta de cr\u00e9dito<\/a><\/strong><\/div>\n<\/td>\n<td width=\"33%\">\n<div align=\"center\"><a href=\"https:\/\/cursodepnl.com\/exitosq\/datos-giro\/\" target=\"_blank\" rel=\"noopener noreferrer\"><strong>Western Union-<\/strong><\/a><\/div>\n<\/td>\n<\/tr>\n<tr>\n<td><\/td>\n<td>\n<div align=\"center\"><a href=\"https:\/\/cursodepnl.com\/exitosq\/curso-corto-paypal\/\" target=\"_blank\" rel=\"noopener noreferrer\"><img loading=\"lazy\" decoding=\"async\" src=\"https:\/\/cursodepnl.com\/exitosq\/wp-content\/uploads\/2016\/11\/paypal.jpg\" alt=\"\" width=\"149\" height=\"60\" \/><\/a><\/div>\n<\/td>\n<td>\n<div align=\"center\"><a href=\"https:\/\/cursodepnl.com\/exitosq\/datos-giro\/\"><img loading=\"lazy\" decoding=\"async\" class=\"aligncenter size-full wp-image-9064\" src=\"https:\/\/cursodepnl.com\/exitosq\/wp-content\/uploads\/2020\/11\/western-icono.png\" alt=\"\" width=\"151\" height=\"76\" \/><\/a><\/div>\n<\/td>\n<\/tr>\n<\/tbody>\n<\/table>\n<p>[\/ez_tab]<\/p>\n<p>[ez_tab]<\/p>\n<p style=\"text-align: left;\"><strong>Colombia<\/strong>: 62.000 pesos<\/p>\n<table border=\"0\" width=\"48%\">\n<tbody>\n<tr>\n<td width=\"33%\">\n<div align=\"center\"><\/div>\n<\/td>\n<td width=\"33%\">\n<div align=\"center\"><span style=\"font-size: 10pt;\"><strong><a href=\"https:\/\/cursodepnl.com\/exitosq\/curso-corto-paypal\/\" target=\"_blank\" rel=\"noopener noreferrer\">Tarjetas cr\u00e9dito o d\u00e9bito <\/a><\/strong><\/span><\/div>\n<\/td>\n<td width=\"33%\">\n<div align=\"center\"><span style=\"font-size: 10pt;\"><strong><a href=\"https:\/\/cursodepnl.com\/exitosq\/datos-giro\/\" target=\"_blank\" rel=\"noopener noreferrer\">Efectivo por Western Union- <\/a><\/strong><\/span><\/div>\n<\/td>\n<\/tr>\n<tr>\n<td>\n<div align=\"center\"><\/div>\n<\/td>\n<td>\n<div align=\"center\"><a href=\"https:\/\/cursodepnl.com\/exitosq\/curso-corto-paypal\/\" target=\"_blank\" rel=\"noopener noreferrer\"><img loading=\"lazy\" decoding=\"async\" src=\"https:\/\/cursodepnl.com\/exitosq\/wp-content\/uploads\/2016\/11\/paypal.jpg\" alt=\"\" width=\"142\" height=\"57\" \/><\/a><\/div>\n<\/td>\n<td>\n<div align=\"center\"><a href=\"https:\/\/cursodepnl.com\/exitosq\/datos-giro\/\"><img loading=\"lazy\" decoding=\"async\" class=\"aligncenter size-full wp-image-9064\" src=\"https:\/\/cursodepnl.com\/exitosq\/wp-content\/uploads\/2020\/11\/western-icono.png\" alt=\"\" width=\"151\" height=\"76\" \/><\/a><\/div>\n<\/td>\n<\/tr>\n<\/tbody>\n<\/table>\n<p>[\/ez_tab]<\/p>\n<p>[ez_tab]<\/p>\n<p style=\"text-align: center;\"><strong>M\u00e9xico<\/strong>:  345 pesos<\/p>\n<table border=\"0\" width=\"48%\">\n<tbody>\n<tr>\n<td width=\"33%\">\n<div align=\"center\"><\/div>\n<\/td>\n<td width=\"33%\">\n<div align=\"center\"><strong><a href=\"https:\/\/cursodepnl.com\/exitosq\/curso-corto-paypal-mx\/\" target=\"_blank\" rel=\"noopener noreferrer\">Tarjetas de cr\u00e9dito<\/a> <a href=\"https:\/\/cursodepnl.com\/exitosq\/curso-corto-paypal-mx\/\">o <\/a><\/strong><b>d\u00e9bito<\/b><\/div>\n<\/td>\n<td width=\"33%\">\n<div align=\"center\"><strong><a href=\"https:\/\/cursodepnl.com\/exitosq\/datos-giro\/\" target=\"_blank\" rel=\"noopener noreferrer\">Western Union- <\/a><\/strong><\/div>\n<\/td>\n<\/tr>\n<tr>\n<td>\n<div align=\"center\"><\/div>\n<\/td>\n<td>\n<div align=\"center\"><a href=\"https:\/\/cursodepnl.com\/exitosq\/curso-corto-paypal-mx\/\" target=\"_blank\" rel=\"noopener noreferrer\"><img loading=\"lazy\" decoding=\"async\" src=\"https:\/\/cursodepnl.com\/exitosq\/wp-content\/uploads\/2016\/11\/paypal.jpg\" alt=\"\" width=\"152\" height=\"61\" \/><\/a><\/div>\n<\/td>\n<td>\n<div align=\"center\"><a href=\"https:\/\/cursodepnl.com\/exitosq\/datos-giro\/\"><img loading=\"lazy\" decoding=\"async\" class=\"aligncenter size-full wp-image-9064\" src=\"https:\/\/cursodepnl.com\/exitosq\/wp-content\/uploads\/2020\/11\/western-icono.png\" alt=\"\" width=\"151\" height=\"76\" \/><\/a><\/div>\n<\/td>\n<\/tr>\n<\/tbody>\n<\/table>\n<p>[\/ez_tab][ez_tab]<\/p>\n<p style=\"text-align: center;\"><strong>Per\u00fa<\/strong>:    62 soles<\/p>\n<table border=\"0\" width=\"48%\">\n<tbody>\n<tr>\n<td width=\"33%\">\n<div align=\"center\"><\/div>\n<\/td>\n<td width=\"33%\">\n<div align=\"center\"><span style=\"font-size: 10pt;\"><strong><a href=\"https:\/\/cursodepnl.com\/exitosq\/curso-corto-paypal\/\" target=\"_blank\" rel=\"noopener noreferrer\">Tarjetas de cr\u00e9dito o d\u00e9bito v\u00eda paypal<\/a><\/strong><\/span><\/div>\n<\/td>\n<td width=\"33%\">\n<div align=\"center\"><span style=\"font-size: 10pt;\"><strong><a href=\"https:\/\/cursodepnl.com\/exitosq\/datos-giro\/\">En efectivo por w<\/a><a href=\"https:\/\/cursodepnl.com\/exitosq\/datos-giro\/\" target=\"_blank\" rel=\"noopener noreferrer\">estern Union- <\/a><\/strong><\/span><\/div>\n<\/td>\n<\/tr>\n<tr>\n<td>\n<div align=\"center\"><\/div>\n<\/td>\n<td>\n<div align=\"center\"><a href=\"https:\/\/cursodepnl.com\/exitosq\/curso-corto-paypal\/\" target=\"_blank\" rel=\"noopener noreferrer\"><img loading=\"lazy\" decoding=\"async\" src=\"https:\/\/cursodepnl.com\/exitosq\/wp-content\/uploads\/2016\/11\/paypal.jpg\" alt=\"\" width=\"149\" height=\"60\" \/><\/a><\/div>\n<\/td>\n<td>\n<div align=\"center\"><a href=\"https:\/\/cursodepnl.com\/exitosq\/datos-giro\/\"><img loading=\"lazy\" decoding=\"async\" class=\"aligncenter size-full wp-image-9064\" src=\"https:\/\/cursodepnl.com\/exitosq\/wp-content\/uploads\/2020\/11\/western-icono.png\" alt=\"\" width=\"151\" height=\"76\" \/><\/a><\/div>\n<\/p>\n<\/td>\n<\/tr>\n<\/tbody>\n<\/table>\n<p>[\/ez_tab]<\/p>\n<p>[ez_tab]<\/p>\n<p style=\"text-align: center;\"><strong>Uruguay<\/strong>: 730  pesos uruguayos<\/p>\n<table border=\"0\" width=\"48%\">\n<tbody>\n<tr>\n<td width=\"50%\">\n<div align=\"center\"><strong><a href=\"https:\/\/cursodepnl.com\/exitosq\/curso-corto-paypal\/\" target=\"_blank\" rel=\"noopener noreferrer\">Tarjetas de Cr\u00e9dito &#8211; <\/a><\/strong><\/div>\n<\/td>\n<td width=\"50%\">\n<div align=\"center\"><strong><a href=\"https:\/\/cursodepnl.com\/exitosq\/datos-giro\/\" target=\"_blank\" rel=\"noopener noreferrer\">Western Union- <\/a><\/strong><\/div>\n<\/td>\n<\/tr>\n<tr>\n<td>\n<div align=\"center\"><a href=\"https:\/\/cursodepnl.com\/exitosq\/curso-corto-paypal\/\" target=\"_blank\" rel=\"noopener noreferrer\"><img decoding=\"async\" src=\"https:\/\/cursodepnl.com\/exitosq\/wp-content\/uploads\/2016\/11\/paypal.jpg\" alt=\"\" \/><\/a><\/div>\n<\/td>\n<td>\n<div align=\"center\"><a href=\"https:\/\/cursodepnl.com\/exitosq\/datos-giro\/\"><img loading=\"lazy\" decoding=\"async\" class=\"aligncenter size-full wp-image-9064\" src=\"https:\/\/cursodepnl.com\/exitosq\/wp-content\/uploads\/2020\/11\/western-icono.png\" alt=\"\" width=\"151\" height=\"76\" \/><\/a><\/div>\n<\/td>\n<\/tr>\n<\/tbody>\n<\/table>\n<p>[\/ez_tab]<\/p>\n<p>[ez_tab]<\/p>\n<p><strong><span style=\"color: #3366ff;\"><span style=\"color: #000000;\">Espa\u00f1a: <\/span><\/span><\/strong><span style=\"color: #3366ff;\"><span style=\"color: #000000;\">17 euros<\/span><\/span><\/p>\n<table border=\"0\" width=\"48%\">\n<tbody>\n<tr>\n<td width=\"50%\">\n<div align=\"center\"><strong><a href=\"https:\/\/cursodepnl.com\/exitosq\/curso-pnl-paypal-euros\/\" target=\"_blank\" rel=\"noopener noreferrer\">Tarjetas de Cr\u00e9dito &#8211; <\/a><\/strong><\/div>\n<\/td>\n<td width=\"50%\">\n<div align=\"center\"><strong><a href=\"https:\/\/cursodepnl.com\/exitosq\/datos-giro\/\" target=\"_blank\" rel=\"noopener noreferrer\">Western Union-<\/a><\/strong><\/div>\n<\/td>\n<\/tr>\n<tr>\n<td>\n<div align=\"center\"><a href=\"https:\/\/cursodepnl.com\/exitosq\/curso-corto-paypal\/\" target=\"_blank\" rel=\"noopener noreferrer\"><img decoding=\"async\" src=\"https:\/\/cursodepnl.com\/exitosq\/wp-content\/uploads\/2016\/11\/paypal.jpg\" alt=\"\" \/><\/a><\/div>\n<\/td>\n<td>\n<div align=\"center\"><a href=\"https:\/\/cursodepnl.com\/exitosq\/datos-giro\/\"><img loading=\"lazy\" decoding=\"async\" class=\"aligncenter size-full wp-image-9064\" src=\"https:\/\/cursodepnl.com\/exitosq\/wp-content\/uploads\/2020\/11\/western-icono.png\" alt=\"\" width=\"151\" height=\"76\" \/><\/a><\/div>\n<\/td>\n<\/tr>\n<\/tbody>\n<\/table>\n<p>[\/ez_tab]<\/p>\n<p>[ez_tab]<\/p>\n<p>Otros pa\u00edses: 17 U$ o equivalente en moneda local<\/p>\n<table border=\"0\" width=\"48%\">\n<tbody>\n<tr>\n<td width=\"50%\">\n<div align=\"center\"><strong><a href=\"https:\/\/cursodepnl.com\/exitosq\/curso-corto-paypal\/\" target=\"_blank\" rel=\"noopener noreferrer\">Tarjetas de Cr\u00e9dito &#8211; <\/a><\/strong><\/div>\n<\/td>\n<td width=\"50%\">\n<div align=\"center\"><strong><a href=\"https:\/\/cursodepnl.com\/exitosq\/datos-giro\/\" target=\"_blank\" rel=\"noopener noreferrer\">Western Union- <\/a><\/strong><\/div>\n<\/td>\n<\/tr>\n<tr>\n<td>\n<div align=\"center\"><a href=\"https:\/\/cursodepnl.com\/exitosq\/curso-corto-paypal\/\" target=\"_blank\" rel=\"noopener noreferrer\"><img decoding=\"async\" src=\"https:\/\/cursodepnl.com\/exitosq\/wp-content\/uploads\/2016\/11\/paypal.jpg\" alt=\"\" \/><\/a><\/div>\n<\/td>\n<td>\n<div align=\"center\"><a href=\"https:\/\/cursodepnl.com\/exitosq\/datos-giro\/\"><img loading=\"lazy\" decoding=\"async\" class=\"aligncenter size-full wp-image-9064\" src=\"https:\/\/cursodepnl.com\/exitosq\/wp-content\/uploads\/2020\/11\/western-icono.png\" alt=\"\" width=\"151\" height=\"76\" \/><\/a><\/div>\n<\/td>\n<\/tr>\n<\/tbody>\n<\/table>\n<p>[\/ez_tab]<br \/>\n[\/ez_tabs]<br \/>\n[\/ez_three_fourth]<br \/>\n[ez_one_fourth_last]<br \/>\n<span style=\"color: #3366ff;\"><strong>               TESTIMONIOS<\/strong><\/span><\/p>\n<div class=\"rounded-grey-box\" style=\"width: 70%; margin: 5px auto 20px;\">\n<p><span style=\"font-size: 10pt;\">Hola Sof\u00eda, estoy feliz y quer\u00eda agradecerte,porque mucho me han guiado y ayudado tus lecciones &#8230;ya que hay por ah\u00ed mucha teor\u00eda,&#8230;mas tus clases son espec\u00edficas y muy pr\u00e1cticas,en unos meses he realizado metas que hac\u00eda a\u00f1os deseaba y no pod\u00eda concretar&#8230;muchas gracias Sof\u00eda cumpliste con lo prometido me das mucho m\u00e1s de lo que invierto,un abrazo. E<\/span><span style=\"font-size: 10pt;\">stela, Uruguay<\/span><\/p>\n<\/div>\n<div class=\"rounded-blue-box\" style=\"width: 70%; margin: 5px auto 20px;\">\n<p><span style=\"font-size: 10pt;\">&#8220;&#8230;respecto al curso si es muy interesante me ha cambiado mi vida y mucho incluso a mis nietos le he estado ense\u00f1ando ciertas aplicaciones a mis hijos ya profesionales y lo he recomendado para el desarrollo personal&#8221; Guillermo, Argentina<\/span><\/p>\n<\/div>\n<p>[\/ez_one_fourth_last]<\/p>\n","protected":false},"excerpt":{"rendered":"<p>[ez_three_fourth]Elige tu pa\u00eds y tu medio de pago (clic en nombre de tu pa\u00eds) [ez_tabs tab1=&#8221;Argentina&#8221; tab2=&#8221;Chile&#8221; tab3=&#8221;Colombia&#8221; tab4=&#8221;M\u00e9xico&#8221; tab5=&#8221;Per\u00fa&#8221; tab6=&#8221;Uruguay&#8221; tab7=&#8221;Espa\u00f1a.&#8221; tab8=&#8221;Otros&#8221;] [ez_tab] 990 $ argentinos (opci\u00f3n de pago en cuotas) Tarjetas de Cr\u00e9dito RapiPago-Pago F\u00e1cil Transf. y Dep\u00f3sitos [\/ez_tab] [ez_tab] Chile: 13.100 pesos Tarjeta de cr\u00e9dito Western Union- [\/ez_tab] [ez_tab] Colombia: 62.000 pesos [&hellip;]<\/p>\n","protected":false},"author":1,"featured_media":0,"parent":0,"menu_order":0,"comment_status":"open","ping_status":"open","template":"","meta":{"_joinchat":[],"footnotes":""},"class_list":["post-6079","page","type-page","status-publish","hentry"],"yoast_head":"<!-- This site is optimized with the Yoast SEO plugin v25.4 - https:\/\/yoast.com\/wordpress\/plugins\/seo\/ -->\n<title>Comprar Curso - Exitosamente Sq<\/title>\n<meta name=\"robots\" content=\"index, follow, max-snippet:-1, max-image-preview:large, max-video-preview:-1\" \/>\n<link rel=\"canonical\" href=\"https:\/\/cursodepnl.com\/exitosq\/comprar-curso\/\" \/>\n<meta property=\"og:locale\" content=\"es_ES\" \/>\n<meta property=\"og:type\" content=\"article\" \/>\n<meta property=\"og:title\" content=\"Comprar Curso - Exitosamente Sq\" \/>\n<meta property=\"og:description\" content=\"[ez_three_fourth]Elige tu pa\u00eds y tu medio de pago (clic en nombre de tu pa\u00eds) [ez_tabs tab1=&#8221;Argentina&#8221; tab2=&#8221;Chile&#8221; tab3=&#8221;Colombia&#8221; tab4=&#8221;M\u00e9xico&#8221; tab5=&#8221;Per\u00fa&#8221; tab6=&#8221;Uruguay&#8221; tab7=&#8221;Espa\u00f1a.&#8221; tab8=&#8221;Otros&#8221;] [ez_tab] 990 $ argentinos (opci\u00f3n de pago en cuotas) Tarjetas de Cr\u00e9dito RapiPago-Pago F\u00e1cil Transf. y Dep\u00f3sitos [\/ez_tab] [ez_tab] Chile: 13.100 pesos Tarjeta de cr\u00e9dito Western Union- [\/ez_tab] [ez_tab] Colombia: 62.000 pesos [&hellip;]\" \/>\n<meta property=\"og:url\" content=\"https:\/\/cursodepnl.com\/exitosq\/comprar-curso\/\" \/>\n<meta property=\"og:site_name\" content=\"Exitosamente Sq\" \/>\n<meta property=\"article:publisher\" content=\"http:\/\/facebook.com\/pnlonline\" \/>\n<meta property=\"article:modified_time\" content=\"2020-11-16T20:16:54+00:00\" \/>\n<meta property=\"og:image\" content=\"https:\/\/cursodepnl.com\/exitosq\/wp-content\/uploads\/2018\/05\/cursospago.jpg\" \/>\n\t<meta property=\"og:image:width\" content=\"749\" \/>\n\t<meta property=\"og:image:height\" content=\"119\" \/>\n\t<meta property=\"og:image:type\" content=\"image\/jpeg\" \/>\n<meta name=\"twitter:card\" content=\"summary_large_image\" \/>\n<meta name=\"twitter:label1\" content=\"Tiempo de lectura\" \/>\n\t<meta name=\"twitter:data1\" content=\"2 minutos\" \/>\n<script type=\"application\/ld+json\" class=\"yoast-schema-graph\">{\"@context\":\"https:\/\/schema.org\",\"@graph\":[{\"@type\":\"WebPage\",\"@id\":\"https:\/\/cursodepnl.com\/exitosq\/comprar-curso\/\",\"url\":\"https:\/\/cursodepnl.com\/exitosq\/comprar-curso\/\",\"name\":\"Comprar Curso - Exitosamente Sq\",\"isPartOf\":{\"@id\":\"https:\/\/cursodepnl.com\/exitosq\/#website\"},\"primaryImageOfPage\":{\"@id\":\"https:\/\/cursodepnl.com\/exitosq\/comprar-curso\/#primaryimage\"},\"image\":{\"@id\":\"https:\/\/cursodepnl.com\/exitosq\/comprar-curso\/#primaryimage\"},\"thumbnailUrl\":\"https:\/\/cursodepnl.com\/exitosq\/wp-content\/uploads\/2018\/05\/cursospago.jpg\",\"datePublished\":\"2018-05-23T16:14:25+00:00\",\"dateModified\":\"2020-11-16T20:16:54+00:00\",\"breadcrumb\":{\"@id\":\"https:\/\/cursodepnl.com\/exitosq\/comprar-curso\/#breadcrumb\"},\"inLanguage\":\"es\",\"potentialAction\":[{\"@type\":\"ReadAction\",\"target\":[\"https:\/\/cursodepnl.com\/exitosq\/comprar-curso\/\"]}]},{\"@type\":\"ImageObject\",\"inLanguage\":\"es\",\"@id\":\"https:\/\/cursodepnl.com\/exitosq\/comprar-curso\/#primaryimage\",\"url\":\"https:\/\/cursodepnl.com\/exitosq\/wp-content\/uploads\/2018\/05\/cursospago.jpg\",\"contentUrl\":\"https:\/\/cursodepnl.com\/exitosq\/wp-content\/uploads\/2018\/05\/cursospago.jpg\",\"width\":749,\"height\":119},{\"@type\":\"BreadcrumbList\",\"@id\":\"https:\/\/cursodepnl.com\/exitosq\/comprar-curso\/#breadcrumb\",\"itemListElement\":[{\"@type\":\"ListItem\",\"position\":1,\"name\":\"Portada\",\"item\":\"https:\/\/cursodepnl.com\/exitosq\/\"},{\"@type\":\"ListItem\",\"position\":2,\"name\":\"Comprar Curso\"}]},{\"@type\":\"WebSite\",\"@id\":\"https:\/\/cursodepnl.com\/exitosq\/#website\",\"url\":\"https:\/\/cursodepnl.com\/exitosq\/\",\"name\":\"Exitosamente Sq\",\"description\":\"Exitosamente de Curso De PNL.com\",\"potentialAction\":[{\"@type\":\"SearchAction\",\"target\":{\"@type\":\"EntryPoint\",\"urlTemplate\":\"https:\/\/cursodepnl.com\/exitosq\/?s={search_term_string}\"},\"query-input\":{\"@type\":\"PropertyValueSpecification\",\"valueRequired\":true,\"valueName\":\"search_term_string\"}}],\"inLanguage\":\"es\"}]}<\/script>\n<!-- \/ Yoast SEO plugin. -->","yoast_head_json":{"title":"Comprar Curso - Exitosamente Sq","robots":{"index":"index","follow":"follow","max-snippet":"max-snippet:-1","max-image-preview":"max-image-preview:large","max-video-preview":"max-video-preview:-1"},"canonical":"https:\/\/cursodepnl.com\/exitosq\/comprar-curso\/","og_locale":"es_ES","og_type":"article","og_title":"Comprar Curso - Exitosamente Sq","og_description":"[ez_three_fourth]Elige tu pa\u00eds y tu medio de pago (clic en nombre de tu pa\u00eds) [ez_tabs tab1=&#8221;Argentina&#8221; tab2=&#8221;Chile&#8221; tab3=&#8221;Colombia&#8221; tab4=&#8221;M\u00e9xico&#8221; tab5=&#8221;Per\u00fa&#8221; tab6=&#8221;Uruguay&#8221; tab7=&#8221;Espa\u00f1a.&#8221; tab8=&#8221;Otros&#8221;] [ez_tab] 990 $ argentinos (opci\u00f3n de pago en cuotas) Tarjetas de Cr\u00e9dito RapiPago-Pago F\u00e1cil Transf. y Dep\u00f3sitos [\/ez_tab] [ez_tab] Chile: 13.100 pesos Tarjeta de cr\u00e9dito Western Union- [\/ez_tab] [ez_tab] Colombia: 62.000 pesos [&hellip;]","og_url":"https:\/\/cursodepnl.com\/exitosq\/comprar-curso\/","og_site_name":"Exitosamente Sq","article_publisher":"http:\/\/facebook.com\/pnlonline","article_modified_time":"2020-11-16T20:16:54+00:00","og_image":[{"width":749,"height":119,"url":"https:\/\/cursodepnl.com\/exitosq\/wp-content\/uploads\/2018\/05\/cursospago.jpg","type":"image\/jpeg"}],"twitter_card":"summary_large_image","twitter_misc":{"Tiempo de lectura":"2 minutos"},"schema":{"@context":"https:\/\/schema.org","@graph":[{"@type":"WebPage","@id":"https:\/\/cursodepnl.com\/exitosq\/comprar-curso\/","url":"https:\/\/cursodepnl.com\/exitosq\/comprar-curso\/","name":"Comprar Curso - Exitosamente Sq","isPartOf":{"@id":"https:\/\/cursodepnl.com\/exitosq\/#website"},"primaryImageOfPage":{"@id":"https:\/\/cursodepnl.com\/exitosq\/comprar-curso\/#primaryimage"},"image":{"@id":"https:\/\/cursodepnl.com\/exitosq\/comprar-curso\/#primaryimage"},"thumbnailUrl":"https:\/\/cursodepnl.com\/exitosq\/wp-content\/uploads\/2018\/05\/cursospago.jpg","datePublished":"2018-05-23T16:14:25+00:00","dateModified":"2020-11-16T20:16:54+00:00","breadcrumb":{"@id":"https:\/\/cursodepnl.com\/exitosq\/comprar-curso\/#breadcrumb"},"inLanguage":"es","potentialAction":[{"@type":"ReadAction","target":["https:\/\/cursodepnl.com\/exitosq\/comprar-curso\/"]}]},{"@type":"ImageObject","inLanguage":"es","@id":"https:\/\/cursodepnl.com\/exitosq\/comprar-curso\/#primaryimage","url":"https:\/\/cursodepnl.com\/exitosq\/wp-content\/uploads\/2018\/05\/cursospago.jpg","contentUrl":"https:\/\/cursodepnl.com\/exitosq\/wp-content\/uploads\/2018\/05\/cursospago.jpg","width":749,"height":119},{"@type":"BreadcrumbList","@id":"https:\/\/cursodepnl.com\/exitosq\/comprar-curso\/#breadcrumb","itemListElement":[{"@type":"ListItem","position":1,"name":"Portada","item":"https:\/\/cursodepnl.com\/exitosq\/"},{"@type":"ListItem","position":2,"name":"Comprar Curso"}]},{"@type":"WebSite","@id":"https:\/\/cursodepnl.com\/exitosq\/#website","url":"https:\/\/cursodepnl.com\/exitosq\/","name":"Exitosamente Sq","description":"Exitosamente de Curso De PNL.com","potentialAction":[{"@type":"SearchAction","target":{"@type":"EntryPoint","urlTemplate":"https:\/\/cursodepnl.com\/exitosq\/?s={search_term_string}"},"query-input":{"@type":"PropertyValueSpecification","valueRequired":true,"valueName":"search_term_string"}}],"inLanguage":"es"}]}},"_links":{"self":[{"href":"https:\/\/cursodepnl.com\/exitosq\/wp-json\/wp\/v2\/pages\/6079","targetHints":{"allow":["GET"]}}],"collection":[{"href":"https:\/\/cursodepnl.com\/exitosq\/wp-json\/wp\/v2\/pages"}],"about":[{"href":"https:\/\/cursodepnl.com\/exitosq\/wp-json\/wp\/v2\/types\/page"}],"author":[{"embeddable":true,"href":"https:\/\/cursodepnl.com\/exitosq\/wp-json\/wp\/v2\/users\/1"}],"replies":[{"embeddable":true,"href":"https:\/\/cursodepnl.com\/exitosq\/wp-json\/wp\/v2\/comments?post=6079"}],"version-history":[{"count":12,"href":"https:\/\/cursodepnl.com\/exitosq\/wp-json\/wp\/v2\/pages\/6079\/revisions"}],"predecessor-version":[{"id":9109,"href":"https:\/\/cursodepnl.com\/exitosq\/wp-json\/wp\/v2\/pages\/6079\/revisions\/9109"}],"wp:attachment":[{"href":"https:\/\/cursodepnl.com\/exitosq\/wp-json\/wp\/v2\/media?parent=6079"}],"curies":[{"name":"wp","href":"https:\/\/api.w.org\/{rel}","templated":true}]}}