{"id":6091,"date":"2018-05-23T16:41:40","date_gmt":"2018-05-23T16:41:40","guid":{"rendered":"https:\/\/cursodepnl.com\/exitosq\/?page_id=6091"},"modified":"2020-11-16T14:59:53","modified_gmt":"2020-11-16T14:59:53","slug":"cupon-curso-corto","status":"publish","type":"page","link":"https:\/\/cursodepnl.com\/exitosq\/cupon-curso-corto\/","title":{"rendered":"Cupon Curso Corto"},"content":{"rendered":"<p><img decoding=\"async\" class=\"aligncenter\" src=\"https:\/\/cursodepnl.com\/exitosq\/wp-content\/uploads\/2018\/05\/cursospago.jpg\" alt=\"cursospago\"><img loading=\"lazy\" decoding=\"async\" class=\"aligncenter\" title=\"barra2\" src=\"http:\/\/cursodepnl.com\/wp-content\/uploads\/2010\/12\/barra21.gif\" alt=\"barra2\" width=\"657\" height=\"40\"><\/p>\n<p><img loading=\"lazy\" decoding=\"async\" class=\"aligncenter\" src=\"https:\/\/cursodepnl.com\/wp-content\/uploads\/2012\/11\/pagof.gif\" width=\"432\" height=\"71\"><\/p>\n<p><span style=\"font-family: helvetica;\"><span style=\"font-size: 10pt;\"><span style=\"font-family: helvetica;\"><b style=\"font-size: 10pt;\">Ingres\u00e1&nbsp; al siguiente bot\u00f3n y cuando haces clic <\/b><span style=\"font-size: 13.3333px;\"><b>eleg\u00ed<\/b><\/span><b style=\"font-size: 10pt;\"> la <\/b><span style=\"font-size: 13.3333px;\"><b>opci\u00f3n<\/b><\/span><b style=\"font-size: 10pt;\"> de pago en efectivo para <\/b><span style=\"font-size: 13.3333px;\"><b>generar<\/b><\/span><span style=\"font-size: 10pt;\"><b style=\"font-family: helvetica; font-size: 10pt;\"> tu <\/b><span style=\"font-family: helvetica;\"><span style=\"font-size: 13.3333px;\"><b>cup\u00f3n<\/b><\/span><\/span><b style=\"font-family: helvetica; font-size: 10pt;\"> de <\/b><span style=\"font-family: helvetica;\"><span style=\"font-size: 13.3333px;\"><b>pago<\/b><\/span><\/span><b style=\"font-family: helvetica; font-size: 10pt;\">&nbsp;<\/b><span style=\"font-family: helvetica;\"><span style=\"font-size: 13.3333px;\"><b>personalizado<\/b><\/span><\/span><b style=\"font-family: helvetica; font-size: 10pt;\">. Apenas pagas nos llega el aviso <\/b><span style=\"font-family: helvetica;\"><span style=\"font-size: 13.3333px;\"><b>autom\u00e1tico<\/b><\/span><\/span><b style=\"font-family: helvetica; font-size: 10pt;\"> de tu pago y te enviamos tu acceso al curso.<br><\/b><\/span><\/span><\/span><\/span><\/p>\n<script src=\"https:\/\/www.mercadopago.com.ar\/integrations\/v1\/web-payment-checkout.js\" data-preference-id=\"247740434-7b209525-00c1-4fb2-9e7b-886e468b48db\">\n<\/script>\n\n","protected":false},"excerpt":{"rendered":"<p>Ingres\u00e1&nbsp; al siguiente bot\u00f3n y cuando haces clic eleg\u00ed la opci\u00f3n de pago en efectivo para generar tu cup\u00f3n de pago&nbsp;personalizado. Apenas pagas nos llega el aviso autom\u00e1tico de tu pago y te enviamos tu acceso al curso.<\/p>\n","protected":false},"author":1,"featured_media":0,"parent":0,"menu_order":0,"comment_status":"closed","ping_status":"closed","template":"","meta":{"_joinchat":[],"footnotes":""},"class_list":["post-6091","page","type-page","status-publish","hentry"],"yoast_head":"<!-- This site is optimized with the Yoast SEO plugin v25.4 - https:\/\/yoast.com\/wordpress\/plugins\/seo\/ -->\n<title>Cupon Curso Corto - Exitosamente Sq<\/title>\n<meta name=\"robots\" content=\"index, follow, max-snippet:-1, max-image-preview:large, max-video-preview:-1\" \/>\n<link rel=\"canonical\" href=\"https:\/\/cursodepnl.com\/exitosq\/cupon-curso-corto\/\" \/>\n<meta property=\"og:locale\" content=\"es_ES\" \/>\n<meta property=\"og:type\" content=\"article\" \/>\n<meta property=\"og:title\" content=\"Cupon Curso Corto - Exitosamente Sq\" \/>\n<meta property=\"og:description\" content=\"Ingres\u00e1&nbsp; al siguiente bot\u00f3n y cuando haces clic eleg\u00ed la opci\u00f3n de pago en efectivo para generar tu cup\u00f3n de pago&nbsp;personalizado. Apenas pagas nos llega el aviso autom\u00e1tico de tu pago y te enviamos tu acceso al curso.\" \/>\n<meta property=\"og:url\" content=\"https:\/\/cursodepnl.com\/exitosq\/cupon-curso-corto\/\" \/>\n<meta property=\"og:site_name\" content=\"Exitosamente Sq\" \/>\n<meta property=\"article:publisher\" content=\"http:\/\/facebook.com\/pnlonline\" \/>\n<meta property=\"article:modified_time\" content=\"2020-11-16T14:59:53+00:00\" \/>\n<meta property=\"og:image\" content=\"https:\/\/cursodepnl.com\/exitosq\/wp-content\/uploads\/2018\/05\/cursospago.jpg\" \/>\n<meta name=\"twitter:card\" content=\"summary_large_image\" \/>\n<script type=\"application\/ld+json\" class=\"yoast-schema-graph\">{\"@context\":\"https:\/\/schema.org\",\"@graph\":[{\"@type\":\"WebPage\",\"@id\":\"https:\/\/cursodepnl.com\/exitosq\/cupon-curso-corto\/\",\"url\":\"https:\/\/cursodepnl.com\/exitosq\/cupon-curso-corto\/\",\"name\":\"Cupon Curso Corto - Exitosamente Sq\",\"isPartOf\":{\"@id\":\"https:\/\/cursodepnl.com\/exitosq\/#website\"},\"primaryImageOfPage\":{\"@id\":\"https:\/\/cursodepnl.com\/exitosq\/cupon-curso-corto\/#primaryimage\"},\"image\":{\"@id\":\"https:\/\/cursodepnl.com\/exitosq\/cupon-curso-corto\/#primaryimage\"},\"thumbnailUrl\":\"https:\/\/cursodepnl.com\/exitosq\/wp-content\/uploads\/2018\/05\/cursospago.jpg\",\"datePublished\":\"2018-05-23T16:41:40+00:00\",\"dateModified\":\"2020-11-16T14:59:53+00:00\",\"breadcrumb\":{\"@id\":\"https:\/\/cursodepnl.com\/exitosq\/cupon-curso-corto\/#breadcrumb\"},\"inLanguage\":\"es\",\"potentialAction\":[{\"@type\":\"ReadAction\",\"target\":[\"https:\/\/cursodepnl.com\/exitosq\/cupon-curso-corto\/\"]}]},{\"@type\":\"ImageObject\",\"inLanguage\":\"es\",\"@id\":\"https:\/\/cursodepnl.com\/exitosq\/cupon-curso-corto\/#primaryimage\",\"url\":\"https:\/\/cursodepnl.com\/exitosq\/wp-content\/uploads\/2018\/05\/cursospago.jpg\",\"contentUrl\":\"https:\/\/cursodepnl.com\/exitosq\/wp-content\/uploads\/2018\/05\/cursospago.jpg\",\"width\":749,\"height\":119},{\"@type\":\"BreadcrumbList\",\"@id\":\"https:\/\/cursodepnl.com\/exitosq\/cupon-curso-corto\/#breadcrumb\",\"itemListElement\":[{\"@type\":\"ListItem\",\"position\":1,\"name\":\"Portada\",\"item\":\"https:\/\/cursodepnl.com\/exitosq\/\"},{\"@type\":\"ListItem\",\"position\":2,\"name\":\"Cupon Curso Corto\"}]},{\"@type\":\"WebSite\",\"@id\":\"https:\/\/cursodepnl.com\/exitosq\/#website\",\"url\":\"https:\/\/cursodepnl.com\/exitosq\/\",\"name\":\"Exitosamente Sq\",\"description\":\"Exitosamente de Curso De PNL.com\",\"potentialAction\":[{\"@type\":\"SearchAction\",\"target\":{\"@type\":\"EntryPoint\",\"urlTemplate\":\"https:\/\/cursodepnl.com\/exitosq\/?s={search_term_string}\"},\"query-input\":{\"@type\":\"PropertyValueSpecification\",\"valueRequired\":true,\"valueName\":\"search_term_string\"}}],\"inLanguage\":\"es\"}]}<\/script>\n<!-- \/ Yoast SEO plugin. -->","yoast_head_json":{"title":"Cupon Curso Corto - Exitosamente Sq","robots":{"index":"index","follow":"follow","max-snippet":"max-snippet:-1","max-image-preview":"max-image-preview:large","max-video-preview":"max-video-preview:-1"},"canonical":"https:\/\/cursodepnl.com\/exitosq\/cupon-curso-corto\/","og_locale":"es_ES","og_type":"article","og_title":"Cupon Curso Corto - Exitosamente Sq","og_description":"Ingres\u00e1&nbsp; al siguiente bot\u00f3n y cuando haces clic eleg\u00ed la opci\u00f3n de pago en efectivo para generar tu cup\u00f3n de pago&nbsp;personalizado. Apenas pagas nos llega el aviso autom\u00e1tico de tu pago y te enviamos tu acceso al curso.","og_url":"https:\/\/cursodepnl.com\/exitosq\/cupon-curso-corto\/","og_site_name":"Exitosamente Sq","article_publisher":"http:\/\/facebook.com\/pnlonline","article_modified_time":"2020-11-16T14:59:53+00:00","og_image":[{"url":"https:\/\/cursodepnl.com\/exitosq\/wp-content\/uploads\/2018\/05\/cursospago.jpg","type":"","width":"","height":""}],"twitter_card":"summary_large_image","schema":{"@context":"https:\/\/schema.org","@graph":[{"@type":"WebPage","@id":"https:\/\/cursodepnl.com\/exitosq\/cupon-curso-corto\/","url":"https:\/\/cursodepnl.com\/exitosq\/cupon-curso-corto\/","name":"Cupon Curso Corto - Exitosamente Sq","isPartOf":{"@id":"https:\/\/cursodepnl.com\/exitosq\/#website"},"primaryImageOfPage":{"@id":"https:\/\/cursodepnl.com\/exitosq\/cupon-curso-corto\/#primaryimage"},"image":{"@id":"https:\/\/cursodepnl.com\/exitosq\/cupon-curso-corto\/#primaryimage"},"thumbnailUrl":"https:\/\/cursodepnl.com\/exitosq\/wp-content\/uploads\/2018\/05\/cursospago.jpg","datePublished":"2018-05-23T16:41:40+00:00","dateModified":"2020-11-16T14:59:53+00:00","breadcrumb":{"@id":"https:\/\/cursodepnl.com\/exitosq\/cupon-curso-corto\/#breadcrumb"},"inLanguage":"es","potentialAction":[{"@type":"ReadAction","target":["https:\/\/cursodepnl.com\/exitosq\/cupon-curso-corto\/"]}]},{"@type":"ImageObject","inLanguage":"es","@id":"https:\/\/cursodepnl.com\/exitosq\/cupon-curso-corto\/#primaryimage","url":"https:\/\/cursodepnl.com\/exitosq\/wp-content\/uploads\/2018\/05\/cursospago.jpg","contentUrl":"https:\/\/cursodepnl.com\/exitosq\/wp-content\/uploads\/2018\/05\/cursospago.jpg","width":749,"height":119},{"@type":"BreadcrumbList","@id":"https:\/\/cursodepnl.com\/exitosq\/cupon-curso-corto\/#breadcrumb","itemListElement":[{"@type":"ListItem","position":1,"name":"Portada","item":"https:\/\/cursodepnl.com\/exitosq\/"},{"@type":"ListItem","position":2,"name":"Cupon Curso Corto"}]},{"@type":"WebSite","@id":"https:\/\/cursodepnl.com\/exitosq\/#website","url":"https:\/\/cursodepnl.com\/exitosq\/","name":"Exitosamente Sq","description":"Exitosamente de Curso De PNL.com","potentialAction":[{"@type":"SearchAction","target":{"@type":"EntryPoint","urlTemplate":"https:\/\/cursodepnl.com\/exitosq\/?s={search_term_string}"},"query-input":{"@type":"PropertyValueSpecification","valueRequired":true,"valueName":"search_term_string"}}],"inLanguage":"es"}]}},"_links":{"self":[{"href":"https:\/\/cursodepnl.com\/exitosq\/wp-json\/wp\/v2\/pages\/6091","targetHints":{"allow":["GET"]}}],"collection":[{"href":"https:\/\/cursodepnl.com\/exitosq\/wp-json\/wp\/v2\/pages"}],"about":[{"href":"https:\/\/cursodepnl.com\/exitosq\/wp-json\/wp\/v2\/types\/page"}],"author":[{"embeddable":true,"href":"https:\/\/cursodepnl.com\/exitosq\/wp-json\/wp\/v2\/users\/1"}],"replies":[{"embeddable":true,"href":"https:\/\/cursodepnl.com\/exitosq\/wp-json\/wp\/v2\/comments?post=6091"}],"version-history":[{"count":3,"href":"https:\/\/cursodepnl.com\/exitosq\/wp-json\/wp\/v2\/pages\/6091\/revisions"}],"predecessor-version":[{"id":9080,"href":"https:\/\/cursodepnl.com\/exitosq\/wp-json\/wp\/v2\/pages\/6091\/revisions\/9080"}],"wp:attachment":[{"href":"https:\/\/cursodepnl.com\/exitosq\/wp-json\/wp\/v2\/media?parent=6091"}],"curies":[{"name":"wp","href":"https:\/\/api.w.org\/{rel}","templated":true}]}}