{"id":6098,"date":"2018-05-23T18:01:05","date_gmt":"2018-05-23T18:01:05","guid":{"rendered":"https:\/\/cursodepnl.com\/exitosq\/?page_id=6098"},"modified":"2018-05-23T18:01:05","modified_gmt":"2018-05-23T18:01:05","slug":"curso-corto-paypal-mx","status":"publish","type":"page","link":"https:\/\/cursodepnl.com\/exitosq\/curso-corto-paypal-mx\/","title":{"rendered":"Curso corto paypal mx"},"content":{"rendered":"<div> <img loading=\"lazy\" decoding=\"async\" class=\"aligncenter size-full wp-image-6086\" src=\"https:\/\/cursodepnl.com\/exitosq\/wp-content\/uploads\/2018\/05\/cursospago.jpg\" alt=\"cursospago\" width=\"749\" height=\"119\" srcset=\"https:\/\/cursodepnl.com\/exitosq\/wp-content\/uploads\/2018\/05\/cursospago.jpg 749w, https:\/\/cursodepnl.com\/exitosq\/wp-content\/uploads\/2018\/05\/cursospago-300x48.jpg 300w\" sizes=\"auto, (max-width: 749px) 100vw, 749px\" \/><\/div>\n<div><img loading=\"lazy\" decoding=\"async\" class=\"aligncenter\" style=\"border: 0px;\" title=\"barra2\" src=\"http:\/\/cursodepnl.com\/wp-content\/uploads\/2010\/12\/barra21.gif\" alt=\"barra2\" width=\"657\" height=\"40\" \/><\/div>\n<div>\n<p style=\"text-align: center;\">Para pagar con tarjeta de cr\u00e9dito Internacional v\u00eda Paypal haz clic en el siguiente bot\u00f3n. Ser\u00e1s dirigido al sitio<br \/>\n seguro de Paypal para finalizar el pago. <strong>Una vez abonado recibir\u00e1s el acceso al curso. <\/strong><\/p>\n<form action=\"https:\/\/www.paypal.com\/cgi-bin\/webscr\" method=\"post\" target=\"_top\">\n<input type=\"hidden\" name=\"cmd\" value=\"_s-xclick\"><br \/>\n<input type=\"hidden\" name=\"hosted_button_id\" value=\"PV4HP4G3ELS7A\"><br \/>\n<input type=\"image\" src=\"https:\/\/www.paypalobjects.com\/es_XC\/i\/btn\/btn_buynowCC_LG.gif\" border=\"0\" name=\"submit\" alt=\"PayPal, la forma m\u00e1s segura y r\u00e1pida de pagar en l\u00ednea.\"><br \/>\n<img loading=\"lazy\" decoding=\"async\" alt=\"\" border=\"0\" src=\"https:\/\/www.paypalobjects.com\/es_XC\/i\/scr\/pixel.gif\" width=\"1\" height=\"1\"><br \/>\n<\/form>\n","protected":false},"excerpt":{"rendered":"<p>Para pagar con tarjeta de cr\u00e9dito Internacional v\u00eda Paypal haz clic en el siguiente bot\u00f3n. Ser\u00e1s dirigido al sitio seguro de Paypal para finalizar el pago. Una vez abonado recibir\u00e1s el acceso al curso.<\/p>\n","protected":false},"author":1,"featured_media":0,"parent":0,"menu_order":0,"comment_status":"open","ping_status":"open","template":"","meta":{"_joinchat":[],"footnotes":""},"class_list":["post-6098","page","type-page","status-publish","hentry"],"yoast_head":"<!-- This site is optimized with the Yoast SEO plugin v25.4 - https:\/\/yoast.com\/wordpress\/plugins\/seo\/ -->\n<title>Curso corto paypal mx - Exitosamente Sq<\/title>\n<meta name=\"robots\" content=\"index, follow, max-snippet:-1, max-image-preview:large, max-video-preview:-1\" \/>\n<link rel=\"canonical\" href=\"https:\/\/cursodepnl.com\/exitosq\/curso-corto-paypal-mx\/\" \/>\n<meta property=\"og:locale\" content=\"es_ES\" \/>\n<meta property=\"og:type\" content=\"article\" \/>\n<meta property=\"og:title\" content=\"Curso corto paypal mx - Exitosamente Sq\" \/>\n<meta property=\"og:description\" content=\"Para pagar con tarjeta de cr\u00e9dito Internacional v\u00eda Paypal haz clic en el siguiente bot\u00f3n. Ser\u00e1s dirigido al sitio seguro de Paypal para finalizar el pago. Una vez abonado recibir\u00e1s el acceso al curso.\" \/>\n<meta property=\"og:url\" content=\"https:\/\/cursodepnl.com\/exitosq\/curso-corto-paypal-mx\/\" \/>\n<meta property=\"og:site_name\" content=\"Exitosamente Sq\" \/>\n<meta property=\"article:publisher\" content=\"http:\/\/facebook.com\/pnlonline\" \/>\n<meta property=\"og:image\" content=\"https:\/\/cursodepnl.com\/exitosq\/wp-content\/uploads\/2018\/05\/cursospago.jpg\" \/>\n\t<meta property=\"og:image:width\" content=\"749\" \/>\n\t<meta property=\"og:image:height\" content=\"119\" \/>\n\t<meta property=\"og:image:type\" content=\"image\/jpeg\" \/>\n<meta name=\"twitter:card\" content=\"summary_large_image\" \/>\n<script type=\"application\/ld+json\" class=\"yoast-schema-graph\">{\"@context\":\"https:\/\/schema.org\",\"@graph\":[{\"@type\":\"WebPage\",\"@id\":\"https:\/\/cursodepnl.com\/exitosq\/curso-corto-paypal-mx\/\",\"url\":\"https:\/\/cursodepnl.com\/exitosq\/curso-corto-paypal-mx\/\",\"name\":\"Curso corto paypal mx - Exitosamente Sq\",\"isPartOf\":{\"@id\":\"https:\/\/cursodepnl.com\/exitosq\/#website\"},\"primaryImageOfPage\":{\"@id\":\"https:\/\/cursodepnl.com\/exitosq\/curso-corto-paypal-mx\/#primaryimage\"},\"image\":{\"@id\":\"https:\/\/cursodepnl.com\/exitosq\/curso-corto-paypal-mx\/#primaryimage\"},\"thumbnailUrl\":\"https:\/\/cursodepnl.com\/exitosq\/wp-content\/uploads\/2018\/05\/cursospago.jpg\",\"datePublished\":\"2018-05-23T18:01:05+00:00\",\"breadcrumb\":{\"@id\":\"https:\/\/cursodepnl.com\/exitosq\/curso-corto-paypal-mx\/#breadcrumb\"},\"inLanguage\":\"es\",\"potentialAction\":[{\"@type\":\"ReadAction\",\"target\":[\"https:\/\/cursodepnl.com\/exitosq\/curso-corto-paypal-mx\/\"]}]},{\"@type\":\"ImageObject\",\"inLanguage\":\"es\",\"@id\":\"https:\/\/cursodepnl.com\/exitosq\/curso-corto-paypal-mx\/#primaryimage\",\"url\":\"https:\/\/cursodepnl.com\/exitosq\/wp-content\/uploads\/2018\/05\/cursospago.jpg\",\"contentUrl\":\"https:\/\/cursodepnl.com\/exitosq\/wp-content\/uploads\/2018\/05\/cursospago.jpg\",\"width\":749,\"height\":119},{\"@type\":\"BreadcrumbList\",\"@id\":\"https:\/\/cursodepnl.com\/exitosq\/curso-corto-paypal-mx\/#breadcrumb\",\"itemListElement\":[{\"@type\":\"ListItem\",\"position\":1,\"name\":\"Portada\",\"item\":\"https:\/\/cursodepnl.com\/exitosq\/\"},{\"@type\":\"ListItem\",\"position\":2,\"name\":\"Curso corto paypal mx\"}]},{\"@type\":\"WebSite\",\"@id\":\"https:\/\/cursodepnl.com\/exitosq\/#website\",\"url\":\"https:\/\/cursodepnl.com\/exitosq\/\",\"name\":\"Exitosamente Sq\",\"description\":\"Exitosamente de Curso De PNL.com\",\"potentialAction\":[{\"@type\":\"SearchAction\",\"target\":{\"@type\":\"EntryPoint\",\"urlTemplate\":\"https:\/\/cursodepnl.com\/exitosq\/?s={search_term_string}\"},\"query-input\":{\"@type\":\"PropertyValueSpecification\",\"valueRequired\":true,\"valueName\":\"search_term_string\"}}],\"inLanguage\":\"es\"}]}<\/script>\n<!-- \/ Yoast SEO plugin. -->","yoast_head_json":{"title":"Curso corto paypal mx - Exitosamente Sq","robots":{"index":"index","follow":"follow","max-snippet":"max-snippet:-1","max-image-preview":"max-image-preview:large","max-video-preview":"max-video-preview:-1"},"canonical":"https:\/\/cursodepnl.com\/exitosq\/curso-corto-paypal-mx\/","og_locale":"es_ES","og_type":"article","og_title":"Curso corto paypal mx - Exitosamente Sq","og_description":"Para pagar con tarjeta de cr\u00e9dito Internacional v\u00eda Paypal haz clic en el siguiente bot\u00f3n. Ser\u00e1s dirigido al sitio seguro de Paypal para finalizar el pago. Una vez abonado recibir\u00e1s el acceso al curso.","og_url":"https:\/\/cursodepnl.com\/exitosq\/curso-corto-paypal-mx\/","og_site_name":"Exitosamente Sq","article_publisher":"http:\/\/facebook.com\/pnlonline","og_image":[{"width":749,"height":119,"url":"https:\/\/cursodepnl.com\/exitosq\/wp-content\/uploads\/2018\/05\/cursospago.jpg","type":"image\/jpeg"}],"twitter_card":"summary_large_image","schema":{"@context":"https:\/\/schema.org","@graph":[{"@type":"WebPage","@id":"https:\/\/cursodepnl.com\/exitosq\/curso-corto-paypal-mx\/","url":"https:\/\/cursodepnl.com\/exitosq\/curso-corto-paypal-mx\/","name":"Curso corto paypal mx - Exitosamente Sq","isPartOf":{"@id":"https:\/\/cursodepnl.com\/exitosq\/#website"},"primaryImageOfPage":{"@id":"https:\/\/cursodepnl.com\/exitosq\/curso-corto-paypal-mx\/#primaryimage"},"image":{"@id":"https:\/\/cursodepnl.com\/exitosq\/curso-corto-paypal-mx\/#primaryimage"},"thumbnailUrl":"https:\/\/cursodepnl.com\/exitosq\/wp-content\/uploads\/2018\/05\/cursospago.jpg","datePublished":"2018-05-23T18:01:05+00:00","breadcrumb":{"@id":"https:\/\/cursodepnl.com\/exitosq\/curso-corto-paypal-mx\/#breadcrumb"},"inLanguage":"es","potentialAction":[{"@type":"ReadAction","target":["https:\/\/cursodepnl.com\/exitosq\/curso-corto-paypal-mx\/"]}]},{"@type":"ImageObject","inLanguage":"es","@id":"https:\/\/cursodepnl.com\/exitosq\/curso-corto-paypal-mx\/#primaryimage","url":"https:\/\/cursodepnl.com\/exitosq\/wp-content\/uploads\/2018\/05\/cursospago.jpg","contentUrl":"https:\/\/cursodepnl.com\/exitosq\/wp-content\/uploads\/2018\/05\/cursospago.jpg","width":749,"height":119},{"@type":"BreadcrumbList","@id":"https:\/\/cursodepnl.com\/exitosq\/curso-corto-paypal-mx\/#breadcrumb","itemListElement":[{"@type":"ListItem","position":1,"name":"Portada","item":"https:\/\/cursodepnl.com\/exitosq\/"},{"@type":"ListItem","position":2,"name":"Curso corto paypal mx"}]},{"@type":"WebSite","@id":"https:\/\/cursodepnl.com\/exitosq\/#website","url":"https:\/\/cursodepnl.com\/exitosq\/","name":"Exitosamente Sq","description":"Exitosamente de Curso De PNL.com","potentialAction":[{"@type":"SearchAction","target":{"@type":"EntryPoint","urlTemplate":"https:\/\/cursodepnl.com\/exitosq\/?s={search_term_string}"},"query-input":{"@type":"PropertyValueSpecification","valueRequired":true,"valueName":"search_term_string"}}],"inLanguage":"es"}]}},"_links":{"self":[{"href":"https:\/\/cursodepnl.com\/exitosq\/wp-json\/wp\/v2\/pages\/6098","targetHints":{"allow":["GET"]}}],"collection":[{"href":"https:\/\/cursodepnl.com\/exitosq\/wp-json\/wp\/v2\/pages"}],"about":[{"href":"https:\/\/cursodepnl.com\/exitosq\/wp-json\/wp\/v2\/types\/page"}],"author":[{"embeddable":true,"href":"https:\/\/cursodepnl.com\/exitosq\/wp-json\/wp\/v2\/users\/1"}],"replies":[{"embeddable":true,"href":"https:\/\/cursodepnl.com\/exitosq\/wp-json\/wp\/v2\/comments?post=6098"}],"version-history":[{"count":1,"href":"https:\/\/cursodepnl.com\/exitosq\/wp-json\/wp\/v2\/pages\/6098\/revisions"}],"predecessor-version":[{"id":6099,"href":"https:\/\/cursodepnl.com\/exitosq\/wp-json\/wp\/v2\/pages\/6098\/revisions\/6099"}],"wp:attachment":[{"href":"https:\/\/cursodepnl.com\/exitosq\/wp-json\/wp\/v2\/media?parent=6098"}],"curies":[{"name":"wp","href":"https:\/\/api.w.org\/{rel}","templated":true}]}}