{"id":616,"date":"2014-09-17T16:15:54","date_gmt":"2014-09-17T16:15:54","guid":{"rendered":"https:\/\/cursodepnl.com\/exitosq\/?page_id=616"},"modified":"2020-02-10T13:22:15","modified_gmt":"2020-02-10T13:22:15","slug":"pack-rejuvencer-cupon","status":"publish","type":"page","link":"https:\/\/cursodepnl.com\/exitosq\/pack-rejuvencer-cupon\/","title":{"rendered":"Pack Rejuvencer cupon"},"content":{"rendered":"<p><img loading=\"lazy\" decoding=\"async\" title=\"barra2\" src=\"http:\/\/cursodepnl.com\/wp-content\/uploads\/2010\/12\/barra21.gif\" alt=\"barra2\" width=\"657\" height=\"40\" \/><\/p>\n<p><img loading=\"lazy\" decoding=\"async\" class=\"aligncenter\" src=\"http:\/\/bajar-de-peso.com.ar\/wp-content\/uploads\/2012\/06\/cuponmedios-pago1.jpg\" alt=\"cuponmedios-pago\" width=\"153\" height=\"29\" \/><\/p>\n<p><strong><span style=\"font-family: arial, helvetica, sans-serif; font-size: 14pt;\">1\u00ba Gener\u00e1 el cup\u00f3n de pago para abonar en cualquier sucursal de Pago f\u00e1cil, Rapipago o Bapro haciendo clic en este bot\u00f3n: <\/span><\/strong><\/p>\n<p><a mp-mode=\"dftl\" href=\"https:\/\/www.mercadopago.com.ar\/checkout\/v1\/redirect?pref_id=247740434-4832e932-3ddd-441b-99d0-aa20fcd6de7e\" name=\"MP-payButton\" class='blue-ar-l-rn-none'>Pagar<\/a><br \/>\n<script type=\"text\/javascript\">\n(function(){function $MPC_load(){window.$MPC_loaded !== true && (function(){var s = document.createElement(\"script\");s.type = \"text\/javascript\";s.async = true;s.src = document.location.protocol+\"\/\/secure.mlstatic.com\/mptools\/render.js\";var x = document.getElementsByTagName('script')[0];x.parentNode.insertBefore(s, x);window.$MPC_loaded = true;})();}window.$MPC_loaded !== true ? (window.attachEvent ?window.attachEvent('onload', $MPC_load) : window.addEventListener('load', $MPC_load, false)) : null;})();\n<\/script><\/p>\n<p><span style=\"font-family: arial, helvetica, sans-serif; font-size: 14pt;\"><strong>2\u00ba Hac\u00e9 clic en este bot\u00f3n y eleg\u00ed \u201cPago en Efectivo\u201d. Ah\u00ed eleg\u00eds Rapipago o Pagof\u00e1cil, imprim\u00eds el cup\u00f3n y lo llev\u00e1s a la sucursal m\u00e1s cercana de Rapipago o PagoF\u00e1cil. Tambi\u00e9n pod\u00e9s copiar los n\u00fameros en lugar de imprimirlos. <\/strong><\/span><\/p>\n<p><span style=\"font-family: arial, helvetica, sans-serif; font-size: 14pt;\"><strong>3\u00ba Una vez que pagues, nos avis\u00e1s por email <\/strong>con el n\u00famero de comprobante para recibir el acceso al Programa Completo.<\/span><\/p>\n<p><span style=\"font-family: arial, helvetica, sans-serif; font-size: 14pt;\">POR FAVOR CONTACTANOS A info@ cursodepnl.com<\/span><\/p>\n","protected":false},"excerpt":{"rendered":"<p>1\u00ba Gener\u00e1 el cup\u00f3n de pago para abonar en cualquier sucursal de Pago f\u00e1cil, Rapipago o Bapro haciendo clic en este bot\u00f3n: Pagar 2\u00ba Hac\u00e9 clic en este bot\u00f3n y eleg\u00ed \u201cPago en Efectivo\u201d. Ah\u00ed eleg\u00eds Rapipago o Pagof\u00e1cil, imprim\u00eds el cup\u00f3n y lo llev\u00e1s a la sucursal m\u00e1s cercana de Rapipago o PagoF\u00e1cil. Tambi\u00e9n [&hellip;]<\/p>\n","protected":false},"author":1,"featured_media":0,"parent":0,"menu_order":0,"comment_status":"open","ping_status":"open","template":"","meta":{"_joinchat":[],"footnotes":""},"class_list":["post-616","page","type-page","status-publish","hentry"],"yoast_head":"<!-- This site is optimized with the Yoast SEO plugin v25.4 - https:\/\/yoast.com\/wordpress\/plugins\/seo\/ -->\n<title>Pack Rejuvencer cupon - Exitosamente Sq<\/title>\n<meta name=\"robots\" content=\"index, follow, max-snippet:-1, max-image-preview:large, max-video-preview:-1\" \/>\n<link rel=\"canonical\" href=\"https:\/\/cursodepnl.com\/exitosq\/pack-rejuvencer-cupon\/\" \/>\n<meta property=\"og:locale\" content=\"es_ES\" \/>\n<meta property=\"og:type\" content=\"article\" \/>\n<meta property=\"og:title\" content=\"Pack Rejuvencer cupon - Exitosamente Sq\" \/>\n<meta property=\"og:description\" content=\"1\u00ba Gener\u00e1 el cup\u00f3n de pago para abonar en cualquier sucursal de Pago f\u00e1cil, Rapipago o Bapro haciendo clic en este bot\u00f3n: Pagar 2\u00ba Hac\u00e9 clic en este bot\u00f3n y eleg\u00ed \u201cPago en Efectivo\u201d. Ah\u00ed eleg\u00eds Rapipago o Pagof\u00e1cil, imprim\u00eds el cup\u00f3n y lo llev\u00e1s a la sucursal m\u00e1s cercana de Rapipago o PagoF\u00e1cil. Tambi\u00e9n [&hellip;]\" \/>\n<meta property=\"og:url\" content=\"https:\/\/cursodepnl.com\/exitosq\/pack-rejuvencer-cupon\/\" \/>\n<meta property=\"og:site_name\" content=\"Exitosamente Sq\" \/>\n<meta property=\"article:publisher\" content=\"http:\/\/facebook.com\/pnlonline\" \/>\n<meta property=\"article:modified_time\" content=\"2020-02-10T13:22:15+00:00\" \/>\n<meta property=\"og:image\" content=\"http:\/\/cursodepnl.com\/wp-content\/uploads\/2010\/12\/barra21.gif\" \/>\n<meta name=\"twitter:card\" content=\"summary_large_image\" \/>\n<meta name=\"twitter:label1\" content=\"Tiempo de lectura\" \/>\n\t<meta name=\"twitter:data1\" content=\"1 minuto\" \/>\n<script type=\"application\/ld+json\" class=\"yoast-schema-graph\">{\"@context\":\"https:\/\/schema.org\",\"@graph\":[{\"@type\":\"WebPage\",\"@id\":\"https:\/\/cursodepnl.com\/exitosq\/pack-rejuvencer-cupon\/\",\"url\":\"https:\/\/cursodepnl.com\/exitosq\/pack-rejuvencer-cupon\/\",\"name\":\"Pack Rejuvencer cupon - Exitosamente Sq\",\"isPartOf\":{\"@id\":\"https:\/\/cursodepnl.com\/exitosq\/#website\"},\"primaryImageOfPage\":{\"@id\":\"https:\/\/cursodepnl.com\/exitosq\/pack-rejuvencer-cupon\/#primaryimage\"},\"image\":{\"@id\":\"https:\/\/cursodepnl.com\/exitosq\/pack-rejuvencer-cupon\/#primaryimage\"},\"thumbnailUrl\":\"http:\/\/cursodepnl.com\/wp-content\/uploads\/2010\/12\/barra21.gif\",\"datePublished\":\"2014-09-17T16:15:54+00:00\",\"dateModified\":\"2020-02-10T13:22:15+00:00\",\"breadcrumb\":{\"@id\":\"https:\/\/cursodepnl.com\/exitosq\/pack-rejuvencer-cupon\/#breadcrumb\"},\"inLanguage\":\"es\",\"potentialAction\":[{\"@type\":\"ReadAction\",\"target\":[\"https:\/\/cursodepnl.com\/exitosq\/pack-rejuvencer-cupon\/\"]}]},{\"@type\":\"ImageObject\",\"inLanguage\":\"es\",\"@id\":\"https:\/\/cursodepnl.com\/exitosq\/pack-rejuvencer-cupon\/#primaryimage\",\"url\":\"http:\/\/cursodepnl.com\/wp-content\/uploads\/2010\/12\/barra21.gif\",\"contentUrl\":\"http:\/\/cursodepnl.com\/wp-content\/uploads\/2010\/12\/barra21.gif\"},{\"@type\":\"BreadcrumbList\",\"@id\":\"https:\/\/cursodepnl.com\/exitosq\/pack-rejuvencer-cupon\/#breadcrumb\",\"itemListElement\":[{\"@type\":\"ListItem\",\"position\":1,\"name\":\"Portada\",\"item\":\"https:\/\/cursodepnl.com\/exitosq\/\"},{\"@type\":\"ListItem\",\"position\":2,\"name\":\"Pack Rejuvencer cupon\"}]},{\"@type\":\"WebSite\",\"@id\":\"https:\/\/cursodepnl.com\/exitosq\/#website\",\"url\":\"https:\/\/cursodepnl.com\/exitosq\/\",\"name\":\"Exitosamente Sq\",\"description\":\"Exitosamente de Curso De PNL.com\",\"potentialAction\":[{\"@type\":\"SearchAction\",\"target\":{\"@type\":\"EntryPoint\",\"urlTemplate\":\"https:\/\/cursodepnl.com\/exitosq\/?s={search_term_string}\"},\"query-input\":{\"@type\":\"PropertyValueSpecification\",\"valueRequired\":true,\"valueName\":\"search_term_string\"}}],\"inLanguage\":\"es\"}]}<\/script>\n<!-- \/ Yoast SEO plugin. -->","yoast_head_json":{"title":"Pack Rejuvencer cupon - Exitosamente Sq","robots":{"index":"index","follow":"follow","max-snippet":"max-snippet:-1","max-image-preview":"max-image-preview:large","max-video-preview":"max-video-preview:-1"},"canonical":"https:\/\/cursodepnl.com\/exitosq\/pack-rejuvencer-cupon\/","og_locale":"es_ES","og_type":"article","og_title":"Pack Rejuvencer cupon - Exitosamente Sq","og_description":"1\u00ba Gener\u00e1 el cup\u00f3n de pago para abonar en cualquier sucursal de Pago f\u00e1cil, Rapipago o Bapro haciendo clic en este bot\u00f3n: Pagar 2\u00ba Hac\u00e9 clic en este bot\u00f3n y eleg\u00ed \u201cPago en Efectivo\u201d. Ah\u00ed eleg\u00eds Rapipago o Pagof\u00e1cil, imprim\u00eds el cup\u00f3n y lo llev\u00e1s a la sucursal m\u00e1s cercana de Rapipago o PagoF\u00e1cil. Tambi\u00e9n [&hellip;]","og_url":"https:\/\/cursodepnl.com\/exitosq\/pack-rejuvencer-cupon\/","og_site_name":"Exitosamente Sq","article_publisher":"http:\/\/facebook.com\/pnlonline","article_modified_time":"2020-02-10T13:22:15+00:00","og_image":[{"url":"http:\/\/cursodepnl.com\/wp-content\/uploads\/2010\/12\/barra21.gif","type":"","width":"","height":""}],"twitter_card":"summary_large_image","twitter_misc":{"Tiempo de lectura":"1 minuto"},"schema":{"@context":"https:\/\/schema.org","@graph":[{"@type":"WebPage","@id":"https:\/\/cursodepnl.com\/exitosq\/pack-rejuvencer-cupon\/","url":"https:\/\/cursodepnl.com\/exitosq\/pack-rejuvencer-cupon\/","name":"Pack Rejuvencer cupon - Exitosamente Sq","isPartOf":{"@id":"https:\/\/cursodepnl.com\/exitosq\/#website"},"primaryImageOfPage":{"@id":"https:\/\/cursodepnl.com\/exitosq\/pack-rejuvencer-cupon\/#primaryimage"},"image":{"@id":"https:\/\/cursodepnl.com\/exitosq\/pack-rejuvencer-cupon\/#primaryimage"},"thumbnailUrl":"http:\/\/cursodepnl.com\/wp-content\/uploads\/2010\/12\/barra21.gif","datePublished":"2014-09-17T16:15:54+00:00","dateModified":"2020-02-10T13:22:15+00:00","breadcrumb":{"@id":"https:\/\/cursodepnl.com\/exitosq\/pack-rejuvencer-cupon\/#breadcrumb"},"inLanguage":"es","potentialAction":[{"@type":"ReadAction","target":["https:\/\/cursodepnl.com\/exitosq\/pack-rejuvencer-cupon\/"]}]},{"@type":"ImageObject","inLanguage":"es","@id":"https:\/\/cursodepnl.com\/exitosq\/pack-rejuvencer-cupon\/#primaryimage","url":"http:\/\/cursodepnl.com\/wp-content\/uploads\/2010\/12\/barra21.gif","contentUrl":"http:\/\/cursodepnl.com\/wp-content\/uploads\/2010\/12\/barra21.gif"},{"@type":"BreadcrumbList","@id":"https:\/\/cursodepnl.com\/exitosq\/pack-rejuvencer-cupon\/#breadcrumb","itemListElement":[{"@type":"ListItem","position":1,"name":"Portada","item":"https:\/\/cursodepnl.com\/exitosq\/"},{"@type":"ListItem","position":2,"name":"Pack Rejuvencer cupon"}]},{"@type":"WebSite","@id":"https:\/\/cursodepnl.com\/exitosq\/#website","url":"https:\/\/cursodepnl.com\/exitosq\/","name":"Exitosamente Sq","description":"Exitosamente de Curso De PNL.com","potentialAction":[{"@type":"SearchAction","target":{"@type":"EntryPoint","urlTemplate":"https:\/\/cursodepnl.com\/exitosq\/?s={search_term_string}"},"query-input":{"@type":"PropertyValueSpecification","valueRequired":true,"valueName":"search_term_string"}}],"inLanguage":"es"}]}},"_links":{"self":[{"href":"https:\/\/cursodepnl.com\/exitosq\/wp-json\/wp\/v2\/pages\/616","targetHints":{"allow":["GET"]}}],"collection":[{"href":"https:\/\/cursodepnl.com\/exitosq\/wp-json\/wp\/v2\/pages"}],"about":[{"href":"https:\/\/cursodepnl.com\/exitosq\/wp-json\/wp\/v2\/types\/page"}],"author":[{"embeddable":true,"href":"https:\/\/cursodepnl.com\/exitosq\/wp-json\/wp\/v2\/users\/1"}],"replies":[{"embeddable":true,"href":"https:\/\/cursodepnl.com\/exitosq\/wp-json\/wp\/v2\/comments?post=616"}],"version-history":[{"count":8,"href":"https:\/\/cursodepnl.com\/exitosq\/wp-json\/wp\/v2\/pages\/616\/revisions"}],"predecessor-version":[{"id":7759,"href":"https:\/\/cursodepnl.com\/exitosq\/wp-json\/wp\/v2\/pages\/616\/revisions\/7759"}],"wp:attachment":[{"href":"https:\/\/cursodepnl.com\/exitosq\/wp-json\/wp\/v2\/media?parent=616"}],"curies":[{"name":"wp","href":"https:\/\/api.w.org\/{rel}","templated":true}]}}