{"id":636,"date":"2014-09-17T16:36:27","date_gmt":"2014-09-17T16:36:27","guid":{"rendered":"https:\/\/cursodepnl.com\/exitosq\/?page_id=636"},"modified":"2014-09-17T16:36:27","modified_gmt":"2014-09-17T16:36:27","slug":"pack-rejuvencer-paypal","status":"publish","type":"page","link":"https:\/\/cursodepnl.com\/exitosq\/pack-rejuvencer-paypal\/","title":{"rendered":"Pack Rejuvencer Paypal"},"content":{"rendered":"<p><img loading=\"lazy\" decoding=\"async\" title=\"barra2\" alt=\"\" src=\"http:\/\/bajar-de-peso.com.ar\/wp-content\/uploads\/2010\/07\/barra2.gif\" width=\"657\" height=\"40\" \/><\/p>\n<p>Para pagar con tarjeta de cr\u00e9dito v\u00eda Paypal haz clic en el siguiente bot\u00f3n. Ser\u00e1s dirigido al sitio de pagos seguro de Paypal para finalizar el pago<br \/>\nUna vez abonado recibir\u00e1s el acceso al material completo.<\/p>\n<form action=\"https:\/\/www.paypal.com\/cgi-bin\/webscr\" method=\"post\" target=\"_top\"><input type=\"hidden\" name=\"cmd\" value=\"_s-xclick\" \/><br \/>\n<input type=\"hidden\" name=\"hosted_button_id\" value=\"EYRZQVYHUVGYL\" \/><br \/>\n<input type=\"image\" alt=\"PayPal. La forma r\u00e1pida y segura de pagar en Internet.\" name=\"submit\" src=\"https:\/\/www.paypalobjects.com\/es_ES\/ES\/i\/btn\/btn_buynowCC_LG.gif\" \/><br \/>\n<img loading=\"lazy\" decoding=\"async\" alt=\"\" src=\"https:\/\/www.paypalobjects.com\/en_US\/i\/scr\/pixel.gif\" width=\"1\" height=\"1\" border=\"0\" \/><\/form>\n","protected":false},"excerpt":{"rendered":"<p>Para pagar con tarjeta de cr\u00e9dito v\u00eda Paypal haz clic en el siguiente bot\u00f3n. Ser\u00e1s dirigido al sitio de pagos seguro de Paypal para finalizar el pago Una vez abonado recibir\u00e1s el acceso al material completo.<\/p>\n","protected":false},"author":1,"featured_media":0,"parent":0,"menu_order":0,"comment_status":"open","ping_status":"open","template":"","meta":{"_joinchat":[],"footnotes":""},"class_list":["post-636","page","type-page","status-publish","hentry"],"yoast_head":"<!-- This site is optimized with the Yoast SEO plugin v25.4 - https:\/\/yoast.com\/wordpress\/plugins\/seo\/ -->\n<title>Pack Rejuvencer Paypal - Exitosamente Sq<\/title>\n<meta name=\"robots\" content=\"index, follow, max-snippet:-1, max-image-preview:large, max-video-preview:-1\" \/>\n<link rel=\"canonical\" href=\"https:\/\/cursodepnl.com\/exitosq\/pack-rejuvencer-paypal\/\" \/>\n<meta property=\"og:locale\" content=\"es_ES\" \/>\n<meta property=\"og:type\" content=\"article\" \/>\n<meta property=\"og:title\" content=\"Pack Rejuvencer Paypal - Exitosamente Sq\" \/>\n<meta property=\"og:description\" content=\"Para pagar con tarjeta de cr\u00e9dito v\u00eda Paypal haz clic en el siguiente bot\u00f3n. Ser\u00e1s dirigido al sitio de pagos seguro de Paypal para finalizar el pago Una vez abonado recibir\u00e1s el acceso al material completo.\" \/>\n<meta property=\"og:url\" content=\"https:\/\/cursodepnl.com\/exitosq\/pack-rejuvencer-paypal\/\" \/>\n<meta property=\"og:site_name\" content=\"Exitosamente Sq\" \/>\n<meta property=\"article:publisher\" content=\"http:\/\/facebook.com\/pnlonline\" \/>\n<meta property=\"og:image\" content=\"http:\/\/bajar-de-peso.com.ar\/wp-content\/uploads\/2010\/07\/barra2.gif\" \/>\n<meta name=\"twitter:card\" content=\"summary_large_image\" \/>\n<script type=\"application\/ld+json\" class=\"yoast-schema-graph\">{\"@context\":\"https:\/\/schema.org\",\"@graph\":[{\"@type\":\"WebPage\",\"@id\":\"https:\/\/cursodepnl.com\/exitosq\/pack-rejuvencer-paypal\/\",\"url\":\"https:\/\/cursodepnl.com\/exitosq\/pack-rejuvencer-paypal\/\",\"name\":\"Pack Rejuvencer Paypal - Exitosamente Sq\",\"isPartOf\":{\"@id\":\"https:\/\/cursodepnl.com\/exitosq\/#website\"},\"primaryImageOfPage\":{\"@id\":\"https:\/\/cursodepnl.com\/exitosq\/pack-rejuvencer-paypal\/#primaryimage\"},\"image\":{\"@id\":\"https:\/\/cursodepnl.com\/exitosq\/pack-rejuvencer-paypal\/#primaryimage\"},\"thumbnailUrl\":\"http:\/\/bajar-de-peso.com.ar\/wp-content\/uploads\/2010\/07\/barra2.gif\",\"datePublished\":\"2014-09-17T16:36:27+00:00\",\"breadcrumb\":{\"@id\":\"https:\/\/cursodepnl.com\/exitosq\/pack-rejuvencer-paypal\/#breadcrumb\"},\"inLanguage\":\"es\",\"potentialAction\":[{\"@type\":\"ReadAction\",\"target\":[\"https:\/\/cursodepnl.com\/exitosq\/pack-rejuvencer-paypal\/\"]}]},{\"@type\":\"ImageObject\",\"inLanguage\":\"es\",\"@id\":\"https:\/\/cursodepnl.com\/exitosq\/pack-rejuvencer-paypal\/#primaryimage\",\"url\":\"http:\/\/bajar-de-peso.com.ar\/wp-content\/uploads\/2010\/07\/barra2.gif\",\"contentUrl\":\"http:\/\/bajar-de-peso.com.ar\/wp-content\/uploads\/2010\/07\/barra2.gif\"},{\"@type\":\"BreadcrumbList\",\"@id\":\"https:\/\/cursodepnl.com\/exitosq\/pack-rejuvencer-paypal\/#breadcrumb\",\"itemListElement\":[{\"@type\":\"ListItem\",\"position\":1,\"name\":\"Portada\",\"item\":\"https:\/\/cursodepnl.com\/exitosq\/\"},{\"@type\":\"ListItem\",\"position\":2,\"name\":\"Pack Rejuvencer Paypal\"}]},{\"@type\":\"WebSite\",\"@id\":\"https:\/\/cursodepnl.com\/exitosq\/#website\",\"url\":\"https:\/\/cursodepnl.com\/exitosq\/\",\"name\":\"Exitosamente Sq\",\"description\":\"Exitosamente de Curso De PNL.com\",\"potentialAction\":[{\"@type\":\"SearchAction\",\"target\":{\"@type\":\"EntryPoint\",\"urlTemplate\":\"https:\/\/cursodepnl.com\/exitosq\/?s={search_term_string}\"},\"query-input\":{\"@type\":\"PropertyValueSpecification\",\"valueRequired\":true,\"valueName\":\"search_term_string\"}}],\"inLanguage\":\"es\"}]}<\/script>\n<!-- \/ Yoast SEO plugin. -->","yoast_head_json":{"title":"Pack Rejuvencer Paypal - Exitosamente Sq","robots":{"index":"index","follow":"follow","max-snippet":"max-snippet:-1","max-image-preview":"max-image-preview:large","max-video-preview":"max-video-preview:-1"},"canonical":"https:\/\/cursodepnl.com\/exitosq\/pack-rejuvencer-paypal\/","og_locale":"es_ES","og_type":"article","og_title":"Pack Rejuvencer Paypal - Exitosamente Sq","og_description":"Para pagar con tarjeta de cr\u00e9dito v\u00eda Paypal haz clic en el siguiente bot\u00f3n. Ser\u00e1s dirigido al sitio de pagos seguro de Paypal para finalizar el pago Una vez abonado recibir\u00e1s el acceso al material completo.","og_url":"https:\/\/cursodepnl.com\/exitosq\/pack-rejuvencer-paypal\/","og_site_name":"Exitosamente Sq","article_publisher":"http:\/\/facebook.com\/pnlonline","og_image":[{"url":"http:\/\/bajar-de-peso.com.ar\/wp-content\/uploads\/2010\/07\/barra2.gif","type":"","width":"","height":""}],"twitter_card":"summary_large_image","schema":{"@context":"https:\/\/schema.org","@graph":[{"@type":"WebPage","@id":"https:\/\/cursodepnl.com\/exitosq\/pack-rejuvencer-paypal\/","url":"https:\/\/cursodepnl.com\/exitosq\/pack-rejuvencer-paypal\/","name":"Pack Rejuvencer Paypal - Exitosamente Sq","isPartOf":{"@id":"https:\/\/cursodepnl.com\/exitosq\/#website"},"primaryImageOfPage":{"@id":"https:\/\/cursodepnl.com\/exitosq\/pack-rejuvencer-paypal\/#primaryimage"},"image":{"@id":"https:\/\/cursodepnl.com\/exitosq\/pack-rejuvencer-paypal\/#primaryimage"},"thumbnailUrl":"http:\/\/bajar-de-peso.com.ar\/wp-content\/uploads\/2010\/07\/barra2.gif","datePublished":"2014-09-17T16:36:27+00:00","breadcrumb":{"@id":"https:\/\/cursodepnl.com\/exitosq\/pack-rejuvencer-paypal\/#breadcrumb"},"inLanguage":"es","potentialAction":[{"@type":"ReadAction","target":["https:\/\/cursodepnl.com\/exitosq\/pack-rejuvencer-paypal\/"]}]},{"@type":"ImageObject","inLanguage":"es","@id":"https:\/\/cursodepnl.com\/exitosq\/pack-rejuvencer-paypal\/#primaryimage","url":"http:\/\/bajar-de-peso.com.ar\/wp-content\/uploads\/2010\/07\/barra2.gif","contentUrl":"http:\/\/bajar-de-peso.com.ar\/wp-content\/uploads\/2010\/07\/barra2.gif"},{"@type":"BreadcrumbList","@id":"https:\/\/cursodepnl.com\/exitosq\/pack-rejuvencer-paypal\/#breadcrumb","itemListElement":[{"@type":"ListItem","position":1,"name":"Portada","item":"https:\/\/cursodepnl.com\/exitosq\/"},{"@type":"ListItem","position":2,"name":"Pack Rejuvencer Paypal"}]},{"@type":"WebSite","@id":"https:\/\/cursodepnl.com\/exitosq\/#website","url":"https:\/\/cursodepnl.com\/exitosq\/","name":"Exitosamente Sq","description":"Exitosamente de Curso De PNL.com","potentialAction":[{"@type":"SearchAction","target":{"@type":"EntryPoint","urlTemplate":"https:\/\/cursodepnl.com\/exitosq\/?s={search_term_string}"},"query-input":{"@type":"PropertyValueSpecification","valueRequired":true,"valueName":"search_term_string"}}],"inLanguage":"es"}]}},"_links":{"self":[{"href":"https:\/\/cursodepnl.com\/exitosq\/wp-json\/wp\/v2\/pages\/636","targetHints":{"allow":["GET"]}}],"collection":[{"href":"https:\/\/cursodepnl.com\/exitosq\/wp-json\/wp\/v2\/pages"}],"about":[{"href":"https:\/\/cursodepnl.com\/exitosq\/wp-json\/wp\/v2\/types\/page"}],"author":[{"embeddable":true,"href":"https:\/\/cursodepnl.com\/exitosq\/wp-json\/wp\/v2\/users\/1"}],"replies":[{"embeddable":true,"href":"https:\/\/cursodepnl.com\/exitosq\/wp-json\/wp\/v2\/comments?post=636"}],"version-history":[{"count":1,"href":"https:\/\/cursodepnl.com\/exitosq\/wp-json\/wp\/v2\/pages\/636\/revisions"}],"predecessor-version":[{"id":637,"href":"https:\/\/cursodepnl.com\/exitosq\/wp-json\/wp\/v2\/pages\/636\/revisions\/637"}],"wp:attachment":[{"href":"https:\/\/cursodepnl.com\/exitosq\/wp-json\/wp\/v2\/media?parent=636"}],"curies":[{"name":"wp","href":"https:\/\/api.w.org\/{rel}","templated":true}]}}