{"id":6947,"date":"2018-11-07T10:30:48","date_gmt":"2018-11-07T10:30:48","guid":{"rendered":"https:\/\/cursodepnl.com\/exitosq\/?page_id=6947"},"modified":"2020-09-22T21:26:07","modified_gmt":"2020-09-22T21:26:07","slug":"tarjeta-para-argentina","status":"publish","type":"page","link":"https:\/\/cursodepnl.com\/exitosq\/tarjeta-para-argentina\/","title":{"rendered":"Tarjeta para Argentina"},"content":{"rendered":"<p><img loading=\"lazy\" decoding=\"async\" title=\"barra2\" src=\"http:\/\/cursodepnl.com\/wp-content\/uploads\/2010\/12\/barra21.gif\" alt=\"barra2\" width=\"657\" height=\"40\" \/><\/p>\n<p><strong>Para pagar con tarjeta de cr\u00e9dito o d\u00e9bito v\u00eda MercadoPago (opci\u00f3n s\u00f3lo para Argentina) hac\u00e9 clic en el bot\u00f3n Pagar de abajo: <del>6500<\/del> 2490 $ ARG <\/strong><span style=\"background-color: #ffff00;\"><strong style=\"font-size: inherit; text-align: center; background-color: #ffff00;\">Confirmado el pago, accedes <\/strong><strong style=\"font-size: inherit; text-align: center; background-color: #ffff00;\">al curso.<\/strong><\/span><\/p>\n<p style=\"text-align: center;\" data-tadv-p=\"keep\"><strong>OPCI\u00d3N 1:<\/strong> UN SOLO Pago de 2490 $ ARG<br \/>\n<a class=\"blue-ar-l-rn-none\" href=\"https:\/\/www.mercadopago.com.ar\/checkout\/v1\/redirect?pref_id=247740434-2deecd8d-4d23-4b86-8021-894441c4cfa6\" name=\"MP-payButton\"><img decoding=\"async\" src=\"https:\/\/cursodepnl.com\/exitosq\/wp-content\/uploads\/2016\/09\/mercadopago.jpg\" alt=\"\" \/><\/a> <script type=\"text\/javascript\"><br \/>\n(function(){function $MPC_load(){window.$MPC_loaded !== true && (function(){var s = document.createElement(\"script\");s.type = \"text\/javascript\";s.async = true;s.src = document.location.protocol+\"\/\/secure.mlstatic.com\/mptools\/render.js\";var x = document.getElementsByTagName('script')[0];x.parentNode.insertBefore(s, x);window.$MPC_loaded = true;})();}window.$MPC_loaded !== true ? (window.attachEvent ?window.attachEvent('onload', $MPC_load) : window.addEventListener('load', $MPC_load, false)) : null;})();<br \/>\n<\/script><\/p>\n<div align=\"center\"><strong>OPCI\u00d3N 2<\/strong>: TRES PAGOS DE 833 $ ARG<br \/>\n<a class=\"blue-ar-l-rn-none\" href=\"https:\/\/mpago.la\/3L6P8R\" name=\"MP-payButton\"><img decoding=\"async\" src=\"https:\/\/cursodepnl.com\/exitosq\/wp-content\/uploads\/2016\/09\/mercadopago.jpg\" alt=\"\" \/><\/a><script type=\"text\/javascript\"><br \/>\n    (function() {<br \/>\n        function $MPC_load() {<br \/>\n            window.$MPC_loaded !== true && (function() {<br \/>\n                var s = document.createElement(\"script\");<br \/>\n                s.type = \"text\/javascript\";<br \/>\n                s.async = true;<br \/>\n                s.src = document.location.protocol + \"\/\/secure.mlstatic.com\/mptools\/render.js\";<br \/>\n                var x = document.getElementsByTagName('script')[0];<br \/>\n                x.parentNode.insertBefore(s, x);<br \/>\n                window.$MPC_loaded = true;<br \/>\n            })();<br \/>\n        }<br \/>\n        window.$MPC_loaded !== true ? (window.attachEvent ? window.attachEvent('onload', $MPC_load) : window.addEventListener('load', $MPC_load, false)) : null;<br \/>\n    })();<br \/>\n<\/script><\/div>\n","protected":false},"excerpt":{"rendered":"<p>Para pagar con tarjeta de cr\u00e9dito o d\u00e9bito v\u00eda MercadoPago (opci\u00f3n s\u00f3lo para Argentina) hac\u00e9 clic en el bot\u00f3n Pagar de abajo: 6500 2490 $ ARG Confirmado el pago, accedes al curso. OPCI\u00d3N 1: UN SOLO Pago de 2490 $ ARG OPCI\u00d3N 2: TRES PAGOS DE 833 $ ARG<\/p>\n","protected":false},"author":1,"featured_media":0,"parent":0,"menu_order":0,"comment_status":"closed","ping_status":"closed","template":"","meta":{"_joinchat":[],"footnotes":""},"class_list":["post-6947","page","type-page","status-publish","hentry"],"yoast_head":"<!-- This site is optimized with the Yoast SEO plugin v25.4 - https:\/\/yoast.com\/wordpress\/plugins\/seo\/ -->\n<title>Tarjeta para Argentina - Exitosamente Sq<\/title>\n<meta name=\"robots\" content=\"index, follow, max-snippet:-1, max-image-preview:large, max-video-preview:-1\" \/>\n<link rel=\"canonical\" href=\"https:\/\/cursodepnl.com\/exitosq\/tarjeta-para-argentina\/\" \/>\n<meta property=\"og:locale\" content=\"es_ES\" \/>\n<meta property=\"og:type\" content=\"article\" \/>\n<meta property=\"og:title\" content=\"Tarjeta para Argentina - Exitosamente Sq\" \/>\n<meta property=\"og:description\" content=\"Para pagar con tarjeta de cr\u00e9dito o d\u00e9bito v\u00eda MercadoPago (opci\u00f3n s\u00f3lo para Argentina) hac\u00e9 clic en el bot\u00f3n Pagar de abajo: 6500 2490 $ ARG Confirmado el pago, accedes al curso. OPCI\u00d3N 1: UN SOLO Pago de 2490 $ ARG OPCI\u00d3N 2: TRES PAGOS DE 833 $ ARG\" \/>\n<meta property=\"og:url\" content=\"https:\/\/cursodepnl.com\/exitosq\/tarjeta-para-argentina\/\" \/>\n<meta property=\"og:site_name\" content=\"Exitosamente Sq\" \/>\n<meta property=\"article:publisher\" content=\"http:\/\/facebook.com\/pnlonline\" \/>\n<meta property=\"article:modified_time\" content=\"2020-09-22T21:26:07+00:00\" \/>\n<meta property=\"og:image\" content=\"http:\/\/cursodepnl.com\/wp-content\/uploads\/2010\/12\/barra21.gif\" \/>\n<meta name=\"twitter:card\" content=\"summary_large_image\" \/>\n<script type=\"application\/ld+json\" class=\"yoast-schema-graph\">{\"@context\":\"https:\/\/schema.org\",\"@graph\":[{\"@type\":\"WebPage\",\"@id\":\"https:\/\/cursodepnl.com\/exitosq\/tarjeta-para-argentina\/\",\"url\":\"https:\/\/cursodepnl.com\/exitosq\/tarjeta-para-argentina\/\",\"name\":\"Tarjeta para Argentina - Exitosamente Sq\",\"isPartOf\":{\"@id\":\"https:\/\/cursodepnl.com\/exitosq\/#website\"},\"primaryImageOfPage\":{\"@id\":\"https:\/\/cursodepnl.com\/exitosq\/tarjeta-para-argentina\/#primaryimage\"},\"image\":{\"@id\":\"https:\/\/cursodepnl.com\/exitosq\/tarjeta-para-argentina\/#primaryimage\"},\"thumbnailUrl\":\"http:\/\/cursodepnl.com\/wp-content\/uploads\/2010\/12\/barra21.gif\",\"datePublished\":\"2018-11-07T10:30:48+00:00\",\"dateModified\":\"2020-09-22T21:26:07+00:00\",\"breadcrumb\":{\"@id\":\"https:\/\/cursodepnl.com\/exitosq\/tarjeta-para-argentina\/#breadcrumb\"},\"inLanguage\":\"es\",\"potentialAction\":[{\"@type\":\"ReadAction\",\"target\":[\"https:\/\/cursodepnl.com\/exitosq\/tarjeta-para-argentina\/\"]}]},{\"@type\":\"ImageObject\",\"inLanguage\":\"es\",\"@id\":\"https:\/\/cursodepnl.com\/exitosq\/tarjeta-para-argentina\/#primaryimage\",\"url\":\"http:\/\/cursodepnl.com\/wp-content\/uploads\/2010\/12\/barra21.gif\",\"contentUrl\":\"http:\/\/cursodepnl.com\/wp-content\/uploads\/2010\/12\/barra21.gif\"},{\"@type\":\"BreadcrumbList\",\"@id\":\"https:\/\/cursodepnl.com\/exitosq\/tarjeta-para-argentina\/#breadcrumb\",\"itemListElement\":[{\"@type\":\"ListItem\",\"position\":1,\"name\":\"Portada\",\"item\":\"https:\/\/cursodepnl.com\/exitosq\/\"},{\"@type\":\"ListItem\",\"position\":2,\"name\":\"Tarjeta para Argentina\"}]},{\"@type\":\"WebSite\",\"@id\":\"https:\/\/cursodepnl.com\/exitosq\/#website\",\"url\":\"https:\/\/cursodepnl.com\/exitosq\/\",\"name\":\"Exitosamente Sq\",\"description\":\"Exitosamente de Curso De PNL.com\",\"potentialAction\":[{\"@type\":\"SearchAction\",\"target\":{\"@type\":\"EntryPoint\",\"urlTemplate\":\"https:\/\/cursodepnl.com\/exitosq\/?s={search_term_string}\"},\"query-input\":{\"@type\":\"PropertyValueSpecification\",\"valueRequired\":true,\"valueName\":\"search_term_string\"}}],\"inLanguage\":\"es\"}]}<\/script>\n<!-- \/ Yoast SEO plugin. -->","yoast_head_json":{"title":"Tarjeta para Argentina - Exitosamente Sq","robots":{"index":"index","follow":"follow","max-snippet":"max-snippet:-1","max-image-preview":"max-image-preview:large","max-video-preview":"max-video-preview:-1"},"canonical":"https:\/\/cursodepnl.com\/exitosq\/tarjeta-para-argentina\/","og_locale":"es_ES","og_type":"article","og_title":"Tarjeta para Argentina - Exitosamente Sq","og_description":"Para pagar con tarjeta de cr\u00e9dito o d\u00e9bito v\u00eda MercadoPago (opci\u00f3n s\u00f3lo para Argentina) hac\u00e9 clic en el bot\u00f3n Pagar de abajo: 6500 2490 $ ARG Confirmado el pago, accedes al curso. OPCI\u00d3N 1: UN SOLO Pago de 2490 $ ARG OPCI\u00d3N 2: TRES PAGOS DE 833 $ ARG","og_url":"https:\/\/cursodepnl.com\/exitosq\/tarjeta-para-argentina\/","og_site_name":"Exitosamente Sq","article_publisher":"http:\/\/facebook.com\/pnlonline","article_modified_time":"2020-09-22T21:26:07+00:00","og_image":[{"url":"http:\/\/cursodepnl.com\/wp-content\/uploads\/2010\/12\/barra21.gif","type":"","width":"","height":""}],"twitter_card":"summary_large_image","schema":{"@context":"https:\/\/schema.org","@graph":[{"@type":"WebPage","@id":"https:\/\/cursodepnl.com\/exitosq\/tarjeta-para-argentina\/","url":"https:\/\/cursodepnl.com\/exitosq\/tarjeta-para-argentina\/","name":"Tarjeta para Argentina - Exitosamente Sq","isPartOf":{"@id":"https:\/\/cursodepnl.com\/exitosq\/#website"},"primaryImageOfPage":{"@id":"https:\/\/cursodepnl.com\/exitosq\/tarjeta-para-argentina\/#primaryimage"},"image":{"@id":"https:\/\/cursodepnl.com\/exitosq\/tarjeta-para-argentina\/#primaryimage"},"thumbnailUrl":"http:\/\/cursodepnl.com\/wp-content\/uploads\/2010\/12\/barra21.gif","datePublished":"2018-11-07T10:30:48+00:00","dateModified":"2020-09-22T21:26:07+00:00","breadcrumb":{"@id":"https:\/\/cursodepnl.com\/exitosq\/tarjeta-para-argentina\/#breadcrumb"},"inLanguage":"es","potentialAction":[{"@type":"ReadAction","target":["https:\/\/cursodepnl.com\/exitosq\/tarjeta-para-argentina\/"]}]},{"@type":"ImageObject","inLanguage":"es","@id":"https:\/\/cursodepnl.com\/exitosq\/tarjeta-para-argentina\/#primaryimage","url":"http:\/\/cursodepnl.com\/wp-content\/uploads\/2010\/12\/barra21.gif","contentUrl":"http:\/\/cursodepnl.com\/wp-content\/uploads\/2010\/12\/barra21.gif"},{"@type":"BreadcrumbList","@id":"https:\/\/cursodepnl.com\/exitosq\/tarjeta-para-argentina\/#breadcrumb","itemListElement":[{"@type":"ListItem","position":1,"name":"Portada","item":"https:\/\/cursodepnl.com\/exitosq\/"},{"@type":"ListItem","position":2,"name":"Tarjeta para Argentina"}]},{"@type":"WebSite","@id":"https:\/\/cursodepnl.com\/exitosq\/#website","url":"https:\/\/cursodepnl.com\/exitosq\/","name":"Exitosamente Sq","description":"Exitosamente de Curso De PNL.com","potentialAction":[{"@type":"SearchAction","target":{"@type":"EntryPoint","urlTemplate":"https:\/\/cursodepnl.com\/exitosq\/?s={search_term_string}"},"query-input":{"@type":"PropertyValueSpecification","valueRequired":true,"valueName":"search_term_string"}}],"inLanguage":"es"}]}},"_links":{"self":[{"href":"https:\/\/cursodepnl.com\/exitosq\/wp-json\/wp\/v2\/pages\/6947","targetHints":{"allow":["GET"]}}],"collection":[{"href":"https:\/\/cursodepnl.com\/exitosq\/wp-json\/wp\/v2\/pages"}],"about":[{"href":"https:\/\/cursodepnl.com\/exitosq\/wp-json\/wp\/v2\/types\/page"}],"author":[{"embeddable":true,"href":"https:\/\/cursodepnl.com\/exitosq\/wp-json\/wp\/v2\/users\/1"}],"replies":[{"embeddable":true,"href":"https:\/\/cursodepnl.com\/exitosq\/wp-json\/wp\/v2\/comments?post=6947"}],"version-history":[{"count":21,"href":"https:\/\/cursodepnl.com\/exitosq\/wp-json\/wp\/v2\/pages\/6947\/revisions"}],"predecessor-version":[{"id":8665,"href":"https:\/\/cursodepnl.com\/exitosq\/wp-json\/wp\/v2\/pages\/6947\/revisions\/8665"}],"wp:attachment":[{"href":"https:\/\/cursodepnl.com\/exitosq\/wp-json\/wp\/v2\/media?parent=6947"}],"curies":[{"name":"wp","href":"https:\/\/api.w.org\/{rel}","templated":true}]}}