{"id":707,"date":"2014-09-18T18:06:04","date_gmt":"2014-09-18T18:06:04","guid":{"rendered":"https:\/\/cursodepnl.com\/exitosq\/?page_id=707"},"modified":"2025-03-07T19:01:10","modified_gmt":"2025-03-07T19:01:10","slug":"datos-cuenta-2","status":"publish","type":"page","link":"https:\/\/cursodepnl.com\/exitosq\/datos-cuenta-2\/","title":{"rendered":"Datos Cuenta"},"content":{"rendered":"<p><img decoding=\"async\" class=\"op3-element__image op3-element-image__image\" title=\"\" src=\"https:\/\/cursodepnl.com\/wp-content\/uploads\/2010\/12\/barra21.gif\" alt=\"choose your image\" width=\"750\" data-op3-attachment-id=\"\" \/><\/p>\n<p style=\"text-align: center;\"><strong>Por favor completa este formulario para recibir los datos de la cuenta o env\u00edame un email a info@cursodepnl.com para recibir los datos <\/strong><strong>NOTA<\/strong>: opci\u00f3n v\u00e1lida solo dentro de Argentina. Si eres de otro pa\u00eds para abonar en efectivo debes hacer <a href=\"https:\/\/cursodepnl.com\/exitosq\/datos-giro\/\" target=\"_blank\" rel=\"noopener noreferrer\">clic aqu\u00ed <\/a><\/p>\n<p style=\"text-align: center;\"><div class=\"wpforms-container wpforms-container-full wpforms-render-modern\" id=\"wpforms-20020\"><form id=\"wpforms-form-20020\" class=\"wpforms-validate wpforms-form wpforms-ajax-form\" data-formid=\"20020\" method=\"post\" enctype=\"multipart\/form-data\" action=\"\/exitosq\/wp-json\/wp\/v2\/pages\/707\" data-token=\"d7cb938b2f188c576eec13a829a6869d\" data-token-time=\"1776657390\"><noscript class=\"wpforms-error-noscript\">Por favor, activa JavaScript en tu navegador para completar este formulario.<\/noscript><div class=\"wpforms-hidden\" id=\"wpforms-error-noscript\">Por favor, activa JavaScript en tu navegador para completar este formulario.<\/div><div class=\"wpforms-field-container\"><div id=\"wpforms-20020-field_0-container\" class=\"wpforms-field wpforms-field-name\" data-field-id=\"0\"><input type=\"text\" id=\"wpforms-20020-field_0\" class=\"wpforms-field-medium wpforms-field-required\" name=\"wpforms[fields][0]\" value=\"Tu Nombre Completo\" aria-errormessage=\"wpforms-20020-field_0-error\" required><\/div><div id=\"wpforms-20020-field_1-container\" class=\"wpforms-field wpforms-field-email\" data-field-id=\"1\"><label class=\"wpforms-field-label wpforms-label-hide\" for=\"wpforms-20020-field_1\" aria-hidden=\"false\">Tu mejor email <span class=\"wpforms-required-label\" aria-hidden=\"true\">*<\/span><\/label><input type=\"email\" id=\"wpforms-20020-field_1\" class=\"wpforms-field-medium wpforms-field-required\" name=\"wpforms[fields][1]\" value=\"tuemail@tuemail.aqui\" spellcheck=\"false\" aria-errormessage=\"wpforms-20020-field_1-error\" required><\/div><div id=\"wpforms-20020-field_3-container\" class=\"wpforms-field wpforms-field-number\" data-field-id=\"3\"><label class=\"wpforms-field-label wpforms-label-hide\" for=\"wpforms-20020-field_3\" aria-hidden=\"false\">Tu n\u00famero de Whatsapp (poner c\u00f3digo de pa\u00eds tambi\u00e9n) <span class=\"wpforms-required-label\" aria-hidden=\"true\">*<\/span><\/label><input type=\"number\" id=\"wpforms-20020-field_3\" class=\"wpforms-field-medium wpforms-field-required\" name=\"wpforms[fields][3]\" placeholder=\"Ingresa tu whatsapp con codigo de pa\u00eds\" step=\"any\" aria-errormessage=\"wpforms-20020-field_3-error\" required><\/div><\/div><!-- .wpforms-field-container --><div class=\"wpforms-submit-container\" ><input type=\"hidden\" name=\"wpforms[id]\" value=\"20020\"><input type=\"hidden\" name=\"page_title\" value=\"\"><input type=\"hidden\" name=\"page_url\" value=\"https:\/\/cursodepnl.com\/exitosq\/wp-json\/wp\/v2\/pages\/707\"><input type=\"hidden\" name=\"url_referer\" value=\"\"><button type=\"submit\" name=\"wpforms[submit]\" id=\"wpforms-submit-20020\" class=\"wpforms-submit\" data-alt-text=\"Enviando...\" data-submit-text=\"Enviar\" aria-live=\"assertive\" value=\"wpforms-submit\">Enviar<\/button><img loading=\"lazy\" decoding=\"async\" src=\"https:\/\/cursodepnl.com\/exitosq\/wp-content\/plugins\/wpforms\/assets\/images\/submit-spin.svg\" class=\"wpforms-submit-spinner\" style=\"display: none;\" width=\"26\" height=\"26\" alt=\"Cargando\"><\/div><\/form><\/div>  <!-- .wpforms-container --><\/p>\n","protected":false},"excerpt":{"rendered":"<p>Por favor completa este formulario para recibir los datos de la cuenta o env\u00edame un email a info@cursodepnl.com para recibir los datos NOTA: opci\u00f3n v\u00e1lida solo dentro de Argentina. Si eres de otro pa\u00eds para abonar en efectivo debes hacer clic aqu\u00ed<\/p>\n","protected":false},"author":1,"featured_media":0,"parent":0,"menu_order":0,"comment_status":"open","ping_status":"open","template":"","meta":{"_joinchat":[],"footnotes":""},"class_list":["post-707","page","type-page","status-publish","hentry"],"yoast_head":"<!-- This site is optimized with the Yoast SEO plugin v25.4 - https:\/\/yoast.com\/wordpress\/plugins\/seo\/ -->\n<title>Datos Cuenta - Exitosamente Sq<\/title>\n<meta name=\"robots\" content=\"index, follow, max-snippet:-1, max-image-preview:large, max-video-preview:-1\" \/>\n<link rel=\"canonical\" href=\"https:\/\/cursodepnl.com\/exitosq\/datos-cuenta-2\/\" \/>\n<meta property=\"og:locale\" content=\"es_ES\" \/>\n<meta property=\"og:type\" content=\"article\" \/>\n<meta property=\"og:title\" content=\"Datos Cuenta - Exitosamente Sq\" \/>\n<meta property=\"og:description\" content=\"Por favor completa este formulario para recibir los datos de la cuenta o env\u00edame un email a info@cursodepnl.com para recibir los datos NOTA: opci\u00f3n v\u00e1lida solo dentro de Argentina. Si eres de otro pa\u00eds para abonar en efectivo debes hacer clic aqu\u00ed\" \/>\n<meta property=\"og:url\" content=\"https:\/\/cursodepnl.com\/exitosq\/datos-cuenta-2\/\" \/>\n<meta property=\"og:site_name\" content=\"Exitosamente Sq\" \/>\n<meta property=\"article:publisher\" content=\"http:\/\/facebook.com\/pnlonline\" \/>\n<meta property=\"article:modified_time\" content=\"2025-03-07T19:01:10+00:00\" \/>\n<meta property=\"og:image\" content=\"https:\/\/cursodepnl.com\/wp-content\/uploads\/2010\/12\/barra21.gif\" \/>\n<meta name=\"twitter:card\" content=\"summary_large_image\" \/>\n<meta name=\"twitter:label1\" content=\"Tiempo de lectura\" \/>\n\t<meta name=\"twitter:data1\" content=\"1 minuto\" \/>\n<script type=\"application\/ld+json\" class=\"yoast-schema-graph\">{\"@context\":\"https:\/\/schema.org\",\"@graph\":[{\"@type\":\"WebPage\",\"@id\":\"https:\/\/cursodepnl.com\/exitosq\/datos-cuenta-2\/\",\"url\":\"https:\/\/cursodepnl.com\/exitosq\/datos-cuenta-2\/\",\"name\":\"Datos Cuenta - Exitosamente Sq\",\"isPartOf\":{\"@id\":\"https:\/\/cursodepnl.com\/exitosq\/#website\"},\"primaryImageOfPage\":{\"@id\":\"https:\/\/cursodepnl.com\/exitosq\/datos-cuenta-2\/#primaryimage\"},\"image\":{\"@id\":\"https:\/\/cursodepnl.com\/exitosq\/datos-cuenta-2\/#primaryimage\"},\"thumbnailUrl\":\"https:\/\/cursodepnl.com\/wp-content\/uploads\/2010\/12\/barra21.gif\",\"datePublished\":\"2014-09-18T18:06:04+00:00\",\"dateModified\":\"2025-03-07T19:01:10+00:00\",\"breadcrumb\":{\"@id\":\"https:\/\/cursodepnl.com\/exitosq\/datos-cuenta-2\/#breadcrumb\"},\"inLanguage\":\"es\",\"potentialAction\":[{\"@type\":\"ReadAction\",\"target\":[\"https:\/\/cursodepnl.com\/exitosq\/datos-cuenta-2\/\"]}]},{\"@type\":\"ImageObject\",\"inLanguage\":\"es\",\"@id\":\"https:\/\/cursodepnl.com\/exitosq\/datos-cuenta-2\/#primaryimage\",\"url\":\"https:\/\/cursodepnl.com\/wp-content\/uploads\/2010\/12\/barra21.gif\",\"contentUrl\":\"https:\/\/cursodepnl.com\/wp-content\/uploads\/2010\/12\/barra21.gif\"},{\"@type\":\"BreadcrumbList\",\"@id\":\"https:\/\/cursodepnl.com\/exitosq\/datos-cuenta-2\/#breadcrumb\",\"itemListElement\":[{\"@type\":\"ListItem\",\"position\":1,\"name\":\"Portada\",\"item\":\"https:\/\/cursodepnl.com\/exitosq\/\"},{\"@type\":\"ListItem\",\"position\":2,\"name\":\"Datos Cuenta\"}]},{\"@type\":\"WebSite\",\"@id\":\"https:\/\/cursodepnl.com\/exitosq\/#website\",\"url\":\"https:\/\/cursodepnl.com\/exitosq\/\",\"name\":\"Exitosamente Sq\",\"description\":\"Exitosamente de Curso De PNL.com\",\"potentialAction\":[{\"@type\":\"SearchAction\",\"target\":{\"@type\":\"EntryPoint\",\"urlTemplate\":\"https:\/\/cursodepnl.com\/exitosq\/?s={search_term_string}\"},\"query-input\":{\"@type\":\"PropertyValueSpecification\",\"valueRequired\":true,\"valueName\":\"search_term_string\"}}],\"inLanguage\":\"es\"}]}<\/script>\n<!-- \/ Yoast SEO plugin. -->","yoast_head_json":{"title":"Datos Cuenta - Exitosamente Sq","robots":{"index":"index","follow":"follow","max-snippet":"max-snippet:-1","max-image-preview":"max-image-preview:large","max-video-preview":"max-video-preview:-1"},"canonical":"https:\/\/cursodepnl.com\/exitosq\/datos-cuenta-2\/","og_locale":"es_ES","og_type":"article","og_title":"Datos Cuenta - Exitosamente Sq","og_description":"Por favor completa este formulario para recibir los datos de la cuenta o env\u00edame un email a info@cursodepnl.com para recibir los datos NOTA: opci\u00f3n v\u00e1lida solo dentro de Argentina. Si eres de otro pa\u00eds para abonar en efectivo debes hacer clic aqu\u00ed","og_url":"https:\/\/cursodepnl.com\/exitosq\/datos-cuenta-2\/","og_site_name":"Exitosamente Sq","article_publisher":"http:\/\/facebook.com\/pnlonline","article_modified_time":"2025-03-07T19:01:10+00:00","og_image":[{"url":"https:\/\/cursodepnl.com\/wp-content\/uploads\/2010\/12\/barra21.gif","type":"","width":"","height":""}],"twitter_card":"summary_large_image","twitter_misc":{"Tiempo de lectura":"1 minuto"},"schema":{"@context":"https:\/\/schema.org","@graph":[{"@type":"WebPage","@id":"https:\/\/cursodepnl.com\/exitosq\/datos-cuenta-2\/","url":"https:\/\/cursodepnl.com\/exitosq\/datos-cuenta-2\/","name":"Datos Cuenta - Exitosamente Sq","isPartOf":{"@id":"https:\/\/cursodepnl.com\/exitosq\/#website"},"primaryImageOfPage":{"@id":"https:\/\/cursodepnl.com\/exitosq\/datos-cuenta-2\/#primaryimage"},"image":{"@id":"https:\/\/cursodepnl.com\/exitosq\/datos-cuenta-2\/#primaryimage"},"thumbnailUrl":"https:\/\/cursodepnl.com\/wp-content\/uploads\/2010\/12\/barra21.gif","datePublished":"2014-09-18T18:06:04+00:00","dateModified":"2025-03-07T19:01:10+00:00","breadcrumb":{"@id":"https:\/\/cursodepnl.com\/exitosq\/datos-cuenta-2\/#breadcrumb"},"inLanguage":"es","potentialAction":[{"@type":"ReadAction","target":["https:\/\/cursodepnl.com\/exitosq\/datos-cuenta-2\/"]}]},{"@type":"ImageObject","inLanguage":"es","@id":"https:\/\/cursodepnl.com\/exitosq\/datos-cuenta-2\/#primaryimage","url":"https:\/\/cursodepnl.com\/wp-content\/uploads\/2010\/12\/barra21.gif","contentUrl":"https:\/\/cursodepnl.com\/wp-content\/uploads\/2010\/12\/barra21.gif"},{"@type":"BreadcrumbList","@id":"https:\/\/cursodepnl.com\/exitosq\/datos-cuenta-2\/#breadcrumb","itemListElement":[{"@type":"ListItem","position":1,"name":"Portada","item":"https:\/\/cursodepnl.com\/exitosq\/"},{"@type":"ListItem","position":2,"name":"Datos Cuenta"}]},{"@type":"WebSite","@id":"https:\/\/cursodepnl.com\/exitosq\/#website","url":"https:\/\/cursodepnl.com\/exitosq\/","name":"Exitosamente Sq","description":"Exitosamente de Curso De PNL.com","potentialAction":[{"@type":"SearchAction","target":{"@type":"EntryPoint","urlTemplate":"https:\/\/cursodepnl.com\/exitosq\/?s={search_term_string}"},"query-input":{"@type":"PropertyValueSpecification","valueRequired":true,"valueName":"search_term_string"}}],"inLanguage":"es"}]}},"_links":{"self":[{"href":"https:\/\/cursodepnl.com\/exitosq\/wp-json\/wp\/v2\/pages\/707","targetHints":{"allow":["GET"]}}],"collection":[{"href":"https:\/\/cursodepnl.com\/exitosq\/wp-json\/wp\/v2\/pages"}],"about":[{"href":"https:\/\/cursodepnl.com\/exitosq\/wp-json\/wp\/v2\/types\/page"}],"author":[{"embeddable":true,"href":"https:\/\/cursodepnl.com\/exitosq\/wp-json\/wp\/v2\/users\/1"}],"replies":[{"embeddable":true,"href":"https:\/\/cursodepnl.com\/exitosq\/wp-json\/wp\/v2\/comments?post=707"}],"version-history":[{"count":13,"href":"https:\/\/cursodepnl.com\/exitosq\/wp-json\/wp\/v2\/pages\/707\/revisions"}],"predecessor-version":[{"id":20026,"href":"https:\/\/cursodepnl.com\/exitosq\/wp-json\/wp\/v2\/pages\/707\/revisions\/20026"}],"wp:attachment":[{"href":"https:\/\/cursodepnl.com\/exitosq\/wp-json\/wp\/v2\/media?parent=707"}],"curies":[{"name":"wp","href":"https:\/\/api.w.org\/{rel}","templated":true}]}}