{"id":8126,"date":"2020-06-22T19:29:18","date_gmt":"2020-06-22T19:29:18","guid":{"rendered":"https:\/\/cursodepnl.com\/exitosq\/?page_id=8126"},"modified":"2022-07-04T13:48:12","modified_gmt":"2022-07-04T13:48:12","slug":"curso-pnl-con-descuento-colombia","status":"publish","type":"page","link":"https:\/\/cursodepnl.com\/exitosq\/curso-pnl-con-descuento-colombia\/","title":{"rendered":"Curso PNL Con Descuento Colombia"},"content":{"rendered":"<div><img loading=\"lazy\" decoding=\"async\" style=\"border: 0px;\" title=\"barra2\" src=\"http:\/\/cursodepnl.com\/wp-content\/uploads\/2010\/12\/barra21.gif\" alt=\"barra2\" width=\"657\" height=\"40\" \/><\/div>\n<div>\n<p>Para pagar con tarjeta elige la opci\u00f3n que quieras, debajo. En cuanto el pago est\u00e9 hecho, recibes acceso <strong>Inmediato al curso!<\/strong><\/p>\n<p style=\"text-align: center;\"><u><strong>OPCI\u00d3N 1: <\/strong><\/u>1 solo pago de 206.000 $ Colombianos!<\/p>\n<div align=\"center\"><div class=\"asp_product_buy_button\"><div class=\"asp-processing-cont\" style=\"display:none;\"><span class=\"asp-processing\">Processing <i>.<\/i><i>.<\/i><i>.<\/i><\/span><\/div><form id=\"asp_ng_form_069ee69f647476\" class=\"asp-stripe-form\" action=\"\"  method=\"POST\"> <input type=\"hidden\" name=\"asp_product_id\" value=\"8159\" \/><div class=\"asp-child-hidden-fields\" style=\"display: none !important;\"><\/div><\/form><div id=\"asp-all-buttons-container-069ee69f647476\" class=\"asp_all_buttons_container\"><div class=\"asp_product_buy_btn_container\"><button id=\"asp_ng_button_069ee69f647476\" type=\"submit\" class=\"asp_product_buy_btn blue\" ><span>Pagar 206.000 $ Colombianos<\/span><\/button><\/div><noscript>Para poder operar, Stripe Payments necesita que el navegador sea compatible con JavaScript.<\/noscript><\/div><div id=\"asp-btn-spinner-container-069ee69f647476\" class=\"asp-btn-spinner-container\" style=\"display: none !important\"><div class=\"asp-btn-spinner\"><div><\/div><div><\/div><div><\/div><div><\/div><\/div><\/div><script>var asp_data_069ee69f647476 = {\"is_live\":true,\"product_id\":8159,\"iframe_url\":\"https:\\\/\\\/cursodepnl.com\\\/exitosq\\\/asp-payment-box\\\/?product_id=8159\",\"button_key\":\"b2fee14a553beff0c6c966abafe53955\",\"item_price\":20600000,\"quantity\":1,\"custom_quantity\":\"\",\"description\":\"1 X COL$206,000.00\",\"descrGenerated\":true,\"shipping\":0,\"tax\":0,\"image\":\"\",\"currency\":\"COP\",\"currency_variable\":\"\",\"locale\":\"auto\",\"name\":\"PNL Completo Colombia\",\"url\":\"\",\"amount\":20600000,\"billingAddress\":false,\"shippingAddress\":false,\"customer_email\":\"\",\"uniq_id\":\"069ee69f647476\",\"variable\":false,\"zeroCents\":[\"JPY\",\"MGA\",\"VND\",\"KRW\"],\"addonHooks\":[],\"button_text\":\"Pagar 206.000 $ Colombianos\",\"out_of_stock\":false,\"stock_control_enabled\":false,\"stock_items\":0,\"currencyFormat\":{\"c\":2,\"d\":\".\",\"t\":\",\",\"s\":\"COL$\",\"pos\":\"left\"},\"displayStr\":{\"tax\":\"%s (impuesto)\",\"ship\":\"%s (env\\u00edo)\"},\"thankyou_page_url\":\"aHR0cHM6Ly9jdXJzb2RlcG5sLmNvbS9leGl0b3NxL2V4aXRvc2FtZW50ZS1yZW5vdmFkby8=\",\"show_custom_amount_input\":false};if(typeof jQuery!==\"undefined\") {jQuery(document).ready(function() {new stripeHandlerNG(asp_data_069ee69f647476);});} else { if (typeof wpaspInitOnDocReady===\"undefined\") {var wpaspInitOnDocReady=[];} wpaspInitOnDocReady.push(asp_data_069ee69f647476);}<\/script><\/div><\/div>\n<\/p>\n<p style=\"text-align: center;\"><u><strong>OPCI\u00d3N 2: <\/strong><\/u>PAYPAL &#8211; 1 pago de 55 U$<\/p>\n<form action=\"https:\/\/www.paypal.com\/cgi-bin\/webscr\" method=\"post\" target=\"_top\"><input name=\"cmd\" type=\"hidden\" value=\"_s-xclick\" \/><input name=\"hosted_button_id\" type=\"hidden\" value=\"9TUD35DJJS4DC\" \/><input alt=\"PayPal, la forma r\u00e1pida y segura de pagar en Internet.\" name=\"submit\" src=\"https:\/\/www.paypalobjects.com\/es_ES\/ES\/i\/btn\/btn_buynowCC_LG.gif\" type=\"image\" \/><img loading=\"lazy\" decoding=\"async\" src=\"https:\/\/www.paypalobjects.com\/es_XC\/i\/scr\/pixel.gif\" alt=\"\" width=\"1\" height=\"1\" border=\"0\" \/><\/form>\n<\/p>\n<p style=\"text-align: center;\"><u><strong>OPCI\u00d3N 3: <\/strong><\/u>PAYPAL en 3 Pagos de 22 U$<\/p>\n<form action=\"https:\/\/www.paypal.com\/cgi-bin\/webscr\" method=\"post\" target=\"_top\"><input name=\"cmd\" type=\"hidden\" value=\"_s-xclick\" \/><input name=\"hosted_button_id\" type=\"hidden\" value=\"YNS4DWFYB2N88\" \/><input alt=\"PayPal, la forma r\u00e1pida y segura de pagar en Internet.\" name=\"submit\" src=\"https:\/\/www.paypalobjects.com\/es_ES\/ES\/i\/btn\/btn_subscribeCC_LG.gif\" type=\"image\" \/><img loading=\"lazy\" decoding=\"async\" src=\"https:\/\/www.paypalobjects.com\/es_XC\/i\/scr\/pixel.gif\" alt=\"\" width=\"1\" height=\"1\" border=\"0\" \/><\/form>\n<\/div>\n","protected":false},"excerpt":{"rendered":"<p>Para pagar con tarjeta elige la opci\u00f3n que quieras, debajo. En cuanto el pago est\u00e9 hecho, recibes acceso Inmediato al curso! OPCI\u00d3N 1: 1 solo pago de 206.000 $ Colombianos! OPCI\u00d3N 2: PAYPAL &#8211; 1 pago de 55 U$ OPCI\u00d3N 3: PAYPAL en 3 Pagos de 22 U$<\/p>\n","protected":false},"author":1,"featured_media":0,"parent":0,"menu_order":0,"comment_status":"open","ping_status":"open","template":"","meta":{"_joinchat":[],"footnotes":""},"class_list":["post-8126","page","type-page","status-publish","hentry"],"yoast_head":"<!-- This site is optimized with the Yoast SEO plugin v25.4 - https:\/\/yoast.com\/wordpress\/plugins\/seo\/ -->\n<title>Curso PNL Con Descuento Colombia - Exitosamente Sq<\/title>\n<meta name=\"description\" content=\"Paga con tarjetas en forma segura el Curso de PNL desde aqu\u00ed\" \/>\n<meta name=\"robots\" content=\"index, follow, max-snippet:-1, max-image-preview:large, max-video-preview:-1\" \/>\n<link rel=\"canonical\" href=\"https:\/\/cursodepnl.com\/exitosq\/curso-pnl-con-descuento-colombia\/\" \/>\n<meta property=\"og:locale\" content=\"es_ES\" \/>\n<meta property=\"og:type\" content=\"article\" \/>\n<meta property=\"og:title\" content=\"Curso PNL Con Descuento Colombia - Exitosamente Sq\" \/>\n<meta property=\"og:description\" content=\"Paga con tarjetas en forma segura el Curso de PNL desde aqu\u00ed\" \/>\n<meta property=\"og:url\" content=\"https:\/\/cursodepnl.com\/exitosq\/curso-pnl-con-descuento-colombia\/\" \/>\n<meta property=\"og:site_name\" content=\"Exitosamente Sq\" \/>\n<meta property=\"article:publisher\" content=\"http:\/\/facebook.com\/pnlonline\" \/>\n<meta property=\"article:modified_time\" content=\"2022-07-04T13:48:12+00:00\" \/>\n<meta property=\"og:image\" content=\"http:\/\/cursodepnl.com\/wp-content\/uploads\/2010\/12\/barra21.gif\" \/>\n<meta name=\"twitter:card\" content=\"summary_large_image\" \/>\n<script type=\"application\/ld+json\" class=\"yoast-schema-graph\">{\"@context\":\"https:\/\/schema.org\",\"@graph\":[{\"@type\":\"WebPage\",\"@id\":\"https:\/\/cursodepnl.com\/exitosq\/curso-pnl-con-descuento-colombia\/\",\"url\":\"https:\/\/cursodepnl.com\/exitosq\/curso-pnl-con-descuento-colombia\/\",\"name\":\"Curso PNL Con Descuento Colombia - Exitosamente Sq\",\"isPartOf\":{\"@id\":\"https:\/\/cursodepnl.com\/exitosq\/#website\"},\"primaryImageOfPage\":{\"@id\":\"https:\/\/cursodepnl.com\/exitosq\/curso-pnl-con-descuento-colombia\/#primaryimage\"},\"image\":{\"@id\":\"https:\/\/cursodepnl.com\/exitosq\/curso-pnl-con-descuento-colombia\/#primaryimage\"},\"thumbnailUrl\":\"http:\/\/cursodepnl.com\/wp-content\/uploads\/2010\/12\/barra21.gif\",\"datePublished\":\"2020-06-22T19:29:18+00:00\",\"dateModified\":\"2022-07-04T13:48:12+00:00\",\"description\":\"Paga con tarjetas en forma segura el Curso de PNL desde aqu\u00ed\",\"breadcrumb\":{\"@id\":\"https:\/\/cursodepnl.com\/exitosq\/curso-pnl-con-descuento-colombia\/#breadcrumb\"},\"inLanguage\":\"es\",\"potentialAction\":[{\"@type\":\"ReadAction\",\"target\":[\"https:\/\/cursodepnl.com\/exitosq\/curso-pnl-con-descuento-colombia\/\"]}]},{\"@type\":\"ImageObject\",\"inLanguage\":\"es\",\"@id\":\"https:\/\/cursodepnl.com\/exitosq\/curso-pnl-con-descuento-colombia\/#primaryimage\",\"url\":\"http:\/\/cursodepnl.com\/wp-content\/uploads\/2010\/12\/barra21.gif\",\"contentUrl\":\"http:\/\/cursodepnl.com\/wp-content\/uploads\/2010\/12\/barra21.gif\"},{\"@type\":\"BreadcrumbList\",\"@id\":\"https:\/\/cursodepnl.com\/exitosq\/curso-pnl-con-descuento-colombia\/#breadcrumb\",\"itemListElement\":[{\"@type\":\"ListItem\",\"position\":1,\"name\":\"Portada\",\"item\":\"https:\/\/cursodepnl.com\/exitosq\/\"},{\"@type\":\"ListItem\",\"position\":2,\"name\":\"Curso PNL Con Descuento Colombia\"}]},{\"@type\":\"WebSite\",\"@id\":\"https:\/\/cursodepnl.com\/exitosq\/#website\",\"url\":\"https:\/\/cursodepnl.com\/exitosq\/\",\"name\":\"Exitosamente Sq\",\"description\":\"Exitosamente de Curso De PNL.com\",\"potentialAction\":[{\"@type\":\"SearchAction\",\"target\":{\"@type\":\"EntryPoint\",\"urlTemplate\":\"https:\/\/cursodepnl.com\/exitosq\/?s={search_term_string}\"},\"query-input\":{\"@type\":\"PropertyValueSpecification\",\"valueRequired\":true,\"valueName\":\"search_term_string\"}}],\"inLanguage\":\"es\"}]}<\/script>\n<!-- \/ Yoast SEO plugin. -->","yoast_head_json":{"title":"Curso PNL Con Descuento Colombia - Exitosamente Sq","description":"Paga con tarjetas en forma segura el Curso de PNL desde aqu\u00ed","robots":{"index":"index","follow":"follow","max-snippet":"max-snippet:-1","max-image-preview":"max-image-preview:large","max-video-preview":"max-video-preview:-1"},"canonical":"https:\/\/cursodepnl.com\/exitosq\/curso-pnl-con-descuento-colombia\/","og_locale":"es_ES","og_type":"article","og_title":"Curso PNL Con Descuento Colombia - Exitosamente Sq","og_description":"Paga con tarjetas en forma segura el Curso de PNL desde aqu\u00ed","og_url":"https:\/\/cursodepnl.com\/exitosq\/curso-pnl-con-descuento-colombia\/","og_site_name":"Exitosamente Sq","article_publisher":"http:\/\/facebook.com\/pnlonline","article_modified_time":"2022-07-04T13:48:12+00:00","og_image":[{"url":"http:\/\/cursodepnl.com\/wp-content\/uploads\/2010\/12\/barra21.gif","type":"","width":"","height":""}],"twitter_card":"summary_large_image","schema":{"@context":"https:\/\/schema.org","@graph":[{"@type":"WebPage","@id":"https:\/\/cursodepnl.com\/exitosq\/curso-pnl-con-descuento-colombia\/","url":"https:\/\/cursodepnl.com\/exitosq\/curso-pnl-con-descuento-colombia\/","name":"Curso PNL Con Descuento Colombia - Exitosamente Sq","isPartOf":{"@id":"https:\/\/cursodepnl.com\/exitosq\/#website"},"primaryImageOfPage":{"@id":"https:\/\/cursodepnl.com\/exitosq\/curso-pnl-con-descuento-colombia\/#primaryimage"},"image":{"@id":"https:\/\/cursodepnl.com\/exitosq\/curso-pnl-con-descuento-colombia\/#primaryimage"},"thumbnailUrl":"http:\/\/cursodepnl.com\/wp-content\/uploads\/2010\/12\/barra21.gif","datePublished":"2020-06-22T19:29:18+00:00","dateModified":"2022-07-04T13:48:12+00:00","description":"Paga con tarjetas en forma segura el Curso de PNL desde aqu\u00ed","breadcrumb":{"@id":"https:\/\/cursodepnl.com\/exitosq\/curso-pnl-con-descuento-colombia\/#breadcrumb"},"inLanguage":"es","potentialAction":[{"@type":"ReadAction","target":["https:\/\/cursodepnl.com\/exitosq\/curso-pnl-con-descuento-colombia\/"]}]},{"@type":"ImageObject","inLanguage":"es","@id":"https:\/\/cursodepnl.com\/exitosq\/curso-pnl-con-descuento-colombia\/#primaryimage","url":"http:\/\/cursodepnl.com\/wp-content\/uploads\/2010\/12\/barra21.gif","contentUrl":"http:\/\/cursodepnl.com\/wp-content\/uploads\/2010\/12\/barra21.gif"},{"@type":"BreadcrumbList","@id":"https:\/\/cursodepnl.com\/exitosq\/curso-pnl-con-descuento-colombia\/#breadcrumb","itemListElement":[{"@type":"ListItem","position":1,"name":"Portada","item":"https:\/\/cursodepnl.com\/exitosq\/"},{"@type":"ListItem","position":2,"name":"Curso PNL Con Descuento Colombia"}]},{"@type":"WebSite","@id":"https:\/\/cursodepnl.com\/exitosq\/#website","url":"https:\/\/cursodepnl.com\/exitosq\/","name":"Exitosamente Sq","description":"Exitosamente de Curso De PNL.com","potentialAction":[{"@type":"SearchAction","target":{"@type":"EntryPoint","urlTemplate":"https:\/\/cursodepnl.com\/exitosq\/?s={search_term_string}"},"query-input":{"@type":"PropertyValueSpecification","valueRequired":true,"valueName":"search_term_string"}}],"inLanguage":"es"}]}},"_links":{"self":[{"href":"https:\/\/cursodepnl.com\/exitosq\/wp-json\/wp\/v2\/pages\/8126","targetHints":{"allow":["GET"]}}],"collection":[{"href":"https:\/\/cursodepnl.com\/exitosq\/wp-json\/wp\/v2\/pages"}],"about":[{"href":"https:\/\/cursodepnl.com\/exitosq\/wp-json\/wp\/v2\/types\/page"}],"author":[{"embeddable":true,"href":"https:\/\/cursodepnl.com\/exitosq\/wp-json\/wp\/v2\/users\/1"}],"replies":[{"embeddable":true,"href":"https:\/\/cursodepnl.com\/exitosq\/wp-json\/wp\/v2\/comments?post=8126"}],"version-history":[{"count":5,"href":"https:\/\/cursodepnl.com\/exitosq\/wp-json\/wp\/v2\/pages\/8126\/revisions"}],"predecessor-version":[{"id":11742,"href":"https:\/\/cursodepnl.com\/exitosq\/wp-json\/wp\/v2\/pages\/8126\/revisions\/11742"}],"wp:attachment":[{"href":"https:\/\/cursodepnl.com\/exitosq\/wp-json\/wp\/v2\/media?parent=8126"}],"curies":[{"name":"wp","href":"https:\/\/api.w.org\/{rel}","templated":true}]}}