{"id":8526,"date":"2020-09-04T20:03:01","date_gmt":"2020-09-04T20:03:01","guid":{"rendered":"https:\/\/cursodepnl.com\/exitosq\/?page_id=8526"},"modified":"2022-02-11T20:12:14","modified_gmt":"2022-02-11T20:12:14","slug":"pago-tarjeta-argentina-desc","status":"publish","type":"page","link":"https:\/\/cursodepnl.com\/exitosq\/pago-tarjeta-argentina-desc\/","title":{"rendered":"Pago Tarjeta Argentina desc"},"content":{"rendered":"<p><img loading=\"lazy\" decoding=\"async\" title=\"barra2\" src=\"http:\/\/cursodepnl.com\/wp-content\/uploads\/2010\/12\/barra21.gif\" alt=\"barra2\" width=\"657\" height=\"40\"><\/p>\n<p><strong>Argentina: <strong><strong><del>18400<\/del>&nbsp; 3900 <\/strong><\/strong><\/strong>$ arg &nbsp;(opci\u00f3n de pago en cuotas) (por tiempo limitado)<\/p>\n<p><span style=\"font-size: medium;\">Pod\u00e9s pagar con tarjeta de cr\u00e9dito en pesos usando MercadoPago (opciones s\u00f3lo para Argentina). Una vez abonado recibir\u00e1s el acceso al programa<\/span>&nbsp;y los regalos.&nbsp;Disfrut\u00e1 de las cuotas sin inter\u00e9s con distintos bancos. <a href=\"http:\/\/e.mercadolibre.com.ar\/pub\/cc?_ri_=X0Gzc2X%3DYQpglLjHJlYQGrbeR8tBjzcHHzazczbfS2bzfRtp5HWEzcTuiTmzf6TDEyDnFyNYfjzarKLzbVXtpKX%3DYDDRAY&amp;_ei_=EolaGGF4SNMvxFF7KucKuWP-di_4F2fhgUg-wD-bkmvnaVAwOdTnQv_l6CaBfkVx-uxYQ8myWxQx6FkGA_c2Z34fZZp542XV.\" target=\"_blank\" rel=\"noreferrer noopener\">Consult\u00e1 las promociones<\/a><\/p>\n<div align=\"center\"><b><span style=\"text-decoration: underline;\">OPCI\u00d3N 1<\/span>: UN PAGO DE DE 3900 pesos<\/b><br><script src=\"https:\/\/www.mercadopago.com.ar\/integrations\/v1\/web-payment-checkout.js\" data-preference-id=\"324577638-49e844ee-3b45-4f15-b9c4-ff09a72d52c4\" data-source=\"button\"><\/script>\n<\/div>\n<div align=\"center\"><b><span style=\"text-decoration: underline;\"><br>OPCI\u00d3N 2:<\/span> TRES pagos de 1600 $ ARG<br>(haces el curso en 3 meses)<br><\/b><br><a class=\"blue-ar-l-rn-none\" href=\"https:\/\/www.mercadopago.com.ar\/subscriptions\/checkout?preapproval_plan_id=2c9380847ebeefd6017ebfbe9cb50035\" name=\"MP-payButton\"><img decoding=\"async\" src=\"https:\/\/cursodepnl.com\/exitosq\/wp-content\/uploads\/2017\/11\/mercadopago.jpg\"><\/a> <script type=\"text\/javascript\"><br \/>\n   (function() {<br \/>\n      function $MPC_load() {<br \/>\n         window.$MPC_loaded !== true && (function() {<br \/>\n         var s = document.createElement(\"script\");<br \/>\n         s.type = \"text\/javascript\";<br \/>\n         s.async = true;<br \/>\n         s.src = document.location.protocol + \"\/\/secure.mlstatic.com\/mptools\/render.js\";<br \/>\n         var x = document.getElementsByTagName('script')[0];<br \/>\n         x.parentNode.insertBefore(s, x);<br \/>\n         window.$MPC_loaded = true;<br \/>\n      })();<br \/>\n   }<br \/>\n   window.$MPC_loaded !== true ? (window.attachEvent ? window.attachEvent('onload', $MPC_load) : window.addEventListener('load', $MPC_load, false)) : null;<br \/>\n   })();<br \/>\n<\/script><\/div>\n<div align=\"center\"><b><b><span style=\"text-decoration: underline;\"><br>OPCI\u00d3N 3:<\/span> SEIS pagos de S\u00d3LO 990 $ ARG<\/b><\/b><br><a class=\"blue-ar-l-rn-none\" href=\"https:\/\/www.mercadopago.com.ar\/subscriptions\/checkout?preapproval_plan_id=2c938084742b458501742fe0a50609f5\" name=\"MP-payButton\"><img decoding=\"async\" src=\"https:\/\/cursodepnl.com\/exitosq\/wp-content\/uploads\/2017\/11\/mercadopago.jpg\"><\/a> <script type=\"text\/javascript\"><br \/>\n   (function() {<br \/>\n      function $MPC_load() {<br \/>\n         window.$MPC_loaded !== true && (function() {<br \/>\n         var s = document.createElement(\"script\");<br \/>\n         s.type = \"text\/javascript\";<br \/>\n         s.async = true;<br \/>\n         s.src = document.location.protocol + \"\/\/secure.mlstatic.com\/mptools\/render.js\";<br \/>\n         var x = document.getElementsByTagName('script')[0];<br \/>\n         x.parentNode.insertBefore(s, x);<br \/>\n         window.$MPC_loaded = true;<br \/>\n      })();<br \/>\n   }<br \/>\n   window.$MPC_loaded !== true ? (window.attachEvent ? window.attachEvent('onload', $MPC_load) : window.addEventListener('load', $MPC_load, false)) : null;<br \/>\n   })();<br \/>\n<\/script><\/div>\n\n","protected":false},"excerpt":{"rendered":"<p>Argentina: 18400&nbsp; 3900 $ arg &nbsp;(opci\u00f3n de pago en cuotas) (por tiempo limitado) Pod\u00e9s pagar con tarjeta de cr\u00e9dito en pesos usando MercadoPago (opciones s\u00f3lo para Argentina). Una vez abonado recibir\u00e1s el acceso al programa&nbsp;y los regalos.&nbsp;Disfrut\u00e1 de las cuotas sin inter\u00e9s con distintos bancos. Consult\u00e1 las promociones OPCI\u00d3N 1: UN PAGO DE DE 3900 [&hellip;]<\/p>\n","protected":false},"author":1,"featured_media":0,"parent":0,"menu_order":0,"comment_status":"closed","ping_status":"closed","template":"","meta":{"_joinchat":[],"footnotes":""},"class_list":["post-8526","page","type-page","status-publish","hentry"],"yoast_head":"<!-- This site is optimized with the Yoast SEO plugin v25.4 - https:\/\/yoast.com\/wordpress\/plugins\/seo\/ -->\n<title>Pago Tarjeta Argentina desc - Exitosamente Sq<\/title>\n<meta name=\"robots\" content=\"index, follow, max-snippet:-1, max-image-preview:large, max-video-preview:-1\" \/>\n<link rel=\"canonical\" href=\"https:\/\/cursodepnl.com\/exitosq\/pago-tarjeta-argentina-desc\/\" \/>\n<meta property=\"og:locale\" content=\"es_ES\" \/>\n<meta property=\"og:type\" content=\"article\" \/>\n<meta property=\"og:title\" content=\"Pago Tarjeta Argentina desc - Exitosamente Sq\" \/>\n<meta property=\"og:description\" content=\"Argentina: 18400&nbsp; 3900 $ arg &nbsp;(opci\u00f3n de pago en cuotas) (por tiempo limitado) Pod\u00e9s pagar con tarjeta de cr\u00e9dito en pesos usando MercadoPago (opciones s\u00f3lo para Argentina). Una vez abonado recibir\u00e1s el acceso al programa&nbsp;y los regalos.&nbsp;Disfrut\u00e1 de las cuotas sin inter\u00e9s con distintos bancos. Consult\u00e1 las promociones OPCI\u00d3N 1: UN PAGO DE DE 3900 [&hellip;]\" \/>\n<meta property=\"og:url\" content=\"https:\/\/cursodepnl.com\/exitosq\/pago-tarjeta-argentina-desc\/\" \/>\n<meta property=\"og:site_name\" content=\"Exitosamente Sq\" \/>\n<meta property=\"article:publisher\" content=\"http:\/\/facebook.com\/pnlonline\" \/>\n<meta property=\"article:modified_time\" content=\"2022-02-11T20:12:14+00:00\" \/>\n<meta property=\"og:image\" content=\"http:\/\/cursodepnl.com\/wp-content\/uploads\/2010\/12\/barra21.gif\" \/>\n<meta name=\"twitter:card\" content=\"summary_large_image\" \/>\n<script type=\"application\/ld+json\" class=\"yoast-schema-graph\">{\"@context\":\"https:\/\/schema.org\",\"@graph\":[{\"@type\":\"WebPage\",\"@id\":\"https:\/\/cursodepnl.com\/exitosq\/pago-tarjeta-argentina-desc\/\",\"url\":\"https:\/\/cursodepnl.com\/exitosq\/pago-tarjeta-argentina-desc\/\",\"name\":\"Pago Tarjeta Argentina desc - Exitosamente Sq\",\"isPartOf\":{\"@id\":\"https:\/\/cursodepnl.com\/exitosq\/#website\"},\"primaryImageOfPage\":{\"@id\":\"https:\/\/cursodepnl.com\/exitosq\/pago-tarjeta-argentina-desc\/#primaryimage\"},\"image\":{\"@id\":\"https:\/\/cursodepnl.com\/exitosq\/pago-tarjeta-argentina-desc\/#primaryimage\"},\"thumbnailUrl\":\"http:\/\/cursodepnl.com\/wp-content\/uploads\/2010\/12\/barra21.gif\",\"datePublished\":\"2020-09-04T20:03:01+00:00\",\"dateModified\":\"2022-02-11T20:12:14+00:00\",\"breadcrumb\":{\"@id\":\"https:\/\/cursodepnl.com\/exitosq\/pago-tarjeta-argentina-desc\/#breadcrumb\"},\"inLanguage\":\"es\",\"potentialAction\":[{\"@type\":\"ReadAction\",\"target\":[\"https:\/\/cursodepnl.com\/exitosq\/pago-tarjeta-argentina-desc\/\"]}]},{\"@type\":\"ImageObject\",\"inLanguage\":\"es\",\"@id\":\"https:\/\/cursodepnl.com\/exitosq\/pago-tarjeta-argentina-desc\/#primaryimage\",\"url\":\"http:\/\/cursodepnl.com\/wp-content\/uploads\/2010\/12\/barra21.gif\",\"contentUrl\":\"http:\/\/cursodepnl.com\/wp-content\/uploads\/2010\/12\/barra21.gif\"},{\"@type\":\"BreadcrumbList\",\"@id\":\"https:\/\/cursodepnl.com\/exitosq\/pago-tarjeta-argentina-desc\/#breadcrumb\",\"itemListElement\":[{\"@type\":\"ListItem\",\"position\":1,\"name\":\"Portada\",\"item\":\"https:\/\/cursodepnl.com\/exitosq\/\"},{\"@type\":\"ListItem\",\"position\":2,\"name\":\"Pago Tarjeta Argentina desc\"}]},{\"@type\":\"WebSite\",\"@id\":\"https:\/\/cursodepnl.com\/exitosq\/#website\",\"url\":\"https:\/\/cursodepnl.com\/exitosq\/\",\"name\":\"Exitosamente Sq\",\"description\":\"Exitosamente de Curso De PNL.com\",\"potentialAction\":[{\"@type\":\"SearchAction\",\"target\":{\"@type\":\"EntryPoint\",\"urlTemplate\":\"https:\/\/cursodepnl.com\/exitosq\/?s={search_term_string}\"},\"query-input\":{\"@type\":\"PropertyValueSpecification\",\"valueRequired\":true,\"valueName\":\"search_term_string\"}}],\"inLanguage\":\"es\"}]}<\/script>\n<!-- \/ Yoast SEO plugin. -->","yoast_head_json":{"title":"Pago Tarjeta Argentina desc - Exitosamente Sq","robots":{"index":"index","follow":"follow","max-snippet":"max-snippet:-1","max-image-preview":"max-image-preview:large","max-video-preview":"max-video-preview:-1"},"canonical":"https:\/\/cursodepnl.com\/exitosq\/pago-tarjeta-argentina-desc\/","og_locale":"es_ES","og_type":"article","og_title":"Pago Tarjeta Argentina desc - Exitosamente Sq","og_description":"Argentina: 18400&nbsp; 3900 $ arg &nbsp;(opci\u00f3n de pago en cuotas) (por tiempo limitado) Pod\u00e9s pagar con tarjeta de cr\u00e9dito en pesos usando MercadoPago (opciones s\u00f3lo para Argentina). Una vez abonado recibir\u00e1s el acceso al programa&nbsp;y los regalos.&nbsp;Disfrut\u00e1 de las cuotas sin inter\u00e9s con distintos bancos. Consult\u00e1 las promociones OPCI\u00d3N 1: UN PAGO DE DE 3900 [&hellip;]","og_url":"https:\/\/cursodepnl.com\/exitosq\/pago-tarjeta-argentina-desc\/","og_site_name":"Exitosamente Sq","article_publisher":"http:\/\/facebook.com\/pnlonline","article_modified_time":"2022-02-11T20:12:14+00:00","og_image":[{"url":"http:\/\/cursodepnl.com\/wp-content\/uploads\/2010\/12\/barra21.gif","type":"","width":"","height":""}],"twitter_card":"summary_large_image","schema":{"@context":"https:\/\/schema.org","@graph":[{"@type":"WebPage","@id":"https:\/\/cursodepnl.com\/exitosq\/pago-tarjeta-argentina-desc\/","url":"https:\/\/cursodepnl.com\/exitosq\/pago-tarjeta-argentina-desc\/","name":"Pago Tarjeta Argentina desc - Exitosamente Sq","isPartOf":{"@id":"https:\/\/cursodepnl.com\/exitosq\/#website"},"primaryImageOfPage":{"@id":"https:\/\/cursodepnl.com\/exitosq\/pago-tarjeta-argentina-desc\/#primaryimage"},"image":{"@id":"https:\/\/cursodepnl.com\/exitosq\/pago-tarjeta-argentina-desc\/#primaryimage"},"thumbnailUrl":"http:\/\/cursodepnl.com\/wp-content\/uploads\/2010\/12\/barra21.gif","datePublished":"2020-09-04T20:03:01+00:00","dateModified":"2022-02-11T20:12:14+00:00","breadcrumb":{"@id":"https:\/\/cursodepnl.com\/exitosq\/pago-tarjeta-argentina-desc\/#breadcrumb"},"inLanguage":"es","potentialAction":[{"@type":"ReadAction","target":["https:\/\/cursodepnl.com\/exitosq\/pago-tarjeta-argentina-desc\/"]}]},{"@type":"ImageObject","inLanguage":"es","@id":"https:\/\/cursodepnl.com\/exitosq\/pago-tarjeta-argentina-desc\/#primaryimage","url":"http:\/\/cursodepnl.com\/wp-content\/uploads\/2010\/12\/barra21.gif","contentUrl":"http:\/\/cursodepnl.com\/wp-content\/uploads\/2010\/12\/barra21.gif"},{"@type":"BreadcrumbList","@id":"https:\/\/cursodepnl.com\/exitosq\/pago-tarjeta-argentina-desc\/#breadcrumb","itemListElement":[{"@type":"ListItem","position":1,"name":"Portada","item":"https:\/\/cursodepnl.com\/exitosq\/"},{"@type":"ListItem","position":2,"name":"Pago Tarjeta Argentina desc"}]},{"@type":"WebSite","@id":"https:\/\/cursodepnl.com\/exitosq\/#website","url":"https:\/\/cursodepnl.com\/exitosq\/","name":"Exitosamente Sq","description":"Exitosamente de Curso De PNL.com","potentialAction":[{"@type":"SearchAction","target":{"@type":"EntryPoint","urlTemplate":"https:\/\/cursodepnl.com\/exitosq\/?s={search_term_string}"},"query-input":{"@type":"PropertyValueSpecification","valueRequired":true,"valueName":"search_term_string"}}],"inLanguage":"es"}]}},"_links":{"self":[{"href":"https:\/\/cursodepnl.com\/exitosq\/wp-json\/wp\/v2\/pages\/8526","targetHints":{"allow":["GET"]}}],"collection":[{"href":"https:\/\/cursodepnl.com\/exitosq\/wp-json\/wp\/v2\/pages"}],"about":[{"href":"https:\/\/cursodepnl.com\/exitosq\/wp-json\/wp\/v2\/types\/page"}],"author":[{"embeddable":true,"href":"https:\/\/cursodepnl.com\/exitosq\/wp-json\/wp\/v2\/users\/1"}],"replies":[{"embeddable":true,"href":"https:\/\/cursodepnl.com\/exitosq\/wp-json\/wp\/v2\/comments?post=8526"}],"version-history":[{"count":28,"href":"https:\/\/cursodepnl.com\/exitosq\/wp-json\/wp\/v2\/pages\/8526\/revisions"}],"predecessor-version":[{"id":10914,"href":"https:\/\/cursodepnl.com\/exitosq\/wp-json\/wp\/v2\/pages\/8526\/revisions\/10914"}],"wp:attachment":[{"href":"https:\/\/cursodepnl.com\/exitosq\/wp-json\/wp\/v2\/media?parent=8526"}],"curies":[{"name":"wp","href":"https:\/\/api.w.org\/{rel}","templated":true}]}}