{"id":8529,"date":"2020-09-04T20:04:55","date_gmt":"2020-09-04T20:04:55","guid":{"rendered":"https:\/\/cursodepnl.com\/exitosq\/?page_id=8529"},"modified":"2022-02-23T20:40:51","modified_gmt":"2022-02-23T20:40:51","slug":"cupon-de-pago-argentina-desc","status":"publish","type":"page","link":"https:\/\/cursodepnl.com\/exitosq\/cupon-de-pago-argentina-desc\/","title":{"rendered":"Cupon de Pago Argentina desc"},"content":{"rendered":"<p><img loading=\"lazy\" decoding=\"async\" class=\"aligncenter\" title=\"barra2\" src=\"http:\/\/cursodepnl.com\/wp-content\/uploads\/2010\/12\/barra21.gif\" alt=\"barra2\" width=\"657\" height=\"40\" \/><img loading=\"lazy\" decoding=\"async\" class=\"aligncenter\" title=\"pagof\" src=\"http:\/\/cursodepnl.com\/wp-content\/uploads\/2012\/11\/pagof.gif\" alt=\"\" width=\"456\" height=\"75\" \/><\/p>\n<p style=\"text-align: center;\">Hac\u00e9 clic en el bot\u00f3n debajo y eleg\u00ed la opci\u00f3n \u00abEFECTIVO\u00bb para generar tu cup\u00f3n de pago personalizado. Apenas pagues, nos llega un aviso del sistema y te enviamos tu acceso al curso al email que nos digas.<br \/>\nCualquier duda contactanos a info@cursodepnl.com<\/p>\n<p style=\"text-align: center;\"><span style=\"padding: 0px 4px; background-color: #fdf957;\"><strong>OPCI\u00d3N 1: UN PAGO TOTAL CON DESCUENTO 3900 $:<\/strong><\/span><\/p>\n<p align=\"center\"><script src=\"https:\/\/www.mercadopago.com.ar\/integrations\/v1\/web-payment-checkout.js\" data-preference-id=\"247740434-48f70ab9-9256-4597-ba29-f16620c3ebd5\" data-source=\"button\"><\/script><\/p>\n<p style=\"text-align: center;\"><span style=\"padding: 0px 4px; background-color: #fdf957;\"><strong>OPCI\u00d3N 2:  PAGO EN  3 cuotas DE 1650 PESOS<\/strong><\/span><\/p>\n<p style=\"text-align: center;\"><script src=\"https:\/\/www.mercadopago.com.ar\/integrations\/v1\/web-payment-checkout.js\" data-preference-id=\"179097681-7a9e474f-cd9a-42ee-8e02-2004f8bf5383\" data-source=\"button\"><br \/>\n<\/script><\/p>\n","protected":false},"excerpt":{"rendered":"<p>Hac\u00e9 clic en el bot\u00f3n debajo y eleg\u00ed la opci\u00f3n \u00abEFECTIVO\u00bb para generar tu cup\u00f3n de pago personalizado. Apenas pagues, nos llega un aviso del sistema y te enviamos tu acceso al curso al email que nos digas. Cualquier duda contactanos a info@cursodepnl.com OPCI\u00d3N 1: UN PAGO TOTAL CON DESCUENTO 3900 $: OPCI\u00d3N 2: PAGO [&hellip;]<\/p>\n","protected":false},"author":1,"featured_media":0,"parent":0,"menu_order":0,"comment_status":"open","ping_status":"open","template":"","meta":{"_joinchat":[],"footnotes":""},"class_list":["post-8529","page","type-page","status-publish","hentry"],"yoast_head":"<!-- This site is optimized with the Yoast SEO plugin v25.4 - https:\/\/yoast.com\/wordpress\/plugins\/seo\/ -->\n<title>Cupon de Pago Argentina desc - Exitosamente Sq<\/title>\n<meta name=\"robots\" content=\"index, follow, max-snippet:-1, max-image-preview:large, max-video-preview:-1\" \/>\n<link rel=\"canonical\" href=\"https:\/\/cursodepnl.com\/exitosq\/cupon-de-pago-argentina-desc\/\" \/>\n<meta property=\"og:locale\" content=\"es_ES\" \/>\n<meta property=\"og:type\" content=\"article\" \/>\n<meta property=\"og:title\" content=\"Cupon de Pago Argentina desc - Exitosamente Sq\" \/>\n<meta property=\"og:description\" content=\"Hac\u00e9 clic en el bot\u00f3n debajo y eleg\u00ed la opci\u00f3n \u00abEFECTIVO\u00bb para generar tu cup\u00f3n de pago personalizado. Apenas pagues, nos llega un aviso del sistema y te enviamos tu acceso al curso al email que nos digas. Cualquier duda contactanos a info@cursodepnl.com OPCI\u00d3N 1: UN PAGO TOTAL CON DESCUENTO 3900 $: OPCI\u00d3N 2: PAGO [&hellip;]\" \/>\n<meta property=\"og:url\" content=\"https:\/\/cursodepnl.com\/exitosq\/cupon-de-pago-argentina-desc\/\" \/>\n<meta property=\"og:site_name\" content=\"Exitosamente Sq\" \/>\n<meta property=\"article:publisher\" content=\"http:\/\/facebook.com\/pnlonline\" \/>\n<meta property=\"article:modified_time\" content=\"2022-02-23T20:40:51+00:00\" \/>\n<meta property=\"og:image\" content=\"http:\/\/cursodepnl.com\/wp-content\/uploads\/2010\/12\/barra21.gif\" \/>\n<meta name=\"twitter:card\" content=\"summary_large_image\" \/>\n<script type=\"application\/ld+json\" class=\"yoast-schema-graph\">{\"@context\":\"https:\/\/schema.org\",\"@graph\":[{\"@type\":\"WebPage\",\"@id\":\"https:\/\/cursodepnl.com\/exitosq\/cupon-de-pago-argentina-desc\/\",\"url\":\"https:\/\/cursodepnl.com\/exitosq\/cupon-de-pago-argentina-desc\/\",\"name\":\"Cupon de Pago Argentina desc - Exitosamente Sq\",\"isPartOf\":{\"@id\":\"https:\/\/cursodepnl.com\/exitosq\/#website\"},\"primaryImageOfPage\":{\"@id\":\"https:\/\/cursodepnl.com\/exitosq\/cupon-de-pago-argentina-desc\/#primaryimage\"},\"image\":{\"@id\":\"https:\/\/cursodepnl.com\/exitosq\/cupon-de-pago-argentina-desc\/#primaryimage\"},\"thumbnailUrl\":\"http:\/\/cursodepnl.com\/wp-content\/uploads\/2010\/12\/barra21.gif\",\"datePublished\":\"2020-09-04T20:04:55+00:00\",\"dateModified\":\"2022-02-23T20:40:51+00:00\",\"breadcrumb\":{\"@id\":\"https:\/\/cursodepnl.com\/exitosq\/cupon-de-pago-argentina-desc\/#breadcrumb\"},\"inLanguage\":\"es\",\"potentialAction\":[{\"@type\":\"ReadAction\",\"target\":[\"https:\/\/cursodepnl.com\/exitosq\/cupon-de-pago-argentina-desc\/\"]}]},{\"@type\":\"ImageObject\",\"inLanguage\":\"es\",\"@id\":\"https:\/\/cursodepnl.com\/exitosq\/cupon-de-pago-argentina-desc\/#primaryimage\",\"url\":\"http:\/\/cursodepnl.com\/wp-content\/uploads\/2010\/12\/barra21.gif\",\"contentUrl\":\"http:\/\/cursodepnl.com\/wp-content\/uploads\/2010\/12\/barra21.gif\"},{\"@type\":\"BreadcrumbList\",\"@id\":\"https:\/\/cursodepnl.com\/exitosq\/cupon-de-pago-argentina-desc\/#breadcrumb\",\"itemListElement\":[{\"@type\":\"ListItem\",\"position\":1,\"name\":\"Portada\",\"item\":\"https:\/\/cursodepnl.com\/exitosq\/\"},{\"@type\":\"ListItem\",\"position\":2,\"name\":\"Cupon de Pago Argentina desc\"}]},{\"@type\":\"WebSite\",\"@id\":\"https:\/\/cursodepnl.com\/exitosq\/#website\",\"url\":\"https:\/\/cursodepnl.com\/exitosq\/\",\"name\":\"Exitosamente Sq\",\"description\":\"Exitosamente de Curso De PNL.com\",\"potentialAction\":[{\"@type\":\"SearchAction\",\"target\":{\"@type\":\"EntryPoint\",\"urlTemplate\":\"https:\/\/cursodepnl.com\/exitosq\/?s={search_term_string}\"},\"query-input\":{\"@type\":\"PropertyValueSpecification\",\"valueRequired\":true,\"valueName\":\"search_term_string\"}}],\"inLanguage\":\"es\"}]}<\/script>\n<!-- \/ Yoast SEO plugin. -->","yoast_head_json":{"title":"Cupon de Pago Argentina desc - Exitosamente Sq","robots":{"index":"index","follow":"follow","max-snippet":"max-snippet:-1","max-image-preview":"max-image-preview:large","max-video-preview":"max-video-preview:-1"},"canonical":"https:\/\/cursodepnl.com\/exitosq\/cupon-de-pago-argentina-desc\/","og_locale":"es_ES","og_type":"article","og_title":"Cupon de Pago Argentina desc - Exitosamente Sq","og_description":"Hac\u00e9 clic en el bot\u00f3n debajo y eleg\u00ed la opci\u00f3n \u00abEFECTIVO\u00bb para generar tu cup\u00f3n de pago personalizado. Apenas pagues, nos llega un aviso del sistema y te enviamos tu acceso al curso al email que nos digas. Cualquier duda contactanos a info@cursodepnl.com OPCI\u00d3N 1: UN PAGO TOTAL CON DESCUENTO 3900 $: OPCI\u00d3N 2: PAGO [&hellip;]","og_url":"https:\/\/cursodepnl.com\/exitosq\/cupon-de-pago-argentina-desc\/","og_site_name":"Exitosamente Sq","article_publisher":"http:\/\/facebook.com\/pnlonline","article_modified_time":"2022-02-23T20:40:51+00:00","og_image":[{"url":"http:\/\/cursodepnl.com\/wp-content\/uploads\/2010\/12\/barra21.gif","type":"","width":"","height":""}],"twitter_card":"summary_large_image","schema":{"@context":"https:\/\/schema.org","@graph":[{"@type":"WebPage","@id":"https:\/\/cursodepnl.com\/exitosq\/cupon-de-pago-argentina-desc\/","url":"https:\/\/cursodepnl.com\/exitosq\/cupon-de-pago-argentina-desc\/","name":"Cupon de Pago Argentina desc - Exitosamente Sq","isPartOf":{"@id":"https:\/\/cursodepnl.com\/exitosq\/#website"},"primaryImageOfPage":{"@id":"https:\/\/cursodepnl.com\/exitosq\/cupon-de-pago-argentina-desc\/#primaryimage"},"image":{"@id":"https:\/\/cursodepnl.com\/exitosq\/cupon-de-pago-argentina-desc\/#primaryimage"},"thumbnailUrl":"http:\/\/cursodepnl.com\/wp-content\/uploads\/2010\/12\/barra21.gif","datePublished":"2020-09-04T20:04:55+00:00","dateModified":"2022-02-23T20:40:51+00:00","breadcrumb":{"@id":"https:\/\/cursodepnl.com\/exitosq\/cupon-de-pago-argentina-desc\/#breadcrumb"},"inLanguage":"es","potentialAction":[{"@type":"ReadAction","target":["https:\/\/cursodepnl.com\/exitosq\/cupon-de-pago-argentina-desc\/"]}]},{"@type":"ImageObject","inLanguage":"es","@id":"https:\/\/cursodepnl.com\/exitosq\/cupon-de-pago-argentina-desc\/#primaryimage","url":"http:\/\/cursodepnl.com\/wp-content\/uploads\/2010\/12\/barra21.gif","contentUrl":"http:\/\/cursodepnl.com\/wp-content\/uploads\/2010\/12\/barra21.gif"},{"@type":"BreadcrumbList","@id":"https:\/\/cursodepnl.com\/exitosq\/cupon-de-pago-argentina-desc\/#breadcrumb","itemListElement":[{"@type":"ListItem","position":1,"name":"Portada","item":"https:\/\/cursodepnl.com\/exitosq\/"},{"@type":"ListItem","position":2,"name":"Cupon de Pago Argentina desc"}]},{"@type":"WebSite","@id":"https:\/\/cursodepnl.com\/exitosq\/#website","url":"https:\/\/cursodepnl.com\/exitosq\/","name":"Exitosamente Sq","description":"Exitosamente de Curso De PNL.com","potentialAction":[{"@type":"SearchAction","target":{"@type":"EntryPoint","urlTemplate":"https:\/\/cursodepnl.com\/exitosq\/?s={search_term_string}"},"query-input":{"@type":"PropertyValueSpecification","valueRequired":true,"valueName":"search_term_string"}}],"inLanguage":"es"}]}},"_links":{"self":[{"href":"https:\/\/cursodepnl.com\/exitosq\/wp-json\/wp\/v2\/pages\/8529","targetHints":{"allow":["GET"]}}],"collection":[{"href":"https:\/\/cursodepnl.com\/exitosq\/wp-json\/wp\/v2\/pages"}],"about":[{"href":"https:\/\/cursodepnl.com\/exitosq\/wp-json\/wp\/v2\/types\/page"}],"author":[{"embeddable":true,"href":"https:\/\/cursodepnl.com\/exitosq\/wp-json\/wp\/v2\/users\/1"}],"replies":[{"embeddable":true,"href":"https:\/\/cursodepnl.com\/exitosq\/wp-json\/wp\/v2\/comments?post=8529"}],"version-history":[{"count":13,"href":"https:\/\/cursodepnl.com\/exitosq\/wp-json\/wp\/v2\/pages\/8529\/revisions"}],"predecessor-version":[{"id":11139,"href":"https:\/\/cursodepnl.com\/exitosq\/wp-json\/wp\/v2\/pages\/8529\/revisions\/11139"}],"wp:attachment":[{"href":"https:\/\/cursodepnl.com\/exitosq\/wp-json\/wp\/v2\/media?parent=8529"}],"curies":[{"name":"wp","href":"https:\/\/api.w.org\/{rel}","templated":true}]}}