{"id":936,"date":"2014-11-24T13:20:28","date_gmt":"2014-11-24T13:20:28","guid":{"rendered":"https:\/\/cursodepnl.com\/exitosq\/?page_id=936"},"modified":"2017-03-14T15:24:26","modified_gmt":"2017-03-14T15:24:26","slug":"cupon-de-pago","status":"publish","type":"page","link":"https:\/\/cursodepnl.com\/exitosq\/cupon-de-pago\/","title":{"rendered":"Cupon de Pago"},"content":{"rendered":"<p><img loading=\"lazy\" decoding=\"async\" class=\"aligncenter\" title=\"barra2\" src=\"http:\/\/cursodepnl.com\/wp-content\/uploads\/2010\/12\/barra21.gif\" alt=\"barra2\" width=\"657\" height=\"40\" \/><img loading=\"lazy\" decoding=\"async\" class=\"aligncenter\" title=\"pagof\" src=\"http:\/\/cursodepnl.com\/wp-content\/uploads\/2012\/11\/pagof.gif\" alt=\"\" width=\"456\" height=\"75\" \/><\/p>\n<h4><span style=\"font-family: arial, helvetica, sans-serif;\"><strong>Hac\u00e9 clic en el siguiente bot\u00f3n para generar tu cup\u00f3n para cualquier sucursal de Pago Facil o Rapipago<\/strong><\/span><\/h4>\n<p><a class=\"blue-ar-l-rn-none\" href=\"https:\/\/www.mercadopago.com\/mla\/checkout\/start?pref_id=179097681-52cfbb63-5614-46e8-8e95-3a9d0e019e44\" name=\"MP-payButton\"><img loading=\"lazy\" decoding=\"async\" class=\"aligncenter size-full wp-image-1440\" src=\"https:\/\/cursodepnl.com\/exitosq\/wp-content\/uploads\/2015\/06\/mercadopago.jpg\" alt=\"mercadopago\" width=\"148\" height=\"81\" \/><\/a><br \/>\n<script type=\"text\/javascript\">\n(function(){function $MPC_load(){window.$MPC_loaded !== true && (function(){var s = document.createElement(\"script\");s.type = \"text\/javascript\";s.async = true;s.src = document.location.protocol+\"\/\/secure.mlstatic.com\/mptools\/render.js\";var x = document.getElementsByTagName('script')[0];x.parentNode.insertBefore(s, x);window.$MPC_loaded = true;})();}window.$MPC_loaded !== true ? (window.attachEvent ?window.attachEvent('onload', $MPC_load) : window.addEventListener('load', $MPC_load, false)) : null;})();\n<\/script><\/p>\n<p><span style=\"font-family: arial, helvetica, sans-serif;\"><strong>Eleg\u00ed pagos en efectivo, la empresa donde quer\u00e9s pagar e imprim\u00ed tu cup\u00f3n o copi\u00e1 los n\u00fameros y llevalos a la sucursal de PagoF\u00e1cil o Rapipago m\u00e1s cercana.<\/strong><\/span><\/p>\n<p><span style=\"font-family: arial, helvetica, sans-serif;\">Envianos el comprobante  a info@ cursodepnl.com  as\u00ed te damos el acceso a todo<strong>.<\/strong> <\/span><\/p>\n<p style=\"text-align: center;\">\n","protected":false},"excerpt":{"rendered":"<p>Hac\u00e9 clic en el siguiente bot\u00f3n para generar tu cup\u00f3n para cualquier sucursal de Pago Facil o Rapipago Eleg\u00ed pagos en efectivo, la empresa donde quer\u00e9s pagar e imprim\u00ed tu cup\u00f3n o copi\u00e1 los n\u00fameros y llevalos a la sucursal de PagoF\u00e1cil o Rapipago m\u00e1s cercana. Envianos el comprobante a info@ cursodepnl.com as\u00ed te damos [&hellip;]<\/p>\n","protected":false},"author":1,"featured_media":0,"parent":0,"menu_order":0,"comment_status":"open","ping_status":"open","template":"","meta":{"_joinchat":[],"footnotes":""},"class_list":["post-936","page","type-page","status-publish","hentry"],"yoast_head":"<!-- This site is optimized with the Yoast SEO plugin v25.4 - https:\/\/yoast.com\/wordpress\/plugins\/seo\/ -->\n<title>Cupon de Pago - Exitosamente Sq<\/title>\n<meta name=\"robots\" content=\"index, follow, max-snippet:-1, max-image-preview:large, max-video-preview:-1\" \/>\n<link rel=\"canonical\" href=\"https:\/\/cursodepnl.com\/exitosq\/cupon-de-pago\/\" \/>\n<meta property=\"og:locale\" content=\"es_ES\" \/>\n<meta property=\"og:type\" content=\"article\" \/>\n<meta property=\"og:title\" content=\"Cupon de Pago - Exitosamente Sq\" \/>\n<meta property=\"og:description\" content=\"Hac\u00e9 clic en el siguiente bot\u00f3n para generar tu cup\u00f3n para cualquier sucursal de Pago Facil o Rapipago Eleg\u00ed pagos en efectivo, la empresa donde quer\u00e9s pagar e imprim\u00ed tu cup\u00f3n o copi\u00e1 los n\u00fameros y llevalos a la sucursal de PagoF\u00e1cil o Rapipago m\u00e1s cercana. Envianos el comprobante a info@ cursodepnl.com as\u00ed te damos [&hellip;]\" \/>\n<meta property=\"og:url\" content=\"https:\/\/cursodepnl.com\/exitosq\/cupon-de-pago\/\" \/>\n<meta property=\"og:site_name\" content=\"Exitosamente Sq\" \/>\n<meta property=\"article:publisher\" content=\"http:\/\/facebook.com\/pnlonline\" \/>\n<meta property=\"article:modified_time\" content=\"2017-03-14T15:24:26+00:00\" \/>\n<meta property=\"og:image\" content=\"http:\/\/cursodepnl.com\/wp-content\/uploads\/2010\/12\/barra21.gif\" \/>\n<meta name=\"twitter:card\" content=\"summary_large_image\" \/>\n<script type=\"application\/ld+json\" class=\"yoast-schema-graph\">{\"@context\":\"https:\/\/schema.org\",\"@graph\":[{\"@type\":\"WebPage\",\"@id\":\"https:\/\/cursodepnl.com\/exitosq\/cupon-de-pago\/\",\"url\":\"https:\/\/cursodepnl.com\/exitosq\/cupon-de-pago\/\",\"name\":\"Cupon de Pago - Exitosamente Sq\",\"isPartOf\":{\"@id\":\"https:\/\/cursodepnl.com\/exitosq\/#website\"},\"primaryImageOfPage\":{\"@id\":\"https:\/\/cursodepnl.com\/exitosq\/cupon-de-pago\/#primaryimage\"},\"image\":{\"@id\":\"https:\/\/cursodepnl.com\/exitosq\/cupon-de-pago\/#primaryimage\"},\"thumbnailUrl\":\"http:\/\/cursodepnl.com\/wp-content\/uploads\/2010\/12\/barra21.gif\",\"datePublished\":\"2014-11-24T13:20:28+00:00\",\"dateModified\":\"2017-03-14T15:24:26+00:00\",\"breadcrumb\":{\"@id\":\"https:\/\/cursodepnl.com\/exitosq\/cupon-de-pago\/#breadcrumb\"},\"inLanguage\":\"es\",\"potentialAction\":[{\"@type\":\"ReadAction\",\"target\":[\"https:\/\/cursodepnl.com\/exitosq\/cupon-de-pago\/\"]}]},{\"@type\":\"ImageObject\",\"inLanguage\":\"es\",\"@id\":\"https:\/\/cursodepnl.com\/exitosq\/cupon-de-pago\/#primaryimage\",\"url\":\"http:\/\/cursodepnl.com\/wp-content\/uploads\/2010\/12\/barra21.gif\",\"contentUrl\":\"http:\/\/cursodepnl.com\/wp-content\/uploads\/2010\/12\/barra21.gif\"},{\"@type\":\"BreadcrumbList\",\"@id\":\"https:\/\/cursodepnl.com\/exitosq\/cupon-de-pago\/#breadcrumb\",\"itemListElement\":[{\"@type\":\"ListItem\",\"position\":1,\"name\":\"Portada\",\"item\":\"https:\/\/cursodepnl.com\/exitosq\/\"},{\"@type\":\"ListItem\",\"position\":2,\"name\":\"Cupon de Pago\"}]},{\"@type\":\"WebSite\",\"@id\":\"https:\/\/cursodepnl.com\/exitosq\/#website\",\"url\":\"https:\/\/cursodepnl.com\/exitosq\/\",\"name\":\"Exitosamente Sq\",\"description\":\"Exitosamente de Curso De PNL.com\",\"potentialAction\":[{\"@type\":\"SearchAction\",\"target\":{\"@type\":\"EntryPoint\",\"urlTemplate\":\"https:\/\/cursodepnl.com\/exitosq\/?s={search_term_string}\"},\"query-input\":{\"@type\":\"PropertyValueSpecification\",\"valueRequired\":true,\"valueName\":\"search_term_string\"}}],\"inLanguage\":\"es\"}]}<\/script>\n<!-- \/ Yoast SEO plugin. -->","yoast_head_json":{"title":"Cupon de Pago - Exitosamente Sq","robots":{"index":"index","follow":"follow","max-snippet":"max-snippet:-1","max-image-preview":"max-image-preview:large","max-video-preview":"max-video-preview:-1"},"canonical":"https:\/\/cursodepnl.com\/exitosq\/cupon-de-pago\/","og_locale":"es_ES","og_type":"article","og_title":"Cupon de Pago - Exitosamente Sq","og_description":"Hac\u00e9 clic en el siguiente bot\u00f3n para generar tu cup\u00f3n para cualquier sucursal de Pago Facil o Rapipago Eleg\u00ed pagos en efectivo, la empresa donde quer\u00e9s pagar e imprim\u00ed tu cup\u00f3n o copi\u00e1 los n\u00fameros y llevalos a la sucursal de PagoF\u00e1cil o Rapipago m\u00e1s cercana. Envianos el comprobante a info@ cursodepnl.com as\u00ed te damos [&hellip;]","og_url":"https:\/\/cursodepnl.com\/exitosq\/cupon-de-pago\/","og_site_name":"Exitosamente Sq","article_publisher":"http:\/\/facebook.com\/pnlonline","article_modified_time":"2017-03-14T15:24:26+00:00","og_image":[{"url":"http:\/\/cursodepnl.com\/wp-content\/uploads\/2010\/12\/barra21.gif","type":"","width":"","height":""}],"twitter_card":"summary_large_image","schema":{"@context":"https:\/\/schema.org","@graph":[{"@type":"WebPage","@id":"https:\/\/cursodepnl.com\/exitosq\/cupon-de-pago\/","url":"https:\/\/cursodepnl.com\/exitosq\/cupon-de-pago\/","name":"Cupon de Pago - Exitosamente Sq","isPartOf":{"@id":"https:\/\/cursodepnl.com\/exitosq\/#website"},"primaryImageOfPage":{"@id":"https:\/\/cursodepnl.com\/exitosq\/cupon-de-pago\/#primaryimage"},"image":{"@id":"https:\/\/cursodepnl.com\/exitosq\/cupon-de-pago\/#primaryimage"},"thumbnailUrl":"http:\/\/cursodepnl.com\/wp-content\/uploads\/2010\/12\/barra21.gif","datePublished":"2014-11-24T13:20:28+00:00","dateModified":"2017-03-14T15:24:26+00:00","breadcrumb":{"@id":"https:\/\/cursodepnl.com\/exitosq\/cupon-de-pago\/#breadcrumb"},"inLanguage":"es","potentialAction":[{"@type":"ReadAction","target":["https:\/\/cursodepnl.com\/exitosq\/cupon-de-pago\/"]}]},{"@type":"ImageObject","inLanguage":"es","@id":"https:\/\/cursodepnl.com\/exitosq\/cupon-de-pago\/#primaryimage","url":"http:\/\/cursodepnl.com\/wp-content\/uploads\/2010\/12\/barra21.gif","contentUrl":"http:\/\/cursodepnl.com\/wp-content\/uploads\/2010\/12\/barra21.gif"},{"@type":"BreadcrumbList","@id":"https:\/\/cursodepnl.com\/exitosq\/cupon-de-pago\/#breadcrumb","itemListElement":[{"@type":"ListItem","position":1,"name":"Portada","item":"https:\/\/cursodepnl.com\/exitosq\/"},{"@type":"ListItem","position":2,"name":"Cupon de Pago"}]},{"@type":"WebSite","@id":"https:\/\/cursodepnl.com\/exitosq\/#website","url":"https:\/\/cursodepnl.com\/exitosq\/","name":"Exitosamente Sq","description":"Exitosamente de Curso De PNL.com","potentialAction":[{"@type":"SearchAction","target":{"@type":"EntryPoint","urlTemplate":"https:\/\/cursodepnl.com\/exitosq\/?s={search_term_string}"},"query-input":{"@type":"PropertyValueSpecification","valueRequired":true,"valueName":"search_term_string"}}],"inLanguage":"es"}]}},"_links":{"self":[{"href":"https:\/\/cursodepnl.com\/exitosq\/wp-json\/wp\/v2\/pages\/936","targetHints":{"allow":["GET"]}}],"collection":[{"href":"https:\/\/cursodepnl.com\/exitosq\/wp-json\/wp\/v2\/pages"}],"about":[{"href":"https:\/\/cursodepnl.com\/exitosq\/wp-json\/wp\/v2\/types\/page"}],"author":[{"embeddable":true,"href":"https:\/\/cursodepnl.com\/exitosq\/wp-json\/wp\/v2\/users\/1"}],"replies":[{"embeddable":true,"href":"https:\/\/cursodepnl.com\/exitosq\/wp-json\/wp\/v2\/comments?post=936"}],"version-history":[{"count":7,"href":"https:\/\/cursodepnl.com\/exitosq\/wp-json\/wp\/v2\/pages\/936\/revisions"}],"predecessor-version":[{"id":4390,"href":"https:\/\/cursodepnl.com\/exitosq\/wp-json\/wp\/v2\/pages\/936\/revisions\/4390"}],"wp:attachment":[{"href":"https:\/\/cursodepnl.com\/exitosq\/wp-json\/wp\/v2\/media?parent=936"}],"curies":[{"name":"wp","href":"https:\/\/api.w.org\/{rel}","templated":true}]}}