{"id":939,"date":"2014-11-24T13:22:27","date_gmt":"2014-11-24T13:22:27","guid":{"rendered":"https:\/\/cursodepnl.com\/exitosq\/?page_id=939"},"modified":"2017-03-14T15:23:43","modified_gmt":"2017-03-14T15:23:43","slug":"tarjeta-argentina-pnl","status":"publish","type":"page","link":"https:\/\/cursodepnl.com\/exitosq\/tarjeta-argentina-pnl\/","title":{"rendered":"Tarjeta Argentina"},"content":{"rendered":"<p><img loading=\"lazy\" decoding=\"async\" title=\"barra2\" src=\"http:\/\/cursodepnl.com\/wp-content\/uploads\/2010\/12\/barra21.gif\" alt=\"barra2\" width=\"657\" height=\"40\" \/><\/p>\n<p><strong>Argentina: <strong><strong> <del>2497<\/del>  <\/strong><\/strong><\/strong>1550 $ arg  (opci\u00f3n de pago en cuotas)<\/p>\n<p><span style=\"font-size: medium;\">Pod\u00e9s pagar con tarjeta de cr\u00e9dito en pesos usando Dineromail  o MercadoPago (opciones s\u00f3lo para Argentina). Ser\u00e1s dirigido al sitio de estas empresas para finalizar el pago Una vez abonado recibir\u00e1s el acceso al programa<\/span> y los regalos<br \/>\n[ez_tabs tab1=\u00bbTarjetas con MercadoPago\u00bb tab2=\u00bb3 Pagos Fijos de 517 $\u00bb][ez_tab]<br \/>\n<a class=\"blue-ar-l-rn-none\" href=\"https:\/\/www.mercadopago.com\/mla\/checkout\/start?pref_id=179097681-52cfbb63-5614-46e8-8e95-3a9d0e019e44\" name=\"MP-payButton\"><img decoding=\"async\" src=\"https:\/\/cursodepnl.com\/exitosq\/wp-content\/uploads\/2016\/09\/mercadopago.jpg\" alt=\"\" \/><\/a><br \/>\n<script type=\"text\/javascript\">\n(function(){function $MPC_load(){window.$MPC_loaded !== true && (function(){var s = document.createElement(\"script\");s.type = \"text\/javascript\";s.async = true;s.src = document.location.protocol+\"\/\/secure.mlstatic.com\/mptools\/render.js\";var x = document.getElementsByTagName('script')[0];x.parentNode.insertBefore(s, x);window.$MPC_loaded = true;})();}window.$MPC_loaded !== true ? (window.attachEvent ?window.attachEvent('onload', $MPC_load) : window.addEventListener('load', $MPC_load, false)) : null;})();\n<\/script>[\/ez_tab]<br \/>\n[ez_tab]<br \/>\n3 Pagos de 517 pesos con Todas las Tarjetas (con MercadoPago)<br \/>\n<a class=\"blue-ar-l-rn-none\" href=\"http:\/\/mpago.la\/GtEZ\" name=\"MP-payButton\"><img decoding=\"async\" src=\"https:\/\/cursodepnl.com\/exitosq\/wp-content\/uploads\/2016\/09\/mercadopago.jpg\" alt=\"\" \/><\/a><br \/>\n<script type=\"text\/javascript\">\n    (function() {\n        function $MPC_load() {\n            window.$MPC_loaded !== true && (function() {\n                var s = document.createElement(\"script\");\n                s.type = \"text\/javascript\";\n                s.async = true;\n                s.src = document.location.protocol + \"\/\/secure.mlstatic.com\/mptools\/render.js\";\n                var x = document.getElementsByTagName('script')[0];\n                x.parentNode.insertBefore(s, x);\n                window.$MPC_loaded = true;\n            })();\n        }\n        window.$MPC_loaded !== true ? (window.attachEvent ? window.attachEvent('onload', $MPC_load) : window.addEventListener('load', $MPC_load, false)) : null;\n    })();\n<\/script><\/p>\n<p>[\/ez_tab]<br \/>\n[\/ez_tabs]<\/p>\n","protected":false},"excerpt":{"rendered":"<p>Argentina: 2497 1550 $ arg (opci\u00f3n de pago en cuotas) Pod\u00e9s pagar con tarjeta de cr\u00e9dito en pesos usando Dineromail o MercadoPago (opciones s\u00f3lo para Argentina). Ser\u00e1s dirigido al sitio de estas empresas para finalizar el pago Una vez abonado recibir\u00e1s el acceso al programa y los regalos [ez_tabs tab1=\u00bbTarjetas con MercadoPago\u00bb tab2=\u00bb3 Pagos Fijos [&hellip;]<\/p>\n","protected":false},"author":1,"featured_media":0,"parent":0,"menu_order":0,"comment_status":"closed","ping_status":"closed","template":"","meta":{"_joinchat":[],"footnotes":""},"class_list":["post-939","page","type-page","status-publish","hentry"],"yoast_head":"<!-- This site is optimized with the Yoast SEO plugin v25.4 - https:\/\/yoast.com\/wordpress\/plugins\/seo\/ -->\n<title>Tarjeta Argentina - Exitosamente Sq<\/title>\n<meta name=\"robots\" content=\"index, follow, max-snippet:-1, max-image-preview:large, max-video-preview:-1\" \/>\n<link rel=\"canonical\" href=\"https:\/\/cursodepnl.com\/exitosq\/tarjeta-argentina-pnl\/\" \/>\n<meta property=\"og:locale\" content=\"es_ES\" \/>\n<meta property=\"og:type\" content=\"article\" \/>\n<meta property=\"og:title\" content=\"Tarjeta Argentina - Exitosamente Sq\" \/>\n<meta property=\"og:description\" content=\"Argentina: 2497 1550 $ arg (opci\u00f3n de pago en cuotas) Pod\u00e9s pagar con tarjeta de cr\u00e9dito en pesos usando Dineromail o MercadoPago (opciones s\u00f3lo para Argentina). Ser\u00e1s dirigido al sitio de estas empresas para finalizar el pago Una vez abonado recibir\u00e1s el acceso al programa y los regalos [ez_tabs tab1=\u00bbTarjetas con MercadoPago\u00bb tab2=\u00bb3 Pagos Fijos [&hellip;]\" \/>\n<meta property=\"og:url\" content=\"https:\/\/cursodepnl.com\/exitosq\/tarjeta-argentina-pnl\/\" \/>\n<meta property=\"og:site_name\" content=\"Exitosamente Sq\" \/>\n<meta property=\"article:publisher\" content=\"http:\/\/facebook.com\/pnlonline\" \/>\n<meta property=\"article:modified_time\" content=\"2017-03-14T15:23:43+00:00\" \/>\n<meta property=\"og:image\" content=\"http:\/\/cursodepnl.com\/wp-content\/uploads\/2010\/12\/barra21.gif\" \/>\n<meta name=\"twitter:card\" content=\"summary_large_image\" \/>\n<script type=\"application\/ld+json\" class=\"yoast-schema-graph\">{\"@context\":\"https:\/\/schema.org\",\"@graph\":[{\"@type\":\"WebPage\",\"@id\":\"https:\/\/cursodepnl.com\/exitosq\/tarjeta-argentina-pnl\/\",\"url\":\"https:\/\/cursodepnl.com\/exitosq\/tarjeta-argentina-pnl\/\",\"name\":\"Tarjeta Argentina - Exitosamente Sq\",\"isPartOf\":{\"@id\":\"https:\/\/cursodepnl.com\/exitosq\/#website\"},\"primaryImageOfPage\":{\"@id\":\"https:\/\/cursodepnl.com\/exitosq\/tarjeta-argentina-pnl\/#primaryimage\"},\"image\":{\"@id\":\"https:\/\/cursodepnl.com\/exitosq\/tarjeta-argentina-pnl\/#primaryimage\"},\"thumbnailUrl\":\"http:\/\/cursodepnl.com\/wp-content\/uploads\/2010\/12\/barra21.gif\",\"datePublished\":\"2014-11-24T13:22:27+00:00\",\"dateModified\":\"2017-03-14T15:23:43+00:00\",\"breadcrumb\":{\"@id\":\"https:\/\/cursodepnl.com\/exitosq\/tarjeta-argentina-pnl\/#breadcrumb\"},\"inLanguage\":\"es\",\"potentialAction\":[{\"@type\":\"ReadAction\",\"target\":[\"https:\/\/cursodepnl.com\/exitosq\/tarjeta-argentina-pnl\/\"]}]},{\"@type\":\"ImageObject\",\"inLanguage\":\"es\",\"@id\":\"https:\/\/cursodepnl.com\/exitosq\/tarjeta-argentina-pnl\/#primaryimage\",\"url\":\"http:\/\/cursodepnl.com\/wp-content\/uploads\/2010\/12\/barra21.gif\",\"contentUrl\":\"http:\/\/cursodepnl.com\/wp-content\/uploads\/2010\/12\/barra21.gif\"},{\"@type\":\"BreadcrumbList\",\"@id\":\"https:\/\/cursodepnl.com\/exitosq\/tarjeta-argentina-pnl\/#breadcrumb\",\"itemListElement\":[{\"@type\":\"ListItem\",\"position\":1,\"name\":\"Portada\",\"item\":\"https:\/\/cursodepnl.com\/exitosq\/\"},{\"@type\":\"ListItem\",\"position\":2,\"name\":\"Tarjeta Argentina\"}]},{\"@type\":\"WebSite\",\"@id\":\"https:\/\/cursodepnl.com\/exitosq\/#website\",\"url\":\"https:\/\/cursodepnl.com\/exitosq\/\",\"name\":\"Exitosamente Sq\",\"description\":\"Exitosamente de Curso De PNL.com\",\"potentialAction\":[{\"@type\":\"SearchAction\",\"target\":{\"@type\":\"EntryPoint\",\"urlTemplate\":\"https:\/\/cursodepnl.com\/exitosq\/?s={search_term_string}\"},\"query-input\":{\"@type\":\"PropertyValueSpecification\",\"valueRequired\":true,\"valueName\":\"search_term_string\"}}],\"inLanguage\":\"es\"}]}<\/script>\n<!-- \/ Yoast SEO plugin. -->","yoast_head_json":{"title":"Tarjeta Argentina - Exitosamente Sq","robots":{"index":"index","follow":"follow","max-snippet":"max-snippet:-1","max-image-preview":"max-image-preview:large","max-video-preview":"max-video-preview:-1"},"canonical":"https:\/\/cursodepnl.com\/exitosq\/tarjeta-argentina-pnl\/","og_locale":"es_ES","og_type":"article","og_title":"Tarjeta Argentina - Exitosamente Sq","og_description":"Argentina: 2497 1550 $ arg (opci\u00f3n de pago en cuotas) Pod\u00e9s pagar con tarjeta de cr\u00e9dito en pesos usando Dineromail o MercadoPago (opciones s\u00f3lo para Argentina). Ser\u00e1s dirigido al sitio de estas empresas para finalizar el pago Una vez abonado recibir\u00e1s el acceso al programa y los regalos [ez_tabs tab1=\u00bbTarjetas con MercadoPago\u00bb tab2=\u00bb3 Pagos Fijos [&hellip;]","og_url":"https:\/\/cursodepnl.com\/exitosq\/tarjeta-argentina-pnl\/","og_site_name":"Exitosamente Sq","article_publisher":"http:\/\/facebook.com\/pnlonline","article_modified_time":"2017-03-14T15:23:43+00:00","og_image":[{"url":"http:\/\/cursodepnl.com\/wp-content\/uploads\/2010\/12\/barra21.gif","type":"","width":"","height":""}],"twitter_card":"summary_large_image","schema":{"@context":"https:\/\/schema.org","@graph":[{"@type":"WebPage","@id":"https:\/\/cursodepnl.com\/exitosq\/tarjeta-argentina-pnl\/","url":"https:\/\/cursodepnl.com\/exitosq\/tarjeta-argentina-pnl\/","name":"Tarjeta Argentina - Exitosamente Sq","isPartOf":{"@id":"https:\/\/cursodepnl.com\/exitosq\/#website"},"primaryImageOfPage":{"@id":"https:\/\/cursodepnl.com\/exitosq\/tarjeta-argentina-pnl\/#primaryimage"},"image":{"@id":"https:\/\/cursodepnl.com\/exitosq\/tarjeta-argentina-pnl\/#primaryimage"},"thumbnailUrl":"http:\/\/cursodepnl.com\/wp-content\/uploads\/2010\/12\/barra21.gif","datePublished":"2014-11-24T13:22:27+00:00","dateModified":"2017-03-14T15:23:43+00:00","breadcrumb":{"@id":"https:\/\/cursodepnl.com\/exitosq\/tarjeta-argentina-pnl\/#breadcrumb"},"inLanguage":"es","potentialAction":[{"@type":"ReadAction","target":["https:\/\/cursodepnl.com\/exitosq\/tarjeta-argentina-pnl\/"]}]},{"@type":"ImageObject","inLanguage":"es","@id":"https:\/\/cursodepnl.com\/exitosq\/tarjeta-argentina-pnl\/#primaryimage","url":"http:\/\/cursodepnl.com\/wp-content\/uploads\/2010\/12\/barra21.gif","contentUrl":"http:\/\/cursodepnl.com\/wp-content\/uploads\/2010\/12\/barra21.gif"},{"@type":"BreadcrumbList","@id":"https:\/\/cursodepnl.com\/exitosq\/tarjeta-argentina-pnl\/#breadcrumb","itemListElement":[{"@type":"ListItem","position":1,"name":"Portada","item":"https:\/\/cursodepnl.com\/exitosq\/"},{"@type":"ListItem","position":2,"name":"Tarjeta Argentina"}]},{"@type":"WebSite","@id":"https:\/\/cursodepnl.com\/exitosq\/#website","url":"https:\/\/cursodepnl.com\/exitosq\/","name":"Exitosamente Sq","description":"Exitosamente de Curso De PNL.com","potentialAction":[{"@type":"SearchAction","target":{"@type":"EntryPoint","urlTemplate":"https:\/\/cursodepnl.com\/exitosq\/?s={search_term_string}"},"query-input":{"@type":"PropertyValueSpecification","valueRequired":true,"valueName":"search_term_string"}}],"inLanguage":"es"}]}},"_links":{"self":[{"href":"https:\/\/cursodepnl.com\/exitosq\/wp-json\/wp\/v2\/pages\/939","targetHints":{"allow":["GET"]}}],"collection":[{"href":"https:\/\/cursodepnl.com\/exitosq\/wp-json\/wp\/v2\/pages"}],"about":[{"href":"https:\/\/cursodepnl.com\/exitosq\/wp-json\/wp\/v2\/types\/page"}],"author":[{"embeddable":true,"href":"https:\/\/cursodepnl.com\/exitosq\/wp-json\/wp\/v2\/users\/1"}],"replies":[{"embeddable":true,"href":"https:\/\/cursodepnl.com\/exitosq\/wp-json\/wp\/v2\/comments?post=939"}],"version-history":[{"count":34,"href":"https:\/\/cursodepnl.com\/exitosq\/wp-json\/wp\/v2\/pages\/939\/revisions"}],"predecessor-version":[{"id":4388,"href":"https:\/\/cursodepnl.com\/exitosq\/wp-json\/wp\/v2\/pages\/939\/revisions\/4388"}],"wp:attachment":[{"href":"https:\/\/cursodepnl.com\/exitosq\/wp-json\/wp\/v2\/media?parent=939"}],"curies":[{"name":"wp","href":"https:\/\/api.w.org\/{rel}","templated":true}]}}