{"id":949,"date":"2014-11-24T14:19:24","date_gmt":"2014-11-24T14:19:24","guid":{"rendered":"https:\/\/cursodepnl.com\/exitosq\/?page_id=949"},"modified":"2019-03-06T12:58:50","modified_gmt":"2019-03-06T12:58:50","slug":"curso-de-pnl-con-regalos-autoestima","status":"publish","type":"page","link":"https:\/\/cursodepnl.com\/exitosq\/curso-de-pnl-con-regalos-autoestima\/","title":{"rendered":"Curso de PNL con Regalos Autoestima"},"content":{"rendered":"<h2 style=\"text-align: center;\"><span style=\"color: #ff6600;\">CAMBIA REDICALMENTE TU AUTOESTIMA DESDE HOY!<\/span><\/h2>\n<p>[ez_three_fourth]<br \/>\n <img loading=\"lazy\" decoding=\"async\" class=\"aligncenter size-full wp-image-499\" src=\"https:\/\/cursodepnl.com\/exitosq\/wp-content\/uploads\/2014\/08\/recibeahora.gif\" alt=\"recibeahora\" width=\"599\" height=\"86\" \/><\/p>\n<p style=\"text-align: center;\"><img loading=\"lazy\" decoding=\"async\" src=\"https:\/\/cursodepnl.com\/exitosq\/wp-content\/uploads\/2014\/06\/cursoyaudios.jpg\" alt=\"cursoyaudios\" width=\"498\" height=\"196\" \/><\/p>\n<p style=\"text-align: center;\"><strong><img loading=\"lazy\" decoding=\"async\" class=\"aligncenter size-full wp-image-1459\" title=\"elige\" src=\"http:\/\/bajar-de-peso.com.ar\/wp-content\/uploads\/2014\/03\/elige.gif\" alt=\"\" width=\"619\" height=\"69\" \/><\/strong><\/p>\n<p style=\"text-align: center;\"><strong>Argentina: <del>3497<\/del> <\/strong>2497 $ arg <strong>| Chile: <\/strong><del>123.000<\/del><strong> 95.337<\/strong> pesos |<br \/>\n <strong>Uruguay:<\/strong> <del><strong>5200<\/strong><\/del>  4.231 pesos <strong>| Colombia: <del>682.000 <\/del>436.154<br \/>\n <\/strong><strong>M\u00e9xico: <del>3880<\/del> <\/strong> 2615 pesos MXN<strong> | Per\u00fa: <del>610<\/del> 477 <\/strong>soles<strong> | Espa\u00f1a: <del>197<\/del>  147 <\/strong> euros<strong><br \/>\n <\/strong><\/p>\n<p style=\"text-align: center;\">Haz clic en la solapa correspondiente para pagar desde tu pa\u00eds:<br \/>\n [ez_tabs tab1=&#8221;Argentina&#8221; tab2=&#8221;Chile&#8221; tab3=&#8221;Colombia&#8221; tab4=&#8221;M\u00e9xico&#8221; tab5=&#8221;Per\u00fa&#8221; tab6=&#8221;Otros Pa\u00edses&#8221;]<\/p>\n<p>[ez_tab]<\/p>\n<p style=\"text-align: center;\">\n<table class=\" aligncenter\" border=\"0\" width=\"48%\">\n<tbody>\n<tr>\n<td width=\"33%\">\n<div align=\"center\"><strong><a href=\"https:\/\/cursodepnl.com\/exitosq\/tarjeta-argentina-pnl\/\" target=\"_blank\">Tarjetas de Cr\u00e9dito<\/a><\/strong><\/div>\n<\/td>\n<td width=\"33%\">\n<div align=\"center\"><strong><a href=\"https:\/\/cursodepnl.com\/exitosq\/cupon-de-pago\/\" target=\"_blank\">RapiPago-Pago F\u00e1cil<\/a><\/strong><\/div>\n<\/td>\n<td width=\"33%\">\n<div align=\"center\"><strong><a href=\"https:\/\/cursodepnl.com\/exitosq\/datos-cuenta-2\/\" target=\"_blank\">Transf. y Dep\u00f3sitos<\/a><\/strong><\/div>\n<\/td>\n<\/tr>\n<tr>\n<td>\n<div align=\"center\"><a href=\"https:\/\/cursodepnl.com\/exitosq\/tarjeta-argentina-pnl\/\" target=\"_blank\"><img loading=\"lazy\" decoding=\"async\" src=\"http:\/\/fbsimple.net\/wp-content\/uploads\/2014\/07\/tarjetaarg.jpg\" alt=\"\" width=\"149\" height=\"60\" \/><\/a><\/div>\n<\/td>\n<td>\n<div align=\"center\"><a href=\"https:\/\/cursodepnl.com\/exitosq\/cupon-de-pago\/\" target=\"_blank\"><img loading=\"lazy\" decoding=\"async\" src=\"http:\/\/fbsimple.net\/wp-content\/uploads\/2014\/07\/rapipago.jpg\" alt=\"\" width=\"152\" height=\"61\" \/><\/a><\/div>\n<\/td>\n<td>\n<div align=\"center\"><a href=\"https:\/\/cursodepnl.com\/exitosq\/datos-cuenta-2\/\" target=\"_blank\"><img loading=\"lazy\" decoding=\"async\" src=\"http:\/\/fbsimple.net\/wp-content\/uploads\/2014\/07\/ctaarg.jpg\" alt=\"\" width=\"137\" height=\"55\" \/><\/a><\/div>\n<\/td>\n<\/tr>\n<\/tbody>\n<\/table>\n<p>[\/ez_tab][ez_tab]<\/p>\n<table class=\" aligncenter\" border=\"0\" width=\"48%\">\n<tbody>\n<tr>\n<td width=\"50%\">\n<div align=\"center\">Tarjeta de cr\u00e9dito o debito<\/strong><\/div>\n<\/td>\n<td width=\"50%\">\n<div align=\"center\"><a href=\"https:\/\/cursodepnl.com\/exitosq\/datos-giro\/\" target=\"_blank\"><strong>Western Union- Money Gram<\/strong><\/a><\/div>\n<\/td>\n<\/tr>\n<tr>\n<td>\n<div align=\"center\">\n<form action=\"https:\/\/www.paypal.com\/cgi-bin\/webscr\" method=\"post\" target=\"_top\"><input type=\"hidden\" name=\"cmd\" value=\"_s-xclick\"><input type=\"hidden\" name=\"hosted_button_id\" value=\"ZR9FMJ9PJMNJQ\"><input type=\"image\" src=\"https:\/\/www.paypalobjects.com\/es_ES\/ES\/i\/btn\/btn_buynowCC_LG.gif\" border=\"0\" name=\"submit\" alt=\"PayPal, la forma r\u00e1pida y segura de pagar en Internet.\"><img loading=\"lazy\" decoding=\"async\" alt=\"\" border=\"0\" src=\"https:\/\/www.paypalobjects.com\/es_XC\/i\/scr\/pixel.gif\" width=\"1\" height=\"1\"><\/form>\n<\/div>\n<\/td>\n<td>\n<div align=\"center\"><a href=\"https:\/\/cursodepnl.com\/exitosq\/datos-giro\/\" target=\"_blank\"><img loading=\"lazy\" decoding=\"async\" src=\"http:\/\/fbsimple.net\/wp-content\/uploads\/2014\/07\/giros.jpg\" alt=\"\" width=\"169\" height=\"68\" \/><\/a><\/div>\n<\/td>\n<\/tr>\n<\/tbody>\n<\/table>\n<p>[\/ez_tab]<br \/>\n[ez_tab]<\/p>\n<table class=\" aligncenter\" border=\"0\" width=\"48%\">\n<tbody>\n<tr>\n<td width=\"50%\">\n<div align=\"center\">Tarjeta de cr\u00e9dito o debito<\/strong><\/div>\n<\/td>\n<td width=\"50%\">\n<div align=\"center\"><strong><a href=\"http:\/\/bajar-de-peso.com.ar\/bajar-de-peso-con-pnl\/western-union\" target=\"_blank\">Western Union- Money Gram<\/a><\/strong><\/div>\n<\/td>\n<\/tr>\n<tr>\n<td>\n<div align=\"center\">\n<form action=\"https:\/\/www.paypal.com\/cgi-bin\/webscr\" method=\"post\" target=\"_top\"><input type=\"hidden\" name=\"cmd\" value=\"_s-xclick\"><input type=\"hidden\" name=\"hosted_button_id\" value=\"ZR9FMJ9PJMNJQ\"><input type=\"image\" src=\"https:\/\/www.paypalobjects.com\/es_ES\/ES\/i\/btn\/btn_buynowCC_LG.gif\" border=\"0\" name=\"submit\" alt=\"PayPal, la forma r\u00e1pida y segura de pagar en Internet.\"><img loading=\"lazy\" decoding=\"async\" alt=\"\" border=\"0\" src=\"https:\/\/www.paypalobjects.com\/es_XC\/i\/scr\/pixel.gif\" width=\"1\" height=\"1\"><\/form>\n<\/div>\n<\/td>\n<td>\n<div align=\"center\"><a href=\"https:\/\/cursodepnl.com\/exitosq\/datos-giro\/\" target=\"_blank\"><img decoding=\"async\" src=\"http:\/\/fbsimple.net\/wp-content\/uploads\/2014\/07\/giros.jpg\" alt=\"\" \/><\/a><\/div>\n<\/td>\n<\/tr>\n<\/tbody>\n<\/table>\n<p>[\/ez_tab][ez_tab]<\/p>\n<table class=\" aligncenter\" border=\"0\" width=\"48%\">\n<tbody>\n<tr>\n<td width=\"50%\">\n<div align=\"center\">Tarjeta de cr\u00e9dito o debito<\/strong><\/div>\n<\/td>\n<td width=\"50%\">\n<div align=\"center\"><strong><a href=\"https:\/\/cursodepnl.com\/exitosq\/datos-giro\/\" target=\"_blank\">Western Union- Money Gram<\/a><\/strong><\/div>\n<\/td>\n<\/tr>\n<tr>\n<td>\n<div align=\"center\">\n<form action=\"https:\/\/www.paypal.com\/cgi-bin\/webscr\" method=\"post\" target=\"_top\"><input type=\"hidden\" name=\"cmd\" value=\"_s-xclick\"><input type=\"hidden\" name=\"hosted_button_id\" value=\"ZR9FMJ9PJMNJQ\"><input type=\"image\" src=\"https:\/\/www.paypalobjects.com\/es_ES\/ES\/i\/btn\/btn_buynowCC_LG.gif\" border=\"0\" name=\"submit\" alt=\"PayPal, la forma r\u00e1pida y segura de pagar en Internet.\"><img loading=\"lazy\" decoding=\"async\" alt=\"\" border=\"0\" src=\"https:\/\/www.paypalobjects.com\/es_XC\/i\/scr\/pixel.gif\" width=\"1\" height=\"1\"><\/form>\n<\/div>\n<\/td>\n<td>\n<div align=\"center\"><a href=\"https:\/\/cursodepnl.com\/exitosq\/datos-giro\/\" target=\"_blank\"><img decoding=\"async\" src=\"http:\/\/fbsimple.net\/wp-content\/uploads\/2014\/07\/giros.jpg\" alt=\"\" \/><\/a><\/div>\n<\/td>\n<\/tr>\n<\/tbody>\n<\/table>\n<p>[\/ez_tab][ez_tab]<\/p>\n<table class=\" aligncenter\" border=\"0\" width=\"48%\">\n<tbody>\n<tr>\n<td width=\"50%\">\n<div align=\"center\">Tarjeta de cr\u00e9dito o debito<\/strong><\/div>\n<\/td>\n<td width=\"50%\">\n<div align=\"center\"><strong><a href=\"https:\/\/cursodepnl.com\/exitosq\/datos-giro\/\" target=\"_blank\">Western Union- Money Gram<\/a><\/strong><\/div>\n<\/td>\n<\/tr>\n<tr>\n<td>\n<div align=\"center\">\n<form action=\"https:\/\/www.paypal.com\/cgi-bin\/webscr\" method=\"post\" target=\"_top\"><input type=\"hidden\" name=\"cmd\" value=\"_s-xclick\"><input type=\"hidden\" name=\"hosted_button_id\" value=\"ZR9FMJ9PJMNJQ\"><input type=\"image\" src=\"https:\/\/www.paypalobjects.com\/es_ES\/ES\/i\/btn\/btn_buynowCC_LG.gif\" border=\"0\" name=\"submit\" alt=\"PayPal, la forma r\u00e1pida y segura de pagar en Internet.\"><img loading=\"lazy\" decoding=\"async\" alt=\"\" border=\"0\" src=\"https:\/\/www.paypalobjects.com\/es_XC\/i\/scr\/pixel.gif\" width=\"1\" height=\"1\"><\/form>\n<\/div>\n<\/td>\n<td>\n<div align=\"center\"><a href=\"https:\/\/cursodepnl.com\/exitosq\/datos-giro\/\" target=\"_blank\"><img decoding=\"async\" src=\"http:\/\/fbsimple.net\/wp-content\/uploads\/2014\/07\/giros.jpg\" alt=\"\" \/><\/a><\/div>\n<p>&nbsp;<\/p>\n<\/td>\n<\/tr>\n<\/tbody>\n<\/table>\n<p>[\/ez_tab][ez_tab]<\/p>\n<table class=\" aligncenter\" border=\"0\" width=\"48%\">\n<tbody>\n<tr>\n<td width=\"50%\">\n<div align=\"center\">Tarjeta de cr\u00e9dito o debito<\/strong><\/div>\n<\/td>\n<td width=\"50%\">\n<div align=\"center\"><strong><a href=\"https:\/\/cursodepnl.com\/exitosq\/datos-giro\/\" target=\"_blank\">Western Union- Money Gram<\/a><\/strong><\/div>\n<\/td>\n<\/tr>\n<tr>\n<td>\n<div align=\"center\">\n<form action=\"https:\/\/www.paypal.com\/cgi-bin\/webscr\" method=\"post\" target=\"_top\"><input type=\"hidden\" name=\"cmd\" value=\"_s-xclick\"><input type=\"hidden\" name=\"hosted_button_id\" value=\"ZR9FMJ9PJMNJQ\"><input type=\"image\" src=\"https:\/\/www.paypalobjects.com\/es_ES\/ES\/i\/btn\/btn_buynowCC_LG.gif\" border=\"0\" name=\"submit\" alt=\"PayPal, la forma r\u00e1pida y segura de pagar en Internet.\"><img loading=\"lazy\" decoding=\"async\" alt=\"\" border=\"0\" src=\"https:\/\/www.paypalobjects.com\/es_XC\/i\/scr\/pixel.gif\" width=\"1\" height=\"1\"><\/form>\n<\/div>\n<\/td>\n<td>\n<div align=\"center\"><a href=\"https:\/\/cursodepnl.com\/exitosq\/datos-giro\/\" target=\"_blank\"><img decoding=\"async\" src=\"http:\/\/fbsimple.net\/wp-content\/uploads\/2014\/07\/giros.jpg\" alt=\"\" \/><\/a><\/div>\n<\/td>\n<\/tr>\n<\/tbody>\n<\/table>\n<p>[\/ez_tab][\/ez_tabs]<br \/>\n [\/ez_three_fourth]<br \/>\n [ez_one_fourth_last]<br \/>\n <span style=\"color: #008080;\"><strong>         TESTIMONIOS<\/strong><\/span><\/p>\n<div class=\"rounded-grey-box\" style=\"width: 70%; margin: 5px auto 20px; text-align: center;\">\n<p><span style=\"font-size: 10pt;\">\u201c<em>Hola Sof\u00eda,  Qu\u00e9 tal est\u00e1s?? Yo tengo que decirte que estoy estupendamente.  No me imaginaba en ning\u00fan momento que estas pr\u00e1cticas de PNL iban a cambiar tanto mi vida y le iban a dar una perspectiva tan amplia, y tan manejada por m\u00ed misma.  <\/em>\u201d Francisca A. Espa\u00f1a.<\/span><\/p>\n<\/div>\n<div class=\"rounded-blue-box\" style=\"width: 70%; margin: 5px auto 20px; text-align: center;\">\n<p style=\"color: #222222;\"><span style=\"font-size: 8pt;\">\u201cGracias Sofia, fue muy positivo para mi este curso, sin duda lo voy a seguir releyendo seguro ire encontrando cosas nuevas que me ser\u00e1n positivas. Nuevamente muchas gracias y que tengas una linda vida Cari\u00f1os\u201d Olga. Argentina.<\/span><\/p>\n<\/div>\n<p style=\"text-align: center;\">[\/ez_one_fourth_last]<\/p>\n","protected":false},"excerpt":{"rendered":"<p>CAMBIA REDICALMENTE TU AUTOESTIMA DESDE HOY! [ez_three_fourth] Argentina: 3497 2497 $ arg | Chile: 123.000 95.337 pesos | Uruguay: 5200 4.231 pesos | Colombia: 682.000 436.154 M\u00e9xico: 3880 2615 pesos MXN | Per\u00fa: 610 477 soles | Espa\u00f1a: 197 147 euros Haz clic en la solapa correspondiente para pagar desde tu pa\u00eds: [ez_tabs tab1=&#8221;Argentina&#8221; tab2=&#8221;Chile&#8221; [&hellip;]<\/p>\n","protected":false},"author":1,"featured_media":0,"parent":0,"menu_order":0,"comment_status":"open","ping_status":"open","template":"","meta":{"_joinchat":[],"footnotes":""},"class_list":["post-949","page","type-page","status-publish","hentry"],"yoast_head":"<!-- This site is optimized with the Yoast SEO plugin v25.4 - https:\/\/yoast.com\/wordpress\/plugins\/seo\/ -->\n<title>Curso de PNL con Regalos Autoestima - Exitosamente Sq<\/title>\n<meta name=\"robots\" content=\"index, follow, max-snippet:-1, max-image-preview:large, max-video-preview:-1\" \/>\n<link rel=\"canonical\" href=\"https:\/\/cursodepnl.com\/exitosq\/curso-de-pnl-con-regalos-autoestima\/\" \/>\n<meta property=\"og:locale\" content=\"es_ES\" \/>\n<meta property=\"og:type\" content=\"article\" \/>\n<meta property=\"og:title\" content=\"Curso de PNL con Regalos Autoestima - Exitosamente Sq\" \/>\n<meta property=\"og:description\" content=\"CAMBIA REDICALMENTE TU AUTOESTIMA DESDE HOY! [ez_three_fourth] Argentina: 3497 2497 $ arg | Chile: 123.000 95.337 pesos | Uruguay: 5200 4.231 pesos | Colombia: 682.000 436.154 M\u00e9xico: 3880 2615 pesos MXN | Per\u00fa: 610 477 soles | Espa\u00f1a: 197 147 euros Haz clic en la solapa correspondiente para pagar desde tu pa\u00eds: [ez_tabs tab1=&#8221;Argentina&#8221; tab2=&#8221;Chile&#8221; [&hellip;]\" \/>\n<meta property=\"og:url\" content=\"https:\/\/cursodepnl.com\/exitosq\/curso-de-pnl-con-regalos-autoestima\/\" \/>\n<meta property=\"og:site_name\" content=\"Exitosamente Sq\" \/>\n<meta property=\"article:publisher\" content=\"http:\/\/facebook.com\/pnlonline\" \/>\n<meta property=\"article:modified_time\" content=\"2019-03-06T12:58:50+00:00\" \/>\n<meta property=\"og:image\" content=\"https:\/\/cursodepnl.com\/exitosq\/wp-content\/uploads\/2014\/08\/recibeahora.gif\" \/>\n\t<meta property=\"og:image:width\" content=\"599\" \/>\n\t<meta property=\"og:image:height\" content=\"86\" \/>\n\t<meta property=\"og:image:type\" content=\"image\/gif\" \/>\n<meta name=\"twitter:card\" content=\"summary_large_image\" \/>\n<meta name=\"twitter:label1\" content=\"Tiempo de lectura\" \/>\n\t<meta name=\"twitter:data1\" content=\"1 minuto\" \/>\n<script type=\"application\/ld+json\" class=\"yoast-schema-graph\">{\"@context\":\"https:\/\/schema.org\",\"@graph\":[{\"@type\":\"WebPage\",\"@id\":\"https:\/\/cursodepnl.com\/exitosq\/curso-de-pnl-con-regalos-autoestima\/\",\"url\":\"https:\/\/cursodepnl.com\/exitosq\/curso-de-pnl-con-regalos-autoestima\/\",\"name\":\"Curso de PNL con Regalos Autoestima - Exitosamente Sq\",\"isPartOf\":{\"@id\":\"https:\/\/cursodepnl.com\/exitosq\/#website\"},\"primaryImageOfPage\":{\"@id\":\"https:\/\/cursodepnl.com\/exitosq\/curso-de-pnl-con-regalos-autoestima\/#primaryimage\"},\"image\":{\"@id\":\"https:\/\/cursodepnl.com\/exitosq\/curso-de-pnl-con-regalos-autoestima\/#primaryimage\"},\"thumbnailUrl\":\"https:\/\/cursodepnl.com\/exitosq\/wp-content\/uploads\/2014\/08\/recibeahora.gif\",\"datePublished\":\"2014-11-24T14:19:24+00:00\",\"dateModified\":\"2019-03-06T12:58:50+00:00\",\"breadcrumb\":{\"@id\":\"https:\/\/cursodepnl.com\/exitosq\/curso-de-pnl-con-regalos-autoestima\/#breadcrumb\"},\"inLanguage\":\"es\",\"potentialAction\":[{\"@type\":\"ReadAction\",\"target\":[\"https:\/\/cursodepnl.com\/exitosq\/curso-de-pnl-con-regalos-autoestima\/\"]}]},{\"@type\":\"ImageObject\",\"inLanguage\":\"es\",\"@id\":\"https:\/\/cursodepnl.com\/exitosq\/curso-de-pnl-con-regalos-autoestima\/#primaryimage\",\"url\":\"https:\/\/cursodepnl.com\/exitosq\/wp-content\/uploads\/2014\/08\/recibeahora.gif\",\"contentUrl\":\"https:\/\/cursodepnl.com\/exitosq\/wp-content\/uploads\/2014\/08\/recibeahora.gif\",\"width\":599,\"height\":86},{\"@type\":\"BreadcrumbList\",\"@id\":\"https:\/\/cursodepnl.com\/exitosq\/curso-de-pnl-con-regalos-autoestima\/#breadcrumb\",\"itemListElement\":[{\"@type\":\"ListItem\",\"position\":1,\"name\":\"Portada\",\"item\":\"https:\/\/cursodepnl.com\/exitosq\/\"},{\"@type\":\"ListItem\",\"position\":2,\"name\":\"Curso de PNL con Regalos Autoestima\"}]},{\"@type\":\"WebSite\",\"@id\":\"https:\/\/cursodepnl.com\/exitosq\/#website\",\"url\":\"https:\/\/cursodepnl.com\/exitosq\/\",\"name\":\"Exitosamente Sq\",\"description\":\"Exitosamente de Curso De PNL.com\",\"potentialAction\":[{\"@type\":\"SearchAction\",\"target\":{\"@type\":\"EntryPoint\",\"urlTemplate\":\"https:\/\/cursodepnl.com\/exitosq\/?s={search_term_string}\"},\"query-input\":{\"@type\":\"PropertyValueSpecification\",\"valueRequired\":true,\"valueName\":\"search_term_string\"}}],\"inLanguage\":\"es\"}]}<\/script>\n<!-- \/ Yoast SEO plugin. -->","yoast_head_json":{"title":"Curso de PNL con Regalos Autoestima - Exitosamente Sq","robots":{"index":"index","follow":"follow","max-snippet":"max-snippet:-1","max-image-preview":"max-image-preview:large","max-video-preview":"max-video-preview:-1"},"canonical":"https:\/\/cursodepnl.com\/exitosq\/curso-de-pnl-con-regalos-autoestima\/","og_locale":"es_ES","og_type":"article","og_title":"Curso de PNL con Regalos Autoestima - Exitosamente Sq","og_description":"CAMBIA REDICALMENTE TU AUTOESTIMA DESDE HOY! [ez_three_fourth] Argentina: 3497 2497 $ arg | Chile: 123.000 95.337 pesos | Uruguay: 5200 4.231 pesos | Colombia: 682.000 436.154 M\u00e9xico: 3880 2615 pesos MXN | Per\u00fa: 610 477 soles | Espa\u00f1a: 197 147 euros Haz clic en la solapa correspondiente para pagar desde tu pa\u00eds: [ez_tabs tab1=&#8221;Argentina&#8221; tab2=&#8221;Chile&#8221; [&hellip;]","og_url":"https:\/\/cursodepnl.com\/exitosq\/curso-de-pnl-con-regalos-autoestima\/","og_site_name":"Exitosamente Sq","article_publisher":"http:\/\/facebook.com\/pnlonline","article_modified_time":"2019-03-06T12:58:50+00:00","og_image":[{"width":599,"height":86,"url":"https:\/\/cursodepnl.com\/exitosq\/wp-content\/uploads\/2014\/08\/recibeahora.gif","type":"image\/gif"}],"twitter_card":"summary_large_image","twitter_misc":{"Tiempo de lectura":"1 minuto"},"schema":{"@context":"https:\/\/schema.org","@graph":[{"@type":"WebPage","@id":"https:\/\/cursodepnl.com\/exitosq\/curso-de-pnl-con-regalos-autoestima\/","url":"https:\/\/cursodepnl.com\/exitosq\/curso-de-pnl-con-regalos-autoestima\/","name":"Curso de PNL con Regalos Autoestima - Exitosamente Sq","isPartOf":{"@id":"https:\/\/cursodepnl.com\/exitosq\/#website"},"primaryImageOfPage":{"@id":"https:\/\/cursodepnl.com\/exitosq\/curso-de-pnl-con-regalos-autoestima\/#primaryimage"},"image":{"@id":"https:\/\/cursodepnl.com\/exitosq\/curso-de-pnl-con-regalos-autoestima\/#primaryimage"},"thumbnailUrl":"https:\/\/cursodepnl.com\/exitosq\/wp-content\/uploads\/2014\/08\/recibeahora.gif","datePublished":"2014-11-24T14:19:24+00:00","dateModified":"2019-03-06T12:58:50+00:00","breadcrumb":{"@id":"https:\/\/cursodepnl.com\/exitosq\/curso-de-pnl-con-regalos-autoestima\/#breadcrumb"},"inLanguage":"es","potentialAction":[{"@type":"ReadAction","target":["https:\/\/cursodepnl.com\/exitosq\/curso-de-pnl-con-regalos-autoestima\/"]}]},{"@type":"ImageObject","inLanguage":"es","@id":"https:\/\/cursodepnl.com\/exitosq\/curso-de-pnl-con-regalos-autoestima\/#primaryimage","url":"https:\/\/cursodepnl.com\/exitosq\/wp-content\/uploads\/2014\/08\/recibeahora.gif","contentUrl":"https:\/\/cursodepnl.com\/exitosq\/wp-content\/uploads\/2014\/08\/recibeahora.gif","width":599,"height":86},{"@type":"BreadcrumbList","@id":"https:\/\/cursodepnl.com\/exitosq\/curso-de-pnl-con-regalos-autoestima\/#breadcrumb","itemListElement":[{"@type":"ListItem","position":1,"name":"Portada","item":"https:\/\/cursodepnl.com\/exitosq\/"},{"@type":"ListItem","position":2,"name":"Curso de PNL con Regalos Autoestima"}]},{"@type":"WebSite","@id":"https:\/\/cursodepnl.com\/exitosq\/#website","url":"https:\/\/cursodepnl.com\/exitosq\/","name":"Exitosamente Sq","description":"Exitosamente de Curso De PNL.com","potentialAction":[{"@type":"SearchAction","target":{"@type":"EntryPoint","urlTemplate":"https:\/\/cursodepnl.com\/exitosq\/?s={search_term_string}"},"query-input":{"@type":"PropertyValueSpecification","valueRequired":true,"valueName":"search_term_string"}}],"inLanguage":"es"}]}},"_links":{"self":[{"href":"https:\/\/cursodepnl.com\/exitosq\/wp-json\/wp\/v2\/pages\/949","targetHints":{"allow":["GET"]}}],"collection":[{"href":"https:\/\/cursodepnl.com\/exitosq\/wp-json\/wp\/v2\/pages"}],"about":[{"href":"https:\/\/cursodepnl.com\/exitosq\/wp-json\/wp\/v2\/types\/page"}],"author":[{"embeddable":true,"href":"https:\/\/cursodepnl.com\/exitosq\/wp-json\/wp\/v2\/users\/1"}],"replies":[{"embeddable":true,"href":"https:\/\/cursodepnl.com\/exitosq\/wp-json\/wp\/v2\/comments?post=949"}],"version-history":[{"count":14,"href":"https:\/\/cursodepnl.com\/exitosq\/wp-json\/wp\/v2\/pages\/949\/revisions"}],"predecessor-version":[{"id":7187,"href":"https:\/\/cursodepnl.com\/exitosq\/wp-json\/wp\/v2\/pages\/949\/revisions\/7187"}],"wp:attachment":[{"href":"https:\/\/cursodepnl.com\/exitosq\/wp-json\/wp\/v2\/media?parent=949"}],"curies":[{"name":"wp","href":"https:\/\/api.w.org\/{rel}","templated":true}]}}